{"id":10,"date":"2025-03-25T21:56:23","date_gmt":"2025-03-26T00:56:23","guid":{"rendered":"https:\/\/tanolink.com.br\/hpack\/carrinho\/"},"modified":"2025-06-25T14:39:38","modified_gmt":"2025-06-25T17:39:38","slug":"carrinho","status":"publish","type":"page","link":"https:\/\/hpack.com.br\/loja\/carrinho\/","title":{"rendered":"Carrinho"},"content":{"rendered":"\n<div data-block-name=\"woocommerce\/cart\" class=\"wp-block-woocommerce-cart alignwide is-loading\">\n<div data-block-name=\"woocommerce\/filled-cart-block\" class=\"wp-block-woocommerce-filled-cart-block\">\n<div data-block-name=\"woocommerce\/cart-items-block\" class=\"wp-block-woocommerce-cart-items-block\">\n<div data-block-name=\"woocommerce\/cart-line-items-block\" class=\"wp-block-woocommerce-cart-line-items-block\"><\/div>\n\n\n\n<div data-block-name=\"woocommerce\/cart-cross-sells-block\" class=\"wp-block-woocommerce-cart-cross-sells-block\">\n<h2 class=\"wp-block-heading has-large-font-size\">You may be interested in\u2026<\/h2>\n\n\n\n<div data-block-name=\"woocommerce\/cart-cross-sells-products-block\" class=\"wp-block-woocommerce-cart-cross-sells-products-block\"><\/div>\n<\/div>\n<\/div>\n\n\n\n<div data-block-name=\"woocommerce\/cart-totals-block\" class=\"wp-block-woocommerce-cart-totals-block\">\n<div data-block-name=\"woocommerce\/cart-order-summary-block\" class=\"wp-block-woocommerce-cart-order-summary-block\">\n<div data-block-name=\"woocommerce\/cart-order-summary-heading-block\" class=\"wp-block-woocommerce-cart-order-summary-heading-block\"><\/div><div data-block-name=\"woocommerce\/cart-order-summary-coupon-form-block\" class=\"wp-block-woocommerce-cart-order-summary-coupon-form-block\"><\/div><div data-block-name=\"woocommerce\/cart-order-summary-totals-block\" class=\"wp-block-woocommerce-cart-order-summary-totals-block\">\n<div data-block-name=\"woocommerce\/cart-order-summary-subtotal-block\" class=\"wp-block-woocommerce-cart-order-summary-subtotal-block\"><\/div>\n<div data-block-name=\"woocommerce\/cart-order-summary-discount-block\" class=\"wp-block-woocommerce-cart-order-summary-discount-block\"><\/div>\n<div data-block-name=\"woocommerce\/cart-order-summary-fee-block\" class=\"wp-block-woocommerce-cart-order-summary-fee-block\"><\/div>\n<div data-block-name=\"woocommerce\/cart-order-summary-shipping-block\" class=\"wp-block-woocommerce-cart-order-summary-shipping-block\"><\/div>\n<div data-block-name=\"woocommerce\/cart-order-summary-taxes-block\" class=\"wp-block-woocommerce-cart-order-summary-taxes-block\"><\/div><\/div>\n<\/div>\n\n\n\n<div data-block-name=\"woocommerce\/cart-express-payment-block\" class=\"wp-block-woocommerce-cart-express-payment-block\"><\/div>\n\n\n\n<div data-block-name=\"woocommerce\/proceed-to-checkout-block\" class=\"wp-block-woocommerce-proceed-to-checkout-block\"><\/div>\n\n\n\n<div data-block-name=\"woocommerce\/cart-accepted-payment-methods-block\" class=\"wp-block-woocommerce-cart-accepted-payment-methods-block\"><\/div>\n<\/div>\n<\/div>\n\n\n\n<div data-block-name=\"woocommerce\/empty-cart-block\" class=\"wp-block-woocommerce-empty-cart-block\">\n<h2 class=\"wp-block-heading has-text-align-center with-empty-cart-icon wc-block-cart__empty-cart__title\">Seu carrinho est\u00e1 vazio no momento!<\/h2>\n\n\n\n<hr class=\"wp-block-separator has-alpha-channel-opacity is-style-dots\"\/>\n\n\n\n<h2 class=\"wp-block-heading has-text-align-center\">Novo na loja<\/h2>\n\n\n<div data-block-name=\"woocommerce\/product-new\" data-columns=\"4\" data-rows=\"1\" class=\"wc-block-grid wp-block-product-new wp-block-woocommerce-product-new wc-block-product-new has-4-columns\"><ul class=\"wc-block-grid__products\"><li class=\"wc-block-grid__product\">\r\n                        <a href=\"https:\/\/hpack.com.br\/loja\/produto\/teste\/\" class=\"wc-block-grid__product-link\">\r\n                                <div class=\"wc-block-grid__product-image\"><img loading=\"lazy\" decoding=\"async\" width=\"512\" height=\"512\" src=\"https:\/\/hpack.com.br\/loja\/wp-content\/uploads\/2025\/06\/cropped-android-icon-192x192-1.png\" class=\"attachment-woocommerce_thumbnail size-woocommerce_thumbnail\" alt=\"Teste\" srcset=\"https:\/\/hpack.com.br\/loja\/wp-content\/uploads\/2025\/06\/cropped-android-icon-192x192-1.png 512w, https:\/\/hpack.com.br\/loja\/wp-content\/uploads\/2025\/06\/cropped-android-icon-192x192-1-300x300.png 300w, https:\/\/hpack.com.br\/loja\/wp-content\/uploads\/2025\/06\/cropped-android-icon-192x192-1-150x150.png 150w, https:\/\/hpack.com.br\/loja\/wp-content\/uploads\/2025\/06\/cropped-android-icon-192x192-1-270x270.png 270w, https:\/\/hpack.com.br\/loja\/wp-content\/uploads\/2025\/06\/cropped-android-icon-192x192-1-192x192.png 192w, https:\/\/hpack.com.br\/loja\/wp-content\/uploads\/2025\/06\/cropped-android-icon-192x192-1-180x180.png 180w, https:\/\/hpack.com.br\/loja\/wp-content\/uploads\/2025\/06\/cropped-android-icon-192x192-1-32x32.png 32w\" sizes=\"auto, (max-width: 512px) 100vw, 512px\" \/><\/div>\r\n                                <div class=\"wc-block-grid__product-title\">Teste<\/div>\r\n                        <\/a>\r\n                        \r\n                        <div class=\"wc-block-grid__product-price price\"><span class=\"woocommerce-Price-amount amount\"><span class=\"woocommerce-Price-currencySymbol\">&#082;&#036;<\/span>&nbsp;1,00<\/span><\/div>\r\n                        \r\n                        <div class=\"wp-block-button wc-block-grid__product-add-to-cart\"><a href=\"\/loja\/wp-json\/wp\/v2\/pages\/10?add-to-cart=6095\" aria-label=\"Adicione ao carrinho: &ldquo;Teste&rdquo;\" data-quantity=\"1\" data-product_id=\"6095\" data-product_sku=\"\" rel=\"nofollow\" class=\"wp-block-button__link add_to_cart_button ajax_add_to_cart\">Adicionar ao carrinho<\/a><\/div>\r\n                <\/li><li class=\"wc-block-grid__product\">\r\n                        <a href=\"https:\/\/hpack.com.br\/loja\/produto\/frasco-500ml-detergente-cod-302-c-tampa-especial\/\" class=\"wc-block-grid__product-link\">\r\n                                <div class=\"wc-block-grid__product-image\"><img loading=\"lazy\" decoding=\"async\" width=\"600\" height=\"600\" src=\"https:\/\/hpack.com.br\/loja\/wp-content\/uploads\/2025\/03\/DETERGENTE-500-ml-600x600.jpg\" class=\"attachment-woocommerce_thumbnail size-woocommerce_thumbnail\" alt=\"Frasco 500ml detergente - c\u00f3d. 302 c\/tampa - Especial\" srcset=\"https:\/\/hpack.com.br\/loja\/wp-content\/uploads\/2025\/03\/DETERGENTE-500-ml-600x600.jpg 600w, https:\/\/hpack.com.br\/loja\/wp-content\/uploads\/2025\/03\/DETERGENTE-500-ml-150x150.jpg 150w\" sizes=\"auto, (max-width: 600px) 100vw, 600px\" \/><\/div>\r\n                                <div class=\"wc-block-grid__product-title\">Frasco 500ml detergente &#8211; c\u00f3d. 302 c\/tampa &#8211; Especial<\/div>\r\n                        <\/a>\r\n                        \r\n                        <div class=\"wc-block-grid__product-price price\"><span class=\"woocommerce-Price-amount amount\"><span class=\"woocommerce-Price-currencySymbol\">&#082;&#036;<\/span>&nbsp;0,90<\/span><\/div>\r\n                        \r\n                        <div class=\"wp-block-button wc-block-grid__product-add-to-cart\"><a href=\"\/loja\/wp-json\/wp\/v2\/pages\/10?add-to-cart=6081\" aria-label=\"Adicione ao carrinho: &ldquo;Frasco 500ml detergente - c\u00f3d. 302 c\/tampa - Especial&rdquo;\" data-quantity=\"160\" data-product_id=\"6081\" data-product_sku=\"\" rel=\"nofollow\" class=\"wp-block-button__link add_to_cart_button ajax_add_to_cart\">Adicionar ao carrinho<\/a><\/div>\r\n                <\/li><li class=\"wc-block-grid__product\">\r\n                        <a href=\"https:\/\/hpack.com.br\/loja\/produto\/galao-5l-cristal-baixo-cod-631-pedido-especial\/\" class=\"wc-block-grid__product-link\">\r\n                                <div class=\"wc-block-grid__product-image\"><img loading=\"lazy\" decoding=\"async\" width=\"600\" height=\"600\" src=\"https:\/\/hpack.com.br\/loja\/wp-content\/uploads\/2025\/04\/5-litros-novo-COD-631-600x600.jpg\" class=\"attachment-woocommerce_thumbnail size-woocommerce_thumbnail\" alt=\"Frasco 5 Litros Cristal\" srcset=\"https:\/\/hpack.com.br\/loja\/wp-content\/uploads\/2025\/04\/5-litros-novo-COD-631-600x600.jpg 600w, https:\/\/hpack.com.br\/loja\/wp-content\/uploads\/2025\/04\/5-litros-novo-COD-631-300x300.jpg 300w, https:\/\/hpack.com.br\/loja\/wp-content\/uploads\/2025\/04\/5-litros-novo-COD-631-150x150.jpg 150w, https:\/\/hpack.com.br\/loja\/wp-content\/uploads\/2025\/04\/5-litros-novo-COD-631-768x768.jpg 768w, https:\/\/hpack.com.br\/loja\/wp-content\/uploads\/2025\/04\/5-litros-novo-COD-631.jpg 1000w\" sizes=\"auto, (max-width: 600px) 100vw, 600px\" \/><\/div>\r\n                                <div class=\"wc-block-grid__product-title\">Gal\u00e3o 5l cristal baixo &#8211; c\u00f3d. 631 Pedido Especial<\/div>\r\n                        <\/a>\r\n                        \r\n                        <div class=\"wc-block-grid__product-price price\"><span class=\"woocommerce-Price-amount amount\"><span class=\"woocommerce-Price-currencySymbol\">&#082;&#036;<\/span>&nbsp;3,11<\/span><\/div>\r\n                        \r\n                        <div class=\"wp-block-button wc-block-grid__product-add-to-cart\"><a href=\"\/loja\/wp-json\/wp\/v2\/pages\/10?add-to-cart=5986\" aria-label=\"Adicione ao carrinho: &ldquo;Gal\u00e3o 5l cristal baixo - c\u00f3d. 631 Pedido Especial&rdquo;\" data-quantity=\"24\" data-product_id=\"5986\" data-product_sku=\"\" rel=\"nofollow\" class=\"wp-block-button__link add_to_cart_button ajax_add_to_cart\">Adicionar ao carrinho<\/a><\/div>\r\n                <\/li><li class=\"wc-block-grid__product\">\r\n                        <a href=\"https:\/\/hpack.com.br\/loja\/produto\/frasco-300ml-pentaloide-cod-557\/\" class=\"wc-block-grid__product-link\">\r\n                                <div class=\"wc-block-grid__product-image\"><img loading=\"lazy\" decoding=\"async\" width=\"334\" height=\"345\" src=\"https:\/\/hpack.com.br\/loja\/wp-content\/uploads\/2025\/08\/Screenshot_1.jpg\" class=\"attachment-woocommerce_thumbnail size-woocommerce_thumbnail\" alt=\"Frasco 300ml pentaloide \u2013 c\u00f3d. 557\" srcset=\"https:\/\/hpack.com.br\/loja\/wp-content\/uploads\/2025\/08\/Screenshot_1.jpg 334w, https:\/\/hpack.com.br\/loja\/wp-content\/uploads\/2025\/08\/Screenshot_1-290x300.jpg 290w, https:\/\/hpack.com.br\/loja\/wp-content\/uploads\/2025\/08\/Screenshot_1-150x155.jpg 150w\" sizes=\"auto, (max-width: 334px) 100vw, 334px\" \/><\/div>\r\n                                <div class=\"wc-block-grid__product-title\">Frasco 300ml pentaloide \u2013 c\u00f3d. 557<\/div>\r\n                        <\/a>\r\n                        \r\n                        <div class=\"wc-block-grid__product-price price\"><span class=\"woocommerce-Price-amount amount\" aria-hidden=\"true\"><span class=\"woocommerce-Price-currencySymbol\">&#082;&#036;<\/span>&nbsp;0,95<\/span> <span aria-hidden=\"true\">&ndash;<\/span> <span class=\"woocommerce-Price-amount amount\" aria-hidden=\"true\"><span class=\"woocommerce-Price-currencySymbol\">&#082;&#036;<\/span>&nbsp;1,15<\/span><span class=\"screen-reader-text\">Price range: &#082;&#036;&nbsp;0,95 through &#082;&#036;&nbsp;1,15<\/span><\/div>\r\n                        \r\n                        <div class=\"wp-block-button wc-block-grid__product-add-to-cart\"><a href=\"https:\/\/hpack.com.br\/loja\/produto\/frasco-300ml-pentaloide-cod-557\/\" aria-label=\"Selecione as op\u00e7\u00f5es para &ldquo;Frasco 300ml pentaloide \u2013 c\u00f3d. 557&rdquo;\" data-quantity=\"180\" data-product_id=\"5971\" data-product_sku=\"\" rel=\"nofollow\" class=\"wp-block-button__link add_to_cart_button\">Ver op\u00e7\u00f5es<\/a><\/div>\r\n                <\/li><\/ul><\/div><\/div>\n<\/div>\n","protected":false},"excerpt":{"rendered":"","protected":false},"author":1,"featured_media":0,"parent":0,"menu_order":0,"comment_status":"closed","ping_status":"closed","template":"","meta":{"_acf_changed":false,"footnotes":""},"class_list":["post-10","page","type-page","status-publish","hentry"],"acf":[],"yoast_head":"<!-- This site is optimized with the Yoast SEO plugin v27.4 - https:\/\/yoast.com\/product\/yoast-seo-wordpress\/ -->\n<title>Carrinho - Hpack - Fabrica de Frascos e Embalagens<\/title>\n<meta name=\"robots\" content=\"index, follow, max-snippet:-1, max-image-preview:large, max-video-preview:-1\" \/>\n<link rel=\"canonical\" href=\"https:\/\/hpack.com.br\/loja\/carrinho\/\" \/>\n<meta property=\"og:locale\" content=\"pt_BR\" \/>\n<meta property=\"og:type\" content=\"article\" \/>\n<meta property=\"og:title\" content=\"Carrinho - Hpack - Fabrica de Frascos e Embalagens\" \/>\n<meta property=\"og:url\" content=\"https:\/\/hpack.com.br\/loja\/carrinho\/\" \/>\n<meta property=\"og:site_name\" content=\"Hpack - Fabrica de Frascos e Embalagens\" \/>\n<meta property=\"article:publisher\" content=\"https:\/\/www.facebook.com\/hpackveracruz\/\" \/>\n<meta property=\"article:modified_time\" content=\"2025-06-25T17:39:38+00:00\" \/>\n<meta name=\"twitter:card\" content=\"summary_large_image\" \/>\n<script type=\"application\/ld+json\" class=\"yoast-schema-graph\">{\"@context\":\"https:\\\/\\\/schema.org\",\"@graph\":[{\"@type\":\"WebPage\",\"@id\":\"https:\\\/\\\/hpack.com.br\\\/loja\\\/carrinho\\\/\",\"url\":\"https:\\\/\\\/hpack.com.br\\\/loja\\\/carrinho\\\/\",\"name\":\"Carrinho - Hpack - Fabrica de Frascos e Embalagens\",\"isPartOf\":{\"@id\":\"https:\\\/\\\/hpack.com.br\\\/loja\\\/#website\"},\"datePublished\":\"2025-03-26T00:56:23+00:00\",\"dateModified\":\"2025-06-25T17:39:38+00:00\",\"breadcrumb\":{\"@id\":\"https:\\\/\\\/hpack.com.br\\\/loja\\\/carrinho\\\/#breadcrumb\"},\"inLanguage\":\"pt-BR\",\"potentialAction\":[{\"@type\":\"ReadAction\",\"target\":[\"https:\\\/\\\/hpack.com.br\\\/loja\\\/carrinho\\\/\"]}]},{\"@type\":\"BreadcrumbList\",\"@id\":\"https:\\\/\\\/hpack.com.br\\\/loja\\\/carrinho\\\/#breadcrumb\",\"itemListElement\":[{\"@type\":\"ListItem\",\"position\":1,\"name\":\"In\u00edcio\",\"item\":\"https:\\\/\\\/hpack.com.br\\\/loja\\\/\"},{\"@type\":\"ListItem\",\"position\":2,\"name\":\"Carrinho\"}]},{\"@type\":\"WebSite\",\"@id\":\"https:\\\/\\\/hpack.com.br\\\/loja\\\/#website\",\"url\":\"https:\\\/\\\/hpack.com.br\\\/loja\\\/\",\"name\":\"Hpack\",\"description\":\"Ind\u00fastria e Com\u00e9rcio de Embalagens. Especializados na produ\u00e7\u00e3o de embalagens pl\u00e1sticas PET, PEAD e Frascos para setores de alimentos, cosm\u00e9ticos e farmac\u00eauticos, Agro. Oferecemos solu\u00e7\u00f5es em embalagens pl\u00e1sticas para bebidas, produtos qu\u00edmicos, agr\u00edcolas e mais. Sede em Vera Cruz RS - Vendas para todo o Brasil\",\"publisher\":{\"@id\":\"https:\\\/\\\/hpack.com.br\\\/loja\\\/#organization\"},\"potentialAction\":[{\"@type\":\"SearchAction\",\"target\":{\"@type\":\"EntryPoint\",\"urlTemplate\":\"https:\\\/\\\/hpack.com.br\\\/loja\\\/?s={search_term_string}\"},\"query-input\":{\"@type\":\"PropertyValueSpecification\",\"valueRequired\":true,\"valueName\":\"search_term_string\"}}],\"inLanguage\":\"pt-BR\"},{\"@type\":\"Organization\",\"@id\":\"https:\\\/\\\/hpack.com.br\\\/loja\\\/#organization\",\"name\":\"HPACK IND\u00daSTRIA E COMERCIO DE EMBALAGENS\",\"url\":\"https:\\\/\\\/hpack.com.br\\\/loja\\\/\",\"logo\":{\"@type\":\"ImageObject\",\"inLanguage\":\"pt-BR\",\"@id\":\"https:\\\/\\\/hpack.com.br\\\/loja\\\/#\\\/schema\\\/logo\\\/image\\\/\",\"url\":\"https:\\\/\\\/hpack.com.br\\\/loja\\\/wp-content\\\/uploads\\\/2025\\\/03\\\/Hpack_logo.png\",\"contentUrl\":\"https:\\\/\\\/hpack.com.br\\\/loja\\\/wp-content\\\/uploads\\\/2025\\\/03\\\/Hpack_logo.png\",\"width\":220,\"height\":100,\"caption\":\"HPACK IND\u00daSTRIA E COMERCIO DE EMBALAGENS\"},\"image\":{\"@id\":\"https:\\\/\\\/hpack.com.br\\\/loja\\\/#\\\/schema\\\/logo\\\/image\\\/\"},\"sameAs\":[\"https:\\\/\\\/www.facebook.com\\\/hpackveracruz\\\/\",\"https:\\\/\\\/www.instagram.com\\\/hpack_veracruz\\\/\",\"https:\\\/\\\/br.linkedin.com\\\/company\\\/hpackembalagens\"]}]}<\/script>\n<!-- \/ Yoast SEO plugin. -->","yoast_head_json":{"title":"Carrinho - Hpack - Fabrica de Frascos e Embalagens","robots":{"index":"index","follow":"follow","max-snippet":"max-snippet:-1","max-image-preview":"max-image-preview:large","max-video-preview":"max-video-preview:-1"},"canonical":"https:\/\/hpack.com.br\/loja\/carrinho\/","og_locale":"pt_BR","og_type":"article","og_title":"Carrinho - Hpack - Fabrica de Frascos e Embalagens","og_url":"https:\/\/hpack.com.br\/loja\/carrinho\/","og_site_name":"Hpack - Fabrica de Frascos e Embalagens","article_publisher":"https:\/\/www.facebook.com\/hpackveracruz\/","article_modified_time":"2025-06-25T17:39:38+00:00","twitter_card":"summary_large_image","schema":{"@context":"https:\/\/schema.org","@graph":[{"@type":"WebPage","@id":"https:\/\/hpack.com.br\/loja\/carrinho\/","url":"https:\/\/hpack.com.br\/loja\/carrinho\/","name":"Carrinho - Hpack - Fabrica de Frascos e Embalagens","isPartOf":{"@id":"https:\/\/hpack.com.br\/loja\/#website"},"datePublished":"2025-03-26T00:56:23+00:00","dateModified":"2025-06-25T17:39:38+00:00","breadcrumb":{"@id":"https:\/\/hpack.com.br\/loja\/carrinho\/#breadcrumb"},"inLanguage":"pt-BR","potentialAction":[{"@type":"ReadAction","target":["https:\/\/hpack.com.br\/loja\/carrinho\/"]}]},{"@type":"BreadcrumbList","@id":"https:\/\/hpack.com.br\/loja\/carrinho\/#breadcrumb","itemListElement":[{"@type":"ListItem","position":1,"name":"In\u00edcio","item":"https:\/\/hpack.com.br\/loja\/"},{"@type":"ListItem","position":2,"name":"Carrinho"}]},{"@type":"WebSite","@id":"https:\/\/hpack.com.br\/loja\/#website","url":"https:\/\/hpack.com.br\/loja\/","name":"Hpack","description":"Ind\u00fastria e Com\u00e9rcio de Embalagens. Especializados na produ\u00e7\u00e3o de embalagens pl\u00e1sticas PET, PEAD e Frascos para setores de alimentos, cosm\u00e9ticos e farmac\u00eauticos, Agro. Oferecemos solu\u00e7\u00f5es em embalagens pl\u00e1sticas para bebidas, produtos qu\u00edmicos, agr\u00edcolas e mais. Sede em Vera Cruz RS - Vendas para todo o Brasil","publisher":{"@id":"https:\/\/hpack.com.br\/loja\/#organization"},"potentialAction":[{"@type":"SearchAction","target":{"@type":"EntryPoint","urlTemplate":"https:\/\/hpack.com.br\/loja\/?s={search_term_string}"},"query-input":{"@type":"PropertyValueSpecification","valueRequired":true,"valueName":"search_term_string"}}],"inLanguage":"pt-BR"},{"@type":"Organization","@id":"https:\/\/hpack.com.br\/loja\/#organization","name":"HPACK IND\u00daSTRIA E COMERCIO DE EMBALAGENS","url":"https:\/\/hpack.com.br\/loja\/","logo":{"@type":"ImageObject","inLanguage":"pt-BR","@id":"https:\/\/hpack.com.br\/loja\/#\/schema\/logo\/image\/","url":"https:\/\/hpack.com.br\/loja\/wp-content\/uploads\/2025\/03\/Hpack_logo.png","contentUrl":"https:\/\/hpack.com.br\/loja\/wp-content\/uploads\/2025\/03\/Hpack_logo.png","width":220,"height":100,"caption":"HPACK IND\u00daSTRIA E COMERCIO DE EMBALAGENS"},"image":{"@id":"https:\/\/hpack.com.br\/loja\/#\/schema\/logo\/image\/"},"sameAs":["https:\/\/www.facebook.com\/hpackveracruz\/","https:\/\/www.instagram.com\/hpack_veracruz\/","https:\/\/br.linkedin.com\/company\/hpackembalagens"]}]}},"_links":{"self":[{"href":"https:\/\/hpack.com.br\/loja\/wp-json\/wp\/v2\/pages\/10","targetHints":{"allow":["GET"]}}],"collection":[{"href":"https:\/\/hpack.com.br\/loja\/wp-json\/wp\/v2\/pages"}],"about":[{"href":"https:\/\/hpack.com.br\/loja\/wp-json\/wp\/v2\/types\/page"}],"author":[{"embeddable":true,"href":"https:\/\/hpack.com.br\/loja\/wp-json\/wp\/v2\/users\/1"}],"replies":[{"embeddable":true,"href":"https:\/\/hpack.com.br\/loja\/wp-json\/wp\/v2\/comments?post=10"}],"version-history":[{"count":0,"href":"https:\/\/hpack.com.br\/loja\/wp-json\/wp\/v2\/pages\/10\/revisions"}],"wp:attachment":[{"href":"https:\/\/hpack.com.br\/loja\/wp-json\/wp\/v2\/media?parent=10"}],"curies":[{"name":"wp","href":"https:\/\/api.w.org\/{rel}","templated":true}]}}