{"id":805,"date":"2025-01-14T12:03:42","date_gmt":"2025-01-14T12:03:42","guid":{"rendered":"https:\/\/dummy.xtemos.com\/woodmart2\/marketplace2-elementor\/?page_id=35"},"modified":"2025-03-26T20:59:14","modified_gmt":"2025-03-26T23:59:14","slug":"trabalhe-conosco","status":"publish","type":"page","link":"https:\/\/hpack.com.br\/loja\/trabalhe-conosco\/","title":{"rendered":"Trabalhe conosco"},"content":{"rendered":"\t\t<div data-elementor-type=\"wp-page\" data-elementor-id=\"805\" class=\"elementor elementor-805\" data-elementor-post-type=\"page\">\n\t\t\t\t<div class=\"wd-negative-gap elementor-element elementor-element-a704229 e-flex e-con-boxed e-con e-parent\" data-id=\"a704229\" data-element_type=\"container\" data-e-type=\"container\">\n\t\t\t\t\t<div class=\"e-con-inner\">\n\t\t<div class=\"wd-sticky-container-lg elementor-element elementor-element-485b79f e-con-full wd-col-offcanvas-md-sm wd-col-offcanvas-sm e-flex wd-alignment-left e-con e-child\" data-id=\"485b79f\" data-element_type=\"container\" data-e-type=\"container\">\n\t\t\t\t<div class=\"elementor-element elementor-element-1627b1f elementor-widget elementor-widget-wd_mega_menu\" data-id=\"1627b1f\" data-element_type=\"widget\" data-e-type=\"widget\" data-widget_type=\"wd_mega_menu.default\">\n\t\t\t\t<div class=\"elementor-widget-container\">\n\t\t\t\t\t\t\t<div class=\"wd-menu widget_nav_mega_menu wd-nav-wrapper\">\n\t\t\t\t\t\t<ul id=\"menu-sidebar-menu-marketplace-2\" class=\"menu wd-nav wd-nav-vertical wd-design-simple wd-gap-l\"><li id=\"menu-item-836\" class=\"menu-item menu-item-type-post_type menu-item-object-page menu-item-836 item-level-0 menu-simple-dropdown wd-event-hover\" ><a href=\"https:\/\/hpack.com.br\/loja\/quem-somos\/\" class=\"woodmart-nav-link\"><span class=\"nav-link-text\">Quem somos<\/span><\/a><\/li>\n<li id=\"menu-item-4124\" class=\"menu-item menu-item-type-post_type menu-item-object-page menu-item-4124 item-level-0 menu-simple-dropdown wd-event-hover\" ><a href=\"https:\/\/hpack.com.br\/loja\/loja\/\" class=\"woodmart-nav-link\"><span class=\"nav-link-text\">Loja<\/span><\/a><\/li>\n<li id=\"menu-item-839\" class=\"menu-item menu-item-type-post_type menu-item-object-page menu-item-839 item-level-0 menu-simple-dropdown wd-event-hover\" ><a href=\"https:\/\/hpack.com.br\/loja\/faqs\/\" class=\"woodmart-nav-link\"><span class=\"nav-link-text\">FAQ<\/span><\/a><\/li>\n<li id=\"menu-item-838\" class=\"menu-item menu-item-type-post_type menu-item-object-page menu-item-838 item-level-0 menu-simple-dropdown wd-event-hover\" ><a href=\"https:\/\/hpack.com.br\/loja\/contato-atendimento-comercial-e-suporte\/\" class=\"woodmart-nav-link\"><span class=\"nav-link-text\">Contato<\/span><\/a><\/li>\n<li id=\"menu-item-4126\" class=\"menu-item menu-item-type-post_type menu-item-object-page menu-item-4126 item-level-0 menu-simple-dropdown wd-event-hover\" ><a href=\"https:\/\/hpack.com.br\/loja\/termos-de-uso\/\" class=\"woodmart-nav-link\"><span class=\"nav-link-text\">Termos de Uso<\/span><\/a><\/li>\n<li id=\"menu-item-4125\" class=\"menu-item menu-item-type-post_type menu-item-object-page menu-item-privacy-policy menu-item-4125 item-level-0 menu-simple-dropdown wd-event-hover\" ><a href=\"https:\/\/hpack.com.br\/loja\/politica-de-privacidade\/\" class=\"woodmart-nav-link\"><span class=\"nav-link-text\">Pol\u00edtica de privacidade<\/span><\/a><\/li>\n<\/ul>\t\t<\/div>\n\t\t\t\t\t\t<\/div>\n\t\t\t\t<\/div>\n\t\t\t\t<\/div>\n\t\t<div class=\"elementor-element elementor-element-f8d0854 e-con-full wd-col-content-md-sm wd-col-content-sm e-flex e-con e-child\" data-id=\"f8d0854\" data-element_type=\"container\" data-e-type=\"container\">\n\t\t<div class=\"elementor-element elementor-element-cd989f3 e-con-full e-flex e-con e-child\" data-id=\"cd989f3\" data-element_type=\"container\" data-e-type=\"container\">\n\t\t\t\t<div class=\"elementor-element elementor-element-451b0e4 elementor-hidden-desktop elementor-widget elementor-widget-wd_builder_off_canvas_column_btn\" data-id=\"451b0e4\" data-element_type=\"widget\" data-e-type=\"widget\" data-settings=\"{&quot;sticky&quot;:&quot;yes&quot;,&quot;sticky_on&quot;:[&quot;desktop&quot;,&quot;tablet&quot;,&quot;mobile&quot;],&quot;sticky_offset&quot;:0,&quot;sticky_effects_offset&quot;:0,&quot;sticky_anchor_link_offset&quot;:0}\" data-widget_type=\"wd_builder_off_canvas_column_btn.default\">\n\t\t\t\t<div class=\"elementor-widget-container\">\n\t\t\t\t\t\n\t\t<div class=\"wd-off-canvas-btn wd-action-btn wd-style-text wd-burger-icon\">\n\t\t\t<a href=\"#\" rel=\"nofollow\">\n\t\t\t\t<span class=\"wd-action-icon\">\n\t\t\t\t\t\t\t\t\t<\/span>\n\t\t\t\t<span class=\"wd-action-text\">\n\t\t\t\t\tShow sidebar\t\t\t\t<\/span>\n\t\t\t<\/a>\n\t\t<\/div>\n\n\t\t\t\t\t<div class=\"wd-sidebar-opener wd-show-on-scroll wd-action-btn wd-style-icon wd-burger-icon\">\n\t\t\t\t<a href=\"#\" rel=\"nofollow\">\n\t\t\t\t\t<span class=\"wd-action-icon\">\n\t\t\t\t\t\t\t\t\t\t\t<\/span>\n\t\t\t\t<\/a>\n\t\t\t<\/div>\n\t\t\t\t\t\t\t\t<\/div>\n\t\t\t\t<\/div>\n\t\t<div class=\"elementor-element elementor-element-c271f92 e-con-full color-scheme-light e-flex e-con e-child\" data-id=\"c271f92\" data-element_type=\"container\" data-e-type=\"container\" data-settings=\"{&quot;background_background&quot;:&quot;classic&quot;}\">\n\t\t\t\t<div class=\"elementor-element elementor-element-77a9faf wd-width-100 elementor-widget elementor-widget-wd_title\" data-id=\"77a9faf\" data-element_type=\"widget\" data-e-type=\"widget\" data-widget_type=\"wd_title.default\">\n\t\t\t\t<div class=\"elementor-widget-container\">\n\t\t\t\t\t\t\t<div class=\"title-wrapper wd-set-mb reset-last-child wd-title-color-default wd-title-style-default wd-title-size-default text-center\">\n\n\t\t\t\n\t\t\t<div class=\"liner-continer\">\n\t\t\t\t<h4 class=\"woodmart-title-container title wd-fontsize-l\">Become a part<br \/>\nof our big business<\/h4> \n\t\t\t\t\t\t\t<\/div>\n\n\t\t\t\t\t<\/div>\n\t\t\t\t\t\t<\/div>\n\t\t\t\t<\/div>\n\t\t\t\t<div class=\"elementor-element elementor-element-38e9c06 elementor-widget elementor-widget-wd_button\" data-id=\"38e9c06\" data-element_type=\"widget\" data-e-type=\"widget\" data-widget_type=\"wd_button.default\">\n\t\t\t\t<div class=\"elementor-widget-container\">\n\t\t\t\t\t\t\t<div class=\"wd-button-wrapper text-center\" >\n\t\t\t<a class=\"btn btn-style-default btn-shape-round btn-size-default btn-color-primary btn-icon-pos-right\"  href=\"#\">\n\t\t\t\t<span class=\"wd-btn-text\" data-elementor-setting-key=\"text\">\n\t\t\t\t\tBecome a Vendor\t\t\t\t<\/span>\n\n\t\t\t\t\t\t\t<\/a>\n\t\t<\/div>\n\t\t\t\t\t\t<\/div>\n\t\t\t\t<\/div>\n\t\t\t\t<\/div>\n\t\t\t\t<\/div>\n\t\t<div class=\"elementor-element elementor-element-132a064 e-con-full e-flex e-con e-child\" data-id=\"132a064\" data-element_type=\"container\" data-e-type=\"container\">\n\t\t\t\t<div class=\"elementor-element elementor-element-7e03752 wd-width-100 elementor-widget elementor-widget-wd_title\" data-id=\"7e03752\" data-element_type=\"widget\" data-e-type=\"widget\" data-widget_type=\"wd_title.default\">\n\t\t\t\t<div class=\"elementor-widget-container\">\n\t\t\t\t\t\t\t<div class=\"title-wrapper wd-set-mb reset-last-child wd-title-color-default wd-title-style-default wd-title-size-default text-left\">\n\n\t\t\t\n\t\t\t<div class=\"liner-continer\">\n\t\t\t\t<h4 class=\"woodmart-title-container title wd-fontsize-l\">What can we offer?<\/h4> \n\t\t\t\t\t\t\t<\/div>\n\n\t\t\t\t\t\t\t<div class=\"title-after_title reset-last-child wd-fontsize-xs\">\n\t\t\t\t\t<p>We are firm believers that life's conveniences, joys, and kindness should be easily attainable. Hence, the quest for these should be swift, user-friendly, and delightful. At Woodmart, our commitment goes beyond selling home appliances, electronics, jewelry, or wine.<\/p>\t\t\t\t<\/div>\n\t\t\t\t\t<\/div>\n\t\t\t\t\t\t<\/div>\n\t\t\t\t<\/div>\n\t\t\t\t<div class=\"elementor-element elementor-element-9370393 wd-width-100 elementor-widget elementor-widget-wd_title\" data-id=\"9370393\" data-element_type=\"widget\" data-e-type=\"widget\" data-widget_type=\"wd_title.default\">\n\t\t\t\t<div class=\"elementor-widget-container\">\n\t\t\t\t\t\t\t<div class=\"title-wrapper wd-set-mb reset-last-child wd-title-color-default wd-title-style-default wd-title-size-default text-left\">\n\n\t\t\t\n\t\t\t<div class=\"liner-continer\">\n\t\t\t\t<h4 class=\"woodmart-title-container title wd-fontsize-l\">A huge number of customers<\/h4> \n\t\t\t\t\t\t\t<\/div>\n\n\t\t\t\t\t\t\t<div class=\"title-after_title reset-last-child wd-fontsize-xs\">\n\t\t\t\t\t<p>Our site is visited by more than 3 million unique users per day, each of whom is a declared buyer of your products<\/p>\t\t\t\t<\/div>\n\t\t\t\t\t<\/div>\n\t\t\t\t\t\t<\/div>\n\t\t\t\t<\/div>\n\t\t\t\t<div class=\"elementor-element elementor-element-f9ac82c wd-width-100 elementor-widget elementor-widget-wd_title\" data-id=\"f9ac82c\" data-element_type=\"widget\" data-e-type=\"widget\" data-widget_type=\"wd_title.default\">\n\t\t\t\t<div class=\"elementor-widget-container\">\n\t\t\t\t\t\t\t<div class=\"title-wrapper wd-set-mb reset-last-child wd-title-color-default wd-title-style-default wd-title-size-default text-left\">\n\n\t\t\t\n\t\t\t<div class=\"liner-continer\">\n\t\t\t\t<h4 class=\"woodmart-title-container title wd-fontsize-l\">Participation in promotional mailings<\/h4> \n\t\t\t\t\t\t\t<\/div>\n\n\t\t\t\t\t\t\t<div class=\"title-after_title reset-last-child wd-fontsize-xs\">\n\t\t\t\t\t<p>Add your products to promotional mailings to significantly increase the number of orders<\/p>\t\t\t\t<\/div>\n\t\t\t\t\t<\/div>\n\t\t\t\t\t\t<\/div>\n\t\t\t\t<\/div>\n\t\t\t\t<div class=\"elementor-element elementor-element-8b569ae wd-width-100 elementor-widget elementor-widget-wd_title\" data-id=\"8b569ae\" data-element_type=\"widget\" data-e-type=\"widget\" data-widget_type=\"wd_title.default\">\n\t\t\t\t<div class=\"elementor-widget-container\">\n\t\t\t\t\t\t\t<div class=\"title-wrapper wd-set-mb reset-last-child wd-title-color-default wd-title-style-default wd-title-size-default text-left\">\n\n\t\t\t\n\t\t\t<div class=\"liner-continer\">\n\t\t\t\t<h4 class=\"woodmart-title-container title wd-fontsize-l\">Advertising your products on the Internet<\/h4> \n\t\t\t\t\t\t\t<\/div>\n\n\t\t\t\t\t\t\t<div class=\"title-after_title reset-last-child wd-fontsize-xs\">\n\t\t\t\t\t<p>Increase your online sales with advertising. Place online ads that will drive even more users to your products<\/p>\t\t\t\t<\/div>\n\t\t\t\t\t<\/div>\n\t\t\t\t\t\t<\/div>\n\t\t\t\t<\/div>\n\t\t\t\t<div class=\"elementor-element elementor-element-fe6c9cb wd-width-100 elementor-widget elementor-widget-wd_title\" data-id=\"fe6c9cb\" data-element_type=\"widget\" data-e-type=\"widget\" data-widget_type=\"wd_title.default\">\n\t\t\t\t<div class=\"elementor-widget-container\">\n\t\t\t\t\t\t\t<div class=\"title-wrapper wd-set-mb reset-last-child wd-title-color-default wd-title-style-default wd-title-size-default text-left\">\n\n\t\t\t\n\t\t\t<div class=\"liner-continer\">\n\t\t\t\t<h4 class=\"woodmart-title-container title wd-fontsize-l\">Integration with your system<\/h4> \n\t\t\t\t\t\t\t<\/div>\n\n\t\t\t\t\t\t\t<div class=\"title-after_title reset-last-child wd-fontsize-xs\">\n\t\t\t\t\t<p>Work through the seller's personal account or through the API<\/p>\t\t\t\t<\/div>\n\t\t\t\t\t<\/div>\n\t\t\t\t\t\t<\/div>\n\t\t\t\t<\/div>\n\t\t\t\t<\/div>\n\t\t<div class=\"elementor-element elementor-element-c9542e3 e-con-full e-flex e-con e-child\" data-id=\"c9542e3\" data-element_type=\"container\" data-e-type=\"container\">\n\t\t\t\t<div class=\"elementor-element elementor-element-d9f143d wd-width-100 elementor-widget elementor-widget-wd_title\" data-id=\"d9f143d\" data-element_type=\"widget\" data-e-type=\"widget\" data-widget_type=\"wd_title.default\">\n\t\t\t\t<div class=\"elementor-widget-container\">\n\t\t\t\t\t\t\t<div class=\"title-wrapper wd-set-mb reset-last-child wd-title-color-default wd-title-style-default wd-title-size-default text-left\">\n\n\t\t\t\n\t\t\t<div class=\"liner-continer\">\n\t\t\t\t<h4 class=\"woodmart-title-container title wd-fontsize-l\">How to Start Selling<\/h4> \n\t\t\t\t\t\t\t<\/div>\n\n\t\t\t\t\t<\/div>\n\t\t\t\t\t\t<\/div>\n\t\t\t\t<\/div>\n\t\t<div class=\"elementor-element elementor-element-2a22e84 e-con-full e-flex e-con e-child\" data-id=\"2a22e84\" data-element_type=\"container\" data-e-type=\"container\">\n\t\t<div class=\"elementor-element elementor-element-e2d15f1 e-con-full e-flex e-con e-child\" data-id=\"e2d15f1\" data-element_type=\"container\" data-e-type=\"container\">\n\t\t<div class=\"elementor-element elementor-element-895193b e-con-full e-flex e-con e-child\" data-id=\"895193b\" data-element_type=\"container\" data-e-type=\"container\" data-settings=\"{&quot;background_background&quot;:&quot;classic&quot;}\">\n\t\t\t\t<div class=\"elementor-element elementor-element-e6b7731 elementor-widget elementor-widget-wd_infobox\" data-id=\"e6b7731\" data-element_type=\"widget\" data-e-type=\"widget\" data-widget_type=\"wd_infobox.default\">\n\t\t\t\t<div class=\"elementor-widget-container\">\n\t\t\t\t\t\t\t<div class=\"info-box-wrapper\">\n\t\t\t<div class=\"wd-info-box text-left box-icon-align-top box-style-base color-scheme-\">\n\t\t\t\t\t\t\t\t\t<div class=\"box-icon-wrapper  box-with-text text-size-default box-icon-simple\">\n\t\t\t\t\t\t<div class=\"info-box-icon\">\n\t\t\t\t\t\t\t\t\t\t\t\t\t\t\t1.\t\t\t\t\t\t\t\t\t\t\t\t\t<\/div>\n\t\t\t\t\t<\/div>\n\t\t\t\t\n\t\t\t\t<div class=\"info-box-content\">\n\t\t\t\t\t\n\t\t\t\t\t\t\t\t\t\t\t<h4\t\t\t\t\t\tclass=\"info-box-title title box-title-style-default wd-fontsize-m\" data-elementor-setting-key=\"title\">\n\t\t\t\t\t\t\t\tFill out the application\t\t\t\t\t\t<\/h4>\n\t\t\t\t\t\n\t\t\t\t\t<div class=\"info-box-inner reset-last-child\"data-elementor-setting-key=\"content\"><p>Tell us about yourself. We will contact you to discuss our cooperation in more detail<\/p>\n<\/div>\n\n\t\t\t\t\t\t\t\t\t<\/div>\n\n\t\t\t\t\t\t\t<\/div>\n\t\t<\/div>\n\t\t\t\t\t\t<\/div>\n\t\t\t\t<\/div>\n\t\t\t\t<\/div>\n\t\t<div class=\"elementor-element elementor-element-9530b80 e-con-full e-flex e-con e-child\" data-id=\"9530b80\" data-element_type=\"container\" data-e-type=\"container\" data-settings=\"{&quot;background_background&quot;:&quot;classic&quot;}\">\n\t\t\t\t<div class=\"elementor-element elementor-element-4142294 elementor-widget elementor-widget-wd_infobox\" data-id=\"4142294\" data-element_type=\"widget\" data-e-type=\"widget\" data-widget_type=\"wd_infobox.default\">\n\t\t\t\t<div class=\"elementor-widget-container\">\n\t\t\t\t\t\t\t<div class=\"info-box-wrapper\">\n\t\t\t<div class=\"wd-info-box text-left box-icon-align-top box-style-base color-scheme-\">\n\t\t\t\t\t\t\t\t\t<div class=\"box-icon-wrapper  box-with-text text-size-default box-icon-simple\">\n\t\t\t\t\t\t<div class=\"info-box-icon\">\n\t\t\t\t\t\t\t\t\t\t\t\t\t\t\t2.\t\t\t\t\t\t\t\t\t\t\t\t\t<\/div>\n\t\t\t\t\t<\/div>\n\t\t\t\t\n\t\t\t\t<div class=\"info-box-content\">\n\t\t\t\t\t\n\t\t\t\t\t\t\t\t\t\t\t<h4\t\t\t\t\t\tclass=\"info-box-title title box-title-style-default wd-fontsize-m\" data-elementor-setting-key=\"title\">\n\t\t\t\t\t\t\t\tPrepare a price list of goods\t\t\t\t\t\t<\/h4>\n\t\t\t\t\t\n\t\t\t\t\t<div class=\"info-box-inner reset-last-child\"data-elementor-setting-key=\"content\"><p>Create an XML catalog of your products for publication on our website<\/p>\n<\/div>\n\n\t\t\t\t\t\t\t\t\t<\/div>\n\n\t\t\t\t\t\t\t<\/div>\n\t\t<\/div>\n\t\t\t\t\t\t<\/div>\n\t\t\t\t<\/div>\n\t\t\t\t<\/div>\n\t\t\t\t<\/div>\n\t\t<div class=\"elementor-element elementor-element-9732345 e-con-full e-flex e-con e-child\" data-id=\"9732345\" data-element_type=\"container\" data-e-type=\"container\">\n\t\t<div class=\"elementor-element elementor-element-669ca61 e-con-full e-flex e-con e-child\" data-id=\"669ca61\" data-element_type=\"container\" data-e-type=\"container\" data-settings=\"{&quot;background_background&quot;:&quot;classic&quot;}\">\n\t\t\t\t<div class=\"elementor-element elementor-element-c7f0fa6 elementor-widget elementor-widget-wd_infobox\" data-id=\"c7f0fa6\" data-element_type=\"widget\" data-e-type=\"widget\" data-widget_type=\"wd_infobox.default\">\n\t\t\t\t<div class=\"elementor-widget-container\">\n\t\t\t\t\t\t\t<div class=\"info-box-wrapper\">\n\t\t\t<div class=\"wd-info-box text-left box-icon-align-top box-style-base color-scheme-\">\n\t\t\t\t\t\t\t\t\t<div class=\"box-icon-wrapper  box-with-text text-size-default box-icon-simple\">\n\t\t\t\t\t\t<div class=\"info-box-icon\">\n\t\t\t\t\t\t\t\t\t\t\t\t\t\t\t3.\t\t\t\t\t\t\t\t\t\t\t\t\t<\/div>\n\t\t\t\t\t<\/div>\n\t\t\t\t\n\t\t\t\t<div class=\"info-box-content\">\n\t\t\t\t\t\n\t\t\t\t\t\t\t\t\t\t\t<h4\t\t\t\t\t\tclass=\"info-box-title title box-title-style-default wd-fontsize-m\" data-elementor-setting-key=\"title\">\n\t\t\t\t\t\t\t\tSign the contract\t\t\t\t\t\t<\/h4>\n\t\t\t\t\t\n\t\t\t\t\t<div class=\"info-box-inner reset-last-child\"data-elementor-setting-key=\"content\"><p>Submit all the necessary documents and sign the contract using EDP<\/p>\n<\/div>\n\n\t\t\t\t\t\t\t\t\t<\/div>\n\n\t\t\t\t\t\t\t<\/div>\n\t\t<\/div>\n\t\t\t\t\t\t<\/div>\n\t\t\t\t<\/div>\n\t\t\t\t<\/div>\n\t\t<div class=\"elementor-element elementor-element-dbec9cf e-con-full e-flex e-con e-child\" data-id=\"dbec9cf\" data-element_type=\"container\" data-e-type=\"container\" data-settings=\"{&quot;background_background&quot;:&quot;classic&quot;}\">\n\t\t\t\t<div class=\"elementor-element elementor-element-d840938 elementor-widget elementor-widget-wd_infobox\" data-id=\"d840938\" data-element_type=\"widget\" data-e-type=\"widget\" data-widget_type=\"wd_infobox.default\">\n\t\t\t\t<div class=\"elementor-widget-container\">\n\t\t\t\t\t\t\t<div class=\"info-box-wrapper\">\n\t\t\t<div class=\"wd-info-box text-left box-icon-align-top box-style-base color-scheme-\">\n\t\t\t\t\t\t\t\t\t<div class=\"box-icon-wrapper  box-with-text text-size-default box-icon-simple\">\n\t\t\t\t\t\t<div class=\"info-box-icon\">\n\t\t\t\t\t\t\t\t\t\t\t\t\t\t\t4.\t\t\t\t\t\t\t\t\t\t\t\t\t<\/div>\n\t\t\t\t\t<\/div>\n\t\t\t\t\n\t\t\t\t<div class=\"info-box-content\">\n\t\t\t\t\t\n\t\t\t\t\t\t\t\t\t\t\t<h4\t\t\t\t\t\tclass=\"info-box-title title box-title-style-default wd-fontsize-m\" data-elementor-setting-key=\"title\">\n\t\t\t\t\t\t\t\tStart selling\t\t\t\t\t\t<\/h4>\n\t\t\t\t\t\n\t\t\t\t\t<div class=\"info-box-inner reset-last-child\"data-elementor-setting-key=\"content\"><p>Place orders and receive payment from customers in a convenient way for you<\/p>\n<\/div>\n\n\t\t\t\t\t\t\t\t\t<\/div>\n\n\t\t\t\t\t\t\t<\/div>\n\t\t<\/div>\n\t\t\t\t\t\t<\/div>\n\t\t\t\t<\/div>\n\t\t\t\t<\/div>\n\t\t\t\t<\/div>\n\t\t\t\t<\/div>\n\t\t\t\t<\/div>\n\t\t\t\t<\/div>\n\t\t\t\t\t<\/div>\n\t\t\t\t<\/div>\n\t\t\t\t<\/div>\n\t\t","protected":false},"excerpt":{"rendered":"<p>Track You Order About Us FAQs Our Partners Work With Us Contact Us Show sidebar Become a part of our<\/p>\n","protected":false},"author":1,"featured_media":0,"parent":0,"menu_order":0,"comment_status":"closed","ping_status":"closed","template":"","meta":{"_acf_changed":false,"footnotes":""},"class_list":["post-805","page","type-page","status-publish","hentry"],"acf":[],"yoast_head":"<!-- This site is optimized with the Yoast SEO plugin v27.4 - https:\/\/yoast.com\/product\/yoast-seo-wordpress\/ -->\n<title>Trabalhe conosco - Hpack - Fabrica de Frascos e Embalagens<\/title>\n<meta name=\"robots\" content=\"index, follow, max-snippet:-1, max-image-preview:large, max-video-preview:-1\" \/>\n<link rel=\"canonical\" href=\"https:\/\/hpack.com.br\/loja\/trabalhe-conosco\/\" \/>\n<meta property=\"og:locale\" content=\"pt_BR\" \/>\n<meta property=\"og:type\" content=\"article\" \/>\n<meta property=\"og:title\" content=\"Trabalhe conosco - Hpack - Fabrica de Frascos e Embalagens\" \/>\n<meta property=\"og:description\" content=\"Track You Order About Us FAQs Our Partners Work With Us Contact Us Show sidebar Become a part of our\" \/>\n<meta property=\"og:url\" content=\"https:\/\/hpack.com.br\/loja\/trabalhe-conosco\/\" \/>\n<meta property=\"og:site_name\" content=\"Hpack - Fabrica de Frascos e Embalagens\" \/>\n<meta property=\"article:publisher\" content=\"https:\/\/www.facebook.com\/hpackveracruz\/\" \/>\n<meta property=\"article:modified_time\" content=\"2025-03-26T23:59:14+00:00\" \/>\n<meta name=\"twitter:card\" content=\"summary_large_image\" \/>\n<meta name=\"twitter:label1\" content=\"Est. tempo de leitura\" \/>\n\t<meta name=\"twitter:data1\" content=\"1 minuto\" \/>\n<script type=\"application\/ld+json\" class=\"yoast-schema-graph\">{\"@context\":\"https:\\\/\\\/schema.org\",\"@graph\":[{\"@type\":\"WebPage\",\"@id\":\"https:\\\/\\\/hpack.com.br\\\/loja\\\/trabalhe-conosco\\\/\",\"url\":\"https:\\\/\\\/hpack.com.br\\\/loja\\\/trabalhe-conosco\\\/\",\"name\":\"Trabalhe conosco - Hpack - Fabrica de Frascos e Embalagens\",\"isPartOf\":{\"@id\":\"https:\\\/\\\/hpack.com.br\\\/loja\\\/#website\"},\"datePublished\":\"2025-01-14T12:03:42+00:00\",\"dateModified\":\"2025-03-26T23:59:14+00:00\",\"breadcrumb\":{\"@id\":\"https:\\\/\\\/hpack.com.br\\\/loja\\\/trabalhe-conosco\\\/#breadcrumb\"},\"inLanguage\":\"pt-BR\",\"potentialAction\":[{\"@type\":\"ReadAction\",\"target\":[\"https:\\\/\\\/hpack.com.br\\\/loja\\\/trabalhe-conosco\\\/\"]}]},{\"@type\":\"BreadcrumbList\",\"@id\":\"https:\\\/\\\/hpack.com.br\\\/loja\\\/trabalhe-conosco\\\/#breadcrumb\",\"itemListElement\":[{\"@type\":\"ListItem\",\"position\":1,\"name\":\"In\u00edcio\",\"item\":\"https:\\\/\\\/hpack.com.br\\\/loja\\\/\"},{\"@type\":\"ListItem\",\"position\":2,\"name\":\"Trabalhe conosco\"}]},{\"@type\":\"WebSite\",\"@id\":\"https:\\\/\\\/hpack.com.br\\\/loja\\\/#website\",\"url\":\"https:\\\/\\\/hpack.com.br\\\/loja\\\/\",\"name\":\"Hpack\",\"description\":\"Ind\u00fastria e Com\u00e9rcio de Embalagens. Especializados na produ\u00e7\u00e3o de embalagens pl\u00e1sticas PET, PEAD e Frascos para setores de alimentos, cosm\u00e9ticos e farmac\u00eauticos, Agro. Oferecemos solu\u00e7\u00f5es em embalagens pl\u00e1sticas para bebidas, produtos qu\u00edmicos, agr\u00edcolas e mais. Sede em Vera Cruz RS - Vendas para todo o Brasil\",\"publisher\":{\"@id\":\"https:\\\/\\\/hpack.com.br\\\/loja\\\/#organization\"},\"potentialAction\":[{\"@type\":\"SearchAction\",\"target\":{\"@type\":\"EntryPoint\",\"urlTemplate\":\"https:\\\/\\\/hpack.com.br\\\/loja\\\/?s={search_term_string}\"},\"query-input\":{\"@type\":\"PropertyValueSpecification\",\"valueRequired\":true,\"valueName\":\"search_term_string\"}}],\"inLanguage\":\"pt-BR\"},{\"@type\":\"Organization\",\"@id\":\"https:\\\/\\\/hpack.com.br\\\/loja\\\/#organization\",\"name\":\"HPACK IND\u00daSTRIA E COMERCIO DE EMBALAGENS\",\"url\":\"https:\\\/\\\/hpack.com.br\\\/loja\\\/\",\"logo\":{\"@type\":\"ImageObject\",\"inLanguage\":\"pt-BR\",\"@id\":\"https:\\\/\\\/hpack.com.br\\\/loja\\\/#\\\/schema\\\/logo\\\/image\\\/\",\"url\":\"https:\\\/\\\/hpack.com.br\\\/loja\\\/wp-content\\\/uploads\\\/2025\\\/03\\\/Hpack_logo.png\",\"contentUrl\":\"https:\\\/\\\/hpack.com.br\\\/loja\\\/wp-content\\\/uploads\\\/2025\\\/03\\\/Hpack_logo.png\",\"width\":220,\"height\":100,\"caption\":\"HPACK IND\u00daSTRIA E COMERCIO DE EMBALAGENS\"},\"image\":{\"@id\":\"https:\\\/\\\/hpack.com.br\\\/loja\\\/#\\\/schema\\\/logo\\\/image\\\/\"},\"sameAs\":[\"https:\\\/\\\/www.facebook.com\\\/hpackveracruz\\\/\",\"https:\\\/\\\/www.instagram.com\\\/hpack_veracruz\\\/\",\"https:\\\/\\\/br.linkedin.com\\\/company\\\/hpackembalagens\"]}]}<\/script>\n<!-- \/ Yoast SEO plugin. -->","yoast_head_json":{"title":"Trabalhe conosco - Hpack - Fabrica de Frascos e Embalagens","robots":{"index":"index","follow":"follow","max-snippet":"max-snippet:-1","max-image-preview":"max-image-preview:large","max-video-preview":"max-video-preview:-1"},"canonical":"https:\/\/hpack.com.br\/loja\/trabalhe-conosco\/","og_locale":"pt_BR","og_type":"article","og_title":"Trabalhe conosco - Hpack - Fabrica de Frascos e Embalagens","og_description":"Track You Order About Us FAQs Our Partners Work With Us Contact Us Show sidebar Become a part of our","og_url":"https:\/\/hpack.com.br\/loja\/trabalhe-conosco\/","og_site_name":"Hpack - Fabrica de Frascos e Embalagens","article_publisher":"https:\/\/www.facebook.com\/hpackveracruz\/","article_modified_time":"2025-03-26T23:59:14+00:00","twitter_card":"summary_large_image","twitter_misc":{"Est. tempo de leitura":"1 minuto"},"schema":{"@context":"https:\/\/schema.org","@graph":[{"@type":"WebPage","@id":"https:\/\/hpack.com.br\/loja\/trabalhe-conosco\/","url":"https:\/\/hpack.com.br\/loja\/trabalhe-conosco\/","name":"Trabalhe conosco - Hpack - Fabrica de Frascos e Embalagens","isPartOf":{"@id":"https:\/\/hpack.com.br\/loja\/#website"},"datePublished":"2025-01-14T12:03:42+00:00","dateModified":"2025-03-26T23:59:14+00:00","breadcrumb":{"@id":"https:\/\/hpack.com.br\/loja\/trabalhe-conosco\/#breadcrumb"},"inLanguage":"pt-BR","potentialAction":[{"@type":"ReadAction","target":["https:\/\/hpack.com.br\/loja\/trabalhe-conosco\/"]}]},{"@type":"BreadcrumbList","@id":"https:\/\/hpack.com.br\/loja\/trabalhe-conosco\/#breadcrumb","itemListElement":[{"@type":"ListItem","position":1,"name":"In\u00edcio","item":"https:\/\/hpack.com.br\/loja\/"},{"@type":"ListItem","position":2,"name":"Trabalhe conosco"}]},{"@type":"WebSite","@id":"https:\/\/hpack.com.br\/loja\/#website","url":"https:\/\/hpack.com.br\/loja\/","name":"Hpack","description":"Ind\u00fastria e Com\u00e9rcio de Embalagens. Especializados na produ\u00e7\u00e3o de embalagens pl\u00e1sticas PET, PEAD e Frascos para setores de alimentos, cosm\u00e9ticos e farmac\u00eauticos, Agro. Oferecemos solu\u00e7\u00f5es em embalagens pl\u00e1sticas para bebidas, produtos qu\u00edmicos, agr\u00edcolas e mais. Sede em Vera Cruz RS - Vendas para todo o Brasil","publisher":{"@id":"https:\/\/hpack.com.br\/loja\/#organization"},"potentialAction":[{"@type":"SearchAction","target":{"@type":"EntryPoint","urlTemplate":"https:\/\/hpack.com.br\/loja\/?s={search_term_string}"},"query-input":{"@type":"PropertyValueSpecification","valueRequired":true,"valueName":"search_term_string"}}],"inLanguage":"pt-BR"},{"@type":"Organization","@id":"https:\/\/hpack.com.br\/loja\/#organization","name":"HPACK IND\u00daSTRIA E COMERCIO DE EMBALAGENS","url":"https:\/\/hpack.com.br\/loja\/","logo":{"@type":"ImageObject","inLanguage":"pt-BR","@id":"https:\/\/hpack.com.br\/loja\/#\/schema\/logo\/image\/","url":"https:\/\/hpack.com.br\/loja\/wp-content\/uploads\/2025\/03\/Hpack_logo.png","contentUrl":"https:\/\/hpack.com.br\/loja\/wp-content\/uploads\/2025\/03\/Hpack_logo.png","width":220,"height":100,"caption":"HPACK IND\u00daSTRIA E COMERCIO DE EMBALAGENS"},"image":{"@id":"https:\/\/hpack.com.br\/loja\/#\/schema\/logo\/image\/"},"sameAs":["https:\/\/www.facebook.com\/hpackveracruz\/","https:\/\/www.instagram.com\/hpack_veracruz\/","https:\/\/br.linkedin.com\/company\/hpackembalagens"]}]}},"_links":{"self":[{"href":"https:\/\/hpack.com.br\/loja\/wp-json\/wp\/v2\/pages\/805","targetHints":{"allow":["GET"]}}],"collection":[{"href":"https:\/\/hpack.com.br\/loja\/wp-json\/wp\/v2\/pages"}],"about":[{"href":"https:\/\/hpack.com.br\/loja\/wp-json\/wp\/v2\/types\/page"}],"author":[{"embeddable":true,"href":"https:\/\/hpack.com.br\/loja\/wp-json\/wp\/v2\/users\/1"}],"replies":[{"embeddable":true,"href":"https:\/\/hpack.com.br\/loja\/wp-json\/wp\/v2\/comments?post=805"}],"version-history":[{"count":0,"href":"https:\/\/hpack.com.br\/loja\/wp-json\/wp\/v2\/pages\/805\/revisions"}],"wp:attachment":[{"href":"https:\/\/hpack.com.br\/loja\/wp-json\/wp\/v2\/media?parent=805"}],"curies":[{"name":"wp","href":"https:\/\/api.w.org\/{rel}","templated":true}]}}