{"id":1368,"date":"2025-03-26T16:08:28","date_gmt":"2025-03-26T19:08:28","guid":{"rendered":"https:\/\/tanolink.com.br\/hpack\/?post_type=product&#038;p=1368"},"modified":"2025-07-31T18:49:01","modified_gmt":"2025-07-31T21:49:01","slug":"frasco-cachaca-800ml-cod-529","status":"publish","type":"product","link":"https:\/\/hpack.com.br\/loja\/produto\/frasco-cachaca-800ml-cod-529\/","title":{"rendered":"Frasco 800ml cristal &#8211; c\u00f3d. 529"},"content":{"rendered":"<h3 data-start=\"181\" data-end=\"272\"><strong data-start=\"188\" data-end=\"270\">Frasco 800ml cristal \u2013 Ideal para cacha\u00e7as, licores e vinagre<\/strong><\/h3>\n<p>O<strong> Frasco 800ml<\/strong> \u00e9 ideal para o envase de cacha\u00e7a, licor, melado e vinagre. Com seu design funcional e estrutura resistente, proporciona excelente veda\u00e7\u00e3o e valoriza o produto.<\/p>\n<p><strong data-start=\"1006\" data-end=\"1024\">Especifica\u00e7\u00f5es do produto:<\/strong><\/p>\n<ul>\n<li><strong>Capacidade<\/strong>: 800 ml<\/li>\n<li><strong>Peso<\/strong>: 33 gramas<\/li>\n<li><strong>Bocal:<\/strong> 28mm<\/li>\n<li><strong>Pedido m\u00ednimo<\/strong>: 149 unidades<\/li>\n<\/ul>\n<p><strong data-start=\"1006\" data-end=\"1024\">Indicado para:<\/strong><\/p>\n<ul>\n<li data-start=\"1029\" data-end=\"1045\">Cacha\u00e7as e licores;<\/li>\n<li data-start=\"1048\" data-end=\"1068\">Vinagre;<\/li>\n<li data-start=\"1071\" data-end=\"1105\">Melado.<\/li>\n<\/ul>\n<p><strong data-start=\"1110\" data-end=\"1193\">Eleve o padr\u00e3o do seu produto com uma embalagem resistente, pr\u00e1tica e atrativa!<\/strong><\/p>\n","protected":false},"excerpt":{"rendered":"<ul>\n<li><strong>Frasco: <\/strong>Valor unit\u00e1rio: R$ 1,30<\/li>\n<li><strong>Tampa: <\/strong>Valor unit\u00e1rio: R$ 0,20<\/li>\n<li><strong>Bocal:<\/strong> 28 mm<\/li>\n<li><strong>Pedido m\u00ednimo:<\/strong> 149 unidades<\/li>\n<\/ul>\n","protected":false},"featured_media":4726,"template":"","meta":{"_acf_changed":false},"product_brand":[358],"product_cat":[24,30],"product_tag":[97,93,321,371,94,154,372,369,373,370,363,364,365,351,326,91,98,96],"class_list":{"0":"post-1368","1":"product","2":"type-product","3":"status-publish","4":"has-post-thumbnail","6":"product_brand-hpack-embalagens-plasticas","7":"product_cat-cachaca","8":"product_cat-vinho","9":"product_tag-ambar","10":"product_tag-cod-431","11":"product_tag-embalagem-para-bebidas-artesanais","12":"product_tag-embalagem-pet-cristal","13":"product_tag-embalagens","14":"product_tag-envase-de-cachaca","15":"product_tag-frasco-800-ml-transparente","16":"product_tag-frasco-800ml","17":"product_tag-frasco-bocal-28mm","18":"product_tag-frasco-cristal-800ml","19":"product_tag-frasco-para-cachaca","20":"product_tag-frasco-para-licor","21":"product_tag-frasco-para-melado","22":"product_tag-frasco-para-vinagre","23":"product_tag-frasco-resistente","24":"product_tag-hpack","25":"product_tag-pet-frasco-corote","26":"product_tag-vera-cruz","28":"first","29":"instock","30":"shipping-taxable","31":"purchasable","32":"product-type-variable"},"acf":[],"yoast_head":"<!-- This site is optimized with the Yoast SEO plugin v27.4 - https:\/\/yoast.com\/product\/yoast-seo-wordpress\/ -->\n<title>Frasco Cristal Ideal para Cacha\u00e7as, Licores, Vinagre e Melado - Hpack - Fabrica de Frascos e Embalagens<\/title>\n<meta name=\"description\" content=\"Frasco cristal. Perfeito para envase de cacha\u00e7as, licores, melado e vinagre. Resistente, funcional e com excelente veda\u00e7\u00e3o para valorizar seu produto.\" \/>\n<meta name=\"robots\" content=\"index, follow, max-snippet:-1, max-image-preview:large, max-video-preview:-1\" \/>\n<link rel=\"canonical\" href=\"https:\/\/hpack.com.br\/loja\/produto\/frasco-cachaca-800ml-cod-529\/\" \/>\n<meta property=\"og:locale\" content=\"pt_BR\" \/>\n<meta property=\"og:type\" content=\"article\" \/>\n<meta property=\"og:title\" content=\"Frasco Cristal Ideal para Cacha\u00e7as, Licores, Vinagre e Melado - Hpack - Fabrica de Frascos e Embalagens\" \/>\n<meta property=\"og:description\" content=\"Frasco cristal. Perfeito para envase de cacha\u00e7as, licores, melado e vinagre. Resistente, funcional e com excelente veda\u00e7\u00e3o para valorizar seu produto.\" \/>\n<meta property=\"og:url\" content=\"https:\/\/hpack.com.br\/loja\/produto\/frasco-cachaca-800ml-cod-529\/\" \/>\n<meta property=\"og:site_name\" content=\"Hpack - Fabrica de Frascos e Embalagens\" \/>\n<meta property=\"article:publisher\" content=\"https:\/\/www.facebook.com\/hpackveracruz\/\" \/>\n<meta property=\"article:modified_time\" content=\"2025-07-31T21:49:01+00:00\" \/>\n<meta property=\"og:image\" content=\"https:\/\/hpack.com.br\/loja\/wp-content\/uploads\/2025\/03\/WhatsApp-Image-2025-06-13-at-17.09.40.jpeg\" \/>\n\t<meta property=\"og:image:width\" content=\"1024\" \/>\n\t<meta property=\"og:image:height\" content=\"1280\" \/>\n\t<meta property=\"og:image:type\" content=\"image\/jpeg\" \/>\n<meta name=\"twitter:card\" content=\"summary_large_image\" \/>\n<meta name=\"twitter:label1\" content=\"Est. tempo de leitura\" \/>\n\t<meta name=\"twitter:data1\" content=\"1 minuto\" \/>\n<script type=\"application\/ld+json\" class=\"yoast-schema-graph\">{\"@context\":\"https:\\\/\\\/schema.org\",\"@graph\":[{\"@type\":\"WebPage\",\"@id\":\"https:\\\/\\\/hpack.com.br\\\/loja\\\/produto\\\/frasco-cachaca-800ml-cod-529\\\/\",\"url\":\"https:\\\/\\\/hpack.com.br\\\/loja\\\/produto\\\/frasco-cachaca-800ml-cod-529\\\/\",\"name\":\"Frasco Cristal Ideal para Cacha\u00e7as, Licores, Vinagre e Melado - Hpack - Fabrica de Frascos e Embalagens\",\"isPartOf\":{\"@id\":\"https:\\\/\\\/hpack.com.br\\\/loja\\\/#website\"},\"primaryImageOfPage\":{\"@id\":\"https:\\\/\\\/hpack.com.br\\\/loja\\\/produto\\\/frasco-cachaca-800ml-cod-529\\\/#primaryimage\"},\"image\":{\"@id\":\"https:\\\/\\\/hpack.com.br\\\/loja\\\/produto\\\/frasco-cachaca-800ml-cod-529\\\/#primaryimage\"},\"thumbnailUrl\":\"https:\\\/\\\/hpack.com.br\\\/loja\\\/wp-content\\\/uploads\\\/2025\\\/03\\\/WhatsApp-Image-2025-06-13-at-17.09.40.jpeg\",\"datePublished\":\"2025-03-26T19:08:28+00:00\",\"dateModified\":\"2025-07-31T21:49:01+00:00\",\"description\":\"Frasco cristal. Perfeito para envase de cacha\u00e7as, licores, melado e vinagre. Resistente, funcional e com excelente veda\u00e7\u00e3o para valorizar seu produto.\",\"breadcrumb\":{\"@id\":\"https:\\\/\\\/hpack.com.br\\\/loja\\\/produto\\\/frasco-cachaca-800ml-cod-529\\\/#breadcrumb\"},\"inLanguage\":\"pt-BR\",\"potentialAction\":[{\"@type\":\"ReadAction\",\"target\":[\"https:\\\/\\\/hpack.com.br\\\/loja\\\/produto\\\/frasco-cachaca-800ml-cod-529\\\/\"]}]},{\"@type\":\"ImageObject\",\"inLanguage\":\"pt-BR\",\"@id\":\"https:\\\/\\\/hpack.com.br\\\/loja\\\/produto\\\/frasco-cachaca-800ml-cod-529\\\/#primaryimage\",\"url\":\"https:\\\/\\\/hpack.com.br\\\/loja\\\/wp-content\\\/uploads\\\/2025\\\/03\\\/WhatsApp-Image-2025-06-13-at-17.09.40.jpeg\",\"contentUrl\":\"https:\\\/\\\/hpack.com.br\\\/loja\\\/wp-content\\\/uploads\\\/2025\\\/03\\\/WhatsApp-Image-2025-06-13-at-17.09.40.jpeg\",\"width\":1024,\"height\":1280},{\"@type\":\"BreadcrumbList\",\"@id\":\"https:\\\/\\\/hpack.com.br\\\/loja\\\/produto\\\/frasco-cachaca-800ml-cod-529\\\/#breadcrumb\",\"itemListElement\":[{\"@type\":\"ListItem\",\"position\":1,\"name\":\"In\u00edcio\",\"item\":\"https:\\\/\\\/hpack.com.br\\\/loja\\\/\"},{\"@type\":\"ListItem\",\"position\":2,\"name\":\"Loja\",\"item\":\"https:\\\/\\\/hpack.com.br\\\/loja\\\/loja\\\/\"},{\"@type\":\"ListItem\",\"position\":3,\"name\":\"Frasco 800ml cristal &#8211; c\u00f3d. 529\"}]},{\"@type\":\"WebSite\",\"@id\":\"https:\\\/\\\/hpack.com.br\\\/loja\\\/#website\",\"url\":\"https:\\\/\\\/hpack.com.br\\\/loja\\\/\",\"name\":\"Hpack\",\"description\":\"Ind\u00fastria e Com\u00e9rcio de Embalagens. Especializados na produ\u00e7\u00e3o de embalagens pl\u00e1sticas PET, PEAD e Frascos para setores de alimentos, cosm\u00e9ticos e farmac\u00eauticos, Agro. Oferecemos solu\u00e7\u00f5es em embalagens pl\u00e1sticas para bebidas, produtos qu\u00edmicos, agr\u00edcolas e mais. Sede em Vera Cruz RS - Vendas para todo o Brasil\",\"publisher\":{\"@id\":\"https:\\\/\\\/hpack.com.br\\\/loja\\\/#organization\"},\"potentialAction\":[{\"@type\":\"SearchAction\",\"target\":{\"@type\":\"EntryPoint\",\"urlTemplate\":\"https:\\\/\\\/hpack.com.br\\\/loja\\\/?s={search_term_string}\"},\"query-input\":{\"@type\":\"PropertyValueSpecification\",\"valueRequired\":true,\"valueName\":\"search_term_string\"}}],\"inLanguage\":\"pt-BR\"},{\"@type\":\"Organization\",\"@id\":\"https:\\\/\\\/hpack.com.br\\\/loja\\\/#organization\",\"name\":\"HPACK IND\u00daSTRIA E COMERCIO DE EMBALAGENS\",\"url\":\"https:\\\/\\\/hpack.com.br\\\/loja\\\/\",\"logo\":{\"@type\":\"ImageObject\",\"inLanguage\":\"pt-BR\",\"@id\":\"https:\\\/\\\/hpack.com.br\\\/loja\\\/#\\\/schema\\\/logo\\\/image\\\/\",\"url\":\"https:\\\/\\\/hpack.com.br\\\/loja\\\/wp-content\\\/uploads\\\/2025\\\/03\\\/Hpack_logo.png\",\"contentUrl\":\"https:\\\/\\\/hpack.com.br\\\/loja\\\/wp-content\\\/uploads\\\/2025\\\/03\\\/Hpack_logo.png\",\"width\":220,\"height\":100,\"caption\":\"HPACK IND\u00daSTRIA E COMERCIO DE EMBALAGENS\"},\"image\":{\"@id\":\"https:\\\/\\\/hpack.com.br\\\/loja\\\/#\\\/schema\\\/logo\\\/image\\\/\"},\"sameAs\":[\"https:\\\/\\\/www.facebook.com\\\/hpackveracruz\\\/\",\"https:\\\/\\\/www.instagram.com\\\/hpack_veracruz\\\/\",\"https:\\\/\\\/br.linkedin.com\\\/company\\\/hpackembalagens\"]}]}<\/script>\n<!-- \/ Yoast SEO plugin. -->","yoast_head_json":{"title":"Frasco Cristal Ideal para Cacha\u00e7as, Licores, Vinagre e Melado - Hpack - Fabrica de Frascos e Embalagens","description":"Frasco cristal. Perfeito para envase de cacha\u00e7as, licores, melado e vinagre. Resistente, funcional e com excelente veda\u00e7\u00e3o para valorizar seu produto.","robots":{"index":"index","follow":"follow","max-snippet":"max-snippet:-1","max-image-preview":"max-image-preview:large","max-video-preview":"max-video-preview:-1"},"canonical":"https:\/\/hpack.com.br\/loja\/produto\/frasco-cachaca-800ml-cod-529\/","og_locale":"pt_BR","og_type":"article","og_title":"Frasco Cristal Ideal para Cacha\u00e7as, Licores, Vinagre e Melado - Hpack - Fabrica de Frascos e Embalagens","og_description":"Frasco cristal. Perfeito para envase de cacha\u00e7as, licores, melado e vinagre. Resistente, funcional e com excelente veda\u00e7\u00e3o para valorizar seu produto.","og_url":"https:\/\/hpack.com.br\/loja\/produto\/frasco-cachaca-800ml-cod-529\/","og_site_name":"Hpack - Fabrica de Frascos e Embalagens","article_publisher":"https:\/\/www.facebook.com\/hpackveracruz\/","article_modified_time":"2025-07-31T21:49:01+00:00","og_image":[{"width":1024,"height":1280,"url":"https:\/\/hpack.com.br\/loja\/wp-content\/uploads\/2025\/03\/WhatsApp-Image-2025-06-13-at-17.09.40.jpeg","type":"image\/jpeg"}],"twitter_card":"summary_large_image","twitter_misc":{"Est. tempo de leitura":"1 minuto"},"schema":{"@context":"https:\/\/schema.org","@graph":[{"@type":"WebPage","@id":"https:\/\/hpack.com.br\/loja\/produto\/frasco-cachaca-800ml-cod-529\/","url":"https:\/\/hpack.com.br\/loja\/produto\/frasco-cachaca-800ml-cod-529\/","name":"Frasco Cristal Ideal para Cacha\u00e7as, Licores, Vinagre e Melado - Hpack - Fabrica de Frascos e Embalagens","isPartOf":{"@id":"https:\/\/hpack.com.br\/loja\/#website"},"primaryImageOfPage":{"@id":"https:\/\/hpack.com.br\/loja\/produto\/frasco-cachaca-800ml-cod-529\/#primaryimage"},"image":{"@id":"https:\/\/hpack.com.br\/loja\/produto\/frasco-cachaca-800ml-cod-529\/#primaryimage"},"thumbnailUrl":"https:\/\/hpack.com.br\/loja\/wp-content\/uploads\/2025\/03\/WhatsApp-Image-2025-06-13-at-17.09.40.jpeg","datePublished":"2025-03-26T19:08:28+00:00","dateModified":"2025-07-31T21:49:01+00:00","description":"Frasco cristal. Perfeito para envase de cacha\u00e7as, licores, melado e vinagre. Resistente, funcional e com excelente veda\u00e7\u00e3o para valorizar seu produto.","breadcrumb":{"@id":"https:\/\/hpack.com.br\/loja\/produto\/frasco-cachaca-800ml-cod-529\/#breadcrumb"},"inLanguage":"pt-BR","potentialAction":[{"@type":"ReadAction","target":["https:\/\/hpack.com.br\/loja\/produto\/frasco-cachaca-800ml-cod-529\/"]}]},{"@type":"ImageObject","inLanguage":"pt-BR","@id":"https:\/\/hpack.com.br\/loja\/produto\/frasco-cachaca-800ml-cod-529\/#primaryimage","url":"https:\/\/hpack.com.br\/loja\/wp-content\/uploads\/2025\/03\/WhatsApp-Image-2025-06-13-at-17.09.40.jpeg","contentUrl":"https:\/\/hpack.com.br\/loja\/wp-content\/uploads\/2025\/03\/WhatsApp-Image-2025-06-13-at-17.09.40.jpeg","width":1024,"height":1280},{"@type":"BreadcrumbList","@id":"https:\/\/hpack.com.br\/loja\/produto\/frasco-cachaca-800ml-cod-529\/#breadcrumb","itemListElement":[{"@type":"ListItem","position":1,"name":"In\u00edcio","item":"https:\/\/hpack.com.br\/loja\/"},{"@type":"ListItem","position":2,"name":"Loja","item":"https:\/\/hpack.com.br\/loja\/loja\/"},{"@type":"ListItem","position":3,"name":"Frasco 800ml cristal &#8211; c\u00f3d. 529"}]},{"@type":"WebSite","@id":"https:\/\/hpack.com.br\/loja\/#website","url":"https:\/\/hpack.com.br\/loja\/","name":"Hpack","description":"Ind\u00fastria e Com\u00e9rcio de Embalagens. Especializados na produ\u00e7\u00e3o de embalagens pl\u00e1sticas PET, PEAD e Frascos para setores de alimentos, cosm\u00e9ticos e farmac\u00eauticos, Agro. Oferecemos solu\u00e7\u00f5es em embalagens pl\u00e1sticas para bebidas, produtos qu\u00edmicos, agr\u00edcolas e mais. Sede em Vera Cruz RS - Vendas para todo o Brasil","publisher":{"@id":"https:\/\/hpack.com.br\/loja\/#organization"},"potentialAction":[{"@type":"SearchAction","target":{"@type":"EntryPoint","urlTemplate":"https:\/\/hpack.com.br\/loja\/?s={search_term_string}"},"query-input":{"@type":"PropertyValueSpecification","valueRequired":true,"valueName":"search_term_string"}}],"inLanguage":"pt-BR"},{"@type":"Organization","@id":"https:\/\/hpack.com.br\/loja\/#organization","name":"HPACK IND\u00daSTRIA E COMERCIO DE EMBALAGENS","url":"https:\/\/hpack.com.br\/loja\/","logo":{"@type":"ImageObject","inLanguage":"pt-BR","@id":"https:\/\/hpack.com.br\/loja\/#\/schema\/logo\/image\/","url":"https:\/\/hpack.com.br\/loja\/wp-content\/uploads\/2025\/03\/Hpack_logo.png","contentUrl":"https:\/\/hpack.com.br\/loja\/wp-content\/uploads\/2025\/03\/Hpack_logo.png","width":220,"height":100,"caption":"HPACK IND\u00daSTRIA E COMERCIO DE EMBALAGENS"},"image":{"@id":"https:\/\/hpack.com.br\/loja\/#\/schema\/logo\/image\/"},"sameAs":["https:\/\/www.facebook.com\/hpackveracruz\/","https:\/\/www.instagram.com\/hpack_veracruz\/","https:\/\/br.linkedin.com\/company\/hpackembalagens"]}]}},"_links":{"self":[{"href":"https:\/\/hpack.com.br\/loja\/wp-json\/wp\/v2\/product\/1368","targetHints":{"allow":["GET"]}}],"collection":[{"href":"https:\/\/hpack.com.br\/loja\/wp-json\/wp\/v2\/product"}],"about":[{"href":"https:\/\/hpack.com.br\/loja\/wp-json\/wp\/v2\/types\/product"}],"version-history":[{"count":0,"href":"https:\/\/hpack.com.br\/loja\/wp-json\/wp\/v2\/product\/1368\/revisions"}],"wp:featuredmedia":[{"embeddable":true,"href":"https:\/\/hpack.com.br\/loja\/wp-json\/wp\/v2\/media\/4726"}],"wp:attachment":[{"href":"https:\/\/hpack.com.br\/loja\/wp-json\/wp\/v2\/media?parent=1368"}],"wp:term":[{"taxonomy":"product_brand","embeddable":true,"href":"https:\/\/hpack.com.br\/loja\/wp-json\/wp\/v2\/product_brand?post=1368"},{"taxonomy":"product_cat","embeddable":true,"href":"https:\/\/hpack.com.br\/loja\/wp-json\/wp\/v2\/product_cat?post=1368"},{"taxonomy":"product_tag","embeddable":true,"href":"https:\/\/hpack.com.br\/loja\/wp-json\/wp\/v2\/product_tag?post=1368"}],"curies":[{"name":"wp","href":"https:\/\/api.w.org\/{rel}","templated":true}]}}