{"id":1379,"date":"2025-03-26T16:08:28","date_gmt":"2025-03-26T19:08:28","guid":{"rendered":"https:\/\/tanolink.com.br\/hpack\/?post_type=product&#038;p=1379"},"modified":"2025-07-31T18:39:58","modified_gmt":"2025-07-31T21:39:58","slug":"pet-verde-vinho-1900ml-cod-1","status":"publish","type":"product","link":"https:\/\/hpack.com.br\/loja\/produto\/pet-verde-vinho-1900ml-cod-1\/","title":{"rendered":"Frasco 1,9l verde \u2013 c\u00f3d. 1"},"content":{"rendered":"<p><strong>Frasco 1,9 litros verde \u2013 Ideal para envase de vinhos, cacha\u00e7a, licor e melado<\/strong><\/p>\n<p>O<strong> Frasco de 1,9 litros verde <\/strong>\u00e9 perfeito para o envase de vinhos, cacha\u00e7as, licores e melado. Sua capacidade ideal e o bocal de 28mm garantem facilidade no envase e veda\u00e7\u00e3o segura. Com peso de 42,6 gramas, o frasco oferece resist\u00eancia e praticidade, sendo a escolha ideal para empresas do setor de bebidas e alimentos que buscam um produto de alta qualidade e sofistica\u00e7\u00e3o.<\/p>\n<p><strong data-start=\"1006\" data-end=\"1024\">Especifica\u00e7\u00f5es do produto:<\/strong><\/p>\n<ul>\n<li><strong>Capacidade:<\/strong> 1,9 litros<\/li>\n<li><strong>Peso:<\/strong> 42,6 gramas<\/li>\n<li><strong>Bocal:<\/strong> 28mm<\/li>\n<li><strong>Pedido m\u00ednimo:<\/strong>\u00a060 unidades<\/li>\n<\/ul>\n","protected":false},"excerpt":{"rendered":"<ul>\n<li><strong>Frasco:\u00a0<\/strong>Valor unit\u00e1rio: R$ 1,50<\/li>\n<li><strong>Tampa:\u00a0<\/strong>Valor unit\u00e1rio: R$ 0,20<\/li>\n<li><strong>Bocal:<\/strong> 28 mm<\/li>\n<li><strong>Pedido m\u00ednimo:<\/strong>\u00a060 unidades<\/li>\n<\/ul>\n","protected":false},"featured_media":1423,"template":"","meta":{"_acf_changed":false},"product_brand":[358],"product_cat":[24,30],"product_tag":[359,348,350,360,94,353,344,361,330,349,347,356,326,355,101,91,102,96],"class_list":{"0":"post-1379","1":"product","2":"type-product","3":"status-publish","4":"has-post-thumbnail","6":"product_brand-hpack-embalagens-plasticas","7":"product_cat-cachaca","8":"product_cat-vinho","9":"product_tag-9-litros","10":"product_tag-embalagem-para-cachaca","11":"product_tag-embalagem-para-melado","12":"product_tag-embalagem-para-produtos-artesanais","13":"product_tag-embalagens","14":"product_tag-envase-de-bebidas","15":"product_tag-frasco-1","16":"product_tag-frasco-1900ml","17":"product_tag-frasco-para-bebidas","18":"product_tag-frasco-para-licores","19":"product_tag-frasco-para-vinhos","20":"product_tag-frasco-pet-verde","21":"product_tag-frasco-resistente","22":"product_tag-frasco-verde","23":"product_tag-frascos-pet","24":"product_tag-hpack","25":"product_tag-industria-de-embalagens-pets","26":"product_tag-vera-cruz","28":"first","29":"instock","30":"shipping-taxable","31":"purchasable","32":"product-type-variable"},"acf":[],"yoast_head":"<!-- This site is optimized with the Yoast SEO plugin v27.4 - https:\/\/yoast.com\/product\/yoast-seo-wordpress\/ -->\n<title>Frasco 1,9l verde \u2013 c\u00f3d. 1 - Hpack - Fabrica de Frascos e Embalagens<\/title>\n<meta name=\"description\" content=\"PET verde de 1,9 litros e excelente resist\u00eancia. Ideal para envase de vinhos, cacha\u00e7as, licores e melado. Seguran\u00e7a, praticidade e apresenta\u00e7\u00e3o sofisticada.\" \/>\n<meta name=\"robots\" content=\"index, follow, max-snippet:-1, max-image-preview:large, max-video-preview:-1\" \/>\n<link rel=\"canonical\" href=\"https:\/\/hpack.com.br\/loja\/produto\/pet-verde-vinho-1900ml-cod-1\/\" \/>\n<meta property=\"og:locale\" content=\"pt_BR\" \/>\n<meta property=\"og:type\" content=\"article\" \/>\n<meta property=\"og:title\" content=\"Frasco 1,9l verde \u2013 c\u00f3d. 1 - Hpack - Fabrica de Frascos e Embalagens\" \/>\n<meta property=\"og:description\" content=\"PET verde de 1,9 litros e excelente resist\u00eancia. Ideal para envase de vinhos, cacha\u00e7as, licores e melado. Seguran\u00e7a, praticidade e apresenta\u00e7\u00e3o sofisticada.\" \/>\n<meta property=\"og:url\" content=\"https:\/\/hpack.com.br\/loja\/produto\/pet-verde-vinho-1900ml-cod-1\/\" \/>\n<meta property=\"og:site_name\" content=\"Hpack - Fabrica de Frascos e Embalagens\" \/>\n<meta property=\"article:publisher\" content=\"https:\/\/www.facebook.com\/hpackveracruz\/\" \/>\n<meta property=\"article:modified_time\" content=\"2025-07-31T21:39:58+00:00\" \/>\n<meta property=\"og:image\" content=\"https:\/\/hpack.com.br\/loja\/wp-content\/uploads\/2025\/03\/PET-Verde-Vinho-1900ml-Cod-1.jpg\" \/>\n\t<meta property=\"og:image:width\" content=\"950\" \/>\n\t<meta property=\"og:image:height\" content=\"945\" \/>\n\t<meta property=\"og:image:type\" content=\"image\/jpeg\" \/>\n<meta name=\"twitter:card\" content=\"summary_large_image\" \/>\n<meta name=\"twitter:label1\" content=\"Est. tempo de leitura\" \/>\n\t<meta name=\"twitter:data1\" content=\"1 minuto\" \/>\n<script type=\"application\/ld+json\" class=\"yoast-schema-graph\">{\"@context\":\"https:\\\/\\\/schema.org\",\"@graph\":[{\"@type\":\"WebPage\",\"@id\":\"https:\\\/\\\/hpack.com.br\\\/loja\\\/produto\\\/pet-verde-vinho-1900ml-cod-1\\\/\",\"url\":\"https:\\\/\\\/hpack.com.br\\\/loja\\\/produto\\\/pet-verde-vinho-1900ml-cod-1\\\/\",\"name\":\"Frasco 1,9l verde \u2013 c\u00f3d. 1 - Hpack - Fabrica de Frascos e Embalagens\",\"isPartOf\":{\"@id\":\"https:\\\/\\\/hpack.com.br\\\/loja\\\/#website\"},\"primaryImageOfPage\":{\"@id\":\"https:\\\/\\\/hpack.com.br\\\/loja\\\/produto\\\/pet-verde-vinho-1900ml-cod-1\\\/#primaryimage\"},\"image\":{\"@id\":\"https:\\\/\\\/hpack.com.br\\\/loja\\\/produto\\\/pet-verde-vinho-1900ml-cod-1\\\/#primaryimage\"},\"thumbnailUrl\":\"https:\\\/\\\/hpack.com.br\\\/loja\\\/wp-content\\\/uploads\\\/2025\\\/03\\\/PET-Verde-Vinho-1900ml-Cod-1.jpg\",\"datePublished\":\"2025-03-26T19:08:28+00:00\",\"dateModified\":\"2025-07-31T21:39:58+00:00\",\"description\":\"PET verde de 1,9 litros e excelente resist\u00eancia. Ideal para envase de vinhos, cacha\u00e7as, licores e melado. Seguran\u00e7a, praticidade e apresenta\u00e7\u00e3o sofisticada.\",\"breadcrumb\":{\"@id\":\"https:\\\/\\\/hpack.com.br\\\/loja\\\/produto\\\/pet-verde-vinho-1900ml-cod-1\\\/#breadcrumb\"},\"inLanguage\":\"pt-BR\",\"potentialAction\":[{\"@type\":\"ReadAction\",\"target\":[\"https:\\\/\\\/hpack.com.br\\\/loja\\\/produto\\\/pet-verde-vinho-1900ml-cod-1\\\/\"]}]},{\"@type\":\"ImageObject\",\"inLanguage\":\"pt-BR\",\"@id\":\"https:\\\/\\\/hpack.com.br\\\/loja\\\/produto\\\/pet-verde-vinho-1900ml-cod-1\\\/#primaryimage\",\"url\":\"https:\\\/\\\/hpack.com.br\\\/loja\\\/wp-content\\\/uploads\\\/2025\\\/03\\\/PET-Verde-Vinho-1900ml-Cod-1.jpg\",\"contentUrl\":\"https:\\\/\\\/hpack.com.br\\\/loja\\\/wp-content\\\/uploads\\\/2025\\\/03\\\/PET-Verde-Vinho-1900ml-Cod-1.jpg\",\"width\":950,\"height\":945,\"caption\":\"PET Verde - Hpack frascos ideais para envase de vinhos, cacha\u00e7a, licor e melado\"},{\"@type\":\"BreadcrumbList\",\"@id\":\"https:\\\/\\\/hpack.com.br\\\/loja\\\/produto\\\/pet-verde-vinho-1900ml-cod-1\\\/#breadcrumb\",\"itemListElement\":[{\"@type\":\"ListItem\",\"position\":1,\"name\":\"In\u00edcio\",\"item\":\"https:\\\/\\\/hpack.com.br\\\/loja\\\/\"},{\"@type\":\"ListItem\",\"position\":2,\"name\":\"Loja\",\"item\":\"https:\\\/\\\/hpack.com.br\\\/loja\\\/loja\\\/\"},{\"@type\":\"ListItem\",\"position\":3,\"name\":\"Frasco 1,9l verde \u2013 c\u00f3d. 1\"}]},{\"@type\":\"WebSite\",\"@id\":\"https:\\\/\\\/hpack.com.br\\\/loja\\\/#website\",\"url\":\"https:\\\/\\\/hpack.com.br\\\/loja\\\/\",\"name\":\"Hpack\",\"description\":\"Ind\u00fastria e Com\u00e9rcio de Embalagens. Especializados na produ\u00e7\u00e3o de embalagens pl\u00e1sticas PET, PEAD e Frascos para setores de alimentos, cosm\u00e9ticos e farmac\u00eauticos, Agro. Oferecemos solu\u00e7\u00f5es em embalagens pl\u00e1sticas para bebidas, produtos qu\u00edmicos, agr\u00edcolas e mais. Sede em Vera Cruz RS - Vendas para todo o Brasil\",\"publisher\":{\"@id\":\"https:\\\/\\\/hpack.com.br\\\/loja\\\/#organization\"},\"potentialAction\":[{\"@type\":\"SearchAction\",\"target\":{\"@type\":\"EntryPoint\",\"urlTemplate\":\"https:\\\/\\\/hpack.com.br\\\/loja\\\/?s={search_term_string}\"},\"query-input\":{\"@type\":\"PropertyValueSpecification\",\"valueRequired\":true,\"valueName\":\"search_term_string\"}}],\"inLanguage\":\"pt-BR\"},{\"@type\":\"Organization\",\"@id\":\"https:\\\/\\\/hpack.com.br\\\/loja\\\/#organization\",\"name\":\"HPACK IND\u00daSTRIA E COMERCIO DE EMBALAGENS\",\"url\":\"https:\\\/\\\/hpack.com.br\\\/loja\\\/\",\"logo\":{\"@type\":\"ImageObject\",\"inLanguage\":\"pt-BR\",\"@id\":\"https:\\\/\\\/hpack.com.br\\\/loja\\\/#\\\/schema\\\/logo\\\/image\\\/\",\"url\":\"https:\\\/\\\/hpack.com.br\\\/loja\\\/wp-content\\\/uploads\\\/2025\\\/03\\\/Hpack_logo.png\",\"contentUrl\":\"https:\\\/\\\/hpack.com.br\\\/loja\\\/wp-content\\\/uploads\\\/2025\\\/03\\\/Hpack_logo.png\",\"width\":220,\"height\":100,\"caption\":\"HPACK IND\u00daSTRIA E COMERCIO DE EMBALAGENS\"},\"image\":{\"@id\":\"https:\\\/\\\/hpack.com.br\\\/loja\\\/#\\\/schema\\\/logo\\\/image\\\/\"},\"sameAs\":[\"https:\\\/\\\/www.facebook.com\\\/hpackveracruz\\\/\",\"https:\\\/\\\/www.instagram.com\\\/hpack_veracruz\\\/\",\"https:\\\/\\\/br.linkedin.com\\\/company\\\/hpackembalagens\"]}]}<\/script>\n<!-- \/ Yoast SEO plugin. -->","yoast_head_json":{"title":"Frasco 1,9l verde \u2013 c\u00f3d. 1 - Hpack - Fabrica de Frascos e Embalagens","description":"PET verde de 1,9 litros e excelente resist\u00eancia. Ideal para envase de vinhos, cacha\u00e7as, licores e melado. Seguran\u00e7a, praticidade e apresenta\u00e7\u00e3o sofisticada.","robots":{"index":"index","follow":"follow","max-snippet":"max-snippet:-1","max-image-preview":"max-image-preview:large","max-video-preview":"max-video-preview:-1"},"canonical":"https:\/\/hpack.com.br\/loja\/produto\/pet-verde-vinho-1900ml-cod-1\/","og_locale":"pt_BR","og_type":"article","og_title":"Frasco 1,9l verde \u2013 c\u00f3d. 1 - Hpack - Fabrica de Frascos e Embalagens","og_description":"PET verde de 1,9 litros e excelente resist\u00eancia. Ideal para envase de vinhos, cacha\u00e7as, licores e melado. Seguran\u00e7a, praticidade e apresenta\u00e7\u00e3o sofisticada.","og_url":"https:\/\/hpack.com.br\/loja\/produto\/pet-verde-vinho-1900ml-cod-1\/","og_site_name":"Hpack - Fabrica de Frascos e Embalagens","article_publisher":"https:\/\/www.facebook.com\/hpackveracruz\/","article_modified_time":"2025-07-31T21:39:58+00:00","og_image":[{"width":950,"height":945,"url":"https:\/\/hpack.com.br\/loja\/wp-content\/uploads\/2025\/03\/PET-Verde-Vinho-1900ml-Cod-1.jpg","type":"image\/jpeg"}],"twitter_card":"summary_large_image","twitter_misc":{"Est. tempo de leitura":"1 minuto"},"schema":{"@context":"https:\/\/schema.org","@graph":[{"@type":"WebPage","@id":"https:\/\/hpack.com.br\/loja\/produto\/pet-verde-vinho-1900ml-cod-1\/","url":"https:\/\/hpack.com.br\/loja\/produto\/pet-verde-vinho-1900ml-cod-1\/","name":"Frasco 1,9l verde \u2013 c\u00f3d. 1 - Hpack - Fabrica de Frascos e Embalagens","isPartOf":{"@id":"https:\/\/hpack.com.br\/loja\/#website"},"primaryImageOfPage":{"@id":"https:\/\/hpack.com.br\/loja\/produto\/pet-verde-vinho-1900ml-cod-1\/#primaryimage"},"image":{"@id":"https:\/\/hpack.com.br\/loja\/produto\/pet-verde-vinho-1900ml-cod-1\/#primaryimage"},"thumbnailUrl":"https:\/\/hpack.com.br\/loja\/wp-content\/uploads\/2025\/03\/PET-Verde-Vinho-1900ml-Cod-1.jpg","datePublished":"2025-03-26T19:08:28+00:00","dateModified":"2025-07-31T21:39:58+00:00","description":"PET verde de 1,9 litros e excelente resist\u00eancia. Ideal para envase de vinhos, cacha\u00e7as, licores e melado. Seguran\u00e7a, praticidade e apresenta\u00e7\u00e3o sofisticada.","breadcrumb":{"@id":"https:\/\/hpack.com.br\/loja\/produto\/pet-verde-vinho-1900ml-cod-1\/#breadcrumb"},"inLanguage":"pt-BR","potentialAction":[{"@type":"ReadAction","target":["https:\/\/hpack.com.br\/loja\/produto\/pet-verde-vinho-1900ml-cod-1\/"]}]},{"@type":"ImageObject","inLanguage":"pt-BR","@id":"https:\/\/hpack.com.br\/loja\/produto\/pet-verde-vinho-1900ml-cod-1\/#primaryimage","url":"https:\/\/hpack.com.br\/loja\/wp-content\/uploads\/2025\/03\/PET-Verde-Vinho-1900ml-Cod-1.jpg","contentUrl":"https:\/\/hpack.com.br\/loja\/wp-content\/uploads\/2025\/03\/PET-Verde-Vinho-1900ml-Cod-1.jpg","width":950,"height":945,"caption":"PET Verde - Hpack frascos ideais para envase de vinhos, cacha\u00e7a, licor e melado"},{"@type":"BreadcrumbList","@id":"https:\/\/hpack.com.br\/loja\/produto\/pet-verde-vinho-1900ml-cod-1\/#breadcrumb","itemListElement":[{"@type":"ListItem","position":1,"name":"In\u00edcio","item":"https:\/\/hpack.com.br\/loja\/"},{"@type":"ListItem","position":2,"name":"Loja","item":"https:\/\/hpack.com.br\/loja\/loja\/"},{"@type":"ListItem","position":3,"name":"Frasco 1,9l verde \u2013 c\u00f3d. 1"}]},{"@type":"WebSite","@id":"https:\/\/hpack.com.br\/loja\/#website","url":"https:\/\/hpack.com.br\/loja\/","name":"Hpack","description":"Ind\u00fastria e Com\u00e9rcio de Embalagens. Especializados na produ\u00e7\u00e3o de embalagens pl\u00e1sticas PET, PEAD e Frascos para setores de alimentos, cosm\u00e9ticos e farmac\u00eauticos, Agro. Oferecemos solu\u00e7\u00f5es em embalagens pl\u00e1sticas para bebidas, produtos qu\u00edmicos, agr\u00edcolas e mais. Sede em Vera Cruz RS - Vendas para todo o Brasil","publisher":{"@id":"https:\/\/hpack.com.br\/loja\/#organization"},"potentialAction":[{"@type":"SearchAction","target":{"@type":"EntryPoint","urlTemplate":"https:\/\/hpack.com.br\/loja\/?s={search_term_string}"},"query-input":{"@type":"PropertyValueSpecification","valueRequired":true,"valueName":"search_term_string"}}],"inLanguage":"pt-BR"},{"@type":"Organization","@id":"https:\/\/hpack.com.br\/loja\/#organization","name":"HPACK IND\u00daSTRIA E COMERCIO DE EMBALAGENS","url":"https:\/\/hpack.com.br\/loja\/","logo":{"@type":"ImageObject","inLanguage":"pt-BR","@id":"https:\/\/hpack.com.br\/loja\/#\/schema\/logo\/image\/","url":"https:\/\/hpack.com.br\/loja\/wp-content\/uploads\/2025\/03\/Hpack_logo.png","contentUrl":"https:\/\/hpack.com.br\/loja\/wp-content\/uploads\/2025\/03\/Hpack_logo.png","width":220,"height":100,"caption":"HPACK IND\u00daSTRIA E COMERCIO DE EMBALAGENS"},"image":{"@id":"https:\/\/hpack.com.br\/loja\/#\/schema\/logo\/image\/"},"sameAs":["https:\/\/www.facebook.com\/hpackveracruz\/","https:\/\/www.instagram.com\/hpack_veracruz\/","https:\/\/br.linkedin.com\/company\/hpackembalagens"]}]}},"_links":{"self":[{"href":"https:\/\/hpack.com.br\/loja\/wp-json\/wp\/v2\/product\/1379","targetHints":{"allow":["GET"]}}],"collection":[{"href":"https:\/\/hpack.com.br\/loja\/wp-json\/wp\/v2\/product"}],"about":[{"href":"https:\/\/hpack.com.br\/loja\/wp-json\/wp\/v2\/types\/product"}],"version-history":[{"count":0,"href":"https:\/\/hpack.com.br\/loja\/wp-json\/wp\/v2\/product\/1379\/revisions"}],"wp:featuredmedia":[{"embeddable":true,"href":"https:\/\/hpack.com.br\/loja\/wp-json\/wp\/v2\/media\/1423"}],"wp:attachment":[{"href":"https:\/\/hpack.com.br\/loja\/wp-json\/wp\/v2\/media?parent=1379"}],"wp:term":[{"taxonomy":"product_brand","embeddable":true,"href":"https:\/\/hpack.com.br\/loja\/wp-json\/wp\/v2\/product_brand?post=1379"},{"taxonomy":"product_cat","embeddable":true,"href":"https:\/\/hpack.com.br\/loja\/wp-json\/wp\/v2\/product_cat?post=1379"},{"taxonomy":"product_tag","embeddable":true,"href":"https:\/\/hpack.com.br\/loja\/wp-json\/wp\/v2\/product_tag?post=1379"}],"curies":[{"name":"wp","href":"https:\/\/api.w.org\/{rel}","templated":true}]}}