{"id":1387,"date":"2025-03-26T16:08:28","date_gmt":"2025-03-26T19:08:28","guid":{"rendered":"https:\/\/tanolink.com.br\/hpack\/?post_type=product&#038;p=1387"},"modified":"2025-07-31T19:13:48","modified_gmt":"2025-07-31T22:13:48","slug":"desinfetante-1-litro-cod-350","status":"publish","type":"product","link":"https:\/\/hpack.com.br\/loja\/produto\/desinfetante-1-litro-cod-350\/","title":{"rendered":"Frasco 1l detergente &#8211; c\u00f3d. 350"},"content":{"rendered":"<p><strong>Frasco 1lpara detergente\u00a0<\/strong><\/p>\n<p>O<strong> Frasco de 1l <\/strong>\u00e9 ideal para o envase de detergentes, seu bocal de 28mm com batoque garante um fechamento seguro e facilita o processo de dosagem. Com um peso leve de 15,6 gramas, oferece praticidade e resist\u00eancia, sendo uma op\u00e7\u00e3o ideal para o envase de produtos de limpeza em larga escala.<\/p>\n<p><strong>Especifica\u00e7\u00f5es do produto:<\/strong><\/p>\n<ul>\n<li><strong>Capacidade:<\/strong> 1 litro<\/li>\n<li><strong>Peso:<\/strong> 24 gramas<\/li>\n<li><strong>Bocal:<\/strong> 28mm batoque<\/li>\n<li><strong>Pedido m\u00ednimo:<\/strong>\u00a0160 unidades<\/li>\n<\/ul>\n<div class=\"WaaZC\">\n<div class=\"RJPOee EIJn2\">\n<div class=\"zMgcWd dSKvsb\" data-il=\"\">\n<div data-crb-p=\"\"><\/div>\n<\/div>\n<\/div>\n<\/div>\n","protected":false},"excerpt":{"rendered":"<ul>\n<li><strong>Frasco:\u00a0<\/strong>Valor unit\u00e1rio: R$ 2,10<\/li>\n<li><strong>Tampa:\u00a0<\/strong>Valor unit\u00e1rio: R$ 0,35<\/li>\n<li><strong>Bocal:<\/strong> 28 mm com batoque<\/li>\n<li><strong>Pedido m\u00ednimo:<\/strong> 100 unidades<\/li>\n<\/ul>\n","protected":false},"featured_media":1460,"template":"","meta":{"_acf_changed":false},"product_brand":[358],"product_cat":[47],"product_tag":[404,409,407,94,198,402,373,405,411,412,410,408,403,406,101,91,102,96],"class_list":{"0":"post-1387","1":"product","2":"type-product","3":"status-publish","4":"has-post-thumbnail","6":"product_brand-hpack-embalagens-plasticas","7":"product_cat-limpeza","8":"product_tag-embalagem-para-detergente","9":"product_tag-embalagem-para-detergente-liquido","10":"product_tag-embalagem-resistente-para-limpeza","11":"product_tag-embalagens","12":"product_tag-frasco-1-litro","13":"product_tag-frasco-1l","14":"product_tag-frasco-bocal-28mm","15":"product_tag-frasco-com-batoque","16":"product_tag-frasco-de-1-litro-para-limpeza","17":"product_tag-frasco-economico","18":"product_tag-frasco-higienico","19":"product_tag-frasco-leve-e-seguro","20":"product_tag-frasco-para-detergente","21":"product_tag-frasco-para-produtos-de-limpeza","22":"product_tag-frascos-pet","23":"product_tag-hpack","24":"product_tag-industria-de-embalagens-pets","25":"product_tag-vera-cruz","27":"first","28":"instock","29":"shipping-taxable","30":"purchasable","31":"product-type-variable"},"acf":[],"yoast_head":"<!-- This site is optimized with the Yoast SEO plugin v27.4 - https:\/\/yoast.com\/product\/yoast-seo-wordpress\/ -->\n<title>Frasco 1L para Detergente - Embalagem Pr\u00e1tica com Batoque - Hpack - Fabrica de Frascos e Embalagens<\/title>\n<meta name=\"description\" content=\"Frasco de 1 litro com batoque, ideal para envase de detergentes. Leve, resistente e funcional, perfeito para produtos de limpeza em larga escala.\" \/>\n<meta name=\"robots\" content=\"index, follow, max-snippet:-1, max-image-preview:large, max-video-preview:-1\" \/>\n<link rel=\"canonical\" href=\"https:\/\/hpack.com.br\/loja\/produto\/desinfetante-1-litro-cod-350\/\" \/>\n<meta property=\"og:locale\" content=\"pt_BR\" \/>\n<meta property=\"og:type\" content=\"article\" \/>\n<meta property=\"og:title\" content=\"Frasco 1L para Detergente - Embalagem Pr\u00e1tica com Batoque - Hpack - Fabrica de Frascos e Embalagens\" \/>\n<meta property=\"og:description\" content=\"Frasco de 1 litro com batoque, ideal para envase de detergentes. Leve, resistente e funcional, perfeito para produtos de limpeza em larga escala.\" \/>\n<meta property=\"og:url\" content=\"https:\/\/hpack.com.br\/loja\/produto\/desinfetante-1-litro-cod-350\/\" \/>\n<meta property=\"og:site_name\" content=\"Hpack - Fabrica de Frascos e Embalagens\" \/>\n<meta property=\"article:publisher\" content=\"https:\/\/www.facebook.com\/hpackveracruz\/\" \/>\n<meta property=\"article:modified_time\" content=\"2025-07-31T22:13:48+00:00\" \/>\n<meta property=\"og:image\" content=\"https:\/\/hpack.com.br\/loja\/wp-content\/uploads\/2025\/03\/Desinfetante-1-litro-COD-350.jpg\" \/>\n\t<meta property=\"og:image:width\" content=\"950\" \/>\n\t<meta property=\"og:image:height\" content=\"945\" \/>\n\t<meta property=\"og:image:type\" content=\"image\/jpeg\" \/>\n<meta name=\"twitter:card\" content=\"summary_large_image\" \/>\n<meta name=\"twitter:label1\" content=\"Est. tempo de leitura\" \/>\n\t<meta name=\"twitter:data1\" content=\"1 minuto\" \/>\n<script type=\"application\/ld+json\" class=\"yoast-schema-graph\">{\"@context\":\"https:\\\/\\\/schema.org\",\"@graph\":[{\"@type\":\"WebPage\",\"@id\":\"https:\\\/\\\/hpack.com.br\\\/loja\\\/produto\\\/desinfetante-1-litro-cod-350\\\/\",\"url\":\"https:\\\/\\\/hpack.com.br\\\/loja\\\/produto\\\/desinfetante-1-litro-cod-350\\\/\",\"name\":\"Frasco 1L para Detergente - Embalagem Pr\u00e1tica com Batoque - Hpack - Fabrica de Frascos e Embalagens\",\"isPartOf\":{\"@id\":\"https:\\\/\\\/hpack.com.br\\\/loja\\\/#website\"},\"primaryImageOfPage\":{\"@id\":\"https:\\\/\\\/hpack.com.br\\\/loja\\\/produto\\\/desinfetante-1-litro-cod-350\\\/#primaryimage\"},\"image\":{\"@id\":\"https:\\\/\\\/hpack.com.br\\\/loja\\\/produto\\\/desinfetante-1-litro-cod-350\\\/#primaryimage\"},\"thumbnailUrl\":\"https:\\\/\\\/hpack.com.br\\\/loja\\\/wp-content\\\/uploads\\\/2025\\\/03\\\/Desinfetante-1-litro-COD-350.jpg\",\"datePublished\":\"2025-03-26T19:08:28+00:00\",\"dateModified\":\"2025-07-31T22:13:48+00:00\",\"description\":\"Frasco de 1 litro com batoque, ideal para envase de detergentes. Leve, resistente e funcional, perfeito para produtos de limpeza em larga escala.\",\"breadcrumb\":{\"@id\":\"https:\\\/\\\/hpack.com.br\\\/loja\\\/produto\\\/desinfetante-1-litro-cod-350\\\/#breadcrumb\"},\"inLanguage\":\"pt-BR\",\"potentialAction\":[{\"@type\":\"ReadAction\",\"target\":[\"https:\\\/\\\/hpack.com.br\\\/loja\\\/produto\\\/desinfetante-1-litro-cod-350\\\/\"]}]},{\"@type\":\"ImageObject\",\"inLanguage\":\"pt-BR\",\"@id\":\"https:\\\/\\\/hpack.com.br\\\/loja\\\/produto\\\/desinfetante-1-litro-cod-350\\\/#primaryimage\",\"url\":\"https:\\\/\\\/hpack.com.br\\\/loja\\\/wp-content\\\/uploads\\\/2025\\\/03\\\/Desinfetante-1-litro-COD-350.jpg\",\"contentUrl\":\"https:\\\/\\\/hpack.com.br\\\/loja\\\/wp-content\\\/uploads\\\/2025\\\/03\\\/Desinfetante-1-litro-COD-350.jpg\",\"width\":950,\"height\":945},{\"@type\":\"BreadcrumbList\",\"@id\":\"https:\\\/\\\/hpack.com.br\\\/loja\\\/produto\\\/desinfetante-1-litro-cod-350\\\/#breadcrumb\",\"itemListElement\":[{\"@type\":\"ListItem\",\"position\":1,\"name\":\"In\u00edcio\",\"item\":\"https:\\\/\\\/hpack.com.br\\\/loja\\\/\"},{\"@type\":\"ListItem\",\"position\":2,\"name\":\"Loja\",\"item\":\"https:\\\/\\\/hpack.com.br\\\/loja\\\/loja\\\/\"},{\"@type\":\"ListItem\",\"position\":3,\"name\":\"Frasco 1l detergente &#8211; c\u00f3d. 350\"}]},{\"@type\":\"WebSite\",\"@id\":\"https:\\\/\\\/hpack.com.br\\\/loja\\\/#website\",\"url\":\"https:\\\/\\\/hpack.com.br\\\/loja\\\/\",\"name\":\"Hpack\",\"description\":\"Ind\u00fastria e Com\u00e9rcio de Embalagens. Especializados na produ\u00e7\u00e3o de embalagens pl\u00e1sticas PET, PEAD e Frascos para setores de alimentos, cosm\u00e9ticos e farmac\u00eauticos, Agro. Oferecemos solu\u00e7\u00f5es em embalagens pl\u00e1sticas para bebidas, produtos qu\u00edmicos, agr\u00edcolas e mais. Sede em Vera Cruz RS - Vendas para todo o Brasil\",\"publisher\":{\"@id\":\"https:\\\/\\\/hpack.com.br\\\/loja\\\/#organization\"},\"potentialAction\":[{\"@type\":\"SearchAction\",\"target\":{\"@type\":\"EntryPoint\",\"urlTemplate\":\"https:\\\/\\\/hpack.com.br\\\/loja\\\/?s={search_term_string}\"},\"query-input\":{\"@type\":\"PropertyValueSpecification\",\"valueRequired\":true,\"valueName\":\"search_term_string\"}}],\"inLanguage\":\"pt-BR\"},{\"@type\":\"Organization\",\"@id\":\"https:\\\/\\\/hpack.com.br\\\/loja\\\/#organization\",\"name\":\"HPACK IND\u00daSTRIA E COMERCIO DE EMBALAGENS\",\"url\":\"https:\\\/\\\/hpack.com.br\\\/loja\\\/\",\"logo\":{\"@type\":\"ImageObject\",\"inLanguage\":\"pt-BR\",\"@id\":\"https:\\\/\\\/hpack.com.br\\\/loja\\\/#\\\/schema\\\/logo\\\/image\\\/\",\"url\":\"https:\\\/\\\/hpack.com.br\\\/loja\\\/wp-content\\\/uploads\\\/2025\\\/03\\\/Hpack_logo.png\",\"contentUrl\":\"https:\\\/\\\/hpack.com.br\\\/loja\\\/wp-content\\\/uploads\\\/2025\\\/03\\\/Hpack_logo.png\",\"width\":220,\"height\":100,\"caption\":\"HPACK IND\u00daSTRIA E COMERCIO DE EMBALAGENS\"},\"image\":{\"@id\":\"https:\\\/\\\/hpack.com.br\\\/loja\\\/#\\\/schema\\\/logo\\\/image\\\/\"},\"sameAs\":[\"https:\\\/\\\/www.facebook.com\\\/hpackveracruz\\\/\",\"https:\\\/\\\/www.instagram.com\\\/hpack_veracruz\\\/\",\"https:\\\/\\\/br.linkedin.com\\\/company\\\/hpackembalagens\"]}]}<\/script>\n<!-- \/ Yoast SEO plugin. -->","yoast_head_json":{"title":"Frasco 1L para Detergente - Embalagem Pr\u00e1tica com Batoque - Hpack - Fabrica de Frascos e Embalagens","description":"Frasco de 1 litro com batoque, ideal para envase de detergentes. Leve, resistente e funcional, perfeito para produtos de limpeza em larga escala.","robots":{"index":"index","follow":"follow","max-snippet":"max-snippet:-1","max-image-preview":"max-image-preview:large","max-video-preview":"max-video-preview:-1"},"canonical":"https:\/\/hpack.com.br\/loja\/produto\/desinfetante-1-litro-cod-350\/","og_locale":"pt_BR","og_type":"article","og_title":"Frasco 1L para Detergente - Embalagem Pr\u00e1tica com Batoque - Hpack - Fabrica de Frascos e Embalagens","og_description":"Frasco de 1 litro com batoque, ideal para envase de detergentes. Leve, resistente e funcional, perfeito para produtos de limpeza em larga escala.","og_url":"https:\/\/hpack.com.br\/loja\/produto\/desinfetante-1-litro-cod-350\/","og_site_name":"Hpack - Fabrica de Frascos e Embalagens","article_publisher":"https:\/\/www.facebook.com\/hpackveracruz\/","article_modified_time":"2025-07-31T22:13:48+00:00","og_image":[{"width":950,"height":945,"url":"https:\/\/hpack.com.br\/loja\/wp-content\/uploads\/2025\/03\/Desinfetante-1-litro-COD-350.jpg","type":"image\/jpeg"}],"twitter_card":"summary_large_image","twitter_misc":{"Est. tempo de leitura":"1 minuto"},"schema":{"@context":"https:\/\/schema.org","@graph":[{"@type":"WebPage","@id":"https:\/\/hpack.com.br\/loja\/produto\/desinfetante-1-litro-cod-350\/","url":"https:\/\/hpack.com.br\/loja\/produto\/desinfetante-1-litro-cod-350\/","name":"Frasco 1L para Detergente - Embalagem Pr\u00e1tica com Batoque - Hpack - Fabrica de Frascos e Embalagens","isPartOf":{"@id":"https:\/\/hpack.com.br\/loja\/#website"},"primaryImageOfPage":{"@id":"https:\/\/hpack.com.br\/loja\/produto\/desinfetante-1-litro-cod-350\/#primaryimage"},"image":{"@id":"https:\/\/hpack.com.br\/loja\/produto\/desinfetante-1-litro-cod-350\/#primaryimage"},"thumbnailUrl":"https:\/\/hpack.com.br\/loja\/wp-content\/uploads\/2025\/03\/Desinfetante-1-litro-COD-350.jpg","datePublished":"2025-03-26T19:08:28+00:00","dateModified":"2025-07-31T22:13:48+00:00","description":"Frasco de 1 litro com batoque, ideal para envase de detergentes. Leve, resistente e funcional, perfeito para produtos de limpeza em larga escala.","breadcrumb":{"@id":"https:\/\/hpack.com.br\/loja\/produto\/desinfetante-1-litro-cod-350\/#breadcrumb"},"inLanguage":"pt-BR","potentialAction":[{"@type":"ReadAction","target":["https:\/\/hpack.com.br\/loja\/produto\/desinfetante-1-litro-cod-350\/"]}]},{"@type":"ImageObject","inLanguage":"pt-BR","@id":"https:\/\/hpack.com.br\/loja\/produto\/desinfetante-1-litro-cod-350\/#primaryimage","url":"https:\/\/hpack.com.br\/loja\/wp-content\/uploads\/2025\/03\/Desinfetante-1-litro-COD-350.jpg","contentUrl":"https:\/\/hpack.com.br\/loja\/wp-content\/uploads\/2025\/03\/Desinfetante-1-litro-COD-350.jpg","width":950,"height":945},{"@type":"BreadcrumbList","@id":"https:\/\/hpack.com.br\/loja\/produto\/desinfetante-1-litro-cod-350\/#breadcrumb","itemListElement":[{"@type":"ListItem","position":1,"name":"In\u00edcio","item":"https:\/\/hpack.com.br\/loja\/"},{"@type":"ListItem","position":2,"name":"Loja","item":"https:\/\/hpack.com.br\/loja\/loja\/"},{"@type":"ListItem","position":3,"name":"Frasco 1l detergente &#8211; c\u00f3d. 350"}]},{"@type":"WebSite","@id":"https:\/\/hpack.com.br\/loja\/#website","url":"https:\/\/hpack.com.br\/loja\/","name":"Hpack","description":"Ind\u00fastria e Com\u00e9rcio de Embalagens. Especializados na produ\u00e7\u00e3o de embalagens pl\u00e1sticas PET, PEAD e Frascos para setores de alimentos, cosm\u00e9ticos e farmac\u00eauticos, Agro. Oferecemos solu\u00e7\u00f5es em embalagens pl\u00e1sticas para bebidas, produtos qu\u00edmicos, agr\u00edcolas e mais. Sede em Vera Cruz RS - Vendas para todo o Brasil","publisher":{"@id":"https:\/\/hpack.com.br\/loja\/#organization"},"potentialAction":[{"@type":"SearchAction","target":{"@type":"EntryPoint","urlTemplate":"https:\/\/hpack.com.br\/loja\/?s={search_term_string}"},"query-input":{"@type":"PropertyValueSpecification","valueRequired":true,"valueName":"search_term_string"}}],"inLanguage":"pt-BR"},{"@type":"Organization","@id":"https:\/\/hpack.com.br\/loja\/#organization","name":"HPACK IND\u00daSTRIA E COMERCIO DE EMBALAGENS","url":"https:\/\/hpack.com.br\/loja\/","logo":{"@type":"ImageObject","inLanguage":"pt-BR","@id":"https:\/\/hpack.com.br\/loja\/#\/schema\/logo\/image\/","url":"https:\/\/hpack.com.br\/loja\/wp-content\/uploads\/2025\/03\/Hpack_logo.png","contentUrl":"https:\/\/hpack.com.br\/loja\/wp-content\/uploads\/2025\/03\/Hpack_logo.png","width":220,"height":100,"caption":"HPACK IND\u00daSTRIA E COMERCIO DE EMBALAGENS"},"image":{"@id":"https:\/\/hpack.com.br\/loja\/#\/schema\/logo\/image\/"},"sameAs":["https:\/\/www.facebook.com\/hpackveracruz\/","https:\/\/www.instagram.com\/hpack_veracruz\/","https:\/\/br.linkedin.com\/company\/hpackembalagens"]}]}},"_links":{"self":[{"href":"https:\/\/hpack.com.br\/loja\/wp-json\/wp\/v2\/product\/1387","targetHints":{"allow":["GET"]}}],"collection":[{"href":"https:\/\/hpack.com.br\/loja\/wp-json\/wp\/v2\/product"}],"about":[{"href":"https:\/\/hpack.com.br\/loja\/wp-json\/wp\/v2\/types\/product"}],"version-history":[{"count":0,"href":"https:\/\/hpack.com.br\/loja\/wp-json\/wp\/v2\/product\/1387\/revisions"}],"wp:featuredmedia":[{"embeddable":true,"href":"https:\/\/hpack.com.br\/loja\/wp-json\/wp\/v2\/media\/1460"}],"wp:attachment":[{"href":"https:\/\/hpack.com.br\/loja\/wp-json\/wp\/v2\/media?parent=1387"}],"wp:term":[{"taxonomy":"product_brand","embeddable":true,"href":"https:\/\/hpack.com.br\/loja\/wp-json\/wp\/v2\/product_brand?post=1387"},{"taxonomy":"product_cat","embeddable":true,"href":"https:\/\/hpack.com.br\/loja\/wp-json\/wp\/v2\/product_cat?post=1387"},{"taxonomy":"product_tag","embeddable":true,"href":"https:\/\/hpack.com.br\/loja\/wp-json\/wp\/v2\/product_tag?post=1387"}],"curies":[{"name":"wp","href":"https:\/\/api.w.org\/{rel}","templated":true}]}}