{"id":1449,"date":"2025-03-22T16:08:51","date_gmt":"2025-03-22T19:08:51","guid":{"rendered":"https:\/\/tanolink.com.br\/hpack\/?post_type=product&#038;p=1449"},"modified":"2026-04-23T17:16:07","modified_gmt":"2026-04-23T20:16:07","slug":"pead-r80-cod153-r100-cod87-r200-cod181-r300-cod182","status":"publish","type":"product","link":"https:\/\/hpack.com.br\/loja\/produto\/pead-r80-cod153-r100-cod87-r200-cod181-r300-cod182\/","title":{"rendered":"Frasco pead R80 &#8211; c\u00f3d. 153"},"content":{"rendered":"<h3 data-start=\"162\" data-end=\"266\"><strong data-start=\"169\" data-end=\"264\">Frasco pead R80 branco 80g \u2013 Seguran\u00e7a e qualidade para cosm\u00e9ticos e produtos farmac\u00eauticos<\/strong><\/h3>\n<p data-start=\"287\" data-end=\"616\">Desenvolvido especialmente para atender \u00e0s exig\u00eancias da ind\u00fastria cosm\u00e9tica e farmac\u00eautica, o <strong data-start=\"382\" data-end=\"403\">Frasco R80 de 80g<\/strong> \u00e9 a embalagem ideal para laborat\u00f3rios, farm\u00e1cias de manipula\u00e7\u00e3o e fabricantes de cosm\u00e9ticos. Com design cil\u00edndrico e estrutura resistente em pead, garante a prote\u00e7\u00e3o e conserva\u00e7\u00e3o dos ativos sens\u00edveis.<\/p>\n<p data-start=\"618\" data-end=\"883\">O bocal de 45mm permite f\u00e1cil aplica\u00e7\u00e3o e veda\u00e7\u00e3o segura, al\u00e9m de ser compat\u00edvel com tampas espec\u00edficas do setor. Sua leveza e resist\u00eancia o tornam uma excelente op\u00e7\u00e3o para produtos l\u00edquidos, cremosos ou pastosos, como lo\u00e7\u00f5es, g\u00e9is, pomadas e muito mais.<\/p>\n<p data-start=\"885\" data-end=\"915\"><strong data-start=\"888\" data-end=\"913\">Especifica\u00e7\u00f5es do produto:<\/strong><\/p>\n<ul>\n<li data-start=\"918\" data-end=\"942\"><strong data-start=\"921\" data-end=\"936\">Capacidade:<\/strong> 80g<\/li>\n<li><strong data-start=\"1076\" data-end=\"1099\">Peso:<\/strong> 10g<\/li>\n<li><strong data-start=\"1033\" data-end=\"1043\">Bocal:<\/strong> 45mm<\/li>\n<li data-start=\"1108\" data-end=\"1159\"><strong data-start=\"1111\" data-end=\"1129\">Pedido m\u00ednimo:<\/strong> 600 unidades<\/li>\n<\/ul>\n<p data-start=\"1161\" data-end=\"1184\"><strong data-start=\"1164\" data-end=\"1182\">Indicado para:<\/strong><\/p>\n<ul>\n<li data-start=\"1187\" data-end=\"1223\">Ind\u00fastria farmac\u00eautica e cosm\u00e9tica;<\/li>\n<li data-start=\"1226\" data-end=\"1255\">Manipula\u00e7\u00e3o de medicamentos;<\/li>\n<li data-start=\"1258\" data-end=\"1290\">Cremes, g\u00e9is e solu\u00e7\u00f5es l\u00edquidas.<\/li>\n<\/ul>\n<p data-start=\"1292\" data-end=\"1389\"><strong data-start=\"1295\" data-end=\"1389\">A embalagem que une praticidade, seguran\u00e7a e apresenta\u00e7\u00e3o profissional para seus produtos!<\/strong><\/p>\n","protected":false},"excerpt":{"rendered":"<ul>\n<li><strong>Frasco:\u00a0<\/strong>Valor unit\u00e1rio: R$ 0,90<\/li>\n<li><strong>Tampa:\u00a0<\/strong>Valor unit\u00e1rio: R$ 0,20<\/li>\n<li><strong>Bocal:<\/strong> 45 mm<\/li>\n<li><strong>Pedido m\u00ednimo:<\/strong> 600 unidades<\/li>\n<\/ul>\n","protected":false},"featured_media":4693,"template":"","meta":{"_acf_changed":false},"product_brand":[358],"product_cat":[106],"product_tag":[103,501,498,495,94,492,494,493,496,499,497,105,414,500,326,91,102,96],"class_list":{"0":"post-1449","1":"product","2":"type-product","3":"status-publish","4":"has-post-thumbnail","6":"product_brand-hpack-embalagens-plasticas","7":"product_cat-farmaceuticos","8":"product_tag-alcas","9":"product_tag-embalagem-higienica","10":"product_tag-embalagem-para-formulas-manipuladas","11":"product_tag-embalagem-para-locoes","12":"product_tag-embalagens","13":"product_tag-frasco-cilindrico-45mm","14":"product_tag-frasco-farmaceutico","15":"product_tag-frasco-para-cosmeticos","16":"product_tag-frasco-para-cremes","17":"product_tag-frasco-para-laboratorio","18":"product_tag-frasco-para-pomadas","19":"product_tag-frasco-pead","20":"product_tag-frasco-pead-branco","21":"product_tag-frasco-profissional","22":"product_tag-frasco-resistente","23":"product_tag-hpack","24":"product_tag-industria-de-embalagens-pets","25":"product_tag-vera-cruz","27":"first","28":"instock","29":"shipping-taxable","30":"purchasable","31":"product-type-variable"},"acf":[],"yoast_head":"<!-- This site is optimized with the Yoast SEO plugin v27.4 - https:\/\/yoast.com\/product\/yoast-seo-wordpress\/ -->\n<title>Frasco pead R80 - c\u00f3d. 153 - Hpack - Fabrica de Frascos e Embalagens para Cosm\u00e9ticos e Farmac\u00eauticos<\/title>\n<meta name=\"description\" content=\"Embalagem cil\u00edndrica em PEAD branco. Ideal para cosm\u00e9ticos, medicamentos manipulados, lo\u00e7\u00f5es e g\u00e9is. Prote\u00e7\u00e3o, praticidade e custo-benef\u00edcio.\" \/>\n<meta name=\"robots\" content=\"index, follow, max-snippet:-1, max-image-preview:large, max-video-preview:-1\" \/>\n<link rel=\"canonical\" href=\"https:\/\/hpack.com.br\/loja\/produto\/pead-r80-cod153-r100-cod87-r200-cod181-r300-cod182\/\" \/>\n<meta property=\"og:locale\" content=\"pt_BR\" \/>\n<meta property=\"og:type\" content=\"article\" \/>\n<meta property=\"og:title\" content=\"Frasco pead R80 - c\u00f3d. 153 - Hpack - Fabrica de Frascos e Embalagens para Cosm\u00e9ticos e Farmac\u00eauticos\" \/>\n<meta property=\"og:description\" content=\"Embalagem cil\u00edndrica em PEAD branco. Ideal para cosm\u00e9ticos, medicamentos manipulados, lo\u00e7\u00f5es e g\u00e9is. Prote\u00e7\u00e3o, praticidade e custo-benef\u00edcio.\" \/>\n<meta property=\"og:url\" content=\"https:\/\/hpack.com.br\/loja\/produto\/pead-r80-cod153-r100-cod87-r200-cod181-r300-cod182\/\" \/>\n<meta property=\"og:site_name\" content=\"Hpack - Fabrica de Frascos e Embalagens\" \/>\n<meta property=\"article:publisher\" content=\"https:\/\/www.facebook.com\/hpackveracruz\/\" \/>\n<meta property=\"article:modified_time\" content=\"2026-04-23T20:16:07+00:00\" \/>\n<meta property=\"og:image\" content=\"https:\/\/hpack.com.br\/loja\/wp-content\/uploads\/2025\/03\/frasco-r80.png\" \/>\n\t<meta property=\"og:image:width\" content=\"1080\" \/>\n\t<meta property=\"og:image:height\" content=\"1350\" \/>\n\t<meta property=\"og:image:type\" content=\"image\/png\" \/>\n<meta name=\"twitter:card\" content=\"summary_large_image\" \/>\n<meta name=\"twitter:label1\" content=\"Est. tempo de leitura\" \/>\n\t<meta name=\"twitter:data1\" content=\"1 minuto\" \/>\n<script type=\"application\/ld+json\" class=\"yoast-schema-graph\">{\"@context\":\"https:\\\/\\\/schema.org\",\"@graph\":[{\"@type\":\"WebPage\",\"@id\":\"https:\\\/\\\/hpack.com.br\\\/loja\\\/produto\\\/pead-r80-cod153-r100-cod87-r200-cod181-r300-cod182\\\/\",\"url\":\"https:\\\/\\\/hpack.com.br\\\/loja\\\/produto\\\/pead-r80-cod153-r100-cod87-r200-cod181-r300-cod182\\\/\",\"name\":\"Frasco pead R80 - c\u00f3d. 153 - Hpack - Fabrica de Frascos e Embalagens para Cosm\u00e9ticos e Farmac\u00eauticos\",\"isPartOf\":{\"@id\":\"https:\\\/\\\/hpack.com.br\\\/loja\\\/#website\"},\"primaryImageOfPage\":{\"@id\":\"https:\\\/\\\/hpack.com.br\\\/loja\\\/produto\\\/pead-r80-cod153-r100-cod87-r200-cod181-r300-cod182\\\/#primaryimage\"},\"image\":{\"@id\":\"https:\\\/\\\/hpack.com.br\\\/loja\\\/produto\\\/pead-r80-cod153-r100-cod87-r200-cod181-r300-cod182\\\/#primaryimage\"},\"thumbnailUrl\":\"https:\\\/\\\/hpack.com.br\\\/loja\\\/wp-content\\\/uploads\\\/2025\\\/03\\\/frasco-r80.png\",\"datePublished\":\"2025-03-22T19:08:51+00:00\",\"dateModified\":\"2026-04-23T20:16:07+00:00\",\"description\":\"Embalagem cil\u00edndrica em PEAD branco. Ideal para cosm\u00e9ticos, medicamentos manipulados, lo\u00e7\u00f5es e g\u00e9is. Prote\u00e7\u00e3o, praticidade e custo-benef\u00edcio.\",\"breadcrumb\":{\"@id\":\"https:\\\/\\\/hpack.com.br\\\/loja\\\/produto\\\/pead-r80-cod153-r100-cod87-r200-cod181-r300-cod182\\\/#breadcrumb\"},\"inLanguage\":\"pt-BR\",\"potentialAction\":[{\"@type\":\"ReadAction\",\"target\":[\"https:\\\/\\\/hpack.com.br\\\/loja\\\/produto\\\/pead-r80-cod153-r100-cod87-r200-cod181-r300-cod182\\\/\"]}]},{\"@type\":\"ImageObject\",\"inLanguage\":\"pt-BR\",\"@id\":\"https:\\\/\\\/hpack.com.br\\\/loja\\\/produto\\\/pead-r80-cod153-r100-cod87-r200-cod181-r300-cod182\\\/#primaryimage\",\"url\":\"https:\\\/\\\/hpack.com.br\\\/loja\\\/wp-content\\\/uploads\\\/2025\\\/03\\\/frasco-r80.png\",\"contentUrl\":\"https:\\\/\\\/hpack.com.br\\\/loja\\\/wp-content\\\/uploads\\\/2025\\\/03\\\/frasco-r80.png\",\"width\":1080,\"height\":1350},{\"@type\":\"BreadcrumbList\",\"@id\":\"https:\\\/\\\/hpack.com.br\\\/loja\\\/produto\\\/pead-r80-cod153-r100-cod87-r200-cod181-r300-cod182\\\/#breadcrumb\",\"itemListElement\":[{\"@type\":\"ListItem\",\"position\":1,\"name\":\"In\u00edcio\",\"item\":\"https:\\\/\\\/hpack.com.br\\\/loja\\\/\"},{\"@type\":\"ListItem\",\"position\":2,\"name\":\"Loja\",\"item\":\"https:\\\/\\\/hpack.com.br\\\/loja\\\/loja\\\/\"},{\"@type\":\"ListItem\",\"position\":3,\"name\":\"Frasco pead R80 &#8211; c\u00f3d. 153\"}]},{\"@type\":\"WebSite\",\"@id\":\"https:\\\/\\\/hpack.com.br\\\/loja\\\/#website\",\"url\":\"https:\\\/\\\/hpack.com.br\\\/loja\\\/\",\"name\":\"Hpack\",\"description\":\"Ind\u00fastria e Com\u00e9rcio de Embalagens. Especializados na produ\u00e7\u00e3o de embalagens pl\u00e1sticas PET, PEAD e Frascos para setores de alimentos, cosm\u00e9ticos e farmac\u00eauticos, Agro. Oferecemos solu\u00e7\u00f5es em embalagens pl\u00e1sticas para bebidas, produtos qu\u00edmicos, agr\u00edcolas e mais. Sede em Vera Cruz RS - Vendas para todo o Brasil\",\"publisher\":{\"@id\":\"https:\\\/\\\/hpack.com.br\\\/loja\\\/#organization\"},\"potentialAction\":[{\"@type\":\"SearchAction\",\"target\":{\"@type\":\"EntryPoint\",\"urlTemplate\":\"https:\\\/\\\/hpack.com.br\\\/loja\\\/?s={search_term_string}\"},\"query-input\":{\"@type\":\"PropertyValueSpecification\",\"valueRequired\":true,\"valueName\":\"search_term_string\"}}],\"inLanguage\":\"pt-BR\"},{\"@type\":\"Organization\",\"@id\":\"https:\\\/\\\/hpack.com.br\\\/loja\\\/#organization\",\"name\":\"HPACK IND\u00daSTRIA E COMERCIO DE EMBALAGENS\",\"url\":\"https:\\\/\\\/hpack.com.br\\\/loja\\\/\",\"logo\":{\"@type\":\"ImageObject\",\"inLanguage\":\"pt-BR\",\"@id\":\"https:\\\/\\\/hpack.com.br\\\/loja\\\/#\\\/schema\\\/logo\\\/image\\\/\",\"url\":\"https:\\\/\\\/hpack.com.br\\\/loja\\\/wp-content\\\/uploads\\\/2025\\\/03\\\/Hpack_logo.png\",\"contentUrl\":\"https:\\\/\\\/hpack.com.br\\\/loja\\\/wp-content\\\/uploads\\\/2025\\\/03\\\/Hpack_logo.png\",\"width\":220,\"height\":100,\"caption\":\"HPACK IND\u00daSTRIA E COMERCIO DE EMBALAGENS\"},\"image\":{\"@id\":\"https:\\\/\\\/hpack.com.br\\\/loja\\\/#\\\/schema\\\/logo\\\/image\\\/\"},\"sameAs\":[\"https:\\\/\\\/www.facebook.com\\\/hpackveracruz\\\/\",\"https:\\\/\\\/www.instagram.com\\\/hpack_veracruz\\\/\",\"https:\\\/\\\/br.linkedin.com\\\/company\\\/hpackembalagens\"]}]}<\/script>\n<!-- \/ Yoast SEO plugin. -->","yoast_head_json":{"title":"Frasco pead R80 - c\u00f3d. 153 - Hpack - Fabrica de Frascos e Embalagens para Cosm\u00e9ticos e Farmac\u00eauticos","description":"Embalagem cil\u00edndrica em PEAD branco. Ideal para cosm\u00e9ticos, medicamentos manipulados, lo\u00e7\u00f5es e g\u00e9is. Prote\u00e7\u00e3o, praticidade e custo-benef\u00edcio.","robots":{"index":"index","follow":"follow","max-snippet":"max-snippet:-1","max-image-preview":"max-image-preview:large","max-video-preview":"max-video-preview:-1"},"canonical":"https:\/\/hpack.com.br\/loja\/produto\/pead-r80-cod153-r100-cod87-r200-cod181-r300-cod182\/","og_locale":"pt_BR","og_type":"article","og_title":"Frasco pead R80 - c\u00f3d. 153 - Hpack - Fabrica de Frascos e Embalagens para Cosm\u00e9ticos e Farmac\u00eauticos","og_description":"Embalagem cil\u00edndrica em PEAD branco. Ideal para cosm\u00e9ticos, medicamentos manipulados, lo\u00e7\u00f5es e g\u00e9is. Prote\u00e7\u00e3o, praticidade e custo-benef\u00edcio.","og_url":"https:\/\/hpack.com.br\/loja\/produto\/pead-r80-cod153-r100-cod87-r200-cod181-r300-cod182\/","og_site_name":"Hpack - Fabrica de Frascos e Embalagens","article_publisher":"https:\/\/www.facebook.com\/hpackveracruz\/","article_modified_time":"2026-04-23T20:16:07+00:00","og_image":[{"width":1080,"height":1350,"url":"https:\/\/hpack.com.br\/loja\/wp-content\/uploads\/2025\/03\/frasco-r80.png","type":"image\/png"}],"twitter_card":"summary_large_image","twitter_misc":{"Est. tempo de leitura":"1 minuto"},"schema":{"@context":"https:\/\/schema.org","@graph":[{"@type":"WebPage","@id":"https:\/\/hpack.com.br\/loja\/produto\/pead-r80-cod153-r100-cod87-r200-cod181-r300-cod182\/","url":"https:\/\/hpack.com.br\/loja\/produto\/pead-r80-cod153-r100-cod87-r200-cod181-r300-cod182\/","name":"Frasco pead R80 - c\u00f3d. 153 - Hpack - Fabrica de Frascos e Embalagens para Cosm\u00e9ticos e Farmac\u00eauticos","isPartOf":{"@id":"https:\/\/hpack.com.br\/loja\/#website"},"primaryImageOfPage":{"@id":"https:\/\/hpack.com.br\/loja\/produto\/pead-r80-cod153-r100-cod87-r200-cod181-r300-cod182\/#primaryimage"},"image":{"@id":"https:\/\/hpack.com.br\/loja\/produto\/pead-r80-cod153-r100-cod87-r200-cod181-r300-cod182\/#primaryimage"},"thumbnailUrl":"https:\/\/hpack.com.br\/loja\/wp-content\/uploads\/2025\/03\/frasco-r80.png","datePublished":"2025-03-22T19:08:51+00:00","dateModified":"2026-04-23T20:16:07+00:00","description":"Embalagem cil\u00edndrica em PEAD branco. Ideal para cosm\u00e9ticos, medicamentos manipulados, lo\u00e7\u00f5es e g\u00e9is. Prote\u00e7\u00e3o, praticidade e custo-benef\u00edcio.","breadcrumb":{"@id":"https:\/\/hpack.com.br\/loja\/produto\/pead-r80-cod153-r100-cod87-r200-cod181-r300-cod182\/#breadcrumb"},"inLanguage":"pt-BR","potentialAction":[{"@type":"ReadAction","target":["https:\/\/hpack.com.br\/loja\/produto\/pead-r80-cod153-r100-cod87-r200-cod181-r300-cod182\/"]}]},{"@type":"ImageObject","inLanguage":"pt-BR","@id":"https:\/\/hpack.com.br\/loja\/produto\/pead-r80-cod153-r100-cod87-r200-cod181-r300-cod182\/#primaryimage","url":"https:\/\/hpack.com.br\/loja\/wp-content\/uploads\/2025\/03\/frasco-r80.png","contentUrl":"https:\/\/hpack.com.br\/loja\/wp-content\/uploads\/2025\/03\/frasco-r80.png","width":1080,"height":1350},{"@type":"BreadcrumbList","@id":"https:\/\/hpack.com.br\/loja\/produto\/pead-r80-cod153-r100-cod87-r200-cod181-r300-cod182\/#breadcrumb","itemListElement":[{"@type":"ListItem","position":1,"name":"In\u00edcio","item":"https:\/\/hpack.com.br\/loja\/"},{"@type":"ListItem","position":2,"name":"Loja","item":"https:\/\/hpack.com.br\/loja\/loja\/"},{"@type":"ListItem","position":3,"name":"Frasco pead R80 &#8211; c\u00f3d. 153"}]},{"@type":"WebSite","@id":"https:\/\/hpack.com.br\/loja\/#website","url":"https:\/\/hpack.com.br\/loja\/","name":"Hpack","description":"Ind\u00fastria e Com\u00e9rcio de Embalagens. Especializados na produ\u00e7\u00e3o de embalagens pl\u00e1sticas PET, PEAD e Frascos para setores de alimentos, cosm\u00e9ticos e farmac\u00eauticos, Agro. Oferecemos solu\u00e7\u00f5es em embalagens pl\u00e1sticas para bebidas, produtos qu\u00edmicos, agr\u00edcolas e mais. Sede em Vera Cruz RS - Vendas para todo o Brasil","publisher":{"@id":"https:\/\/hpack.com.br\/loja\/#organization"},"potentialAction":[{"@type":"SearchAction","target":{"@type":"EntryPoint","urlTemplate":"https:\/\/hpack.com.br\/loja\/?s={search_term_string}"},"query-input":{"@type":"PropertyValueSpecification","valueRequired":true,"valueName":"search_term_string"}}],"inLanguage":"pt-BR"},{"@type":"Organization","@id":"https:\/\/hpack.com.br\/loja\/#organization","name":"HPACK IND\u00daSTRIA E COMERCIO DE EMBALAGENS","url":"https:\/\/hpack.com.br\/loja\/","logo":{"@type":"ImageObject","inLanguage":"pt-BR","@id":"https:\/\/hpack.com.br\/loja\/#\/schema\/logo\/image\/","url":"https:\/\/hpack.com.br\/loja\/wp-content\/uploads\/2025\/03\/Hpack_logo.png","contentUrl":"https:\/\/hpack.com.br\/loja\/wp-content\/uploads\/2025\/03\/Hpack_logo.png","width":220,"height":100,"caption":"HPACK IND\u00daSTRIA E COMERCIO DE EMBALAGENS"},"image":{"@id":"https:\/\/hpack.com.br\/loja\/#\/schema\/logo\/image\/"},"sameAs":["https:\/\/www.facebook.com\/hpackveracruz\/","https:\/\/www.instagram.com\/hpack_veracruz\/","https:\/\/br.linkedin.com\/company\/hpackembalagens"]}]}},"_links":{"self":[{"href":"https:\/\/hpack.com.br\/loja\/wp-json\/wp\/v2\/product\/1449","targetHints":{"allow":["GET"]}}],"collection":[{"href":"https:\/\/hpack.com.br\/loja\/wp-json\/wp\/v2\/product"}],"about":[{"href":"https:\/\/hpack.com.br\/loja\/wp-json\/wp\/v2\/types\/product"}],"version-history":[{"count":1,"href":"https:\/\/hpack.com.br\/loja\/wp-json\/wp\/v2\/product\/1449\/revisions"}],"predecessor-version":[{"id":6205,"href":"https:\/\/hpack.com.br\/loja\/wp-json\/wp\/v2\/product\/1449\/revisions\/6205"}],"wp:featuredmedia":[{"embeddable":true,"href":"https:\/\/hpack.com.br\/loja\/wp-json\/wp\/v2\/media\/4693"}],"wp:attachment":[{"href":"https:\/\/hpack.com.br\/loja\/wp-json\/wp\/v2\/media?parent=1449"}],"wp:term":[{"taxonomy":"product_brand","embeddable":true,"href":"https:\/\/hpack.com.br\/loja\/wp-json\/wp\/v2\/product_brand?post=1449"},{"taxonomy":"product_cat","embeddable":true,"href":"https:\/\/hpack.com.br\/loja\/wp-json\/wp\/v2\/product_cat?post=1449"},{"taxonomy":"product_tag","embeddable":true,"href":"https:\/\/hpack.com.br\/loja\/wp-json\/wp\/v2\/product_tag?post=1449"}],"curies":[{"name":"wp","href":"https:\/\/api.w.org\/{rel}","templated":true}]}}