{"id":1451,"date":"2025-03-26T16:08:51","date_gmt":"2025-03-26T19:08:51","guid":{"rendered":"https:\/\/tanolink.com.br\/hpack\/?post_type=product&#038;p=1451"},"modified":"2025-07-31T19:15:37","modified_gmt":"2025-07-31T22:15:37","slug":"frasco-slim-ambar-1-litro-cod-318","status":"publish","type":"product","link":"https:\/\/hpack.com.br\/loja\/produto\/frasco-slim-ambar-1-litro-cod-318\/","title":{"rendered":"Frasco 1l \u00e2mbar slim &#8211; c\u00f3d. 318"},"content":{"rendered":"<h3 data-start=\"139\" data-end=\"220\"><strong data-start=\"146\" data-end=\"218\">Frasco 1l \u00e2mbar slim \u2013 Design moderno ideal para o envase de chopp e cerveja artesanal<\/strong><\/h3>\n<p data-start=\"235\" data-end=\"447\">O\u00a0<strong data-start=\"299\" data-end=\"323\">Frasco 1l \u00e2mbar <\/strong>possui formato alto e material de alta qualidade, ideal para valorizar a sua cerveja artesanal. Seu design proporciona uma excelente presen\u00e7a nas prateleiras, enquanto o bocal de 28mm garante praticidade e seguran\u00e7a no fechamento com tampas de rosca.<\/p>\n<p data-start=\"449\" data-end=\"616\"><strong>Especifica\u00e7\u00f5es do produto:<\/strong><\/p>\n<ul>\n<li><strong>Capacidade:<\/strong> 1 litro<\/li>\n<li><strong>Peso:<\/strong> 28,7g<\/li>\n<li><strong>Bocal:<\/strong> 28mm<\/li>\n<li><strong>Pedido m\u00ednimo:<\/strong> 100 unidades<\/li>\n<\/ul>\n","protected":false},"excerpt":{"rendered":"<ul>\n<li><strong>Frasco:\u00a0<\/strong>Valor unit\u00e1rio: R$ 1,10<\/li>\n<li><strong>Tampa:\u00a0<\/strong>Valor unit\u00e1rio: R$ 0,20<\/li>\n<li><strong>Al\u00e7a: <\/strong>Valor unit\u00e1rio: R$ 0,25<\/li>\n<li><strong>Bocal: <\/strong>28 mm<\/li>\n<li><strong>Pedido m\u00ednimo: <\/strong>100 unidades<\/li>\n<\/ul>\n","protected":false},"featured_media":3452,"template":"","meta":{"_acf_changed":false},"product_brand":[358],"product_cat":[26],"product_tag":[327,329,333,94,198,331,330,335,317,105,319,328,332,334,91,102,96],"class_list":{"0":"post-1451","1":"product","2":"type-product","3":"status-publish","4":"has-post-thumbnail","6":"product_brand-hpack-embalagens-plasticas","7":"product_cat-chopp","8":"product_tag-embalagem-ambar","9":"product_tag-embalagem-cerveja-artesanal","10":"product_tag-embalagem-para-cerveja","11":"product_tag-embalagens","12":"product_tag-frasco-1-litro","13":"product_tag-frasco-com-bocal-28mm","14":"product_tag-frasco-para-bebidas","15":"product_tag-frasco-para-bebidas-artesanais","16":"product_tag-frasco-para-chopp","17":"product_tag-frasco-pead","18":"product_tag-frasco-pet-ambar","19":"product_tag-frasco-slim","20":"product_tag-garrafa-ambar-1l","21":"product_tag-growler-ambar","22":"product_tag-hpack","23":"product_tag-industria-de-embalagens-pets","24":"product_tag-vera-cruz","26":"first","27":"instock","28":"shipping-taxable","29":"purchasable","30":"product-type-variable"},"acf":[],"yoast_head":"<!-- This site is optimized with the Yoast SEO plugin v27.4 - https:\/\/yoast.com\/product\/yoast-seo-wordpress\/ -->\n<title>Frasco 1L \u00c2mbar Slim \u2013 Ideal para Cerveja Artesanal e Chopp - Hpack - Fabrica de Frascos e Embalagens<\/title>\n<meta name=\"description\" content=\"Frasco 1L \u00e2mbar slim com design moderno e bocal 28mm, ideal para envase de chopp e cerveja artesanal. Qualidade, resist\u00eancia e \u00f3timo acabamento.\" \/>\n<meta name=\"robots\" content=\"index, follow, max-snippet:-1, max-image-preview:large, max-video-preview:-1\" \/>\n<link rel=\"canonical\" href=\"https:\/\/hpack.com.br\/loja\/produto\/frasco-slim-ambar-1-litro-cod-318\/\" \/>\n<meta property=\"og:locale\" content=\"pt_BR\" \/>\n<meta property=\"og:type\" content=\"article\" \/>\n<meta property=\"og:title\" content=\"Frasco 1L \u00c2mbar Slim \u2013 Ideal para Cerveja Artesanal e Chopp - Hpack - Fabrica de Frascos e Embalagens\" \/>\n<meta property=\"og:description\" content=\"Frasco 1L \u00e2mbar slim com design moderno e bocal 28mm, ideal para envase de chopp e cerveja artesanal. Qualidade, resist\u00eancia e \u00f3timo acabamento.\" \/>\n<meta property=\"og:url\" content=\"https:\/\/hpack.com.br\/loja\/produto\/frasco-slim-ambar-1-litro-cod-318\/\" \/>\n<meta property=\"og:site_name\" content=\"Hpack - Fabrica de Frascos e Embalagens\" \/>\n<meta property=\"article:publisher\" content=\"https:\/\/www.facebook.com\/hpackveracruz\/\" \/>\n<meta property=\"article:modified_time\" content=\"2025-07-31T22:15:37+00:00\" \/>\n<meta property=\"og:image\" content=\"https:\/\/hpack.com.br\/loja\/wp-content\/uploads\/2025\/03\/Frasco-1litro-ambar-modelo-slim-cod-318.jpg\" \/>\n\t<meta property=\"og:image:width\" content=\"1000\" \/>\n\t<meta property=\"og:image:height\" content=\"1000\" \/>\n\t<meta property=\"og:image:type\" content=\"image\/jpeg\" \/>\n<meta name=\"twitter:card\" content=\"summary_large_image\" \/>\n<meta name=\"twitter:label1\" content=\"Est. tempo de leitura\" \/>\n\t<meta name=\"twitter:data1\" content=\"1 minuto\" \/>\n<script type=\"application\/ld+json\" class=\"yoast-schema-graph\">{\"@context\":\"https:\\\/\\\/schema.org\",\"@graph\":[{\"@type\":\"WebPage\",\"@id\":\"https:\\\/\\\/hpack.com.br\\\/loja\\\/produto\\\/frasco-slim-ambar-1-litro-cod-318\\\/\",\"url\":\"https:\\\/\\\/hpack.com.br\\\/loja\\\/produto\\\/frasco-slim-ambar-1-litro-cod-318\\\/\",\"name\":\"Frasco 1L \u00c2mbar Slim \u2013 Ideal para Cerveja Artesanal e Chopp - Hpack - Fabrica de Frascos e Embalagens\",\"isPartOf\":{\"@id\":\"https:\\\/\\\/hpack.com.br\\\/loja\\\/#website\"},\"primaryImageOfPage\":{\"@id\":\"https:\\\/\\\/hpack.com.br\\\/loja\\\/produto\\\/frasco-slim-ambar-1-litro-cod-318\\\/#primaryimage\"},\"image\":{\"@id\":\"https:\\\/\\\/hpack.com.br\\\/loja\\\/produto\\\/frasco-slim-ambar-1-litro-cod-318\\\/#primaryimage\"},\"thumbnailUrl\":\"https:\\\/\\\/hpack.com.br\\\/loja\\\/wp-content\\\/uploads\\\/2025\\\/03\\\/Frasco-1litro-ambar-modelo-slim-cod-318.jpg\",\"datePublished\":\"2025-03-26T19:08:51+00:00\",\"dateModified\":\"2025-07-31T22:15:37+00:00\",\"description\":\"Frasco 1L \u00e2mbar slim com design moderno e bocal 28mm, ideal para envase de chopp e cerveja artesanal. Qualidade, resist\u00eancia e \u00f3timo acabamento.\",\"breadcrumb\":{\"@id\":\"https:\\\/\\\/hpack.com.br\\\/loja\\\/produto\\\/frasco-slim-ambar-1-litro-cod-318\\\/#breadcrumb\"},\"inLanguage\":\"pt-BR\",\"potentialAction\":[{\"@type\":\"ReadAction\",\"target\":[\"https:\\\/\\\/hpack.com.br\\\/loja\\\/produto\\\/frasco-slim-ambar-1-litro-cod-318\\\/\"]}]},{\"@type\":\"ImageObject\",\"inLanguage\":\"pt-BR\",\"@id\":\"https:\\\/\\\/hpack.com.br\\\/loja\\\/produto\\\/frasco-slim-ambar-1-litro-cod-318\\\/#primaryimage\",\"url\":\"https:\\\/\\\/hpack.com.br\\\/loja\\\/wp-content\\\/uploads\\\/2025\\\/03\\\/Frasco-1litro-ambar-modelo-slim-cod-318.jpg\",\"contentUrl\":\"https:\\\/\\\/hpack.com.br\\\/loja\\\/wp-content\\\/uploads\\\/2025\\\/03\\\/Frasco-1litro-ambar-modelo-slim-cod-318.jpg\",\"width\":1000,\"height\":1000},{\"@type\":\"BreadcrumbList\",\"@id\":\"https:\\\/\\\/hpack.com.br\\\/loja\\\/produto\\\/frasco-slim-ambar-1-litro-cod-318\\\/#breadcrumb\",\"itemListElement\":[{\"@type\":\"ListItem\",\"position\":1,\"name\":\"In\u00edcio\",\"item\":\"https:\\\/\\\/hpack.com.br\\\/loja\\\/\"},{\"@type\":\"ListItem\",\"position\":2,\"name\":\"Loja\",\"item\":\"https:\\\/\\\/hpack.com.br\\\/loja\\\/loja\\\/\"},{\"@type\":\"ListItem\",\"position\":3,\"name\":\"Frasco 1l \u00e2mbar slim &#8211; c\u00f3d. 318\"}]},{\"@type\":\"WebSite\",\"@id\":\"https:\\\/\\\/hpack.com.br\\\/loja\\\/#website\",\"url\":\"https:\\\/\\\/hpack.com.br\\\/loja\\\/\",\"name\":\"Hpack\",\"description\":\"Ind\u00fastria e Com\u00e9rcio de Embalagens. Especializados na produ\u00e7\u00e3o de embalagens pl\u00e1sticas PET, PEAD e Frascos para setores de alimentos, cosm\u00e9ticos e farmac\u00eauticos, Agro. Oferecemos solu\u00e7\u00f5es em embalagens pl\u00e1sticas para bebidas, produtos qu\u00edmicos, agr\u00edcolas e mais. Sede em Vera Cruz RS - Vendas para todo o Brasil\",\"publisher\":{\"@id\":\"https:\\\/\\\/hpack.com.br\\\/loja\\\/#organization\"},\"potentialAction\":[{\"@type\":\"SearchAction\",\"target\":{\"@type\":\"EntryPoint\",\"urlTemplate\":\"https:\\\/\\\/hpack.com.br\\\/loja\\\/?s={search_term_string}\"},\"query-input\":{\"@type\":\"PropertyValueSpecification\",\"valueRequired\":true,\"valueName\":\"search_term_string\"}}],\"inLanguage\":\"pt-BR\"},{\"@type\":\"Organization\",\"@id\":\"https:\\\/\\\/hpack.com.br\\\/loja\\\/#organization\",\"name\":\"HPACK IND\u00daSTRIA E COMERCIO DE EMBALAGENS\",\"url\":\"https:\\\/\\\/hpack.com.br\\\/loja\\\/\",\"logo\":{\"@type\":\"ImageObject\",\"inLanguage\":\"pt-BR\",\"@id\":\"https:\\\/\\\/hpack.com.br\\\/loja\\\/#\\\/schema\\\/logo\\\/image\\\/\",\"url\":\"https:\\\/\\\/hpack.com.br\\\/loja\\\/wp-content\\\/uploads\\\/2025\\\/03\\\/Hpack_logo.png\",\"contentUrl\":\"https:\\\/\\\/hpack.com.br\\\/loja\\\/wp-content\\\/uploads\\\/2025\\\/03\\\/Hpack_logo.png\",\"width\":220,\"height\":100,\"caption\":\"HPACK IND\u00daSTRIA E COMERCIO DE EMBALAGENS\"},\"image\":{\"@id\":\"https:\\\/\\\/hpack.com.br\\\/loja\\\/#\\\/schema\\\/logo\\\/image\\\/\"},\"sameAs\":[\"https:\\\/\\\/www.facebook.com\\\/hpackveracruz\\\/\",\"https:\\\/\\\/www.instagram.com\\\/hpack_veracruz\\\/\",\"https:\\\/\\\/br.linkedin.com\\\/company\\\/hpackembalagens\"]}]}<\/script>\n<!-- \/ Yoast SEO plugin. -->","yoast_head_json":{"title":"Frasco 1L \u00c2mbar Slim \u2013 Ideal para Cerveja Artesanal e Chopp - Hpack - Fabrica de Frascos e Embalagens","description":"Frasco 1L \u00e2mbar slim com design moderno e bocal 28mm, ideal para envase de chopp e cerveja artesanal. Qualidade, resist\u00eancia e \u00f3timo acabamento.","robots":{"index":"index","follow":"follow","max-snippet":"max-snippet:-1","max-image-preview":"max-image-preview:large","max-video-preview":"max-video-preview:-1"},"canonical":"https:\/\/hpack.com.br\/loja\/produto\/frasco-slim-ambar-1-litro-cod-318\/","og_locale":"pt_BR","og_type":"article","og_title":"Frasco 1L \u00c2mbar Slim \u2013 Ideal para Cerveja Artesanal e Chopp - Hpack - Fabrica de Frascos e Embalagens","og_description":"Frasco 1L \u00e2mbar slim com design moderno e bocal 28mm, ideal para envase de chopp e cerveja artesanal. Qualidade, resist\u00eancia e \u00f3timo acabamento.","og_url":"https:\/\/hpack.com.br\/loja\/produto\/frasco-slim-ambar-1-litro-cod-318\/","og_site_name":"Hpack - Fabrica de Frascos e Embalagens","article_publisher":"https:\/\/www.facebook.com\/hpackveracruz\/","article_modified_time":"2025-07-31T22:15:37+00:00","og_image":[{"width":1000,"height":1000,"url":"https:\/\/hpack.com.br\/loja\/wp-content\/uploads\/2025\/03\/Frasco-1litro-ambar-modelo-slim-cod-318.jpg","type":"image\/jpeg"}],"twitter_card":"summary_large_image","twitter_misc":{"Est. tempo de leitura":"1 minuto"},"schema":{"@context":"https:\/\/schema.org","@graph":[{"@type":"WebPage","@id":"https:\/\/hpack.com.br\/loja\/produto\/frasco-slim-ambar-1-litro-cod-318\/","url":"https:\/\/hpack.com.br\/loja\/produto\/frasco-slim-ambar-1-litro-cod-318\/","name":"Frasco 1L \u00c2mbar Slim \u2013 Ideal para Cerveja Artesanal e Chopp - Hpack - Fabrica de Frascos e Embalagens","isPartOf":{"@id":"https:\/\/hpack.com.br\/loja\/#website"},"primaryImageOfPage":{"@id":"https:\/\/hpack.com.br\/loja\/produto\/frasco-slim-ambar-1-litro-cod-318\/#primaryimage"},"image":{"@id":"https:\/\/hpack.com.br\/loja\/produto\/frasco-slim-ambar-1-litro-cod-318\/#primaryimage"},"thumbnailUrl":"https:\/\/hpack.com.br\/loja\/wp-content\/uploads\/2025\/03\/Frasco-1litro-ambar-modelo-slim-cod-318.jpg","datePublished":"2025-03-26T19:08:51+00:00","dateModified":"2025-07-31T22:15:37+00:00","description":"Frasco 1L \u00e2mbar slim com design moderno e bocal 28mm, ideal para envase de chopp e cerveja artesanal. Qualidade, resist\u00eancia e \u00f3timo acabamento.","breadcrumb":{"@id":"https:\/\/hpack.com.br\/loja\/produto\/frasco-slim-ambar-1-litro-cod-318\/#breadcrumb"},"inLanguage":"pt-BR","potentialAction":[{"@type":"ReadAction","target":["https:\/\/hpack.com.br\/loja\/produto\/frasco-slim-ambar-1-litro-cod-318\/"]}]},{"@type":"ImageObject","inLanguage":"pt-BR","@id":"https:\/\/hpack.com.br\/loja\/produto\/frasco-slim-ambar-1-litro-cod-318\/#primaryimage","url":"https:\/\/hpack.com.br\/loja\/wp-content\/uploads\/2025\/03\/Frasco-1litro-ambar-modelo-slim-cod-318.jpg","contentUrl":"https:\/\/hpack.com.br\/loja\/wp-content\/uploads\/2025\/03\/Frasco-1litro-ambar-modelo-slim-cod-318.jpg","width":1000,"height":1000},{"@type":"BreadcrumbList","@id":"https:\/\/hpack.com.br\/loja\/produto\/frasco-slim-ambar-1-litro-cod-318\/#breadcrumb","itemListElement":[{"@type":"ListItem","position":1,"name":"In\u00edcio","item":"https:\/\/hpack.com.br\/loja\/"},{"@type":"ListItem","position":2,"name":"Loja","item":"https:\/\/hpack.com.br\/loja\/loja\/"},{"@type":"ListItem","position":3,"name":"Frasco 1l \u00e2mbar slim &#8211; c\u00f3d. 318"}]},{"@type":"WebSite","@id":"https:\/\/hpack.com.br\/loja\/#website","url":"https:\/\/hpack.com.br\/loja\/","name":"Hpack","description":"Ind\u00fastria e Com\u00e9rcio de Embalagens. Especializados na produ\u00e7\u00e3o de embalagens pl\u00e1sticas PET, PEAD e Frascos para setores de alimentos, cosm\u00e9ticos e farmac\u00eauticos, Agro. Oferecemos solu\u00e7\u00f5es em embalagens pl\u00e1sticas para bebidas, produtos qu\u00edmicos, agr\u00edcolas e mais. Sede em Vera Cruz RS - Vendas para todo o Brasil","publisher":{"@id":"https:\/\/hpack.com.br\/loja\/#organization"},"potentialAction":[{"@type":"SearchAction","target":{"@type":"EntryPoint","urlTemplate":"https:\/\/hpack.com.br\/loja\/?s={search_term_string}"},"query-input":{"@type":"PropertyValueSpecification","valueRequired":true,"valueName":"search_term_string"}}],"inLanguage":"pt-BR"},{"@type":"Organization","@id":"https:\/\/hpack.com.br\/loja\/#organization","name":"HPACK IND\u00daSTRIA E COMERCIO DE EMBALAGENS","url":"https:\/\/hpack.com.br\/loja\/","logo":{"@type":"ImageObject","inLanguage":"pt-BR","@id":"https:\/\/hpack.com.br\/loja\/#\/schema\/logo\/image\/","url":"https:\/\/hpack.com.br\/loja\/wp-content\/uploads\/2025\/03\/Hpack_logo.png","contentUrl":"https:\/\/hpack.com.br\/loja\/wp-content\/uploads\/2025\/03\/Hpack_logo.png","width":220,"height":100,"caption":"HPACK IND\u00daSTRIA E COMERCIO DE EMBALAGENS"},"image":{"@id":"https:\/\/hpack.com.br\/loja\/#\/schema\/logo\/image\/"},"sameAs":["https:\/\/www.facebook.com\/hpackveracruz\/","https:\/\/www.instagram.com\/hpack_veracruz\/","https:\/\/br.linkedin.com\/company\/hpackembalagens"]}]}},"_links":{"self":[{"href":"https:\/\/hpack.com.br\/loja\/wp-json\/wp\/v2\/product\/1451","targetHints":{"allow":["GET"]}}],"collection":[{"href":"https:\/\/hpack.com.br\/loja\/wp-json\/wp\/v2\/product"}],"about":[{"href":"https:\/\/hpack.com.br\/loja\/wp-json\/wp\/v2\/types\/product"}],"version-history":[{"count":0,"href":"https:\/\/hpack.com.br\/loja\/wp-json\/wp\/v2\/product\/1451\/revisions"}],"wp:featuredmedia":[{"embeddable":true,"href":"https:\/\/hpack.com.br\/loja\/wp-json\/wp\/v2\/media\/3452"}],"wp:attachment":[{"href":"https:\/\/hpack.com.br\/loja\/wp-json\/wp\/v2\/media?parent=1451"}],"wp:term":[{"taxonomy":"product_brand","embeddable":true,"href":"https:\/\/hpack.com.br\/loja\/wp-json\/wp\/v2\/product_brand?post=1451"},{"taxonomy":"product_cat","embeddable":true,"href":"https:\/\/hpack.com.br\/loja\/wp-json\/wp\/v2\/product_cat?post=1451"},{"taxonomy":"product_tag","embeddable":true,"href":"https:\/\/hpack.com.br\/loja\/wp-json\/wp\/v2\/product_tag?post=1451"}],"curies":[{"name":"wp","href":"https:\/\/api.w.org\/{rel}","templated":true}]}}