{"id":1502,"date":"2025-03-26T16:09:15","date_gmt":"2025-03-26T19:09:15","guid":{"rendered":"https:\/\/tanolink.com.br\/hpack\/?post_type=product&#038;p=1502"},"modified":"2025-07-31T19:48:17","modified_gmt":"2025-07-31T22:48:17","slug":"suco-300ml-cod-713","status":"publish","type":"product","link":"https:\/\/hpack.com.br\/loja\/produto\/suco-300ml-cod-713\/","title":{"rendered":"Frasco 300ml quadrado &#8211; c\u00f3d. 713"},"content":{"rendered":"<div class=\"elementor-element elementor-element-a26067f elementor-widget elementor-widget-image\" data-id=\"a26067f\" data-element_type=\"widget\" data-widget_type=\"image.default\">\n<div class=\"elementor-widget-container\">\n<h3 style=\"text-align: left;\" data-start=\"139\" data-end=\"220\"><strong data-start=\"146\" data-end=\"218\">Frasco 300ml quadrado cristal \u2013 Design moderno para sucos artesanais e chocolate quente<\/strong><\/h3>\n<p style=\"text-align: left;\" data-start=\"235\" data-end=\"447\">O <strong data-start=\"299\" data-end=\"323\">Frasco 300ml cristal<\/strong> possui formato quadrado e material de alta transpar\u00eancia, ideal para valorizar sucos naturais, detox, chocolates quentes e bebidas artesanais.<\/p>\n<p style=\"text-align: left;\" data-start=\"449\" data-end=\"616\">Seu design diferenciado proporciona uma excelente presen\u00e7a nas prateleiras, enquanto o bocal de 38mm garante praticidade e seguran\u00e7a no fechamento com tampas de rosca.<\/p>\n<p style=\"text-align: left;\" data-start=\"618\" data-end=\"648\"><strong data-start=\"621\" data-end=\"646\">Especifica\u00e7\u00f5es do produto:<\/strong><\/p>\n<ul style=\"text-align: left;\">\n<li data-start=\"651\" data-end=\"677\"><strong data-start=\"654\" data-end=\"669\">Capacidade:<\/strong> 300ml<\/li>\n<li data-start=\"651\" data-end=\"677\"><strong data-start=\"852\" data-end=\"861\">Peso:<\/strong> 19 gramas<\/li>\n<li data-start=\"794\" data-end=\"846\"><strong data-start=\"797\" data-end=\"807\">Bocal:<\/strong> 38mm<\/li>\n<li data-start=\"876\" data-end=\"927\"><strong data-start=\"879\" data-end=\"897\">Pedido m\u00ednimo:<\/strong> 210 unidades<\/li>\n<\/ul>\n<p style=\"text-align: left;\" data-start=\"876\" data-end=\"927\"><strong data-start=\"932\" data-end=\"950\">Indicado para:<\/strong><\/p>\n<ul style=\"text-align: left;\">\n<li data-start=\"955\" data-end=\"984\">Sucos naturais e artesanais;<\/li>\n<li data-start=\"987\" data-end=\"1016\">Bebidas funcionais ou detox;<\/li>\n<li data-start=\"1019\" data-end=\"1056\">Bebidas refrescantes ou chocolates quentes.<\/li>\n<\/ul>\n<p style=\"text-align: left;\" data-start=\"1058\" data-end=\"1141\"><strong data-start=\"1061\" data-end=\"1141\">Destaque sua linha de sucos e chocolate quente com um visual moderno e atrativo!<\/strong><\/p>\n<\/div>\n<\/div>\n","protected":false},"excerpt":{"rendered":"<ul>\n<li><strong>Frasco:\u00a0<\/strong>Valor unit\u00e1rio: R$ 1,10<\/li>\n<li><strong>Tampa:\u00a0<\/strong>Valor unit\u00e1rio: R$ 0,35<\/li>\n<li><strong>Bocal: <\/strong>38 mm<\/li>\n<li><strong>Pedido m\u00ednimo: <\/strong>210 unidades<\/li>\n<\/ul>\n","protected":false},"featured_media":4737,"template":"","meta":{"_acf_changed":false},"product_brand":[358],"product_cat":[22,28],"product_tag":[450,449,445,451,94,346,330,105,446,367,91,102,447,448,96],"class_list":{"0":"post-1502","1":"product","2":"type-product","3":"status-publish","4":"has-post-thumbnail","6":"product_brand-hpack-embalagens-plasticas","7":"product_cat-bebidas","8":"product_cat-suco","9":"product_tag-bebidas-artesanais","10":"product_tag-chocolate-quente","11":"product_tag-embalagem-para-suco","12":"product_tag-embalagem-pet","13":"product_tag-embalagens","14":"product_tag-frasco-cristal","15":"product_tag-frasco-para-bebidas","16":"product_tag-frasco-pead","17":"product_tag-frasco-quadrado","18":"product_tag-frasco-transparente","19":"product_tag-hpack","20":"product_tag-industria-de-embalagens-pets","21":"product_tag-suco-detox","22":"product_tag-suco-natural","23":"product_tag-vera-cruz","25":"first","26":"instock","27":"shipping-taxable","28":"purchasable","29":"product-type-variable"},"acf":[],"yoast_head":"<!-- This site is optimized with the Yoast SEO plugin v27.4 - https:\/\/yoast.com\/product\/yoast-seo-wordpress\/ -->\n<title>Frasco 300ml quadrado - c\u00f3d. 713 Cristal - Hpack Embalagens<\/title>\n<meta name=\"description\" content=\"frasco 300ml quadrado ideal para sucos naturais, bebidas detox e chocolate quente. Bocal 38mm com excelente veda\u00e7\u00e3o. Valorize sua bebida!\" \/>\n<meta name=\"robots\" content=\"index, follow, max-snippet:-1, max-image-preview:large, max-video-preview:-1\" \/>\n<link rel=\"canonical\" href=\"https:\/\/hpack.com.br\/loja\/produto\/suco-300ml-cod-713\/\" \/>\n<meta property=\"og:locale\" content=\"pt_BR\" \/>\n<meta property=\"og:type\" content=\"article\" \/>\n<meta property=\"og:title\" content=\"Frasco 300ml quadrado - c\u00f3d. 713 Cristal - Hpack Embalagens\" \/>\n<meta property=\"og:description\" content=\"frasco 300ml quadrado ideal para sucos naturais, bebidas detox e chocolate quente. Bocal 38mm com excelente veda\u00e7\u00e3o. Valorize sua bebida!\" \/>\n<meta property=\"og:url\" content=\"https:\/\/hpack.com.br\/loja\/produto\/suco-300ml-cod-713\/\" \/>\n<meta property=\"og:site_name\" content=\"Hpack - Fabrica de Frascos e Embalagens\" \/>\n<meta property=\"article:publisher\" content=\"https:\/\/www.facebook.com\/hpackveracruz\/\" \/>\n<meta property=\"article:modified_time\" content=\"2025-07-31T22:48:17+00:00\" \/>\n<meta property=\"og:image\" content=\"https:\/\/hpack.com.br\/loja\/wp-content\/uploads\/2025\/03\/frasco-1lt-suco-.png\" \/>\n\t<meta property=\"og:image:width\" content=\"1080\" \/>\n\t<meta property=\"og:image:height\" content=\"1350\" \/>\n\t<meta property=\"og:image:type\" content=\"image\/png\" \/>\n<meta name=\"twitter:card\" content=\"summary_large_image\" \/>\n<meta name=\"twitter:label1\" content=\"Est. tempo de leitura\" \/>\n\t<meta name=\"twitter:data1\" content=\"1 minuto\" \/>\n<script type=\"application\/ld+json\" class=\"yoast-schema-graph\">{\"@context\":\"https:\\\/\\\/schema.org\",\"@graph\":[{\"@type\":\"WebPage\",\"@id\":\"https:\\\/\\\/hpack.com.br\\\/loja\\\/produto\\\/suco-300ml-cod-713\\\/\",\"url\":\"https:\\\/\\\/hpack.com.br\\\/loja\\\/produto\\\/suco-300ml-cod-713\\\/\",\"name\":\"Frasco 300ml quadrado - c\u00f3d. 713 Cristal - Hpack Embalagens\",\"isPartOf\":{\"@id\":\"https:\\\/\\\/hpack.com.br\\\/loja\\\/#website\"},\"primaryImageOfPage\":{\"@id\":\"https:\\\/\\\/hpack.com.br\\\/loja\\\/produto\\\/suco-300ml-cod-713\\\/#primaryimage\"},\"image\":{\"@id\":\"https:\\\/\\\/hpack.com.br\\\/loja\\\/produto\\\/suco-300ml-cod-713\\\/#primaryimage\"},\"thumbnailUrl\":\"https:\\\/\\\/hpack.com.br\\\/loja\\\/wp-content\\\/uploads\\\/2025\\\/03\\\/frasco-1lt-suco-.png\",\"datePublished\":\"2025-03-26T19:09:15+00:00\",\"dateModified\":\"2025-07-31T22:48:17+00:00\",\"description\":\"frasco 300ml quadrado ideal para sucos naturais, bebidas detox e chocolate quente. Bocal 38mm com excelente veda\u00e7\u00e3o. Valorize sua bebida!\",\"breadcrumb\":{\"@id\":\"https:\\\/\\\/hpack.com.br\\\/loja\\\/produto\\\/suco-300ml-cod-713\\\/#breadcrumb\"},\"inLanguage\":\"pt-BR\",\"potentialAction\":[{\"@type\":\"ReadAction\",\"target\":[\"https:\\\/\\\/hpack.com.br\\\/loja\\\/produto\\\/suco-300ml-cod-713\\\/\"]}]},{\"@type\":\"ImageObject\",\"inLanguage\":\"pt-BR\",\"@id\":\"https:\\\/\\\/hpack.com.br\\\/loja\\\/produto\\\/suco-300ml-cod-713\\\/#primaryimage\",\"url\":\"https:\\\/\\\/hpack.com.br\\\/loja\\\/wp-content\\\/uploads\\\/2025\\\/03\\\/frasco-1lt-suco-.png\",\"contentUrl\":\"https:\\\/\\\/hpack.com.br\\\/loja\\\/wp-content\\\/uploads\\\/2025\\\/03\\\/frasco-1lt-suco-.png\",\"width\":1080,\"height\":1350},{\"@type\":\"BreadcrumbList\",\"@id\":\"https:\\\/\\\/hpack.com.br\\\/loja\\\/produto\\\/suco-300ml-cod-713\\\/#breadcrumb\",\"itemListElement\":[{\"@type\":\"ListItem\",\"position\":1,\"name\":\"In\u00edcio\",\"item\":\"https:\\\/\\\/hpack.com.br\\\/loja\\\/\"},{\"@type\":\"ListItem\",\"position\":2,\"name\":\"Loja\",\"item\":\"https:\\\/\\\/hpack.com.br\\\/loja\\\/loja\\\/\"},{\"@type\":\"ListItem\",\"position\":3,\"name\":\"Frasco 300ml quadrado &#8211; c\u00f3d. 713\"}]},{\"@type\":\"WebSite\",\"@id\":\"https:\\\/\\\/hpack.com.br\\\/loja\\\/#website\",\"url\":\"https:\\\/\\\/hpack.com.br\\\/loja\\\/\",\"name\":\"Hpack\",\"description\":\"Ind\u00fastria e Com\u00e9rcio de Embalagens. Especializados na produ\u00e7\u00e3o de embalagens pl\u00e1sticas PET, PEAD e Frascos para setores de alimentos, cosm\u00e9ticos e farmac\u00eauticos, Agro. Oferecemos solu\u00e7\u00f5es em embalagens pl\u00e1sticas para bebidas, produtos qu\u00edmicos, agr\u00edcolas e mais. Sede em Vera Cruz RS - Vendas para todo o Brasil\",\"publisher\":{\"@id\":\"https:\\\/\\\/hpack.com.br\\\/loja\\\/#organization\"},\"potentialAction\":[{\"@type\":\"SearchAction\",\"target\":{\"@type\":\"EntryPoint\",\"urlTemplate\":\"https:\\\/\\\/hpack.com.br\\\/loja\\\/?s={search_term_string}\"},\"query-input\":{\"@type\":\"PropertyValueSpecification\",\"valueRequired\":true,\"valueName\":\"search_term_string\"}}],\"inLanguage\":\"pt-BR\"},{\"@type\":\"Organization\",\"@id\":\"https:\\\/\\\/hpack.com.br\\\/loja\\\/#organization\",\"name\":\"HPACK IND\u00daSTRIA E COMERCIO DE EMBALAGENS\",\"url\":\"https:\\\/\\\/hpack.com.br\\\/loja\\\/\",\"logo\":{\"@type\":\"ImageObject\",\"inLanguage\":\"pt-BR\",\"@id\":\"https:\\\/\\\/hpack.com.br\\\/loja\\\/#\\\/schema\\\/logo\\\/image\\\/\",\"url\":\"https:\\\/\\\/hpack.com.br\\\/loja\\\/wp-content\\\/uploads\\\/2025\\\/03\\\/Hpack_logo.png\",\"contentUrl\":\"https:\\\/\\\/hpack.com.br\\\/loja\\\/wp-content\\\/uploads\\\/2025\\\/03\\\/Hpack_logo.png\",\"width\":220,\"height\":100,\"caption\":\"HPACK IND\u00daSTRIA E COMERCIO DE EMBALAGENS\"},\"image\":{\"@id\":\"https:\\\/\\\/hpack.com.br\\\/loja\\\/#\\\/schema\\\/logo\\\/image\\\/\"},\"sameAs\":[\"https:\\\/\\\/www.facebook.com\\\/hpackveracruz\\\/\",\"https:\\\/\\\/www.instagram.com\\\/hpack_veracruz\\\/\",\"https:\\\/\\\/br.linkedin.com\\\/company\\\/hpackembalagens\"]}]}<\/script>\n<!-- \/ Yoast SEO plugin. -->","yoast_head_json":{"title":"Frasco 300ml quadrado - c\u00f3d. 713 Cristal - Hpack Embalagens","description":"frasco 300ml quadrado ideal para sucos naturais, bebidas detox e chocolate quente. Bocal 38mm com excelente veda\u00e7\u00e3o. Valorize sua bebida!","robots":{"index":"index","follow":"follow","max-snippet":"max-snippet:-1","max-image-preview":"max-image-preview:large","max-video-preview":"max-video-preview:-1"},"canonical":"https:\/\/hpack.com.br\/loja\/produto\/suco-300ml-cod-713\/","og_locale":"pt_BR","og_type":"article","og_title":"Frasco 300ml quadrado - c\u00f3d. 713 Cristal - Hpack Embalagens","og_description":"frasco 300ml quadrado ideal para sucos naturais, bebidas detox e chocolate quente. Bocal 38mm com excelente veda\u00e7\u00e3o. Valorize sua bebida!","og_url":"https:\/\/hpack.com.br\/loja\/produto\/suco-300ml-cod-713\/","og_site_name":"Hpack - Fabrica de Frascos e Embalagens","article_publisher":"https:\/\/www.facebook.com\/hpackveracruz\/","article_modified_time":"2025-07-31T22:48:17+00:00","og_image":[{"width":1080,"height":1350,"url":"https:\/\/hpack.com.br\/loja\/wp-content\/uploads\/2025\/03\/frasco-1lt-suco-.png","type":"image\/png"}],"twitter_card":"summary_large_image","twitter_misc":{"Est. tempo de leitura":"1 minuto"},"schema":{"@context":"https:\/\/schema.org","@graph":[{"@type":"WebPage","@id":"https:\/\/hpack.com.br\/loja\/produto\/suco-300ml-cod-713\/","url":"https:\/\/hpack.com.br\/loja\/produto\/suco-300ml-cod-713\/","name":"Frasco 300ml quadrado - c\u00f3d. 713 Cristal - Hpack Embalagens","isPartOf":{"@id":"https:\/\/hpack.com.br\/loja\/#website"},"primaryImageOfPage":{"@id":"https:\/\/hpack.com.br\/loja\/produto\/suco-300ml-cod-713\/#primaryimage"},"image":{"@id":"https:\/\/hpack.com.br\/loja\/produto\/suco-300ml-cod-713\/#primaryimage"},"thumbnailUrl":"https:\/\/hpack.com.br\/loja\/wp-content\/uploads\/2025\/03\/frasco-1lt-suco-.png","datePublished":"2025-03-26T19:09:15+00:00","dateModified":"2025-07-31T22:48:17+00:00","description":"frasco 300ml quadrado ideal para sucos naturais, bebidas detox e chocolate quente. Bocal 38mm com excelente veda\u00e7\u00e3o. Valorize sua bebida!","breadcrumb":{"@id":"https:\/\/hpack.com.br\/loja\/produto\/suco-300ml-cod-713\/#breadcrumb"},"inLanguage":"pt-BR","potentialAction":[{"@type":"ReadAction","target":["https:\/\/hpack.com.br\/loja\/produto\/suco-300ml-cod-713\/"]}]},{"@type":"ImageObject","inLanguage":"pt-BR","@id":"https:\/\/hpack.com.br\/loja\/produto\/suco-300ml-cod-713\/#primaryimage","url":"https:\/\/hpack.com.br\/loja\/wp-content\/uploads\/2025\/03\/frasco-1lt-suco-.png","contentUrl":"https:\/\/hpack.com.br\/loja\/wp-content\/uploads\/2025\/03\/frasco-1lt-suco-.png","width":1080,"height":1350},{"@type":"BreadcrumbList","@id":"https:\/\/hpack.com.br\/loja\/produto\/suco-300ml-cod-713\/#breadcrumb","itemListElement":[{"@type":"ListItem","position":1,"name":"In\u00edcio","item":"https:\/\/hpack.com.br\/loja\/"},{"@type":"ListItem","position":2,"name":"Loja","item":"https:\/\/hpack.com.br\/loja\/loja\/"},{"@type":"ListItem","position":3,"name":"Frasco 300ml quadrado &#8211; c\u00f3d. 713"}]},{"@type":"WebSite","@id":"https:\/\/hpack.com.br\/loja\/#website","url":"https:\/\/hpack.com.br\/loja\/","name":"Hpack","description":"Ind\u00fastria e Com\u00e9rcio de Embalagens. Especializados na produ\u00e7\u00e3o de embalagens pl\u00e1sticas PET, PEAD e Frascos para setores de alimentos, cosm\u00e9ticos e farmac\u00eauticos, Agro. Oferecemos solu\u00e7\u00f5es em embalagens pl\u00e1sticas para bebidas, produtos qu\u00edmicos, agr\u00edcolas e mais. Sede em Vera Cruz RS - Vendas para todo o Brasil","publisher":{"@id":"https:\/\/hpack.com.br\/loja\/#organization"},"potentialAction":[{"@type":"SearchAction","target":{"@type":"EntryPoint","urlTemplate":"https:\/\/hpack.com.br\/loja\/?s={search_term_string}"},"query-input":{"@type":"PropertyValueSpecification","valueRequired":true,"valueName":"search_term_string"}}],"inLanguage":"pt-BR"},{"@type":"Organization","@id":"https:\/\/hpack.com.br\/loja\/#organization","name":"HPACK IND\u00daSTRIA E COMERCIO DE EMBALAGENS","url":"https:\/\/hpack.com.br\/loja\/","logo":{"@type":"ImageObject","inLanguage":"pt-BR","@id":"https:\/\/hpack.com.br\/loja\/#\/schema\/logo\/image\/","url":"https:\/\/hpack.com.br\/loja\/wp-content\/uploads\/2025\/03\/Hpack_logo.png","contentUrl":"https:\/\/hpack.com.br\/loja\/wp-content\/uploads\/2025\/03\/Hpack_logo.png","width":220,"height":100,"caption":"HPACK IND\u00daSTRIA E COMERCIO DE EMBALAGENS"},"image":{"@id":"https:\/\/hpack.com.br\/loja\/#\/schema\/logo\/image\/"},"sameAs":["https:\/\/www.facebook.com\/hpackveracruz\/","https:\/\/www.instagram.com\/hpack_veracruz\/","https:\/\/br.linkedin.com\/company\/hpackembalagens"]}]}},"_links":{"self":[{"href":"https:\/\/hpack.com.br\/loja\/wp-json\/wp\/v2\/product\/1502","targetHints":{"allow":["GET"]}}],"collection":[{"href":"https:\/\/hpack.com.br\/loja\/wp-json\/wp\/v2\/product"}],"about":[{"href":"https:\/\/hpack.com.br\/loja\/wp-json\/wp\/v2\/types\/product"}],"version-history":[{"count":0,"href":"https:\/\/hpack.com.br\/loja\/wp-json\/wp\/v2\/product\/1502\/revisions"}],"wp:featuredmedia":[{"embeddable":true,"href":"https:\/\/hpack.com.br\/loja\/wp-json\/wp\/v2\/media\/4737"}],"wp:attachment":[{"href":"https:\/\/hpack.com.br\/loja\/wp-json\/wp\/v2\/media?parent=1502"}],"wp:term":[{"taxonomy":"product_brand","embeddable":true,"href":"https:\/\/hpack.com.br\/loja\/wp-json\/wp\/v2\/product_brand?post=1502"},{"taxonomy":"product_cat","embeddable":true,"href":"https:\/\/hpack.com.br\/loja\/wp-json\/wp\/v2\/product_cat?post=1502"},{"taxonomy":"product_tag","embeddable":true,"href":"https:\/\/hpack.com.br\/loja\/wp-json\/wp\/v2\/product_tag?post=1502"}],"curies":[{"name":"wp","href":"https:\/\/api.w.org\/{rel}","templated":true}]}}