{"id":1508,"date":"2025-03-26T16:09:15","date_gmt":"2025-03-26T19:09:15","guid":{"rendered":"https:\/\/tanolink.com.br\/hpack\/?post_type=product&#038;p=1508"},"modified":"2025-07-31T19:33:38","modified_gmt":"2025-07-31T22:33:38","slug":"pote-de-mel-500g-cod-932","status":"publish","type":"product","link":"https:\/\/hpack.com.br\/loja\/produto\/pote-de-mel-500g-cod-932\/","title":{"rendered":"Pote 500g para mel &#8211; c\u00f3d. 932"},"content":{"rendered":"<div class=\"elementor-element elementor-element-a26067f elementor-widget elementor-widget-image\" data-id=\"a26067f\" data-element_type=\"widget\" data-widget_type=\"image.default\">\n<div class=\"elementor-widget-container\">\n<p style=\"text-align: left;\"><strong>Pote de 500g para mel (com tampa) \u2013 Embalagem pr\u00e1tica e segura para o seu produto natural<\/strong><\/p>\n<p style=\"text-align: left;\">Este\u00a0<strong>pote com capacidade para 500g <\/strong>\u00e9 a escolha perfeita para o envase de mel puro e derivados. Desenvolvido para oferecer\u00a0<strong>resist\u00eancia, veda\u00e7\u00e3o eficiente e excelente apresenta\u00e7\u00e3o<\/strong>, \u00e9 ideal para produtores, comerciantes e marcas que desejam destacar a qualidade de seus produtos.<\/p>\n<p style=\"text-align: left;\">Com\u00a0<strong>design funcional\u00a0<\/strong>e bocal largo de <strong>73mm<\/strong>\u00a0que facilita o enchimento e o consumo, al\u00e9m de\u00a0<strong>tampa inclusa<\/strong>, garantindo veda\u00e7\u00e3o herm\u00e9tica e preserva\u00e7\u00e3o do sabor e da textura do mel.<\/p>\n<p style=\"text-align: left;\" data-start=\"690\" data-end=\"725\"><strong data-start=\"693\" data-end=\"723\">Especifica\u00e7\u00f5es do produto:<\/strong><\/p>\n<ul style=\"text-align: left;\">\n<li data-start=\"728\" data-end=\"753\"><strong data-start=\"731\" data-end=\"746\">Capacidade:<\/strong> 500g<\/li>\n<li><strong data-start=\"854\" data-end=\"873\">Acompanha tampa:<\/strong> Sim<\/li>\n<li data-start=\"756\" data-end=\"774\"><strong data-start=\"759\" data-end=\"768\">Peso:<\/strong> 20g<\/li>\n<li data-start=\"777\" data-end=\"848\"><strong data-start=\"780\" data-end=\"790\">Bocal:<\/strong> 73mm<\/li>\n<li data-start=\"882\" data-end=\"935\"><strong data-start=\"885\" data-end=\"903\">Pedido m\u00ednimo:<\/strong> 100 unidades<\/li>\n<\/ul>\n<p style=\"text-align: left;\" data-start=\"990\" data-end=\"1013\"><strong data-start=\"993\" data-end=\"1011\">Indicado para:<\/strong><\/p>\n<ul style=\"text-align: left;\" data-start=\"1014\" data-end=\"1164\">\n<li>Envase de mel, melado e produtos naturais;<\/li>\n<li>Pequenos e m\u00e9dios apicultores;<\/li>\n<li>Lojas de produtos artesanais e naturais, entre outros.<\/li>\n<\/ul>\n<p style=\"text-align: left;\" data-start=\"1166\" data-end=\"1246\"><strong data-start=\"1168\" data-end=\"1246\">Beleza, praticidade e qualidade em uma embalagem que valoriza seu produto!<\/strong><\/p>\n<\/div>\n<\/div>\n","protected":false},"excerpt":{"rendered":"<ul>\n<li><strong>Pote com tampa:\u00a0<\/strong>Valor unit\u00e1rio: R$ 2,00<\/li>\n<li><strong>Bocal:<\/strong> 73mm<\/li>\n<li><strong>Acompanha tampa<\/strong><\/li>\n<li><strong>Pedido m\u00ednimo:<\/strong> 100 unidades<\/li>\n<\/ul>\n","protected":false},"featured_media":3498,"template":"","meta":{"_acf_changed":false},"product_brand":[358],"product_cat":[279],"product_tag":[438,350,442,94,444,439,105,91,102,441,437,440,443,436,96],"class_list":{"0":"post-1508","1":"product","2":"type-product","3":"status-publish","4":"has-post-thumbnail","6":"product_brand-hpack-embalagens-plasticas","7":"product_cat-pote-mel","8":"product_tag-embalagem-apicultura","9":"product_tag-embalagem-para-melado","10":"product_tag-embalagem-para-pequenos-produtores","11":"product_tag-embalagens","12":"product_tag-frasco-para-mel-artesanal","13":"product_tag-frasco-para-produtos-naturais","14":"product_tag-frasco-pead","15":"product_tag-hpack","16":"product_tag-industria-de-embalagens-pets","17":"product_tag-pote-com-boca-larga","18":"product_tag-pote-com-tampa","19":"product_tag-pote-com-vedacao","20":"product_tag-pote-para-loja-de-mel","21":"product_tag-pote-para-mel","22":"product_tag-vera-cruz","24":"first","25":"instock","26":"shipping-taxable","27":"purchasable","28":"product-type-simple"},"acf":[],"yoast_head":"<!-- This site is optimized with the Yoast SEO plugin v27.4 - https:\/\/yoast.com\/product\/yoast-seo-wordpress\/ -->\n<title>Pote para Mel - Embalagem Pr\u00e1tica e Segura p\/ Produtos Naturais<\/title>\n<meta name=\"description\" content=\"Pote para mel c\/ tampa e design funcional. Ideal para mel, melado e produtos naturais. Veda\u00e7\u00e3o segura, ideal para apicultores e lojas artesanais.\" \/>\n<meta name=\"robots\" content=\"index, follow, max-snippet:-1, max-image-preview:large, max-video-preview:-1\" \/>\n<link rel=\"canonical\" href=\"https:\/\/hpack.com.br\/loja\/produto\/pote-de-mel-500g-cod-932\/\" \/>\n<meta property=\"og:locale\" content=\"pt_BR\" \/>\n<meta property=\"og:type\" content=\"article\" \/>\n<meta property=\"og:title\" content=\"Pote para Mel - Embalagem Pr\u00e1tica e Segura p\/ Produtos Naturais\" \/>\n<meta property=\"og:description\" content=\"Pote para mel c\/ tampa e design funcional. Ideal para mel, melado e produtos naturais. Veda\u00e7\u00e3o segura, ideal para apicultores e lojas artesanais.\" \/>\n<meta property=\"og:url\" content=\"https:\/\/hpack.com.br\/loja\/produto\/pote-de-mel-500g-cod-932\/\" \/>\n<meta property=\"og:site_name\" content=\"Hpack - Fabrica de Frascos e Embalagens\" \/>\n<meta property=\"article:publisher\" content=\"https:\/\/www.facebook.com\/hpackveracruz\/\" \/>\n<meta property=\"article:modified_time\" content=\"2025-07-31T22:33:38+00:00\" \/>\n<meta property=\"og:image\" content=\"https:\/\/hpack.com.br\/loja\/wp-content\/uploads\/2025\/03\/POTE-DE-MEL-500g.jpg\" \/>\n\t<meta property=\"og:image:width\" content=\"1024\" \/>\n\t<meta property=\"og:image:height\" content=\"1280\" \/>\n\t<meta property=\"og:image:type\" content=\"image\/jpeg\" \/>\n<meta name=\"twitter:card\" content=\"summary_large_image\" \/>\n<meta name=\"twitter:label1\" content=\"Est. tempo de leitura\" \/>\n\t<meta name=\"twitter:data1\" content=\"1 minuto\" \/>\n<script type=\"application\/ld+json\" class=\"yoast-schema-graph\">{\"@context\":\"https:\\\/\\\/schema.org\",\"@graph\":[{\"@type\":\"WebPage\",\"@id\":\"https:\\\/\\\/hpack.com.br\\\/loja\\\/produto\\\/pote-de-mel-500g-cod-932\\\/\",\"url\":\"https:\\\/\\\/hpack.com.br\\\/loja\\\/produto\\\/pote-de-mel-500g-cod-932\\\/\",\"name\":\"Pote para Mel - Embalagem Pr\u00e1tica e Segura p\\\/ Produtos Naturais\",\"isPartOf\":{\"@id\":\"https:\\\/\\\/hpack.com.br\\\/loja\\\/#website\"},\"primaryImageOfPage\":{\"@id\":\"https:\\\/\\\/hpack.com.br\\\/loja\\\/produto\\\/pote-de-mel-500g-cod-932\\\/#primaryimage\"},\"image\":{\"@id\":\"https:\\\/\\\/hpack.com.br\\\/loja\\\/produto\\\/pote-de-mel-500g-cod-932\\\/#primaryimage\"},\"thumbnailUrl\":\"https:\\\/\\\/hpack.com.br\\\/loja\\\/wp-content\\\/uploads\\\/2025\\\/03\\\/POTE-DE-MEL-500g.jpg\",\"datePublished\":\"2025-03-26T19:09:15+00:00\",\"dateModified\":\"2025-07-31T22:33:38+00:00\",\"description\":\"Pote para mel c\\\/ tampa e design funcional. Ideal para mel, melado e produtos naturais. Veda\u00e7\u00e3o segura, ideal para apicultores e lojas artesanais.\",\"breadcrumb\":{\"@id\":\"https:\\\/\\\/hpack.com.br\\\/loja\\\/produto\\\/pote-de-mel-500g-cod-932\\\/#breadcrumb\"},\"inLanguage\":\"pt-BR\",\"potentialAction\":[{\"@type\":\"ReadAction\",\"target\":[\"https:\\\/\\\/hpack.com.br\\\/loja\\\/produto\\\/pote-de-mel-500g-cod-932\\\/\"]}]},{\"@type\":\"ImageObject\",\"inLanguage\":\"pt-BR\",\"@id\":\"https:\\\/\\\/hpack.com.br\\\/loja\\\/produto\\\/pote-de-mel-500g-cod-932\\\/#primaryimage\",\"url\":\"https:\\\/\\\/hpack.com.br\\\/loja\\\/wp-content\\\/uploads\\\/2025\\\/03\\\/POTE-DE-MEL-500g.jpg\",\"contentUrl\":\"https:\\\/\\\/hpack.com.br\\\/loja\\\/wp-content\\\/uploads\\\/2025\\\/03\\\/POTE-DE-MEL-500g.jpg\",\"width\":1024,\"height\":1280},{\"@type\":\"BreadcrumbList\",\"@id\":\"https:\\\/\\\/hpack.com.br\\\/loja\\\/produto\\\/pote-de-mel-500g-cod-932\\\/#breadcrumb\",\"itemListElement\":[{\"@type\":\"ListItem\",\"position\":1,\"name\":\"In\u00edcio\",\"item\":\"https:\\\/\\\/hpack.com.br\\\/loja\\\/\"},{\"@type\":\"ListItem\",\"position\":2,\"name\":\"Loja\",\"item\":\"https:\\\/\\\/hpack.com.br\\\/loja\\\/loja\\\/\"},{\"@type\":\"ListItem\",\"position\":3,\"name\":\"Pote 500g para mel &#8211; c\u00f3d. 932\"}]},{\"@type\":\"WebSite\",\"@id\":\"https:\\\/\\\/hpack.com.br\\\/loja\\\/#website\",\"url\":\"https:\\\/\\\/hpack.com.br\\\/loja\\\/\",\"name\":\"Hpack\",\"description\":\"Ind\u00fastria e Com\u00e9rcio de Embalagens. Especializados na produ\u00e7\u00e3o de embalagens pl\u00e1sticas PET, PEAD e Frascos para setores de alimentos, cosm\u00e9ticos e farmac\u00eauticos, Agro. Oferecemos solu\u00e7\u00f5es em embalagens pl\u00e1sticas para bebidas, produtos qu\u00edmicos, agr\u00edcolas e mais. Sede em Vera Cruz RS - Vendas para todo o Brasil\",\"publisher\":{\"@id\":\"https:\\\/\\\/hpack.com.br\\\/loja\\\/#organization\"},\"potentialAction\":[{\"@type\":\"SearchAction\",\"target\":{\"@type\":\"EntryPoint\",\"urlTemplate\":\"https:\\\/\\\/hpack.com.br\\\/loja\\\/?s={search_term_string}\"},\"query-input\":{\"@type\":\"PropertyValueSpecification\",\"valueRequired\":true,\"valueName\":\"search_term_string\"}}],\"inLanguage\":\"pt-BR\"},{\"@type\":\"Organization\",\"@id\":\"https:\\\/\\\/hpack.com.br\\\/loja\\\/#organization\",\"name\":\"HPACK IND\u00daSTRIA E COMERCIO DE EMBALAGENS\",\"url\":\"https:\\\/\\\/hpack.com.br\\\/loja\\\/\",\"logo\":{\"@type\":\"ImageObject\",\"inLanguage\":\"pt-BR\",\"@id\":\"https:\\\/\\\/hpack.com.br\\\/loja\\\/#\\\/schema\\\/logo\\\/image\\\/\",\"url\":\"https:\\\/\\\/hpack.com.br\\\/loja\\\/wp-content\\\/uploads\\\/2025\\\/03\\\/Hpack_logo.png\",\"contentUrl\":\"https:\\\/\\\/hpack.com.br\\\/loja\\\/wp-content\\\/uploads\\\/2025\\\/03\\\/Hpack_logo.png\",\"width\":220,\"height\":100,\"caption\":\"HPACK IND\u00daSTRIA E COMERCIO DE EMBALAGENS\"},\"image\":{\"@id\":\"https:\\\/\\\/hpack.com.br\\\/loja\\\/#\\\/schema\\\/logo\\\/image\\\/\"},\"sameAs\":[\"https:\\\/\\\/www.facebook.com\\\/hpackveracruz\\\/\",\"https:\\\/\\\/www.instagram.com\\\/hpack_veracruz\\\/\",\"https:\\\/\\\/br.linkedin.com\\\/company\\\/hpackembalagens\"]}]}<\/script>\n<!-- \/ Yoast SEO plugin. -->","yoast_head_json":{"title":"Pote para Mel - Embalagem Pr\u00e1tica e Segura p\/ Produtos Naturais","description":"Pote para mel c\/ tampa e design funcional. Ideal para mel, melado e produtos naturais. Veda\u00e7\u00e3o segura, ideal para apicultores e lojas artesanais.","robots":{"index":"index","follow":"follow","max-snippet":"max-snippet:-1","max-image-preview":"max-image-preview:large","max-video-preview":"max-video-preview:-1"},"canonical":"https:\/\/hpack.com.br\/loja\/produto\/pote-de-mel-500g-cod-932\/","og_locale":"pt_BR","og_type":"article","og_title":"Pote para Mel - Embalagem Pr\u00e1tica e Segura p\/ Produtos Naturais","og_description":"Pote para mel c\/ tampa e design funcional. Ideal para mel, melado e produtos naturais. Veda\u00e7\u00e3o segura, ideal para apicultores e lojas artesanais.","og_url":"https:\/\/hpack.com.br\/loja\/produto\/pote-de-mel-500g-cod-932\/","og_site_name":"Hpack - Fabrica de Frascos e Embalagens","article_publisher":"https:\/\/www.facebook.com\/hpackveracruz\/","article_modified_time":"2025-07-31T22:33:38+00:00","og_image":[{"width":1024,"height":1280,"url":"https:\/\/hpack.com.br\/loja\/wp-content\/uploads\/2025\/03\/POTE-DE-MEL-500g.jpg","type":"image\/jpeg"}],"twitter_card":"summary_large_image","twitter_misc":{"Est. tempo de leitura":"1 minuto"},"schema":{"@context":"https:\/\/schema.org","@graph":[{"@type":"WebPage","@id":"https:\/\/hpack.com.br\/loja\/produto\/pote-de-mel-500g-cod-932\/","url":"https:\/\/hpack.com.br\/loja\/produto\/pote-de-mel-500g-cod-932\/","name":"Pote para Mel - Embalagem Pr\u00e1tica e Segura p\/ Produtos Naturais","isPartOf":{"@id":"https:\/\/hpack.com.br\/loja\/#website"},"primaryImageOfPage":{"@id":"https:\/\/hpack.com.br\/loja\/produto\/pote-de-mel-500g-cod-932\/#primaryimage"},"image":{"@id":"https:\/\/hpack.com.br\/loja\/produto\/pote-de-mel-500g-cod-932\/#primaryimage"},"thumbnailUrl":"https:\/\/hpack.com.br\/loja\/wp-content\/uploads\/2025\/03\/POTE-DE-MEL-500g.jpg","datePublished":"2025-03-26T19:09:15+00:00","dateModified":"2025-07-31T22:33:38+00:00","description":"Pote para mel c\/ tampa e design funcional. Ideal para mel, melado e produtos naturais. Veda\u00e7\u00e3o segura, ideal para apicultores e lojas artesanais.","breadcrumb":{"@id":"https:\/\/hpack.com.br\/loja\/produto\/pote-de-mel-500g-cod-932\/#breadcrumb"},"inLanguage":"pt-BR","potentialAction":[{"@type":"ReadAction","target":["https:\/\/hpack.com.br\/loja\/produto\/pote-de-mel-500g-cod-932\/"]}]},{"@type":"ImageObject","inLanguage":"pt-BR","@id":"https:\/\/hpack.com.br\/loja\/produto\/pote-de-mel-500g-cod-932\/#primaryimage","url":"https:\/\/hpack.com.br\/loja\/wp-content\/uploads\/2025\/03\/POTE-DE-MEL-500g.jpg","contentUrl":"https:\/\/hpack.com.br\/loja\/wp-content\/uploads\/2025\/03\/POTE-DE-MEL-500g.jpg","width":1024,"height":1280},{"@type":"BreadcrumbList","@id":"https:\/\/hpack.com.br\/loja\/produto\/pote-de-mel-500g-cod-932\/#breadcrumb","itemListElement":[{"@type":"ListItem","position":1,"name":"In\u00edcio","item":"https:\/\/hpack.com.br\/loja\/"},{"@type":"ListItem","position":2,"name":"Loja","item":"https:\/\/hpack.com.br\/loja\/loja\/"},{"@type":"ListItem","position":3,"name":"Pote 500g para mel &#8211; c\u00f3d. 932"}]},{"@type":"WebSite","@id":"https:\/\/hpack.com.br\/loja\/#website","url":"https:\/\/hpack.com.br\/loja\/","name":"Hpack","description":"Ind\u00fastria e Com\u00e9rcio de Embalagens. Especializados na produ\u00e7\u00e3o de embalagens pl\u00e1sticas PET, PEAD e Frascos para setores de alimentos, cosm\u00e9ticos e farmac\u00eauticos, Agro. Oferecemos solu\u00e7\u00f5es em embalagens pl\u00e1sticas para bebidas, produtos qu\u00edmicos, agr\u00edcolas e mais. Sede em Vera Cruz RS - Vendas para todo o Brasil","publisher":{"@id":"https:\/\/hpack.com.br\/loja\/#organization"},"potentialAction":[{"@type":"SearchAction","target":{"@type":"EntryPoint","urlTemplate":"https:\/\/hpack.com.br\/loja\/?s={search_term_string}"},"query-input":{"@type":"PropertyValueSpecification","valueRequired":true,"valueName":"search_term_string"}}],"inLanguage":"pt-BR"},{"@type":"Organization","@id":"https:\/\/hpack.com.br\/loja\/#organization","name":"HPACK IND\u00daSTRIA E COMERCIO DE EMBALAGENS","url":"https:\/\/hpack.com.br\/loja\/","logo":{"@type":"ImageObject","inLanguage":"pt-BR","@id":"https:\/\/hpack.com.br\/loja\/#\/schema\/logo\/image\/","url":"https:\/\/hpack.com.br\/loja\/wp-content\/uploads\/2025\/03\/Hpack_logo.png","contentUrl":"https:\/\/hpack.com.br\/loja\/wp-content\/uploads\/2025\/03\/Hpack_logo.png","width":220,"height":100,"caption":"HPACK IND\u00daSTRIA E COMERCIO DE EMBALAGENS"},"image":{"@id":"https:\/\/hpack.com.br\/loja\/#\/schema\/logo\/image\/"},"sameAs":["https:\/\/www.facebook.com\/hpackveracruz\/","https:\/\/www.instagram.com\/hpack_veracruz\/","https:\/\/br.linkedin.com\/company\/hpackembalagens"]}]}},"_links":{"self":[{"href":"https:\/\/hpack.com.br\/loja\/wp-json\/wp\/v2\/product\/1508","targetHints":{"allow":["GET"]}}],"collection":[{"href":"https:\/\/hpack.com.br\/loja\/wp-json\/wp\/v2\/product"}],"about":[{"href":"https:\/\/hpack.com.br\/loja\/wp-json\/wp\/v2\/types\/product"}],"version-history":[{"count":0,"href":"https:\/\/hpack.com.br\/loja\/wp-json\/wp\/v2\/product\/1508\/revisions"}],"wp:featuredmedia":[{"embeddable":true,"href":"https:\/\/hpack.com.br\/loja\/wp-json\/wp\/v2\/media\/3498"}],"wp:attachment":[{"href":"https:\/\/hpack.com.br\/loja\/wp-json\/wp\/v2\/media?parent=1508"}],"wp:term":[{"taxonomy":"product_brand","embeddable":true,"href":"https:\/\/hpack.com.br\/loja\/wp-json\/wp\/v2\/product_brand?post=1508"},{"taxonomy":"product_cat","embeddable":true,"href":"https:\/\/hpack.com.br\/loja\/wp-json\/wp\/v2\/product_cat?post=1508"},{"taxonomy":"product_tag","embeddable":true,"href":"https:\/\/hpack.com.br\/loja\/wp-json\/wp\/v2\/product_tag?post=1508"}],"curies":[{"name":"wp","href":"https:\/\/api.w.org\/{rel}","templated":true}]}}