{"id":3428,"date":"2025-04-01T22:18:13","date_gmt":"2025-04-02T01:18:13","guid":{"rendered":"https:\/\/tanolink.com.br\/hpack\/?post_type=product&#038;p=3428"},"modified":"2025-07-31T19:45:22","modified_gmt":"2025-07-31T22:45:22","slug":"frasco-suco-1-litro-cod-537","status":"publish","type":"product","link":"https:\/\/hpack.com.br\/loja\/produto\/frasco-suco-1-litro-cod-537\/","title":{"rendered":"Frasco 1l quadrado \u2013 c\u00f3d. 537"},"content":{"rendered":"<h3 data-start=\"139\" data-end=\"220\"><strong data-start=\"146\" data-end=\"218\">Frasco 1l quadrado cristal \u2013 Design moderno para sucos artesanais e chocolate quente<\/strong><\/h3>\n<p data-start=\"235\" data-end=\"447\">O\u00a0<strong data-start=\"299\" data-end=\"323\">Frasco 1l cristal<\/strong>\u00a0possui formato quadrado e material de alta transpar\u00eancia, ideal para valorizar sucos naturais, detox, chocolates quentes e bebidas artesanais.<\/p>\n<p data-start=\"449\" data-end=\"616\">Seu design diferenciado proporciona uma excelente presen\u00e7a nas prateleiras, enquanto o bocal de 38mm garante praticidade e seguran\u00e7a no fechamento com tampas de rosca.<\/p>\n<p data-start=\"618\" data-end=\"648\"><strong data-start=\"621\" data-end=\"646\">Especifica\u00e7\u00f5es do produto:<\/strong><\/p>\n<ul>\n<li data-start=\"651\" data-end=\"677\"><strong data-start=\"654\" data-end=\"669\">Capacidade:<\/strong> 1l<\/li>\n<li data-start=\"651\" data-end=\"677\"><strong data-start=\"852\" data-end=\"861\">Peso:<\/strong> 31 gramas<\/li>\n<li data-start=\"651\" data-end=\"677\"><strong data-start=\"797\" data-end=\"807\">Bocal:<\/strong> 38mm<\/li>\n<li data-start=\"651\" data-end=\"677\"><strong data-start=\"879\" data-end=\"897\">Pedido m\u00ednimo:<\/strong> 90 unidades<\/li>\n<\/ul>\n<p data-start=\"929\" data-end=\"952\"><strong data-start=\"932\" data-end=\"950\">Indicado para:<\/strong><\/p>\n<ul>\n<li data-start=\"955\" data-end=\"984\">Sucos naturais e artesanais;<\/li>\n<li data-start=\"987\" data-end=\"1016\">Bebidas funcionais ou detox;<\/li>\n<li data-start=\"1019\" data-end=\"1056\">Bebidas refrescantes ou chocolates quentes.<\/li>\n<\/ul>\n<p data-start=\"1058\" data-end=\"1141\"><strong data-start=\"1061\" data-end=\"1141\">Destaque sua linha de sucos e chocolate quente com um visual moderno e atrativo!<\/strong><\/p>\n","protected":false},"excerpt":{"rendered":"<ul>\n<li><strong>Frasco:\u00a0<\/strong>Valor unit\u00e1rio: R$ 1,80<\/li>\n<li><strong>Tampa:\u00a0<\/strong>Valor unit\u00e1rio: R$ 0,35<\/li>\n<li><strong>Bocal:<\/strong> 38 mm<\/li>\n<li><strong>Pedido m\u00ednimo:<\/strong>90 unidades<\/li>\n<\/ul>\n","protected":false},"featured_media":3429,"template":"","meta":{"_acf_changed":false},"product_brand":[358],"product_cat":[28],"product_tag":[450,452,449,445,451,402,346,330,446,367,447,448],"class_list":{"0":"post-3428","1":"product","2":"type-product","3":"status-publish","4":"has-post-thumbnail","6":"product_brand-hpack-embalagens-plasticas","7":"product_cat-suco","8":"product_tag-bebidas-artesanais","9":"product_tag-bocal-38mm","10":"product_tag-chocolate-quente","11":"product_tag-embalagem-para-suco","12":"product_tag-embalagem-pet","13":"product_tag-frasco-1l","14":"product_tag-frasco-cristal","15":"product_tag-frasco-para-bebidas","16":"product_tag-frasco-quadrado","17":"product_tag-frasco-transparente","18":"product_tag-suco-detox","19":"product_tag-suco-natural","21":"first","22":"instock","23":"shipping-taxable","24":"purchasable","25":"product-type-variable"},"acf":[],"yoast_head":"<!-- This site is optimized with the Yoast SEO plugin v27.4 - https:\/\/yoast.com\/product\/yoast-seo-wordpress\/ -->\n<title>Frasco Quadrado Cristal - p\/ Sucos Artesanais e Chocolate Quente<\/title>\n<meta name=\"description\" content=\"Frasco 1L quadrado cristal com design moderno, ideal para sucos naturais, bebidas detox e chocolate quente. Bocal c\/ excelente veda\u00e7\u00e3o. Valorize sua bebida!\" \/>\n<meta name=\"robots\" content=\"index, follow, max-snippet:-1, max-image-preview:large, max-video-preview:-1\" \/>\n<link rel=\"canonical\" href=\"https:\/\/hpack.com.br\/loja\/produto\/frasco-suco-1-litro-cod-537\/\" \/>\n<meta property=\"og:locale\" content=\"pt_BR\" \/>\n<meta property=\"og:type\" content=\"article\" \/>\n<meta property=\"og:title\" content=\"Frasco Quadrado Cristal - p\/ Sucos Artesanais e Chocolate Quente\" \/>\n<meta property=\"og:description\" content=\"Frasco 1L quadrado cristal com design moderno, ideal para sucos naturais, bebidas detox e chocolate quente. Bocal c\/ excelente veda\u00e7\u00e3o. Valorize sua bebida!\" \/>\n<meta property=\"og:url\" content=\"https:\/\/hpack.com.br\/loja\/produto\/frasco-suco-1-litro-cod-537\/\" \/>\n<meta property=\"og:site_name\" content=\"Hpack - Fabrica de Frascos e Embalagens\" \/>\n<meta property=\"article:publisher\" content=\"https:\/\/www.facebook.com\/hpackveracruz\/\" \/>\n<meta property=\"article:modified_time\" content=\"2025-07-31T22:45:22+00:00\" \/>\n<meta property=\"og:image\" content=\"https:\/\/hpack.com.br\/loja\/wp-content\/uploads\/2025\/04\/1litro-suco-38mm.jpg\" \/>\n\t<meta property=\"og:image:width\" content=\"1000\" \/>\n\t<meta property=\"og:image:height\" content=\"1000\" \/>\n\t<meta property=\"og:image:type\" content=\"image\/jpeg\" \/>\n<meta name=\"twitter:card\" content=\"summary_large_image\" \/>\n<meta name=\"twitter:label1\" content=\"Est. tempo de leitura\" \/>\n\t<meta name=\"twitter:data1\" content=\"1 minuto\" \/>\n<script type=\"application\/ld+json\" class=\"yoast-schema-graph\">{\"@context\":\"https:\\\/\\\/schema.org\",\"@graph\":[{\"@type\":\"WebPage\",\"@id\":\"https:\\\/\\\/hpack.com.br\\\/loja\\\/produto\\\/frasco-suco-1-litro-cod-537\\\/\",\"url\":\"https:\\\/\\\/hpack.com.br\\\/loja\\\/produto\\\/frasco-suco-1-litro-cod-537\\\/\",\"name\":\"Frasco Quadrado Cristal - p\\\/ Sucos Artesanais e Chocolate Quente\",\"isPartOf\":{\"@id\":\"https:\\\/\\\/hpack.com.br\\\/loja\\\/#website\"},\"primaryImageOfPage\":{\"@id\":\"https:\\\/\\\/hpack.com.br\\\/loja\\\/produto\\\/frasco-suco-1-litro-cod-537\\\/#primaryimage\"},\"image\":{\"@id\":\"https:\\\/\\\/hpack.com.br\\\/loja\\\/produto\\\/frasco-suco-1-litro-cod-537\\\/#primaryimage\"},\"thumbnailUrl\":\"https:\\\/\\\/hpack.com.br\\\/loja\\\/wp-content\\\/uploads\\\/2025\\\/04\\\/1litro-suco-38mm.jpg\",\"datePublished\":\"2025-04-02T01:18:13+00:00\",\"dateModified\":\"2025-07-31T22:45:22+00:00\",\"description\":\"Frasco 1L quadrado cristal com design moderno, ideal para sucos naturais, bebidas detox e chocolate quente. Bocal c\\\/ excelente veda\u00e7\u00e3o. Valorize sua bebida!\",\"breadcrumb\":{\"@id\":\"https:\\\/\\\/hpack.com.br\\\/loja\\\/produto\\\/frasco-suco-1-litro-cod-537\\\/#breadcrumb\"},\"inLanguage\":\"pt-BR\",\"potentialAction\":[{\"@type\":\"ReadAction\",\"target\":[\"https:\\\/\\\/hpack.com.br\\\/loja\\\/produto\\\/frasco-suco-1-litro-cod-537\\\/\"]}]},{\"@type\":\"ImageObject\",\"inLanguage\":\"pt-BR\",\"@id\":\"https:\\\/\\\/hpack.com.br\\\/loja\\\/produto\\\/frasco-suco-1-litro-cod-537\\\/#primaryimage\",\"url\":\"https:\\\/\\\/hpack.com.br\\\/loja\\\/wp-content\\\/uploads\\\/2025\\\/04\\\/1litro-suco-38mm.jpg\",\"contentUrl\":\"https:\\\/\\\/hpack.com.br\\\/loja\\\/wp-content\\\/uploads\\\/2025\\\/04\\\/1litro-suco-38mm.jpg\",\"width\":1000,\"height\":1000,\"caption\":\"1 litro Suco\"},{\"@type\":\"BreadcrumbList\",\"@id\":\"https:\\\/\\\/hpack.com.br\\\/loja\\\/produto\\\/frasco-suco-1-litro-cod-537\\\/#breadcrumb\",\"itemListElement\":[{\"@type\":\"ListItem\",\"position\":1,\"name\":\"In\u00edcio\",\"item\":\"https:\\\/\\\/hpack.com.br\\\/loja\\\/\"},{\"@type\":\"ListItem\",\"position\":2,\"name\":\"Loja\",\"item\":\"https:\\\/\\\/hpack.com.br\\\/loja\\\/loja\\\/\"},{\"@type\":\"ListItem\",\"position\":3,\"name\":\"Frasco 1l quadrado \u2013 c\u00f3d. 537\"}]},{\"@type\":\"WebSite\",\"@id\":\"https:\\\/\\\/hpack.com.br\\\/loja\\\/#website\",\"url\":\"https:\\\/\\\/hpack.com.br\\\/loja\\\/\",\"name\":\"Hpack\",\"description\":\"Ind\u00fastria e Com\u00e9rcio de Embalagens. Especializados na produ\u00e7\u00e3o de embalagens pl\u00e1sticas PET, PEAD e Frascos para setores de alimentos, cosm\u00e9ticos e farmac\u00eauticos, Agro. Oferecemos solu\u00e7\u00f5es em embalagens pl\u00e1sticas para bebidas, produtos qu\u00edmicos, agr\u00edcolas e mais. Sede em Vera Cruz RS - Vendas para todo o Brasil\",\"publisher\":{\"@id\":\"https:\\\/\\\/hpack.com.br\\\/loja\\\/#organization\"},\"potentialAction\":[{\"@type\":\"SearchAction\",\"target\":{\"@type\":\"EntryPoint\",\"urlTemplate\":\"https:\\\/\\\/hpack.com.br\\\/loja\\\/?s={search_term_string}\"},\"query-input\":{\"@type\":\"PropertyValueSpecification\",\"valueRequired\":true,\"valueName\":\"search_term_string\"}}],\"inLanguage\":\"pt-BR\"},{\"@type\":\"Organization\",\"@id\":\"https:\\\/\\\/hpack.com.br\\\/loja\\\/#organization\",\"name\":\"HPACK IND\u00daSTRIA E COMERCIO DE EMBALAGENS\",\"url\":\"https:\\\/\\\/hpack.com.br\\\/loja\\\/\",\"logo\":{\"@type\":\"ImageObject\",\"inLanguage\":\"pt-BR\",\"@id\":\"https:\\\/\\\/hpack.com.br\\\/loja\\\/#\\\/schema\\\/logo\\\/image\\\/\",\"url\":\"https:\\\/\\\/hpack.com.br\\\/loja\\\/wp-content\\\/uploads\\\/2025\\\/03\\\/Hpack_logo.png\",\"contentUrl\":\"https:\\\/\\\/hpack.com.br\\\/loja\\\/wp-content\\\/uploads\\\/2025\\\/03\\\/Hpack_logo.png\",\"width\":220,\"height\":100,\"caption\":\"HPACK IND\u00daSTRIA E COMERCIO DE EMBALAGENS\"},\"image\":{\"@id\":\"https:\\\/\\\/hpack.com.br\\\/loja\\\/#\\\/schema\\\/logo\\\/image\\\/\"},\"sameAs\":[\"https:\\\/\\\/www.facebook.com\\\/hpackveracruz\\\/\",\"https:\\\/\\\/www.instagram.com\\\/hpack_veracruz\\\/\",\"https:\\\/\\\/br.linkedin.com\\\/company\\\/hpackembalagens\"]}]}<\/script>\n<!-- \/ Yoast SEO plugin. -->","yoast_head_json":{"title":"Frasco Quadrado Cristal - p\/ Sucos Artesanais e Chocolate Quente","description":"Frasco 1L quadrado cristal com design moderno, ideal para sucos naturais, bebidas detox e chocolate quente. Bocal c\/ excelente veda\u00e7\u00e3o. Valorize sua bebida!","robots":{"index":"index","follow":"follow","max-snippet":"max-snippet:-1","max-image-preview":"max-image-preview:large","max-video-preview":"max-video-preview:-1"},"canonical":"https:\/\/hpack.com.br\/loja\/produto\/frasco-suco-1-litro-cod-537\/","og_locale":"pt_BR","og_type":"article","og_title":"Frasco Quadrado Cristal - p\/ Sucos Artesanais e Chocolate Quente","og_description":"Frasco 1L quadrado cristal com design moderno, ideal para sucos naturais, bebidas detox e chocolate quente. Bocal c\/ excelente veda\u00e7\u00e3o. Valorize sua bebida!","og_url":"https:\/\/hpack.com.br\/loja\/produto\/frasco-suco-1-litro-cod-537\/","og_site_name":"Hpack - Fabrica de Frascos e Embalagens","article_publisher":"https:\/\/www.facebook.com\/hpackveracruz\/","article_modified_time":"2025-07-31T22:45:22+00:00","og_image":[{"width":1000,"height":1000,"url":"https:\/\/hpack.com.br\/loja\/wp-content\/uploads\/2025\/04\/1litro-suco-38mm.jpg","type":"image\/jpeg"}],"twitter_card":"summary_large_image","twitter_misc":{"Est. tempo de leitura":"1 minuto"},"schema":{"@context":"https:\/\/schema.org","@graph":[{"@type":"WebPage","@id":"https:\/\/hpack.com.br\/loja\/produto\/frasco-suco-1-litro-cod-537\/","url":"https:\/\/hpack.com.br\/loja\/produto\/frasco-suco-1-litro-cod-537\/","name":"Frasco Quadrado Cristal - p\/ Sucos Artesanais e Chocolate Quente","isPartOf":{"@id":"https:\/\/hpack.com.br\/loja\/#website"},"primaryImageOfPage":{"@id":"https:\/\/hpack.com.br\/loja\/produto\/frasco-suco-1-litro-cod-537\/#primaryimage"},"image":{"@id":"https:\/\/hpack.com.br\/loja\/produto\/frasco-suco-1-litro-cod-537\/#primaryimage"},"thumbnailUrl":"https:\/\/hpack.com.br\/loja\/wp-content\/uploads\/2025\/04\/1litro-suco-38mm.jpg","datePublished":"2025-04-02T01:18:13+00:00","dateModified":"2025-07-31T22:45:22+00:00","description":"Frasco 1L quadrado cristal com design moderno, ideal para sucos naturais, bebidas detox e chocolate quente. Bocal c\/ excelente veda\u00e7\u00e3o. Valorize sua bebida!","breadcrumb":{"@id":"https:\/\/hpack.com.br\/loja\/produto\/frasco-suco-1-litro-cod-537\/#breadcrumb"},"inLanguage":"pt-BR","potentialAction":[{"@type":"ReadAction","target":["https:\/\/hpack.com.br\/loja\/produto\/frasco-suco-1-litro-cod-537\/"]}]},{"@type":"ImageObject","inLanguage":"pt-BR","@id":"https:\/\/hpack.com.br\/loja\/produto\/frasco-suco-1-litro-cod-537\/#primaryimage","url":"https:\/\/hpack.com.br\/loja\/wp-content\/uploads\/2025\/04\/1litro-suco-38mm.jpg","contentUrl":"https:\/\/hpack.com.br\/loja\/wp-content\/uploads\/2025\/04\/1litro-suco-38mm.jpg","width":1000,"height":1000,"caption":"1 litro Suco"},{"@type":"BreadcrumbList","@id":"https:\/\/hpack.com.br\/loja\/produto\/frasco-suco-1-litro-cod-537\/#breadcrumb","itemListElement":[{"@type":"ListItem","position":1,"name":"In\u00edcio","item":"https:\/\/hpack.com.br\/loja\/"},{"@type":"ListItem","position":2,"name":"Loja","item":"https:\/\/hpack.com.br\/loja\/loja\/"},{"@type":"ListItem","position":3,"name":"Frasco 1l quadrado \u2013 c\u00f3d. 537"}]},{"@type":"WebSite","@id":"https:\/\/hpack.com.br\/loja\/#website","url":"https:\/\/hpack.com.br\/loja\/","name":"Hpack","description":"Ind\u00fastria e Com\u00e9rcio de Embalagens. Especializados na produ\u00e7\u00e3o de embalagens pl\u00e1sticas PET, PEAD e Frascos para setores de alimentos, cosm\u00e9ticos e farmac\u00eauticos, Agro. Oferecemos solu\u00e7\u00f5es em embalagens pl\u00e1sticas para bebidas, produtos qu\u00edmicos, agr\u00edcolas e mais. Sede em Vera Cruz RS - Vendas para todo o Brasil","publisher":{"@id":"https:\/\/hpack.com.br\/loja\/#organization"},"potentialAction":[{"@type":"SearchAction","target":{"@type":"EntryPoint","urlTemplate":"https:\/\/hpack.com.br\/loja\/?s={search_term_string}"},"query-input":{"@type":"PropertyValueSpecification","valueRequired":true,"valueName":"search_term_string"}}],"inLanguage":"pt-BR"},{"@type":"Organization","@id":"https:\/\/hpack.com.br\/loja\/#organization","name":"HPACK IND\u00daSTRIA E COMERCIO DE EMBALAGENS","url":"https:\/\/hpack.com.br\/loja\/","logo":{"@type":"ImageObject","inLanguage":"pt-BR","@id":"https:\/\/hpack.com.br\/loja\/#\/schema\/logo\/image\/","url":"https:\/\/hpack.com.br\/loja\/wp-content\/uploads\/2025\/03\/Hpack_logo.png","contentUrl":"https:\/\/hpack.com.br\/loja\/wp-content\/uploads\/2025\/03\/Hpack_logo.png","width":220,"height":100,"caption":"HPACK IND\u00daSTRIA E COMERCIO DE EMBALAGENS"},"image":{"@id":"https:\/\/hpack.com.br\/loja\/#\/schema\/logo\/image\/"},"sameAs":["https:\/\/www.facebook.com\/hpackveracruz\/","https:\/\/www.instagram.com\/hpack_veracruz\/","https:\/\/br.linkedin.com\/company\/hpackembalagens"]}]}},"_links":{"self":[{"href":"https:\/\/hpack.com.br\/loja\/wp-json\/wp\/v2\/product\/3428","targetHints":{"allow":["GET"]}}],"collection":[{"href":"https:\/\/hpack.com.br\/loja\/wp-json\/wp\/v2\/product"}],"about":[{"href":"https:\/\/hpack.com.br\/loja\/wp-json\/wp\/v2\/types\/product"}],"version-history":[{"count":0,"href":"https:\/\/hpack.com.br\/loja\/wp-json\/wp\/v2\/product\/3428\/revisions"}],"wp:featuredmedia":[{"embeddable":true,"href":"https:\/\/hpack.com.br\/loja\/wp-json\/wp\/v2\/media\/3429"}],"wp:attachment":[{"href":"https:\/\/hpack.com.br\/loja\/wp-json\/wp\/v2\/media?parent=3428"}],"wp:term":[{"taxonomy":"product_brand","embeddable":true,"href":"https:\/\/hpack.com.br\/loja\/wp-json\/wp\/v2\/product_brand?post=3428"},{"taxonomy":"product_cat","embeddable":true,"href":"https:\/\/hpack.com.br\/loja\/wp-json\/wp\/v2\/product_cat?post=3428"},{"taxonomy":"product_tag","embeddable":true,"href":"https:\/\/hpack.com.br\/loja\/wp-json\/wp\/v2\/product_tag?post=3428"}],"curies":[{"name":"wp","href":"https:\/\/api.w.org\/{rel}","templated":true}]}}