{"id":3436,"date":"2025-04-01T22:20:11","date_gmt":"2025-04-02T01:20:11","guid":{"rendered":"https:\/\/tanolink.com.br\/hpack\/?post_type=product&#038;p=3436"},"modified":"2025-07-31T20:34:08","modified_gmt":"2025-07-31T23:34:08","slug":"cruzado-2-litro-cod-1387","status":"publish","type":"product","link":"https:\/\/hpack.com.br\/loja\/produto\/cruzado-2-litro-cod-1387\/","title":{"rendered":"Frasco 2l redondo cristal &#8211; c\u00f3d. 1387"},"content":{"rendered":"<h4 data-start=\"173\" data-end=\"262\">Frasco 2 litros redondo \u2013 Ideal para envase de desinfetantes, limpadores perfumados, amaciante de roupa e limpa vidro<\/h4>\n<p data-start=\"278\" data-end=\"602\">O <strong data-start=\"323\" data-end=\"350\">Frasco 2 litros redondo<\/strong>, \u00e9 desenvolvido especialmente para envase de desinfetantes, limpadores perfumados, amaciantes de roupa e limpa-vidros. Seu design cruzado oferece melhor ergonomia e estabilidade, al\u00e9m de transmitir seguran\u00e7a e confiabilidade ao consumidor final.<\/p>\n<p data-start=\"761\" data-end=\"796\"><strong data-start=\"764\" data-end=\"794\">Especifica\u00e7\u00f5es do produto:<\/strong><\/p>\n<ul>\n<li data-start=\"799\" data-end=\"828\"><strong data-start=\"802\" data-end=\"817\">Capacidade:<\/strong> 2 litros<\/li>\n<li><strong data-start=\"1024\" data-end=\"1033\">Peso:<\/strong> 42,6g<\/li>\n<li data-start=\"965\" data-end=\"1018\"><strong data-start=\"968\" data-end=\"978\">Bocal:<\/strong> 28mm<\/li>\n<li data-start=\"1044\" data-end=\"1096\"><strong data-start=\"1047\" data-end=\"1065\">Pedido m\u00ednimo:<\/strong> 50 unidades<\/li>\n<\/ul>\n<p data-start=\"1171\" data-end=\"1191\"><strong data-start=\"1174\" data-end=\"1189\">Ideal para:<\/strong><\/p>\n<ul>\n<li data-start=\"1194\" data-end=\"1219\">Ind\u00fastrias de saneantes;<\/li>\n<li data-start=\"1222\" data-end=\"1250\">Marcas pr\u00f3prias de limpeza;<\/li>\n<li data-start=\"1253\" data-end=\"1290\">Distribuidores e atacadistas do setor.<\/li>\n<\/ul>\n<p data-start=\"1292\" data-end=\"1402\"><strong data-start=\"1295\" data-end=\"1402\">Resist\u00eancia e praticidade para produtos de limpeza &#8211; garanta uma embalagem robusta, funcional e com excelente custo-benef\u00edcio para o seu produto de limpeza!\u00a0<\/strong><\/p>\n","protected":false},"excerpt":{"rendered":"<ul>\n<li><strong>Frasco:\u00a0<\/strong>Valor unit\u00e1rio: R$ 1,30<\/li>\n<li><strong>Tampa:\u00a0<\/strong>Valor unit\u00e1rio: R$ 0,20<\/li>\n<li><strong>Bocal:<\/strong> 28 mm<\/li>\n<li><strong>Pedido m\u00ednimo: <\/strong>50 unidades<\/li>\n<\/ul>\n","protected":false},"featured_media":3437,"template":"","meta":{"_acf_changed":false},"product_brand":[358],"product_cat":[47],"product_tag":[218,216,219,217],"class_list":{"0":"post-3436","1":"product","2":"type-product","3":"status-publish","4":"has-post-thumbnail","6":"product_brand-hpack-embalagens-plasticas","7":"product_cat-limpeza","8":"product_tag-amaciante-de-roupa","9":"product_tag-desinfetantes","10":"product_tag-limpa-vidro","11":"product_tag-limpadores-perfumados","13":"first","14":"instock","15":"shipping-taxable","16":"purchasable","17":"product-type-variable"},"acf":[],"yoast_head":"<!-- This site is optimized with the Yoast SEO plugin v27.4 - https:\/\/yoast.com\/product\/yoast-seo-wordpress\/ -->\n<title>Frasco 2l redondo cristal - c\u00f3d. 1387 - Hpack - Fabrica de Frascos e Embalagens<\/title>\n<meta name=\"robots\" content=\"index, follow, max-snippet:-1, max-image-preview:large, max-video-preview:-1\" \/>\n<link rel=\"canonical\" href=\"https:\/\/hpack.com.br\/loja\/produto\/cruzado-2-litro-cod-1387\/\" \/>\n<meta property=\"og:locale\" content=\"pt_BR\" \/>\n<meta property=\"og:type\" content=\"article\" \/>\n<meta property=\"og:title\" content=\"Frasco 2l redondo cristal - c\u00f3d. 1387 - Hpack - Fabrica de Frascos e Embalagens\" \/>\n<meta property=\"og:description\" content=\"Frasco:\u00a0Valor unit\u00e1rio: R$ 1,30  Tampa:\u00a0Valor unit\u00e1rio: R$ 0,20  Bocal: 28 mm  Pedido m\u00ednimo: 50 unidades\" \/>\n<meta property=\"og:url\" content=\"https:\/\/hpack.com.br\/loja\/produto\/cruzado-2-litro-cod-1387\/\" \/>\n<meta property=\"og:site_name\" content=\"Hpack - Fabrica de Frascos e Embalagens\" \/>\n<meta property=\"article:publisher\" content=\"https:\/\/www.facebook.com\/hpackveracruz\/\" \/>\n<meta property=\"article:modified_time\" content=\"2025-07-31T23:34:08+00:00\" \/>\n<meta property=\"og:image\" content=\"https:\/\/hpack.com.br\/loja\/wp-content\/uploads\/2025\/04\/2-litro-redondo-listrado-COD-1387.jpg\" \/>\n\t<meta property=\"og:image:width\" content=\"1000\" \/>\n\t<meta property=\"og:image:height\" content=\"1000\" \/>\n\t<meta property=\"og:image:type\" content=\"image\/jpeg\" \/>\n<meta name=\"twitter:card\" content=\"summary_large_image\" \/>\n<meta name=\"twitter:label1\" content=\"Est. tempo de leitura\" \/>\n\t<meta name=\"twitter:data1\" content=\"1 minuto\" \/>\n<script type=\"application\/ld+json\" class=\"yoast-schema-graph\">{\"@context\":\"https:\\\/\\\/schema.org\",\"@graph\":[{\"@type\":\"WebPage\",\"@id\":\"https:\\\/\\\/hpack.com.br\\\/loja\\\/produto\\\/cruzado-2-litro-cod-1387\\\/\",\"url\":\"https:\\\/\\\/hpack.com.br\\\/loja\\\/produto\\\/cruzado-2-litro-cod-1387\\\/\",\"name\":\"Frasco 2l redondo cristal - c\u00f3d. 1387 - Hpack - Fabrica de Frascos e Embalagens\",\"isPartOf\":{\"@id\":\"https:\\\/\\\/hpack.com.br\\\/loja\\\/#website\"},\"primaryImageOfPage\":{\"@id\":\"https:\\\/\\\/hpack.com.br\\\/loja\\\/produto\\\/cruzado-2-litro-cod-1387\\\/#primaryimage\"},\"image\":{\"@id\":\"https:\\\/\\\/hpack.com.br\\\/loja\\\/produto\\\/cruzado-2-litro-cod-1387\\\/#primaryimage\"},\"thumbnailUrl\":\"https:\\\/\\\/hpack.com.br\\\/loja\\\/wp-content\\\/uploads\\\/2025\\\/04\\\/2-litro-redondo-listrado-COD-1387.jpg\",\"datePublished\":\"2025-04-02T01:20:11+00:00\",\"dateModified\":\"2025-07-31T23:34:08+00:00\",\"breadcrumb\":{\"@id\":\"https:\\\/\\\/hpack.com.br\\\/loja\\\/produto\\\/cruzado-2-litro-cod-1387\\\/#breadcrumb\"},\"inLanguage\":\"pt-BR\",\"potentialAction\":[{\"@type\":\"ReadAction\",\"target\":[\"https:\\\/\\\/hpack.com.br\\\/loja\\\/produto\\\/cruzado-2-litro-cod-1387\\\/\"]}]},{\"@type\":\"ImageObject\",\"inLanguage\":\"pt-BR\",\"@id\":\"https:\\\/\\\/hpack.com.br\\\/loja\\\/produto\\\/cruzado-2-litro-cod-1387\\\/#primaryimage\",\"url\":\"https:\\\/\\\/hpack.com.br\\\/loja\\\/wp-content\\\/uploads\\\/2025\\\/04\\\/2-litro-redondo-listrado-COD-1387.jpg\",\"contentUrl\":\"https:\\\/\\\/hpack.com.br\\\/loja\\\/wp-content\\\/uploads\\\/2025\\\/04\\\/2-litro-redondo-listrado-COD-1387.jpg\",\"width\":1000,\"height\":1000,\"caption\":\"2 litro redondo listrado COD 1387\"},{\"@type\":\"BreadcrumbList\",\"@id\":\"https:\\\/\\\/hpack.com.br\\\/loja\\\/produto\\\/cruzado-2-litro-cod-1387\\\/#breadcrumb\",\"itemListElement\":[{\"@type\":\"ListItem\",\"position\":1,\"name\":\"In\u00edcio\",\"item\":\"https:\\\/\\\/hpack.com.br\\\/loja\\\/\"},{\"@type\":\"ListItem\",\"position\":2,\"name\":\"Loja\",\"item\":\"https:\\\/\\\/hpack.com.br\\\/loja\\\/loja\\\/\"},{\"@type\":\"ListItem\",\"position\":3,\"name\":\"Frasco 2l redondo cristal &#8211; c\u00f3d. 1387\"}]},{\"@type\":\"WebSite\",\"@id\":\"https:\\\/\\\/hpack.com.br\\\/loja\\\/#website\",\"url\":\"https:\\\/\\\/hpack.com.br\\\/loja\\\/\",\"name\":\"Hpack\",\"description\":\"Ind\u00fastria e Com\u00e9rcio de Embalagens. Especializados na produ\u00e7\u00e3o de embalagens pl\u00e1sticas PET, PEAD e Frascos para setores de alimentos, cosm\u00e9ticos e farmac\u00eauticos, Agro. Oferecemos solu\u00e7\u00f5es em embalagens pl\u00e1sticas para bebidas, produtos qu\u00edmicos, agr\u00edcolas e mais. Sede em Vera Cruz RS - Vendas para todo o Brasil\",\"publisher\":{\"@id\":\"https:\\\/\\\/hpack.com.br\\\/loja\\\/#organization\"},\"potentialAction\":[{\"@type\":\"SearchAction\",\"target\":{\"@type\":\"EntryPoint\",\"urlTemplate\":\"https:\\\/\\\/hpack.com.br\\\/loja\\\/?s={search_term_string}\"},\"query-input\":{\"@type\":\"PropertyValueSpecification\",\"valueRequired\":true,\"valueName\":\"search_term_string\"}}],\"inLanguage\":\"pt-BR\"},{\"@type\":\"Organization\",\"@id\":\"https:\\\/\\\/hpack.com.br\\\/loja\\\/#organization\",\"name\":\"HPACK IND\u00daSTRIA E COMERCIO DE EMBALAGENS\",\"url\":\"https:\\\/\\\/hpack.com.br\\\/loja\\\/\",\"logo\":{\"@type\":\"ImageObject\",\"inLanguage\":\"pt-BR\",\"@id\":\"https:\\\/\\\/hpack.com.br\\\/loja\\\/#\\\/schema\\\/logo\\\/image\\\/\",\"url\":\"https:\\\/\\\/hpack.com.br\\\/loja\\\/wp-content\\\/uploads\\\/2025\\\/03\\\/Hpack_logo.png\",\"contentUrl\":\"https:\\\/\\\/hpack.com.br\\\/loja\\\/wp-content\\\/uploads\\\/2025\\\/03\\\/Hpack_logo.png\",\"width\":220,\"height\":100,\"caption\":\"HPACK IND\u00daSTRIA E COMERCIO DE EMBALAGENS\"},\"image\":{\"@id\":\"https:\\\/\\\/hpack.com.br\\\/loja\\\/#\\\/schema\\\/logo\\\/image\\\/\"},\"sameAs\":[\"https:\\\/\\\/www.facebook.com\\\/hpackveracruz\\\/\",\"https:\\\/\\\/www.instagram.com\\\/hpack_veracruz\\\/\",\"https:\\\/\\\/br.linkedin.com\\\/company\\\/hpackembalagens\"]}]}<\/script>\n<!-- \/ Yoast SEO plugin. -->","yoast_head_json":{"title":"Frasco 2l redondo cristal - c\u00f3d. 1387 - Hpack - Fabrica de Frascos e Embalagens","robots":{"index":"index","follow":"follow","max-snippet":"max-snippet:-1","max-image-preview":"max-image-preview:large","max-video-preview":"max-video-preview:-1"},"canonical":"https:\/\/hpack.com.br\/loja\/produto\/cruzado-2-litro-cod-1387\/","og_locale":"pt_BR","og_type":"article","og_title":"Frasco 2l redondo cristal - c\u00f3d. 1387 - Hpack - Fabrica de Frascos e Embalagens","og_description":"Frasco:\u00a0Valor unit\u00e1rio: R$ 1,30  Tampa:\u00a0Valor unit\u00e1rio: R$ 0,20  Bocal: 28 mm  Pedido m\u00ednimo: 50 unidades","og_url":"https:\/\/hpack.com.br\/loja\/produto\/cruzado-2-litro-cod-1387\/","og_site_name":"Hpack - Fabrica de Frascos e Embalagens","article_publisher":"https:\/\/www.facebook.com\/hpackveracruz\/","article_modified_time":"2025-07-31T23:34:08+00:00","og_image":[{"width":1000,"height":1000,"url":"https:\/\/hpack.com.br\/loja\/wp-content\/uploads\/2025\/04\/2-litro-redondo-listrado-COD-1387.jpg","type":"image\/jpeg"}],"twitter_card":"summary_large_image","twitter_misc":{"Est. tempo de leitura":"1 minuto"},"schema":{"@context":"https:\/\/schema.org","@graph":[{"@type":"WebPage","@id":"https:\/\/hpack.com.br\/loja\/produto\/cruzado-2-litro-cod-1387\/","url":"https:\/\/hpack.com.br\/loja\/produto\/cruzado-2-litro-cod-1387\/","name":"Frasco 2l redondo cristal - c\u00f3d. 1387 - Hpack - Fabrica de Frascos e Embalagens","isPartOf":{"@id":"https:\/\/hpack.com.br\/loja\/#website"},"primaryImageOfPage":{"@id":"https:\/\/hpack.com.br\/loja\/produto\/cruzado-2-litro-cod-1387\/#primaryimage"},"image":{"@id":"https:\/\/hpack.com.br\/loja\/produto\/cruzado-2-litro-cod-1387\/#primaryimage"},"thumbnailUrl":"https:\/\/hpack.com.br\/loja\/wp-content\/uploads\/2025\/04\/2-litro-redondo-listrado-COD-1387.jpg","datePublished":"2025-04-02T01:20:11+00:00","dateModified":"2025-07-31T23:34:08+00:00","breadcrumb":{"@id":"https:\/\/hpack.com.br\/loja\/produto\/cruzado-2-litro-cod-1387\/#breadcrumb"},"inLanguage":"pt-BR","potentialAction":[{"@type":"ReadAction","target":["https:\/\/hpack.com.br\/loja\/produto\/cruzado-2-litro-cod-1387\/"]}]},{"@type":"ImageObject","inLanguage":"pt-BR","@id":"https:\/\/hpack.com.br\/loja\/produto\/cruzado-2-litro-cod-1387\/#primaryimage","url":"https:\/\/hpack.com.br\/loja\/wp-content\/uploads\/2025\/04\/2-litro-redondo-listrado-COD-1387.jpg","contentUrl":"https:\/\/hpack.com.br\/loja\/wp-content\/uploads\/2025\/04\/2-litro-redondo-listrado-COD-1387.jpg","width":1000,"height":1000,"caption":"2 litro redondo listrado COD 1387"},{"@type":"BreadcrumbList","@id":"https:\/\/hpack.com.br\/loja\/produto\/cruzado-2-litro-cod-1387\/#breadcrumb","itemListElement":[{"@type":"ListItem","position":1,"name":"In\u00edcio","item":"https:\/\/hpack.com.br\/loja\/"},{"@type":"ListItem","position":2,"name":"Loja","item":"https:\/\/hpack.com.br\/loja\/loja\/"},{"@type":"ListItem","position":3,"name":"Frasco 2l redondo cristal &#8211; c\u00f3d. 1387"}]},{"@type":"WebSite","@id":"https:\/\/hpack.com.br\/loja\/#website","url":"https:\/\/hpack.com.br\/loja\/","name":"Hpack","description":"Ind\u00fastria e Com\u00e9rcio de Embalagens. Especializados na produ\u00e7\u00e3o de embalagens pl\u00e1sticas PET, PEAD e Frascos para setores de alimentos, cosm\u00e9ticos e farmac\u00eauticos, Agro. Oferecemos solu\u00e7\u00f5es em embalagens pl\u00e1sticas para bebidas, produtos qu\u00edmicos, agr\u00edcolas e mais. Sede em Vera Cruz RS - Vendas para todo o Brasil","publisher":{"@id":"https:\/\/hpack.com.br\/loja\/#organization"},"potentialAction":[{"@type":"SearchAction","target":{"@type":"EntryPoint","urlTemplate":"https:\/\/hpack.com.br\/loja\/?s={search_term_string}"},"query-input":{"@type":"PropertyValueSpecification","valueRequired":true,"valueName":"search_term_string"}}],"inLanguage":"pt-BR"},{"@type":"Organization","@id":"https:\/\/hpack.com.br\/loja\/#organization","name":"HPACK IND\u00daSTRIA E COMERCIO DE EMBALAGENS","url":"https:\/\/hpack.com.br\/loja\/","logo":{"@type":"ImageObject","inLanguage":"pt-BR","@id":"https:\/\/hpack.com.br\/loja\/#\/schema\/logo\/image\/","url":"https:\/\/hpack.com.br\/loja\/wp-content\/uploads\/2025\/03\/Hpack_logo.png","contentUrl":"https:\/\/hpack.com.br\/loja\/wp-content\/uploads\/2025\/03\/Hpack_logo.png","width":220,"height":100,"caption":"HPACK IND\u00daSTRIA E COMERCIO DE EMBALAGENS"},"image":{"@id":"https:\/\/hpack.com.br\/loja\/#\/schema\/logo\/image\/"},"sameAs":["https:\/\/www.facebook.com\/hpackveracruz\/","https:\/\/www.instagram.com\/hpack_veracruz\/","https:\/\/br.linkedin.com\/company\/hpackembalagens"]}]}},"_links":{"self":[{"href":"https:\/\/hpack.com.br\/loja\/wp-json\/wp\/v2\/product\/3436","targetHints":{"allow":["GET"]}}],"collection":[{"href":"https:\/\/hpack.com.br\/loja\/wp-json\/wp\/v2\/product"}],"about":[{"href":"https:\/\/hpack.com.br\/loja\/wp-json\/wp\/v2\/types\/product"}],"version-history":[{"count":0,"href":"https:\/\/hpack.com.br\/loja\/wp-json\/wp\/v2\/product\/3436\/revisions"}],"wp:featuredmedia":[{"embeddable":true,"href":"https:\/\/hpack.com.br\/loja\/wp-json\/wp\/v2\/media\/3437"}],"wp:attachment":[{"href":"https:\/\/hpack.com.br\/loja\/wp-json\/wp\/v2\/media?parent=3436"}],"wp:term":[{"taxonomy":"product_brand","embeddable":true,"href":"https:\/\/hpack.com.br\/loja\/wp-json\/wp\/v2\/product_brand?post=3436"},{"taxonomy":"product_cat","embeddable":true,"href":"https:\/\/hpack.com.br\/loja\/wp-json\/wp\/v2\/product_cat?post=3436"},{"taxonomy":"product_tag","embeddable":true,"href":"https:\/\/hpack.com.br\/loja\/wp-json\/wp\/v2\/product_tag?post=3436"}],"curies":[{"name":"wp","href":"https:\/\/api.w.org\/{rel}","templated":true}]}}