{"id":3460,"date":"2025-04-01T22:30:29","date_gmt":"2025-04-02T01:30:29","guid":{"rendered":"https:\/\/tanolink.com.br\/hpack\/?post_type=product&#038;p=3460"},"modified":"2026-04-23T17:12:55","modified_gmt":"2026-04-23T20:12:55","slug":"frasco-2-litros-pead-verde-cod-1471","status":"publish","type":"product","link":"https:\/\/hpack.com.br\/loja\/produto\/frasco-2-litros-pead-verde-cod-1471\/","title":{"rendered":"Frasco pead 2l verde &#8211; c\u00f3d. 1471"},"content":{"rendered":"<p><strong>Frasco pead 2l verde \u2013 Ideal para \u00e1gua sanit\u00e1ria\u00a0<\/strong><\/p>\n<p data-start=\"270\" data-end=\"541\">O\u00a0<strong data-start=\"335\" data-end=\"367\">Frasco pead verde 2 litros <\/strong>\u00e9 ideal para o envase de \u00e1gua sanit\u00e1ria. Com sua colora\u00e7\u00e3o diferenciada, proporciona um excelente apelo visual nas prateleiras e refor\u00e7a a identidade da sua marca. Fabricado em material altamente resistente e seguro para produtos qu\u00edmicos, esse frasco conta com bocal de 28mm, facilitando a veda\u00e7\u00e3o e o uso com tampas rosque\u00e1veis padr\u00e3o.<\/p>\n<p data-start=\"270\" data-end=\"541\"><strong>Especifica\u00e7\u00f5es do produto:<\/strong><\/p>\n<ul>\n<li><strong data-start=\"871\" data-end=\"886\">Capacidade:<\/strong>\u00a02 litros<\/li>\n<li><strong data-start=\"980\" data-end=\"989\">Peso:<\/strong>\u00a075g<\/li>\n<li><strong data-start=\"1001\" data-end=\"1011\">Bocal:<\/strong> 28mm<\/li>\n<li><strong data-start=\"1055\" data-end=\"1073\">Pedido m\u00ednimo:<\/strong> 55 unidades<\/li>\n<\/ul>\n<p data-start=\"1344\" data-end=\"1429\"><strong data-start=\"1347\" data-end=\"1429\">Agregue valor ao seu produto com uma embalagem de qualidade e visual marcante!<\/strong><\/p>\n","protected":false},"excerpt":{"rendered":"<ul>\n<li><strong>Frasco:\u00a0<\/strong>Valor unit\u00e1rio: R$2,00<\/li>\n<li><strong>Tampa:\u00a0<\/strong>Valor unit\u00e1rio: R$ 0,20<\/li>\n<li><strong>Bocal:<\/strong> 28 mm<\/li>\n<li><strong>Pedido m\u00ednimo: <\/strong>50 unidades<\/li>\n<\/ul>\n","protected":false},"featured_media":3461,"template":"","meta":{"_acf_changed":false},"product_brand":[358],"product_cat":[47],"product_tag":[381,385,383,340,382,373,387,380,386,379,384,326],"class_list":{"0":"post-3460","1":"product","2":"type-product","3":"status-publish","4":"has-post-thumbnail","6":"product_brand-hpack-embalagens-plasticas","7":"product_cat-limpeza","8":"product_tag-embalagem-para-produtos-quimicos","9":"product_tag-embalagem-segura-para-saneantes","10":"product_tag-embalagem-verde-2l","11":"product_tag-frasco-2-litros","12":"product_tag-frasco-2l-limpeza","13":"product_tag-frasco-bocal-28mm","14":"product_tag-frasco-higienico-para-limpeza","15":"product_tag-frasco-para-agua-sanitaria","16":"product_tag-frasco-para-cloro","17":"product_tag-frasco-pead-verde","18":"product_tag-frasco-plastico-industrial","19":"product_tag-frasco-resistente","21":"first","22":"instock","23":"shipping-taxable","24":"purchasable","25":"product-type-variable"},"acf":[],"yoast_head":"<!-- This site is optimized with the Yoast SEO plugin v27.4 - https:\/\/yoast.com\/product\/yoast-seo-wordpress\/ -->\n<title>Frasco 2L PEAD Verde - Ideal para \u00c1gua Sanit\u00e1ria<\/title>\n<meta name=\"description\" content=\"Frasco 2 litros em PEAD verde, ideal para \u00e1gua sanit\u00e1ria. Material resistente a produtos qu\u00edmicos, veda\u00e7\u00e3o eficiente e apelo visual nas prateleiras.\" \/>\n<meta name=\"robots\" content=\"index, follow, max-snippet:-1, max-image-preview:large, max-video-preview:-1\" \/>\n<link rel=\"canonical\" href=\"https:\/\/hpack.com.br\/loja\/produto\/frasco-2-litros-pead-verde-cod-1471\/\" \/>\n<meta property=\"og:locale\" content=\"pt_BR\" \/>\n<meta property=\"og:type\" content=\"article\" \/>\n<meta property=\"og:title\" content=\"Frasco 2L PEAD Verde - Ideal para \u00c1gua Sanit\u00e1ria\" \/>\n<meta property=\"og:description\" content=\"Frasco 2 litros em PEAD verde, ideal para \u00e1gua sanit\u00e1ria. Material resistente a produtos qu\u00edmicos, veda\u00e7\u00e3o eficiente e apelo visual nas prateleiras.\" \/>\n<meta property=\"og:url\" content=\"https:\/\/hpack.com.br\/loja\/produto\/frasco-2-litros-pead-verde-cod-1471\/\" \/>\n<meta property=\"og:site_name\" content=\"Hpack - Fabrica de Frascos e Embalagens\" \/>\n<meta property=\"article:publisher\" content=\"https:\/\/www.facebook.com\/hpackveracruz\/\" \/>\n<meta property=\"article:modified_time\" content=\"2026-04-23T20:12:55+00:00\" \/>\n<meta property=\"og:image\" content=\"https:\/\/hpack.com.br\/loja\/wp-content\/uploads\/2025\/04\/Frasco-2-litros-PEAD-verde-Cod-1471.jpg\" \/>\n\t<meta property=\"og:image:width\" content=\"1000\" \/>\n\t<meta property=\"og:image:height\" content=\"1000\" \/>\n\t<meta property=\"og:image:type\" content=\"image\/jpeg\" \/>\n<meta name=\"twitter:card\" content=\"summary_large_image\" \/>\n<meta name=\"twitter:label1\" content=\"Est. tempo de leitura\" \/>\n\t<meta name=\"twitter:data1\" content=\"1 minuto\" \/>\n<script type=\"application\/ld+json\" class=\"yoast-schema-graph\">{\"@context\":\"https:\\\/\\\/schema.org\",\"@graph\":[{\"@type\":\"WebPage\",\"@id\":\"https:\\\/\\\/hpack.com.br\\\/loja\\\/produto\\\/frasco-2-litros-pead-verde-cod-1471\\\/\",\"url\":\"https:\\\/\\\/hpack.com.br\\\/loja\\\/produto\\\/frasco-2-litros-pead-verde-cod-1471\\\/\",\"name\":\"Frasco 2L PEAD Verde - Ideal para \u00c1gua Sanit\u00e1ria\",\"isPartOf\":{\"@id\":\"https:\\\/\\\/hpack.com.br\\\/loja\\\/#website\"},\"primaryImageOfPage\":{\"@id\":\"https:\\\/\\\/hpack.com.br\\\/loja\\\/produto\\\/frasco-2-litros-pead-verde-cod-1471\\\/#primaryimage\"},\"image\":{\"@id\":\"https:\\\/\\\/hpack.com.br\\\/loja\\\/produto\\\/frasco-2-litros-pead-verde-cod-1471\\\/#primaryimage\"},\"thumbnailUrl\":\"https:\\\/\\\/hpack.com.br\\\/loja\\\/wp-content\\\/uploads\\\/2025\\\/04\\\/Frasco-2-litros-PEAD-verde-Cod-1471.jpg\",\"datePublished\":\"2025-04-02T01:30:29+00:00\",\"dateModified\":\"2026-04-23T20:12:55+00:00\",\"description\":\"Frasco 2 litros em PEAD verde, ideal para \u00e1gua sanit\u00e1ria. Material resistente a produtos qu\u00edmicos, veda\u00e7\u00e3o eficiente e apelo visual nas prateleiras.\",\"breadcrumb\":{\"@id\":\"https:\\\/\\\/hpack.com.br\\\/loja\\\/produto\\\/frasco-2-litros-pead-verde-cod-1471\\\/#breadcrumb\"},\"inLanguage\":\"pt-BR\",\"potentialAction\":[{\"@type\":\"ReadAction\",\"target\":[\"https:\\\/\\\/hpack.com.br\\\/loja\\\/produto\\\/frasco-2-litros-pead-verde-cod-1471\\\/\"]}]},{\"@type\":\"ImageObject\",\"inLanguage\":\"pt-BR\",\"@id\":\"https:\\\/\\\/hpack.com.br\\\/loja\\\/produto\\\/frasco-2-litros-pead-verde-cod-1471\\\/#primaryimage\",\"url\":\"https:\\\/\\\/hpack.com.br\\\/loja\\\/wp-content\\\/uploads\\\/2025\\\/04\\\/Frasco-2-litros-PEAD-verde-Cod-1471.jpg\",\"contentUrl\":\"https:\\\/\\\/hpack.com.br\\\/loja\\\/wp-content\\\/uploads\\\/2025\\\/04\\\/Frasco-2-litros-PEAD-verde-Cod-1471.jpg\",\"width\":1000,\"height\":1000,\"caption\":\"Frasco 2 litros PEAD verde Cod 1471\"},{\"@type\":\"BreadcrumbList\",\"@id\":\"https:\\\/\\\/hpack.com.br\\\/loja\\\/produto\\\/frasco-2-litros-pead-verde-cod-1471\\\/#breadcrumb\",\"itemListElement\":[{\"@type\":\"ListItem\",\"position\":1,\"name\":\"In\u00edcio\",\"item\":\"https:\\\/\\\/hpack.com.br\\\/loja\\\/\"},{\"@type\":\"ListItem\",\"position\":2,\"name\":\"Loja\",\"item\":\"https:\\\/\\\/hpack.com.br\\\/loja\\\/loja\\\/\"},{\"@type\":\"ListItem\",\"position\":3,\"name\":\"Frasco pead 2l verde &#8211; c\u00f3d. 1471\"}]},{\"@type\":\"WebSite\",\"@id\":\"https:\\\/\\\/hpack.com.br\\\/loja\\\/#website\",\"url\":\"https:\\\/\\\/hpack.com.br\\\/loja\\\/\",\"name\":\"Hpack\",\"description\":\"Ind\u00fastria e Com\u00e9rcio de Embalagens. Especializados na produ\u00e7\u00e3o de embalagens pl\u00e1sticas PET, PEAD e Frascos para setores de alimentos, cosm\u00e9ticos e farmac\u00eauticos, Agro. Oferecemos solu\u00e7\u00f5es em embalagens pl\u00e1sticas para bebidas, produtos qu\u00edmicos, agr\u00edcolas e mais. Sede em Vera Cruz RS - Vendas para todo o Brasil\",\"publisher\":{\"@id\":\"https:\\\/\\\/hpack.com.br\\\/loja\\\/#organization\"},\"potentialAction\":[{\"@type\":\"SearchAction\",\"target\":{\"@type\":\"EntryPoint\",\"urlTemplate\":\"https:\\\/\\\/hpack.com.br\\\/loja\\\/?s={search_term_string}\"},\"query-input\":{\"@type\":\"PropertyValueSpecification\",\"valueRequired\":true,\"valueName\":\"search_term_string\"}}],\"inLanguage\":\"pt-BR\"},{\"@type\":\"Organization\",\"@id\":\"https:\\\/\\\/hpack.com.br\\\/loja\\\/#organization\",\"name\":\"HPACK IND\u00daSTRIA E COMERCIO DE EMBALAGENS\",\"url\":\"https:\\\/\\\/hpack.com.br\\\/loja\\\/\",\"logo\":{\"@type\":\"ImageObject\",\"inLanguage\":\"pt-BR\",\"@id\":\"https:\\\/\\\/hpack.com.br\\\/loja\\\/#\\\/schema\\\/logo\\\/image\\\/\",\"url\":\"https:\\\/\\\/hpack.com.br\\\/loja\\\/wp-content\\\/uploads\\\/2025\\\/03\\\/Hpack_logo.png\",\"contentUrl\":\"https:\\\/\\\/hpack.com.br\\\/loja\\\/wp-content\\\/uploads\\\/2025\\\/03\\\/Hpack_logo.png\",\"width\":220,\"height\":100,\"caption\":\"HPACK IND\u00daSTRIA E COMERCIO DE EMBALAGENS\"},\"image\":{\"@id\":\"https:\\\/\\\/hpack.com.br\\\/loja\\\/#\\\/schema\\\/logo\\\/image\\\/\"},\"sameAs\":[\"https:\\\/\\\/www.facebook.com\\\/hpackveracruz\\\/\",\"https:\\\/\\\/www.instagram.com\\\/hpack_veracruz\\\/\",\"https:\\\/\\\/br.linkedin.com\\\/company\\\/hpackembalagens\"]}]}<\/script>\n<!-- \/ Yoast SEO plugin. -->","yoast_head_json":{"title":"Frasco 2L PEAD Verde - Ideal para \u00c1gua Sanit\u00e1ria","description":"Frasco 2 litros em PEAD verde, ideal para \u00e1gua sanit\u00e1ria. Material resistente a produtos qu\u00edmicos, veda\u00e7\u00e3o eficiente e apelo visual nas prateleiras.","robots":{"index":"index","follow":"follow","max-snippet":"max-snippet:-1","max-image-preview":"max-image-preview:large","max-video-preview":"max-video-preview:-1"},"canonical":"https:\/\/hpack.com.br\/loja\/produto\/frasco-2-litros-pead-verde-cod-1471\/","og_locale":"pt_BR","og_type":"article","og_title":"Frasco 2L PEAD Verde - Ideal para \u00c1gua Sanit\u00e1ria","og_description":"Frasco 2 litros em PEAD verde, ideal para \u00e1gua sanit\u00e1ria. Material resistente a produtos qu\u00edmicos, veda\u00e7\u00e3o eficiente e apelo visual nas prateleiras.","og_url":"https:\/\/hpack.com.br\/loja\/produto\/frasco-2-litros-pead-verde-cod-1471\/","og_site_name":"Hpack - Fabrica de Frascos e Embalagens","article_publisher":"https:\/\/www.facebook.com\/hpackveracruz\/","article_modified_time":"2026-04-23T20:12:55+00:00","og_image":[{"width":1000,"height":1000,"url":"https:\/\/hpack.com.br\/loja\/wp-content\/uploads\/2025\/04\/Frasco-2-litros-PEAD-verde-Cod-1471.jpg","type":"image\/jpeg"}],"twitter_card":"summary_large_image","twitter_misc":{"Est. tempo de leitura":"1 minuto"},"schema":{"@context":"https:\/\/schema.org","@graph":[{"@type":"WebPage","@id":"https:\/\/hpack.com.br\/loja\/produto\/frasco-2-litros-pead-verde-cod-1471\/","url":"https:\/\/hpack.com.br\/loja\/produto\/frasco-2-litros-pead-verde-cod-1471\/","name":"Frasco 2L PEAD Verde - Ideal para \u00c1gua Sanit\u00e1ria","isPartOf":{"@id":"https:\/\/hpack.com.br\/loja\/#website"},"primaryImageOfPage":{"@id":"https:\/\/hpack.com.br\/loja\/produto\/frasco-2-litros-pead-verde-cod-1471\/#primaryimage"},"image":{"@id":"https:\/\/hpack.com.br\/loja\/produto\/frasco-2-litros-pead-verde-cod-1471\/#primaryimage"},"thumbnailUrl":"https:\/\/hpack.com.br\/loja\/wp-content\/uploads\/2025\/04\/Frasco-2-litros-PEAD-verde-Cod-1471.jpg","datePublished":"2025-04-02T01:30:29+00:00","dateModified":"2026-04-23T20:12:55+00:00","description":"Frasco 2 litros em PEAD verde, ideal para \u00e1gua sanit\u00e1ria. Material resistente a produtos qu\u00edmicos, veda\u00e7\u00e3o eficiente e apelo visual nas prateleiras.","breadcrumb":{"@id":"https:\/\/hpack.com.br\/loja\/produto\/frasco-2-litros-pead-verde-cod-1471\/#breadcrumb"},"inLanguage":"pt-BR","potentialAction":[{"@type":"ReadAction","target":["https:\/\/hpack.com.br\/loja\/produto\/frasco-2-litros-pead-verde-cod-1471\/"]}]},{"@type":"ImageObject","inLanguage":"pt-BR","@id":"https:\/\/hpack.com.br\/loja\/produto\/frasco-2-litros-pead-verde-cod-1471\/#primaryimage","url":"https:\/\/hpack.com.br\/loja\/wp-content\/uploads\/2025\/04\/Frasco-2-litros-PEAD-verde-Cod-1471.jpg","contentUrl":"https:\/\/hpack.com.br\/loja\/wp-content\/uploads\/2025\/04\/Frasco-2-litros-PEAD-verde-Cod-1471.jpg","width":1000,"height":1000,"caption":"Frasco 2 litros PEAD verde Cod 1471"},{"@type":"BreadcrumbList","@id":"https:\/\/hpack.com.br\/loja\/produto\/frasco-2-litros-pead-verde-cod-1471\/#breadcrumb","itemListElement":[{"@type":"ListItem","position":1,"name":"In\u00edcio","item":"https:\/\/hpack.com.br\/loja\/"},{"@type":"ListItem","position":2,"name":"Loja","item":"https:\/\/hpack.com.br\/loja\/loja\/"},{"@type":"ListItem","position":3,"name":"Frasco pead 2l verde &#8211; c\u00f3d. 1471"}]},{"@type":"WebSite","@id":"https:\/\/hpack.com.br\/loja\/#website","url":"https:\/\/hpack.com.br\/loja\/","name":"Hpack","description":"Ind\u00fastria e Com\u00e9rcio de Embalagens. Especializados na produ\u00e7\u00e3o de embalagens pl\u00e1sticas PET, PEAD e Frascos para setores de alimentos, cosm\u00e9ticos e farmac\u00eauticos, Agro. Oferecemos solu\u00e7\u00f5es em embalagens pl\u00e1sticas para bebidas, produtos qu\u00edmicos, agr\u00edcolas e mais. Sede em Vera Cruz RS - Vendas para todo o Brasil","publisher":{"@id":"https:\/\/hpack.com.br\/loja\/#organization"},"potentialAction":[{"@type":"SearchAction","target":{"@type":"EntryPoint","urlTemplate":"https:\/\/hpack.com.br\/loja\/?s={search_term_string}"},"query-input":{"@type":"PropertyValueSpecification","valueRequired":true,"valueName":"search_term_string"}}],"inLanguage":"pt-BR"},{"@type":"Organization","@id":"https:\/\/hpack.com.br\/loja\/#organization","name":"HPACK IND\u00daSTRIA E COMERCIO DE EMBALAGENS","url":"https:\/\/hpack.com.br\/loja\/","logo":{"@type":"ImageObject","inLanguage":"pt-BR","@id":"https:\/\/hpack.com.br\/loja\/#\/schema\/logo\/image\/","url":"https:\/\/hpack.com.br\/loja\/wp-content\/uploads\/2025\/03\/Hpack_logo.png","contentUrl":"https:\/\/hpack.com.br\/loja\/wp-content\/uploads\/2025\/03\/Hpack_logo.png","width":220,"height":100,"caption":"HPACK IND\u00daSTRIA E COMERCIO DE EMBALAGENS"},"image":{"@id":"https:\/\/hpack.com.br\/loja\/#\/schema\/logo\/image\/"},"sameAs":["https:\/\/www.facebook.com\/hpackveracruz\/","https:\/\/www.instagram.com\/hpack_veracruz\/","https:\/\/br.linkedin.com\/company\/hpackembalagens"]}]}},"_links":{"self":[{"href":"https:\/\/hpack.com.br\/loja\/wp-json\/wp\/v2\/product\/3460","targetHints":{"allow":["GET"]}}],"collection":[{"href":"https:\/\/hpack.com.br\/loja\/wp-json\/wp\/v2\/product"}],"about":[{"href":"https:\/\/hpack.com.br\/loja\/wp-json\/wp\/v2\/types\/product"}],"version-history":[{"count":2,"href":"https:\/\/hpack.com.br\/loja\/wp-json\/wp\/v2\/product\/3460\/revisions"}],"predecessor-version":[{"id":6203,"href":"https:\/\/hpack.com.br\/loja\/wp-json\/wp\/v2\/product\/3460\/revisions\/6203"}],"wp:featuredmedia":[{"embeddable":true,"href":"https:\/\/hpack.com.br\/loja\/wp-json\/wp\/v2\/media\/3461"}],"wp:attachment":[{"href":"https:\/\/hpack.com.br\/loja\/wp-json\/wp\/v2\/media?parent=3460"}],"wp:term":[{"taxonomy":"product_brand","embeddable":true,"href":"https:\/\/hpack.com.br\/loja\/wp-json\/wp\/v2\/product_brand?post=3460"},{"taxonomy":"product_cat","embeddable":true,"href":"https:\/\/hpack.com.br\/loja\/wp-json\/wp\/v2\/product_cat?post=3460"},{"taxonomy":"product_tag","embeddable":true,"href":"https:\/\/hpack.com.br\/loja\/wp-json\/wp\/v2\/product_tag?post=3460"}],"curies":[{"name":"wp","href":"https:\/\/api.w.org\/{rel}","templated":true}]}}