{"id":3475,"date":"2025-04-01T22:35:17","date_gmt":"2025-04-02T01:35:17","guid":{"rendered":"https:\/\/tanolink.com.br\/hpack\/?post_type=product&#038;p=3475"},"modified":"2026-04-23T17:46:17","modified_gmt":"2026-04-23T20:46:17","slug":"frasco-amaciante-500ml-pead-multiuso-cod-135","status":"publish","type":"product","link":"https:\/\/hpack.com.br\/loja\/produto\/frasco-amaciante-500ml-pead-multiuso-cod-135\/","title":{"rendered":"Frasco pead 500ml amaciante &#8211; c\u00f3d. 135"},"content":{"rendered":"<h3 data-start=\"166\" data-end=\"264\"><strong data-start=\"173\" data-end=\"262\">Frasco 500ml amaciante pead branco \u2013 Embalagem profissional para linha de amaciantes de roupa<\/strong><\/h3>\n<p data-start=\"285\" data-end=\"657\">O\u00a0<strong data-start=\"287\" data-end=\"315\">Frasco 500ml amaciante pead branco <\/strong>\u00e9 a solu\u00e7\u00e3o ideal para empresas que buscam embalagens confi\u00e1veis, higi\u00eanicas e com excelente custo-benef\u00edcio. Seu formato e material em <strong data-start=\"501\" data-end=\"522\">pead branco\u00a0<\/strong>garantem resist\u00eancia e prote\u00e7\u00e3o, ideal para preservar a integridade dos produtos. O bocal de 38mm facilita o envase e a aplica\u00e7\u00e3o, sendo compat\u00edvel com tampas dosadoras, oferecendo versatilidade conforme a necessidade do seu produto.<\/p>\n<p data-start=\"285\" data-end=\"657\"><strong>Especifica\u00e7\u00f5es do produto:<\/strong><\/p>\n<ul>\n<li><strong>Capacidade:<\/strong> 500ml<\/li>\n<li><strong>Peso:<\/strong> 42g<\/li>\n<li><strong>Bocal:<\/strong> 38mm<\/li>\n<li><strong>Pedido m\u00ednimo:<\/strong> 130 unidades<\/li>\n<\/ul>\n","protected":false},"excerpt":{"rendered":"<ul>\n<li><strong>Frasco:\u00a0<\/strong>Valor unit\u00e1rio: R$ 2,20<\/li>\n<li><strong>Tampa:\u00a0<\/strong>Valor unit\u00e1rio: R$ 0,35<\/li>\n<li><strong>Bocal:<\/strong> 38 mm<\/li>\n<li><strong>Pedido m\u00ednimo: <\/strong>130 unidades<\/li>\n<\/ul>\n","protected":false},"featured_media":4868,"template":"","meta":{"_acf_changed":false},"product_brand":[358],"product_cat":[47],"product_tag":[434,308,151,430,429,435,431,432,417,433,414,326],"class_list":{"0":"post-3475","1":"product","2":"type-product","3":"status-publish","4":"has-post-thumbnail","6":"product_brand-hpack-embalagens-plasticas","7":"product_cat-limpeza","8":"product_tag-embalagem-economica","9":"product_tag-embalagem-para-produtos-de-limpeza","10":"product_tag-frasco-500ml","11":"product_tag-frasco-bocal-38mm","12":"product_tag-frasco-para-amaciante","13":"product_tag-frasco-para-amaciante-concentrado","14":"product_tag-frasco-para-cuidados-com-roupas","15":"product_tag-frasco-para-linha-domestica","16":"product_tag-frasco-para-saneantes","17":"product_tag-frasco-para-tampas-dosadoras","18":"product_tag-frasco-pead-branco","19":"product_tag-frasco-resistente","21":"first","22":"instock","23":"shipping-taxable","24":"purchasable","25":"product-type-variable"},"acf":[],"yoast_head":"<!-- This site is optimized with the Yoast SEO plugin v27.4 - https:\/\/yoast.com\/product\/yoast-seo-wordpress\/ -->\n<title>Frasco 500ml PEAD Branco - Ideal para Amaciantes de Roupa<\/title>\n<meta name=\"description\" content=\"Frasco 500ml em PEAD branco com bocal 38mm, ideal para amaciantes. Embalagem resistente, higi\u00eanica e compat\u00edvel com tampas dosadoras. \u00d3timo custo-benef\u00edcio!\" \/>\n<meta name=\"robots\" content=\"index, follow, max-snippet:-1, max-image-preview:large, max-video-preview:-1\" \/>\n<link rel=\"canonical\" href=\"https:\/\/hpack.com.br\/loja\/produto\/frasco-amaciante-500ml-pead-multiuso-cod-135\/\" \/>\n<meta property=\"og:locale\" content=\"pt_BR\" \/>\n<meta property=\"og:type\" content=\"article\" \/>\n<meta property=\"og:title\" content=\"Frasco 500ml PEAD Branco - Ideal para Amaciantes de Roupa\" \/>\n<meta property=\"og:description\" content=\"Frasco 500ml em PEAD branco com bocal 38mm, ideal para amaciantes. Embalagem resistente, higi\u00eanica e compat\u00edvel com tampas dosadoras. \u00d3timo custo-benef\u00edcio!\" \/>\n<meta property=\"og:url\" content=\"https:\/\/hpack.com.br\/loja\/produto\/frasco-amaciante-500ml-pead-multiuso-cod-135\/\" \/>\n<meta property=\"og:site_name\" content=\"Hpack - Fabrica de Frascos e Embalagens\" \/>\n<meta property=\"article:publisher\" content=\"https:\/\/www.facebook.com\/hpackveracruz\/\" \/>\n<meta property=\"article:modified_time\" content=\"2026-04-23T20:46:17+00:00\" \/>\n<meta property=\"og:image\" content=\"https:\/\/hpack.com.br\/loja\/wp-content\/uploads\/2025\/04\/frasco-500-ml-amaciante.png\" \/>\n\t<meta property=\"og:image:width\" content=\"1080\" \/>\n\t<meta property=\"og:image:height\" content=\"1350\" \/>\n\t<meta property=\"og:image:type\" content=\"image\/png\" \/>\n<meta name=\"twitter:card\" content=\"summary_large_image\" \/>\n<meta name=\"twitter:label1\" content=\"Est. tempo de leitura\" \/>\n\t<meta name=\"twitter:data1\" content=\"1 minuto\" \/>\n<script type=\"application\/ld+json\" class=\"yoast-schema-graph\">{\"@context\":\"https:\\\/\\\/schema.org\",\"@graph\":[{\"@type\":\"WebPage\",\"@id\":\"https:\\\/\\\/hpack.com.br\\\/loja\\\/produto\\\/frasco-amaciante-500ml-pead-multiuso-cod-135\\\/\",\"url\":\"https:\\\/\\\/hpack.com.br\\\/loja\\\/produto\\\/frasco-amaciante-500ml-pead-multiuso-cod-135\\\/\",\"name\":\"Frasco 500ml PEAD Branco - Ideal para Amaciantes de Roupa\",\"isPartOf\":{\"@id\":\"https:\\\/\\\/hpack.com.br\\\/loja\\\/#website\"},\"primaryImageOfPage\":{\"@id\":\"https:\\\/\\\/hpack.com.br\\\/loja\\\/produto\\\/frasco-amaciante-500ml-pead-multiuso-cod-135\\\/#primaryimage\"},\"image\":{\"@id\":\"https:\\\/\\\/hpack.com.br\\\/loja\\\/produto\\\/frasco-amaciante-500ml-pead-multiuso-cod-135\\\/#primaryimage\"},\"thumbnailUrl\":\"https:\\\/\\\/hpack.com.br\\\/loja\\\/wp-content\\\/uploads\\\/2025\\\/04\\\/frasco-500-ml-amaciante.png\",\"datePublished\":\"2025-04-02T01:35:17+00:00\",\"dateModified\":\"2026-04-23T20:46:17+00:00\",\"description\":\"Frasco 500ml em PEAD branco com bocal 38mm, ideal para amaciantes. Embalagem resistente, higi\u00eanica e compat\u00edvel com tampas dosadoras. \u00d3timo custo-benef\u00edcio!\",\"breadcrumb\":{\"@id\":\"https:\\\/\\\/hpack.com.br\\\/loja\\\/produto\\\/frasco-amaciante-500ml-pead-multiuso-cod-135\\\/#breadcrumb\"},\"inLanguage\":\"pt-BR\",\"potentialAction\":[{\"@type\":\"ReadAction\",\"target\":[\"https:\\\/\\\/hpack.com.br\\\/loja\\\/produto\\\/frasco-amaciante-500ml-pead-multiuso-cod-135\\\/\"]}]},{\"@type\":\"ImageObject\",\"inLanguage\":\"pt-BR\",\"@id\":\"https:\\\/\\\/hpack.com.br\\\/loja\\\/produto\\\/frasco-amaciante-500ml-pead-multiuso-cod-135\\\/#primaryimage\",\"url\":\"https:\\\/\\\/hpack.com.br\\\/loja\\\/wp-content\\\/uploads\\\/2025\\\/04\\\/frasco-500-ml-amaciante.png\",\"contentUrl\":\"https:\\\/\\\/hpack.com.br\\\/loja\\\/wp-content\\\/uploads\\\/2025\\\/04\\\/frasco-500-ml-amaciante.png\",\"width\":1080,\"height\":1350},{\"@type\":\"BreadcrumbList\",\"@id\":\"https:\\\/\\\/hpack.com.br\\\/loja\\\/produto\\\/frasco-amaciante-500ml-pead-multiuso-cod-135\\\/#breadcrumb\",\"itemListElement\":[{\"@type\":\"ListItem\",\"position\":1,\"name\":\"In\u00edcio\",\"item\":\"https:\\\/\\\/hpack.com.br\\\/loja\\\/\"},{\"@type\":\"ListItem\",\"position\":2,\"name\":\"Loja\",\"item\":\"https:\\\/\\\/hpack.com.br\\\/loja\\\/loja\\\/\"},{\"@type\":\"ListItem\",\"position\":3,\"name\":\"Frasco pead 500ml amaciante &#8211; c\u00f3d. 135\"}]},{\"@type\":\"WebSite\",\"@id\":\"https:\\\/\\\/hpack.com.br\\\/loja\\\/#website\",\"url\":\"https:\\\/\\\/hpack.com.br\\\/loja\\\/\",\"name\":\"Hpack\",\"description\":\"Ind\u00fastria e Com\u00e9rcio de Embalagens. Especializados na produ\u00e7\u00e3o de embalagens pl\u00e1sticas PET, PEAD e Frascos para setores de alimentos, cosm\u00e9ticos e farmac\u00eauticos, Agro. Oferecemos solu\u00e7\u00f5es em embalagens pl\u00e1sticas para bebidas, produtos qu\u00edmicos, agr\u00edcolas e mais. Sede em Vera Cruz RS - Vendas para todo o Brasil\",\"publisher\":{\"@id\":\"https:\\\/\\\/hpack.com.br\\\/loja\\\/#organization\"},\"potentialAction\":[{\"@type\":\"SearchAction\",\"target\":{\"@type\":\"EntryPoint\",\"urlTemplate\":\"https:\\\/\\\/hpack.com.br\\\/loja\\\/?s={search_term_string}\"},\"query-input\":{\"@type\":\"PropertyValueSpecification\",\"valueRequired\":true,\"valueName\":\"search_term_string\"}}],\"inLanguage\":\"pt-BR\"},{\"@type\":\"Organization\",\"@id\":\"https:\\\/\\\/hpack.com.br\\\/loja\\\/#organization\",\"name\":\"HPACK IND\u00daSTRIA E COMERCIO DE EMBALAGENS\",\"url\":\"https:\\\/\\\/hpack.com.br\\\/loja\\\/\",\"logo\":{\"@type\":\"ImageObject\",\"inLanguage\":\"pt-BR\",\"@id\":\"https:\\\/\\\/hpack.com.br\\\/loja\\\/#\\\/schema\\\/logo\\\/image\\\/\",\"url\":\"https:\\\/\\\/hpack.com.br\\\/loja\\\/wp-content\\\/uploads\\\/2025\\\/03\\\/Hpack_logo.png\",\"contentUrl\":\"https:\\\/\\\/hpack.com.br\\\/loja\\\/wp-content\\\/uploads\\\/2025\\\/03\\\/Hpack_logo.png\",\"width\":220,\"height\":100,\"caption\":\"HPACK IND\u00daSTRIA E COMERCIO DE EMBALAGENS\"},\"image\":{\"@id\":\"https:\\\/\\\/hpack.com.br\\\/loja\\\/#\\\/schema\\\/logo\\\/image\\\/\"},\"sameAs\":[\"https:\\\/\\\/www.facebook.com\\\/hpackveracruz\\\/\",\"https:\\\/\\\/www.instagram.com\\\/hpack_veracruz\\\/\",\"https:\\\/\\\/br.linkedin.com\\\/company\\\/hpackembalagens\"]}]}<\/script>\n<!-- \/ Yoast SEO plugin. -->","yoast_head_json":{"title":"Frasco 500ml PEAD Branco - Ideal para Amaciantes de Roupa","description":"Frasco 500ml em PEAD branco com bocal 38mm, ideal para amaciantes. Embalagem resistente, higi\u00eanica e compat\u00edvel com tampas dosadoras. \u00d3timo custo-benef\u00edcio!","robots":{"index":"index","follow":"follow","max-snippet":"max-snippet:-1","max-image-preview":"max-image-preview:large","max-video-preview":"max-video-preview:-1"},"canonical":"https:\/\/hpack.com.br\/loja\/produto\/frasco-amaciante-500ml-pead-multiuso-cod-135\/","og_locale":"pt_BR","og_type":"article","og_title":"Frasco 500ml PEAD Branco - Ideal para Amaciantes de Roupa","og_description":"Frasco 500ml em PEAD branco com bocal 38mm, ideal para amaciantes. Embalagem resistente, higi\u00eanica e compat\u00edvel com tampas dosadoras. \u00d3timo custo-benef\u00edcio!","og_url":"https:\/\/hpack.com.br\/loja\/produto\/frasco-amaciante-500ml-pead-multiuso-cod-135\/","og_site_name":"Hpack - Fabrica de Frascos e Embalagens","article_publisher":"https:\/\/www.facebook.com\/hpackveracruz\/","article_modified_time":"2026-04-23T20:46:17+00:00","og_image":[{"width":1080,"height":1350,"url":"https:\/\/hpack.com.br\/loja\/wp-content\/uploads\/2025\/04\/frasco-500-ml-amaciante.png","type":"image\/png"}],"twitter_card":"summary_large_image","twitter_misc":{"Est. tempo de leitura":"1 minuto"},"schema":{"@context":"https:\/\/schema.org","@graph":[{"@type":"WebPage","@id":"https:\/\/hpack.com.br\/loja\/produto\/frasco-amaciante-500ml-pead-multiuso-cod-135\/","url":"https:\/\/hpack.com.br\/loja\/produto\/frasco-amaciante-500ml-pead-multiuso-cod-135\/","name":"Frasco 500ml PEAD Branco - Ideal para Amaciantes de Roupa","isPartOf":{"@id":"https:\/\/hpack.com.br\/loja\/#website"},"primaryImageOfPage":{"@id":"https:\/\/hpack.com.br\/loja\/produto\/frasco-amaciante-500ml-pead-multiuso-cod-135\/#primaryimage"},"image":{"@id":"https:\/\/hpack.com.br\/loja\/produto\/frasco-amaciante-500ml-pead-multiuso-cod-135\/#primaryimage"},"thumbnailUrl":"https:\/\/hpack.com.br\/loja\/wp-content\/uploads\/2025\/04\/frasco-500-ml-amaciante.png","datePublished":"2025-04-02T01:35:17+00:00","dateModified":"2026-04-23T20:46:17+00:00","description":"Frasco 500ml em PEAD branco com bocal 38mm, ideal para amaciantes. Embalagem resistente, higi\u00eanica e compat\u00edvel com tampas dosadoras. \u00d3timo custo-benef\u00edcio!","breadcrumb":{"@id":"https:\/\/hpack.com.br\/loja\/produto\/frasco-amaciante-500ml-pead-multiuso-cod-135\/#breadcrumb"},"inLanguage":"pt-BR","potentialAction":[{"@type":"ReadAction","target":["https:\/\/hpack.com.br\/loja\/produto\/frasco-amaciante-500ml-pead-multiuso-cod-135\/"]}]},{"@type":"ImageObject","inLanguage":"pt-BR","@id":"https:\/\/hpack.com.br\/loja\/produto\/frasco-amaciante-500ml-pead-multiuso-cod-135\/#primaryimage","url":"https:\/\/hpack.com.br\/loja\/wp-content\/uploads\/2025\/04\/frasco-500-ml-amaciante.png","contentUrl":"https:\/\/hpack.com.br\/loja\/wp-content\/uploads\/2025\/04\/frasco-500-ml-amaciante.png","width":1080,"height":1350},{"@type":"BreadcrumbList","@id":"https:\/\/hpack.com.br\/loja\/produto\/frasco-amaciante-500ml-pead-multiuso-cod-135\/#breadcrumb","itemListElement":[{"@type":"ListItem","position":1,"name":"In\u00edcio","item":"https:\/\/hpack.com.br\/loja\/"},{"@type":"ListItem","position":2,"name":"Loja","item":"https:\/\/hpack.com.br\/loja\/loja\/"},{"@type":"ListItem","position":3,"name":"Frasco pead 500ml amaciante &#8211; c\u00f3d. 135"}]},{"@type":"WebSite","@id":"https:\/\/hpack.com.br\/loja\/#website","url":"https:\/\/hpack.com.br\/loja\/","name":"Hpack","description":"Ind\u00fastria e Com\u00e9rcio de Embalagens. Especializados na produ\u00e7\u00e3o de embalagens pl\u00e1sticas PET, PEAD e Frascos para setores de alimentos, cosm\u00e9ticos e farmac\u00eauticos, Agro. Oferecemos solu\u00e7\u00f5es em embalagens pl\u00e1sticas para bebidas, produtos qu\u00edmicos, agr\u00edcolas e mais. Sede em Vera Cruz RS - Vendas para todo o Brasil","publisher":{"@id":"https:\/\/hpack.com.br\/loja\/#organization"},"potentialAction":[{"@type":"SearchAction","target":{"@type":"EntryPoint","urlTemplate":"https:\/\/hpack.com.br\/loja\/?s={search_term_string}"},"query-input":{"@type":"PropertyValueSpecification","valueRequired":true,"valueName":"search_term_string"}}],"inLanguage":"pt-BR"},{"@type":"Organization","@id":"https:\/\/hpack.com.br\/loja\/#organization","name":"HPACK IND\u00daSTRIA E COMERCIO DE EMBALAGENS","url":"https:\/\/hpack.com.br\/loja\/","logo":{"@type":"ImageObject","inLanguage":"pt-BR","@id":"https:\/\/hpack.com.br\/loja\/#\/schema\/logo\/image\/","url":"https:\/\/hpack.com.br\/loja\/wp-content\/uploads\/2025\/03\/Hpack_logo.png","contentUrl":"https:\/\/hpack.com.br\/loja\/wp-content\/uploads\/2025\/03\/Hpack_logo.png","width":220,"height":100,"caption":"HPACK IND\u00daSTRIA E COMERCIO DE EMBALAGENS"},"image":{"@id":"https:\/\/hpack.com.br\/loja\/#\/schema\/logo\/image\/"},"sameAs":["https:\/\/www.facebook.com\/hpackveracruz\/","https:\/\/www.instagram.com\/hpack_veracruz\/","https:\/\/br.linkedin.com\/company\/hpackembalagens"]}]}},"_links":{"self":[{"href":"https:\/\/hpack.com.br\/loja\/wp-json\/wp\/v2\/product\/3475","targetHints":{"allow":["GET"]}}],"collection":[{"href":"https:\/\/hpack.com.br\/loja\/wp-json\/wp\/v2\/product"}],"about":[{"href":"https:\/\/hpack.com.br\/loja\/wp-json\/wp\/v2\/types\/product"}],"version-history":[{"count":2,"href":"https:\/\/hpack.com.br\/loja\/wp-json\/wp\/v2\/product\/3475\/revisions"}],"predecessor-version":[{"id":6211,"href":"https:\/\/hpack.com.br\/loja\/wp-json\/wp\/v2\/product\/3475\/revisions\/6211"}],"wp:featuredmedia":[{"embeddable":true,"href":"https:\/\/hpack.com.br\/loja\/wp-json\/wp\/v2\/media\/4868"}],"wp:attachment":[{"href":"https:\/\/hpack.com.br\/loja\/wp-json\/wp\/v2\/media?parent=3475"}],"wp:term":[{"taxonomy":"product_brand","embeddable":true,"href":"https:\/\/hpack.com.br\/loja\/wp-json\/wp\/v2\/product_brand?post=3475"},{"taxonomy":"product_cat","embeddable":true,"href":"https:\/\/hpack.com.br\/loja\/wp-json\/wp\/v2\/product_cat?post=3475"},{"taxonomy":"product_tag","embeddable":true,"href":"https:\/\/hpack.com.br\/loja\/wp-json\/wp\/v2\/product_tag?post=3475"}],"curies":[{"name":"wp","href":"https:\/\/api.w.org\/{rel}","templated":true}]}}