{"id":3508,"date":"2025-04-17T09:43:17","date_gmt":"2025-04-17T12:43:17","guid":{"rendered":"https:\/\/tanolink.com.br\/hpack\/?post_type=product&#038;p=3508"},"modified":"2025-08-19T17:40:30","modified_gmt":"2025-08-19T20:40:30","slug":"galao-5-litros-oleo-vegetal","status":"publish","type":"product","link":"https:\/\/hpack.com.br\/loja\/produto\/galao-5-litros-oleo-vegetal\/","title":{"rendered":"Gal\u00e3o 5l verde alto- c\u00f3d. 962"},"content":{"rendered":"<h3 data-start=\"211\" data-end=\"300\"><strong data-start=\"218\" data-end=\"298\">Gal\u00e3o 5l verde\u00a0 \u2013 Ideal para envase de \u00f3leo<\/strong><\/h3>\n<p data-start=\"316\" data-end=\"545\">O <strong>Gal\u00e3o 5l<\/strong>\u00a0\u00e9 ideal para envase de \u00f3leos vegetais, especialmente azeite e similares. Com <strong data-start=\"423\" data-end=\"454\">design mais baixo e robusto<\/strong>, oferece estabilidade, resist\u00eancia e excelente apresenta\u00e7\u00e3o para produtos em maior volume.<\/p>\n<p data-start=\"547\" data-end=\"783\">Fabricado em material resistente na cor verde, este frasco tem <strong data-start=\"614\" data-end=\"642\">capacidade para 5 litros<\/strong>, <strong data-start=\"644\" data-end=\"667\">bocal largo de 48mm<\/strong>, pode ser utilizado <strong>com al\u00e7a para f\u00e1cil transporte<\/strong>, conta com bocal 48mm proporcionando praticidade, seguran\u00e7a e \u00f3timo custo-benef\u00edcio.<\/p>\n<p data-start=\"547\" data-end=\"783\"><strong data-start=\"1155\" data-end=\"1173\">Especifica\u00e7\u00f5es do produto:<\/strong><\/p>\n<ul>\n<li data-start=\"823\" data-end=\"852\"><strong data-start=\"826\" data-end=\"841\">Capacidade:<\/strong> 5 litros<\/li>\n<li data-start=\"823\" data-end=\"852\"><strong data-start=\"880\" data-end=\"889\">Peso:<\/strong> 86,4g<\/li>\n<li data-start=\"823\" data-end=\"852\"><strong data-start=\"903\" data-end=\"913\">Bocal:<\/strong> 48mm<\/li>\n<li data-start=\"823\" data-end=\"852\"><strong data-start=\"1033\" data-end=\"1051\">Pedido m\u00ednimo:<\/strong> 24 unidades<\/li>\n<\/ul>\n<p data-start=\"1152\" data-end=\"1175\"><strong data-start=\"1155\" data-end=\"1173\">Indicado para:<\/strong><\/p>\n<ul>\n<li data-start=\"1178\" data-end=\"1241\">Envase de \u00f3leo vegetal, azeites e \u00f3leos aliment\u00edcios em geral;<\/li>\n<li data-start=\"1244\" data-end=\"1294\">Distribuidoras, mercados e ind\u00fastrias aliment\u00edcias.<\/li>\n<\/ul>\n<p data-start=\"1296\" data-end=\"1389\"><strong data-start=\"1299\" data-end=\"1389\">Alta capacidade, praticidade no manuseio e excelente custo-benef\u00edcio para o seu neg\u00f3cio!<\/strong><\/p>\n","protected":false},"excerpt":{"rendered":"<ul>\n<li><strong>Frasco:\u00a0<\/strong>Valor unit\u00e1rio: R$4,00<\/li>\n<li><strong>Tampa:\u00a0<\/strong>Valor unit\u00e1rio: R$ 0,40<\/li>\n<li><strong>Al\u00e7a: <\/strong>Valor unit\u00e1rio: R$ 0,40<\/li>\n<li><strong>Bocal:<\/strong> 48 mm<\/li>\n<li><strong>Modelo: <\/strong>alto<\/li>\n<li><strong>Pedido m\u00ednimo: <\/strong>24 unidades<\/li>\n<\/ul>\n","protected":false},"featured_media":3509,"template":"","meta":{"_acf_changed":false},"product_brand":[358],"product_cat":[159],"product_tag":[286,282,290,287,289,284,285,281,288,291,283,292,160],"class_list":{"0":"post-3508","1":"product","2":"type-product","3":"status-publish","4":"has-post-thumbnail","6":"product_brand-hpack-embalagens-plasticas","7":"product_cat-azeite","8":"product_tag-embalagem-de-5-litros","9":"product_tag-embalagem-para-oleo","10":"product_tag-embalagens-hpack","11":"product_tag-envase-de-oleo-vegetal","12":"product_tag-frasco-resistente-para-alimentos","13":"product_tag-frasco-verde-para-oleo","14":"product_tag-galao-48mm","15":"product_tag-galao-5-litros","16":"product_tag-galao-com-alca","17":"product_tag-galao-industrial","18":"product_tag-galao-para-azeite","19":"product_tag-galao-para-distribuidores","20":"product_tag-litros-cod-962","22":"first","23":"instock","24":"shipping-taxable","25":"purchasable","26":"product-type-variable"},"acf":[],"yoast_head":"<!-- This site is optimized with the Yoast SEO plugin v27.4 - https:\/\/yoast.com\/product\/yoast-seo-wordpress\/ -->\n<title>Gal\u00e3o 5 Litros Verde para \u00d3leo Vegetal Hpack - Embalagens<\/title>\n<meta name=\"description\" content=\"Gal\u00e3o 5L HPACK verde, ideal para envase de \u00f3leos vegetais e azeites. oferece estabilidade, resist\u00eancia e excelente para produtos em maior volume\" \/>\n<meta name=\"robots\" content=\"index, follow, max-snippet:-1, max-image-preview:large, max-video-preview:-1\" \/>\n<link rel=\"canonical\" href=\"https:\/\/hpack.com.br\/loja\/produto\/galao-5-litros-oleo-vegetal\/\" \/>\n<meta property=\"og:locale\" content=\"pt_BR\" \/>\n<meta property=\"og:type\" content=\"article\" \/>\n<meta property=\"og:title\" content=\"Gal\u00e3o 5 Litros Verde para \u00d3leo Vegetal Hpack - Embalagens\" \/>\n<meta property=\"og:description\" content=\"Gal\u00e3o 5L HPACK verde, ideal para envase de \u00f3leos vegetais e azeites. oferece estabilidade, resist\u00eancia e excelente para produtos em maior volume\" \/>\n<meta property=\"og:url\" content=\"https:\/\/hpack.com.br\/loja\/produto\/galao-5-litros-oleo-vegetal\/\" \/>\n<meta property=\"og:site_name\" content=\"Hpack - Fabrica de Frascos e Embalagens\" \/>\n<meta property=\"article:publisher\" content=\"https:\/\/www.facebook.com\/hpackveracruz\/\" \/>\n<meta property=\"article:modified_time\" content=\"2025-08-19T20:40:30+00:00\" \/>\n<meta property=\"og:image\" content=\"https:\/\/hpack.com.br\/loja\/wp-content\/uploads\/2025\/04\/MODELO-ALTO-AZEITE-DE-OLIVIA-5-litros-Cod-962.jpg\" \/>\n\t<meta property=\"og:image:width\" content=\"1024\" \/>\n\t<meta property=\"og:image:height\" content=\"1280\" \/>\n\t<meta property=\"og:image:type\" content=\"image\/jpeg\" \/>\n<meta name=\"twitter:card\" content=\"summary_large_image\" \/>\n<meta name=\"twitter:label1\" content=\"Est. tempo de leitura\" \/>\n\t<meta name=\"twitter:data1\" content=\"1 minuto\" \/>\n<script type=\"application\/ld+json\" class=\"yoast-schema-graph\">{\"@context\":\"https:\\\/\\\/schema.org\",\"@graph\":[{\"@type\":\"WebPage\",\"@id\":\"https:\\\/\\\/hpack.com.br\\\/loja\\\/produto\\\/galao-5-litros-oleo-vegetal\\\/\",\"url\":\"https:\\\/\\\/hpack.com.br\\\/loja\\\/produto\\\/galao-5-litros-oleo-vegetal\\\/\",\"name\":\"Gal\u00e3o 5 Litros Verde para \u00d3leo Vegetal Hpack - Embalagens\",\"isPartOf\":{\"@id\":\"https:\\\/\\\/hpack.com.br\\\/loja\\\/#website\"},\"primaryImageOfPage\":{\"@id\":\"https:\\\/\\\/hpack.com.br\\\/loja\\\/produto\\\/galao-5-litros-oleo-vegetal\\\/#primaryimage\"},\"image\":{\"@id\":\"https:\\\/\\\/hpack.com.br\\\/loja\\\/produto\\\/galao-5-litros-oleo-vegetal\\\/#primaryimage\"},\"thumbnailUrl\":\"https:\\\/\\\/hpack.com.br\\\/loja\\\/wp-content\\\/uploads\\\/2025\\\/04\\\/MODELO-ALTO-AZEITE-DE-OLIVIA-5-litros-Cod-962.jpg\",\"datePublished\":\"2025-04-17T12:43:17+00:00\",\"dateModified\":\"2025-08-19T20:40:30+00:00\",\"description\":\"Gal\u00e3o 5L HPACK verde, ideal para envase de \u00f3leos vegetais e azeites. oferece estabilidade, resist\u00eancia e excelente para produtos em maior volume\",\"breadcrumb\":{\"@id\":\"https:\\\/\\\/hpack.com.br\\\/loja\\\/produto\\\/galao-5-litros-oleo-vegetal\\\/#breadcrumb\"},\"inLanguage\":\"pt-BR\",\"potentialAction\":[{\"@type\":\"ReadAction\",\"target\":[\"https:\\\/\\\/hpack.com.br\\\/loja\\\/produto\\\/galao-5-litros-oleo-vegetal\\\/\"]}]},{\"@type\":\"ImageObject\",\"inLanguage\":\"pt-BR\",\"@id\":\"https:\\\/\\\/hpack.com.br\\\/loja\\\/produto\\\/galao-5-litros-oleo-vegetal\\\/#primaryimage\",\"url\":\"https:\\\/\\\/hpack.com.br\\\/loja\\\/wp-content\\\/uploads\\\/2025\\\/04\\\/MODELO-ALTO-AZEITE-DE-OLIVIA-5-litros-Cod-962.jpg\",\"contentUrl\":\"https:\\\/\\\/hpack.com.br\\\/loja\\\/wp-content\\\/uploads\\\/2025\\\/04\\\/MODELO-ALTO-AZEITE-DE-OLIVIA-5-litros-Cod-962.jpg\",\"width\":1024,\"height\":1280,\"caption\":\"MODELO ALTO AZEITE DE OLIVIA 5 litros Cod 962\"},{\"@type\":\"BreadcrumbList\",\"@id\":\"https:\\\/\\\/hpack.com.br\\\/loja\\\/produto\\\/galao-5-litros-oleo-vegetal\\\/#breadcrumb\",\"itemListElement\":[{\"@type\":\"ListItem\",\"position\":1,\"name\":\"In\u00edcio\",\"item\":\"https:\\\/\\\/hpack.com.br\\\/loja\\\/\"},{\"@type\":\"ListItem\",\"position\":2,\"name\":\"Loja\",\"item\":\"https:\\\/\\\/hpack.com.br\\\/loja\\\/loja\\\/\"},{\"@type\":\"ListItem\",\"position\":3,\"name\":\"Gal\u00e3o 5l verde alto- c\u00f3d. 962\"}]},{\"@type\":\"WebSite\",\"@id\":\"https:\\\/\\\/hpack.com.br\\\/loja\\\/#website\",\"url\":\"https:\\\/\\\/hpack.com.br\\\/loja\\\/\",\"name\":\"Hpack\",\"description\":\"Ind\u00fastria e Com\u00e9rcio de Embalagens. Especializados na produ\u00e7\u00e3o de embalagens pl\u00e1sticas PET, PEAD e Frascos para setores de alimentos, cosm\u00e9ticos e farmac\u00eauticos, Agro. Oferecemos solu\u00e7\u00f5es em embalagens pl\u00e1sticas para bebidas, produtos qu\u00edmicos, agr\u00edcolas e mais. Sede em Vera Cruz RS - Vendas para todo o Brasil\",\"publisher\":{\"@id\":\"https:\\\/\\\/hpack.com.br\\\/loja\\\/#organization\"},\"potentialAction\":[{\"@type\":\"SearchAction\",\"target\":{\"@type\":\"EntryPoint\",\"urlTemplate\":\"https:\\\/\\\/hpack.com.br\\\/loja\\\/?s={search_term_string}\"},\"query-input\":{\"@type\":\"PropertyValueSpecification\",\"valueRequired\":true,\"valueName\":\"search_term_string\"}}],\"inLanguage\":\"pt-BR\"},{\"@type\":\"Organization\",\"@id\":\"https:\\\/\\\/hpack.com.br\\\/loja\\\/#organization\",\"name\":\"HPACK IND\u00daSTRIA E COMERCIO DE EMBALAGENS\",\"url\":\"https:\\\/\\\/hpack.com.br\\\/loja\\\/\",\"logo\":{\"@type\":\"ImageObject\",\"inLanguage\":\"pt-BR\",\"@id\":\"https:\\\/\\\/hpack.com.br\\\/loja\\\/#\\\/schema\\\/logo\\\/image\\\/\",\"url\":\"https:\\\/\\\/hpack.com.br\\\/loja\\\/wp-content\\\/uploads\\\/2025\\\/03\\\/Hpack_logo.png\",\"contentUrl\":\"https:\\\/\\\/hpack.com.br\\\/loja\\\/wp-content\\\/uploads\\\/2025\\\/03\\\/Hpack_logo.png\",\"width\":220,\"height\":100,\"caption\":\"HPACK IND\u00daSTRIA E COMERCIO DE EMBALAGENS\"},\"image\":{\"@id\":\"https:\\\/\\\/hpack.com.br\\\/loja\\\/#\\\/schema\\\/logo\\\/image\\\/\"},\"sameAs\":[\"https:\\\/\\\/www.facebook.com\\\/hpackveracruz\\\/\",\"https:\\\/\\\/www.instagram.com\\\/hpack_veracruz\\\/\",\"https:\\\/\\\/br.linkedin.com\\\/company\\\/hpackembalagens\"]}]}<\/script>\n<!-- \/ Yoast SEO plugin. -->","yoast_head_json":{"title":"Gal\u00e3o 5 Litros Verde para \u00d3leo Vegetal Hpack - Embalagens","description":"Gal\u00e3o 5L HPACK verde, ideal para envase de \u00f3leos vegetais e azeites. oferece estabilidade, resist\u00eancia e excelente para produtos em maior volume","robots":{"index":"index","follow":"follow","max-snippet":"max-snippet:-1","max-image-preview":"max-image-preview:large","max-video-preview":"max-video-preview:-1"},"canonical":"https:\/\/hpack.com.br\/loja\/produto\/galao-5-litros-oleo-vegetal\/","og_locale":"pt_BR","og_type":"article","og_title":"Gal\u00e3o 5 Litros Verde para \u00d3leo Vegetal Hpack - Embalagens","og_description":"Gal\u00e3o 5L HPACK verde, ideal para envase de \u00f3leos vegetais e azeites. oferece estabilidade, resist\u00eancia e excelente para produtos em maior volume","og_url":"https:\/\/hpack.com.br\/loja\/produto\/galao-5-litros-oleo-vegetal\/","og_site_name":"Hpack - Fabrica de Frascos e Embalagens","article_publisher":"https:\/\/www.facebook.com\/hpackveracruz\/","article_modified_time":"2025-08-19T20:40:30+00:00","og_image":[{"width":1024,"height":1280,"url":"https:\/\/hpack.com.br\/loja\/wp-content\/uploads\/2025\/04\/MODELO-ALTO-AZEITE-DE-OLIVIA-5-litros-Cod-962.jpg","type":"image\/jpeg"}],"twitter_card":"summary_large_image","twitter_misc":{"Est. tempo de leitura":"1 minuto"},"schema":{"@context":"https:\/\/schema.org","@graph":[{"@type":"WebPage","@id":"https:\/\/hpack.com.br\/loja\/produto\/galao-5-litros-oleo-vegetal\/","url":"https:\/\/hpack.com.br\/loja\/produto\/galao-5-litros-oleo-vegetal\/","name":"Gal\u00e3o 5 Litros Verde para \u00d3leo Vegetal Hpack - Embalagens","isPartOf":{"@id":"https:\/\/hpack.com.br\/loja\/#website"},"primaryImageOfPage":{"@id":"https:\/\/hpack.com.br\/loja\/produto\/galao-5-litros-oleo-vegetal\/#primaryimage"},"image":{"@id":"https:\/\/hpack.com.br\/loja\/produto\/galao-5-litros-oleo-vegetal\/#primaryimage"},"thumbnailUrl":"https:\/\/hpack.com.br\/loja\/wp-content\/uploads\/2025\/04\/MODELO-ALTO-AZEITE-DE-OLIVIA-5-litros-Cod-962.jpg","datePublished":"2025-04-17T12:43:17+00:00","dateModified":"2025-08-19T20:40:30+00:00","description":"Gal\u00e3o 5L HPACK verde, ideal para envase de \u00f3leos vegetais e azeites. oferece estabilidade, resist\u00eancia e excelente para produtos em maior volume","breadcrumb":{"@id":"https:\/\/hpack.com.br\/loja\/produto\/galao-5-litros-oleo-vegetal\/#breadcrumb"},"inLanguage":"pt-BR","potentialAction":[{"@type":"ReadAction","target":["https:\/\/hpack.com.br\/loja\/produto\/galao-5-litros-oleo-vegetal\/"]}]},{"@type":"ImageObject","inLanguage":"pt-BR","@id":"https:\/\/hpack.com.br\/loja\/produto\/galao-5-litros-oleo-vegetal\/#primaryimage","url":"https:\/\/hpack.com.br\/loja\/wp-content\/uploads\/2025\/04\/MODELO-ALTO-AZEITE-DE-OLIVIA-5-litros-Cod-962.jpg","contentUrl":"https:\/\/hpack.com.br\/loja\/wp-content\/uploads\/2025\/04\/MODELO-ALTO-AZEITE-DE-OLIVIA-5-litros-Cod-962.jpg","width":1024,"height":1280,"caption":"MODELO ALTO AZEITE DE OLIVIA 5 litros Cod 962"},{"@type":"BreadcrumbList","@id":"https:\/\/hpack.com.br\/loja\/produto\/galao-5-litros-oleo-vegetal\/#breadcrumb","itemListElement":[{"@type":"ListItem","position":1,"name":"In\u00edcio","item":"https:\/\/hpack.com.br\/loja\/"},{"@type":"ListItem","position":2,"name":"Loja","item":"https:\/\/hpack.com.br\/loja\/loja\/"},{"@type":"ListItem","position":3,"name":"Gal\u00e3o 5l verde alto- c\u00f3d. 962"}]},{"@type":"WebSite","@id":"https:\/\/hpack.com.br\/loja\/#website","url":"https:\/\/hpack.com.br\/loja\/","name":"Hpack","description":"Ind\u00fastria e Com\u00e9rcio de Embalagens. Especializados na produ\u00e7\u00e3o de embalagens pl\u00e1sticas PET, PEAD e Frascos para setores de alimentos, cosm\u00e9ticos e farmac\u00eauticos, Agro. Oferecemos solu\u00e7\u00f5es em embalagens pl\u00e1sticas para bebidas, produtos qu\u00edmicos, agr\u00edcolas e mais. Sede em Vera Cruz RS - Vendas para todo o Brasil","publisher":{"@id":"https:\/\/hpack.com.br\/loja\/#organization"},"potentialAction":[{"@type":"SearchAction","target":{"@type":"EntryPoint","urlTemplate":"https:\/\/hpack.com.br\/loja\/?s={search_term_string}"},"query-input":{"@type":"PropertyValueSpecification","valueRequired":true,"valueName":"search_term_string"}}],"inLanguage":"pt-BR"},{"@type":"Organization","@id":"https:\/\/hpack.com.br\/loja\/#organization","name":"HPACK IND\u00daSTRIA E COMERCIO DE EMBALAGENS","url":"https:\/\/hpack.com.br\/loja\/","logo":{"@type":"ImageObject","inLanguage":"pt-BR","@id":"https:\/\/hpack.com.br\/loja\/#\/schema\/logo\/image\/","url":"https:\/\/hpack.com.br\/loja\/wp-content\/uploads\/2025\/03\/Hpack_logo.png","contentUrl":"https:\/\/hpack.com.br\/loja\/wp-content\/uploads\/2025\/03\/Hpack_logo.png","width":220,"height":100,"caption":"HPACK IND\u00daSTRIA E COMERCIO DE EMBALAGENS"},"image":{"@id":"https:\/\/hpack.com.br\/loja\/#\/schema\/logo\/image\/"},"sameAs":["https:\/\/www.facebook.com\/hpackveracruz\/","https:\/\/www.instagram.com\/hpack_veracruz\/","https:\/\/br.linkedin.com\/company\/hpackembalagens"]}]}},"_links":{"self":[{"href":"https:\/\/hpack.com.br\/loja\/wp-json\/wp\/v2\/product\/3508","targetHints":{"allow":["GET"]}}],"collection":[{"href":"https:\/\/hpack.com.br\/loja\/wp-json\/wp\/v2\/product"}],"about":[{"href":"https:\/\/hpack.com.br\/loja\/wp-json\/wp\/v2\/types\/product"}],"version-history":[{"count":0,"href":"https:\/\/hpack.com.br\/loja\/wp-json\/wp\/v2\/product\/3508\/revisions"}],"wp:featuredmedia":[{"embeddable":true,"href":"https:\/\/hpack.com.br\/loja\/wp-json\/wp\/v2\/media\/3509"}],"wp:attachment":[{"href":"https:\/\/hpack.com.br\/loja\/wp-json\/wp\/v2\/media?parent=3508"}],"wp:term":[{"taxonomy":"product_brand","embeddable":true,"href":"https:\/\/hpack.com.br\/loja\/wp-json\/wp\/v2\/product_brand?post=3508"},{"taxonomy":"product_cat","embeddable":true,"href":"https:\/\/hpack.com.br\/loja\/wp-json\/wp\/v2\/product_cat?post=3508"},{"taxonomy":"product_tag","embeddable":true,"href":"https:\/\/hpack.com.br\/loja\/wp-json\/wp\/v2\/product_tag?post=3508"}],"curies":[{"name":"wp","href":"https:\/\/api.w.org\/{rel}","templated":true}]}}