{"id":3731,"date":"2025-05-09T14:07:31","date_gmt":"2025-05-09T17:07:31","guid":{"rendered":"https:\/\/tanolink.com.br\/hpack\/?post_type=product&#038;p=3731"},"modified":"2025-07-31T19:16:11","modified_gmt":"2025-07-31T22:16:11","slug":"frasco-ambar-para-chopp-artesanal","status":"publish","type":"product","link":"https:\/\/hpack.com.br\/loja\/produto\/frasco-ambar-para-chopp-artesanal\/","title":{"rendered":"Frasco 1,5l \u00e2mbar &#8211; c\u00f3d. 540"},"content":{"rendered":"<h3 data-start=\"139\" data-end=\"220\"><strong data-start=\"146\" data-end=\"218\">Frasco 1,5l \u00e2mbar \u2013 Design moderno ideal para o envase de chopp e cerveja artesanal<\/strong><\/h3>\n<p data-start=\"235\" data-end=\"447\">O\u00a0<strong data-start=\"299\" data-end=\"323\">Frasco 1,5l \u00e2mbar <\/strong>possui formato barrigudinho e material de alta qualidade, ideal para valorizar a sua cerveja artesanal. Seu design proporciona uma excelente presen\u00e7a nas prateleiras, enquanto o bocal de 28mm garante praticidade e seguran\u00e7a no fechamento com tampas de rosca.<\/p>\n<p><strong>Especifica\u00e7\u00f5es do produto:<\/strong><\/p>\n<ul>\n<li><strong>Capacidade:<\/strong> 1,5 litros<\/li>\n<li><strong>Peso:<\/strong> 42,8g<\/li>\n<li><strong>Bocal:<\/strong> 28mm<\/li>\n<li><strong>Pedido m\u00ednimo:<\/strong> 55 unidades<\/li>\n<\/ul>\n","protected":false},"excerpt":{"rendered":"<ul>\n<li><strong>Frasco:\u00a0<\/strong>Valor unit\u00e1rio: R$ 1,50<\/li>\n<li><strong>Tampa:\u00a0<\/strong>Valor unit\u00e1rio: R$ 0,20<\/li>\n<li><strong>Al\u00e7a: <\/strong>Valor unit\u00e1rio: R$ 0,25<\/li>\n<li><strong>Bocal:<\/strong> 28 mm<\/li>\n<li><strong>Pedido m\u00ednimo:<\/strong> 55 unidades<\/li>\n<\/ul>\n","protected":false},"featured_media":1411,"template":"","meta":{"_acf_changed":false},"product_brand":[358],"product_cat":[26],"product_tag":[321,318,325,198,320,316,323,317,324,322,319,326],"class_list":{"0":"post-3731","1":"product","2":"type-product","3":"status-publish","4":"has-post-thumbnail","6":"product_brand-hpack-embalagens-plasticas","7":"product_cat-chopp","8":"product_tag-embalagem-para-bebidas-artesanais","9":"product_tag-embalagem-para-cerveja-artesanal","10":"product_tag-embalagem-para-chopp-artesanal","11":"product_tag-frasco-1-litro","12":"product_tag-frasco-28mm","13":"product_tag-frasco-ambar","14":"product_tag-frasco-para-cerveja","15":"product_tag-frasco-para-chopp","16":"product_tag-frasco-para-microcervejarias","17":"product_tag-frasco-pet-1-litro","18":"product_tag-frasco-pet-ambar","19":"product_tag-frasco-resistente","21":"first","22":"instock","23":"shipping-taxable","24":"purchasable","25":"product-type-variable"},"acf":[],"yoast_head":"<!-- This site is optimized with the Yoast SEO plugin v27.4 - https:\/\/yoast.com\/product\/yoast-seo-wordpress\/ -->\n<title>Frasco \u00c2mbar para Cerveja e Chopp Artesanal -<\/title>\n<meta name=\"description\" content=\"Conhe\u00e7a o Frasco \u00c2mbar HPACK \u2013 ideal para envase de chopp e cerveja artesanal. Alta resist\u00eancia, formato moderno, veda\u00e7\u00e3o segura.\" \/>\n<meta name=\"robots\" content=\"index, follow, max-snippet:-1, max-image-preview:large, max-video-preview:-1\" \/>\n<link rel=\"canonical\" href=\"https:\/\/hpack.com.br\/loja\/produto\/frasco-ambar-para-chopp-artesanal\/\" \/>\n<meta property=\"og:locale\" content=\"pt_BR\" \/>\n<meta property=\"og:type\" content=\"article\" \/>\n<meta property=\"og:title\" content=\"Frasco \u00c2mbar para Cerveja e Chopp Artesanal -\" \/>\n<meta property=\"og:description\" content=\"Conhe\u00e7a o Frasco \u00c2mbar HPACK \u2013 ideal para envase de chopp e cerveja artesanal. Alta resist\u00eancia, formato moderno, veda\u00e7\u00e3o segura.\" \/>\n<meta property=\"og:url\" content=\"https:\/\/hpack.com.br\/loja\/produto\/frasco-ambar-para-chopp-artesanal\/\" \/>\n<meta property=\"og:site_name\" content=\"Hpack - Fabrica de Frascos e Embalagens\" \/>\n<meta property=\"article:publisher\" content=\"https:\/\/www.facebook.com\/hpackveracruz\/\" \/>\n<meta property=\"article:modified_time\" content=\"2025-07-31T22:16:11+00:00\" \/>\n<meta property=\"og:image\" content=\"https:\/\/hpack.com.br\/loja\/wp-content\/uploads\/2025\/03\/Ambar-Growlers-Chopp-1500ml-Cod-540.jpg\" \/>\n\t<meta property=\"og:image:width\" content=\"950\" \/>\n\t<meta property=\"og:image:height\" content=\"945\" \/>\n\t<meta property=\"og:image:type\" content=\"image\/jpeg\" \/>\n<meta name=\"twitter:card\" content=\"summary_large_image\" \/>\n<meta name=\"twitter:label1\" content=\"Est. tempo de leitura\" \/>\n\t<meta name=\"twitter:data1\" content=\"1 minuto\" \/>\n<script type=\"application\/ld+json\" class=\"yoast-schema-graph\">{\"@context\":\"https:\\\/\\\/schema.org\",\"@graph\":[{\"@type\":\"WebPage\",\"@id\":\"https:\\\/\\\/hpack.com.br\\\/loja\\\/produto\\\/frasco-ambar-para-chopp-artesanal\\\/\",\"url\":\"https:\\\/\\\/hpack.com.br\\\/loja\\\/produto\\\/frasco-ambar-para-chopp-artesanal\\\/\",\"name\":\"Frasco \u00c2mbar para Cerveja e Chopp Artesanal -\",\"isPartOf\":{\"@id\":\"https:\\\/\\\/hpack.com.br\\\/loja\\\/#website\"},\"primaryImageOfPage\":{\"@id\":\"https:\\\/\\\/hpack.com.br\\\/loja\\\/produto\\\/frasco-ambar-para-chopp-artesanal\\\/#primaryimage\"},\"image\":{\"@id\":\"https:\\\/\\\/hpack.com.br\\\/loja\\\/produto\\\/frasco-ambar-para-chopp-artesanal\\\/#primaryimage\"},\"thumbnailUrl\":\"https:\\\/\\\/hpack.com.br\\\/loja\\\/wp-content\\\/uploads\\\/2025\\\/03\\\/Ambar-Growlers-Chopp-1500ml-Cod-540.jpg\",\"datePublished\":\"2025-05-09T17:07:31+00:00\",\"dateModified\":\"2025-07-31T22:16:11+00:00\",\"description\":\"Conhe\u00e7a o Frasco \u00c2mbar HPACK \u2013 ideal para envase de chopp e cerveja artesanal. Alta resist\u00eancia, formato moderno, veda\u00e7\u00e3o segura.\",\"breadcrumb\":{\"@id\":\"https:\\\/\\\/hpack.com.br\\\/loja\\\/produto\\\/frasco-ambar-para-chopp-artesanal\\\/#breadcrumb\"},\"inLanguage\":\"pt-BR\",\"potentialAction\":[{\"@type\":\"ReadAction\",\"target\":[\"https:\\\/\\\/hpack.com.br\\\/loja\\\/produto\\\/frasco-ambar-para-chopp-artesanal\\\/\"]}]},{\"@type\":\"ImageObject\",\"inLanguage\":\"pt-BR\",\"@id\":\"https:\\\/\\\/hpack.com.br\\\/loja\\\/produto\\\/frasco-ambar-para-chopp-artesanal\\\/#primaryimage\",\"url\":\"https:\\\/\\\/hpack.com.br\\\/loja\\\/wp-content\\\/uploads\\\/2025\\\/03\\\/Ambar-Growlers-Chopp-1500ml-Cod-540.jpg\",\"contentUrl\":\"https:\\\/\\\/hpack.com.br\\\/loja\\\/wp-content\\\/uploads\\\/2025\\\/03\\\/Ambar-Growlers-Chopp-1500ml-Cod-540.jpg\",\"width\":950,\"height\":945,\"caption\":\"Frasco \u00c2mbar HPACK \u2013 ideal para envase de chopp e cerveja artesanal\"},{\"@type\":\"BreadcrumbList\",\"@id\":\"https:\\\/\\\/hpack.com.br\\\/loja\\\/produto\\\/frasco-ambar-para-chopp-artesanal\\\/#breadcrumb\",\"itemListElement\":[{\"@type\":\"ListItem\",\"position\":1,\"name\":\"In\u00edcio\",\"item\":\"https:\\\/\\\/hpack.com.br\\\/loja\\\/\"},{\"@type\":\"ListItem\",\"position\":2,\"name\":\"Loja\",\"item\":\"https:\\\/\\\/hpack.com.br\\\/loja\\\/loja\\\/\"},{\"@type\":\"ListItem\",\"position\":3,\"name\":\"Frasco 1,5l \u00e2mbar &#8211; c\u00f3d. 540\"}]},{\"@type\":\"WebSite\",\"@id\":\"https:\\\/\\\/hpack.com.br\\\/loja\\\/#website\",\"url\":\"https:\\\/\\\/hpack.com.br\\\/loja\\\/\",\"name\":\"Hpack\",\"description\":\"Ind\u00fastria e Com\u00e9rcio de Embalagens. Especializados na produ\u00e7\u00e3o de embalagens pl\u00e1sticas PET, PEAD e Frascos para setores de alimentos, cosm\u00e9ticos e farmac\u00eauticos, Agro. Oferecemos solu\u00e7\u00f5es em embalagens pl\u00e1sticas para bebidas, produtos qu\u00edmicos, agr\u00edcolas e mais. Sede em Vera Cruz RS - Vendas para todo o Brasil\",\"publisher\":{\"@id\":\"https:\\\/\\\/hpack.com.br\\\/loja\\\/#organization\"},\"potentialAction\":[{\"@type\":\"SearchAction\",\"target\":{\"@type\":\"EntryPoint\",\"urlTemplate\":\"https:\\\/\\\/hpack.com.br\\\/loja\\\/?s={search_term_string}\"},\"query-input\":{\"@type\":\"PropertyValueSpecification\",\"valueRequired\":true,\"valueName\":\"search_term_string\"}}],\"inLanguage\":\"pt-BR\"},{\"@type\":\"Organization\",\"@id\":\"https:\\\/\\\/hpack.com.br\\\/loja\\\/#organization\",\"name\":\"HPACK IND\u00daSTRIA E COMERCIO DE EMBALAGENS\",\"url\":\"https:\\\/\\\/hpack.com.br\\\/loja\\\/\",\"logo\":{\"@type\":\"ImageObject\",\"inLanguage\":\"pt-BR\",\"@id\":\"https:\\\/\\\/hpack.com.br\\\/loja\\\/#\\\/schema\\\/logo\\\/image\\\/\",\"url\":\"https:\\\/\\\/hpack.com.br\\\/loja\\\/wp-content\\\/uploads\\\/2025\\\/03\\\/Hpack_logo.png\",\"contentUrl\":\"https:\\\/\\\/hpack.com.br\\\/loja\\\/wp-content\\\/uploads\\\/2025\\\/03\\\/Hpack_logo.png\",\"width\":220,\"height\":100,\"caption\":\"HPACK IND\u00daSTRIA E COMERCIO DE EMBALAGENS\"},\"image\":{\"@id\":\"https:\\\/\\\/hpack.com.br\\\/loja\\\/#\\\/schema\\\/logo\\\/image\\\/\"},\"sameAs\":[\"https:\\\/\\\/www.facebook.com\\\/hpackveracruz\\\/\",\"https:\\\/\\\/www.instagram.com\\\/hpack_veracruz\\\/\",\"https:\\\/\\\/br.linkedin.com\\\/company\\\/hpackembalagens\"]}]}<\/script>\n<!-- \/ Yoast SEO plugin. -->","yoast_head_json":{"title":"Frasco \u00c2mbar para Cerveja e Chopp Artesanal -","description":"Conhe\u00e7a o Frasco \u00c2mbar HPACK \u2013 ideal para envase de chopp e cerveja artesanal. Alta resist\u00eancia, formato moderno, veda\u00e7\u00e3o segura.","robots":{"index":"index","follow":"follow","max-snippet":"max-snippet:-1","max-image-preview":"max-image-preview:large","max-video-preview":"max-video-preview:-1"},"canonical":"https:\/\/hpack.com.br\/loja\/produto\/frasco-ambar-para-chopp-artesanal\/","og_locale":"pt_BR","og_type":"article","og_title":"Frasco \u00c2mbar para Cerveja e Chopp Artesanal -","og_description":"Conhe\u00e7a o Frasco \u00c2mbar HPACK \u2013 ideal para envase de chopp e cerveja artesanal. Alta resist\u00eancia, formato moderno, veda\u00e7\u00e3o segura.","og_url":"https:\/\/hpack.com.br\/loja\/produto\/frasco-ambar-para-chopp-artesanal\/","og_site_name":"Hpack - Fabrica de Frascos e Embalagens","article_publisher":"https:\/\/www.facebook.com\/hpackveracruz\/","article_modified_time":"2025-07-31T22:16:11+00:00","og_image":[{"width":950,"height":945,"url":"https:\/\/hpack.com.br\/loja\/wp-content\/uploads\/2025\/03\/Ambar-Growlers-Chopp-1500ml-Cod-540.jpg","type":"image\/jpeg"}],"twitter_card":"summary_large_image","twitter_misc":{"Est. tempo de leitura":"1 minuto"},"schema":{"@context":"https:\/\/schema.org","@graph":[{"@type":"WebPage","@id":"https:\/\/hpack.com.br\/loja\/produto\/frasco-ambar-para-chopp-artesanal\/","url":"https:\/\/hpack.com.br\/loja\/produto\/frasco-ambar-para-chopp-artesanal\/","name":"Frasco \u00c2mbar para Cerveja e Chopp Artesanal -","isPartOf":{"@id":"https:\/\/hpack.com.br\/loja\/#website"},"primaryImageOfPage":{"@id":"https:\/\/hpack.com.br\/loja\/produto\/frasco-ambar-para-chopp-artesanal\/#primaryimage"},"image":{"@id":"https:\/\/hpack.com.br\/loja\/produto\/frasco-ambar-para-chopp-artesanal\/#primaryimage"},"thumbnailUrl":"https:\/\/hpack.com.br\/loja\/wp-content\/uploads\/2025\/03\/Ambar-Growlers-Chopp-1500ml-Cod-540.jpg","datePublished":"2025-05-09T17:07:31+00:00","dateModified":"2025-07-31T22:16:11+00:00","description":"Conhe\u00e7a o Frasco \u00c2mbar HPACK \u2013 ideal para envase de chopp e cerveja artesanal. Alta resist\u00eancia, formato moderno, veda\u00e7\u00e3o segura.","breadcrumb":{"@id":"https:\/\/hpack.com.br\/loja\/produto\/frasco-ambar-para-chopp-artesanal\/#breadcrumb"},"inLanguage":"pt-BR","potentialAction":[{"@type":"ReadAction","target":["https:\/\/hpack.com.br\/loja\/produto\/frasco-ambar-para-chopp-artesanal\/"]}]},{"@type":"ImageObject","inLanguage":"pt-BR","@id":"https:\/\/hpack.com.br\/loja\/produto\/frasco-ambar-para-chopp-artesanal\/#primaryimage","url":"https:\/\/hpack.com.br\/loja\/wp-content\/uploads\/2025\/03\/Ambar-Growlers-Chopp-1500ml-Cod-540.jpg","contentUrl":"https:\/\/hpack.com.br\/loja\/wp-content\/uploads\/2025\/03\/Ambar-Growlers-Chopp-1500ml-Cod-540.jpg","width":950,"height":945,"caption":"Frasco \u00c2mbar HPACK \u2013 ideal para envase de chopp e cerveja artesanal"},{"@type":"BreadcrumbList","@id":"https:\/\/hpack.com.br\/loja\/produto\/frasco-ambar-para-chopp-artesanal\/#breadcrumb","itemListElement":[{"@type":"ListItem","position":1,"name":"In\u00edcio","item":"https:\/\/hpack.com.br\/loja\/"},{"@type":"ListItem","position":2,"name":"Loja","item":"https:\/\/hpack.com.br\/loja\/loja\/"},{"@type":"ListItem","position":3,"name":"Frasco 1,5l \u00e2mbar &#8211; c\u00f3d. 540"}]},{"@type":"WebSite","@id":"https:\/\/hpack.com.br\/loja\/#website","url":"https:\/\/hpack.com.br\/loja\/","name":"Hpack","description":"Ind\u00fastria e Com\u00e9rcio de Embalagens. Especializados na produ\u00e7\u00e3o de embalagens pl\u00e1sticas PET, PEAD e Frascos para setores de alimentos, cosm\u00e9ticos e farmac\u00eauticos, Agro. Oferecemos solu\u00e7\u00f5es em embalagens pl\u00e1sticas para bebidas, produtos qu\u00edmicos, agr\u00edcolas e mais. Sede em Vera Cruz RS - Vendas para todo o Brasil","publisher":{"@id":"https:\/\/hpack.com.br\/loja\/#organization"},"potentialAction":[{"@type":"SearchAction","target":{"@type":"EntryPoint","urlTemplate":"https:\/\/hpack.com.br\/loja\/?s={search_term_string}"},"query-input":{"@type":"PropertyValueSpecification","valueRequired":true,"valueName":"search_term_string"}}],"inLanguage":"pt-BR"},{"@type":"Organization","@id":"https:\/\/hpack.com.br\/loja\/#organization","name":"HPACK IND\u00daSTRIA E COMERCIO DE EMBALAGENS","url":"https:\/\/hpack.com.br\/loja\/","logo":{"@type":"ImageObject","inLanguage":"pt-BR","@id":"https:\/\/hpack.com.br\/loja\/#\/schema\/logo\/image\/","url":"https:\/\/hpack.com.br\/loja\/wp-content\/uploads\/2025\/03\/Hpack_logo.png","contentUrl":"https:\/\/hpack.com.br\/loja\/wp-content\/uploads\/2025\/03\/Hpack_logo.png","width":220,"height":100,"caption":"HPACK IND\u00daSTRIA E COMERCIO DE EMBALAGENS"},"image":{"@id":"https:\/\/hpack.com.br\/loja\/#\/schema\/logo\/image\/"},"sameAs":["https:\/\/www.facebook.com\/hpackveracruz\/","https:\/\/www.instagram.com\/hpack_veracruz\/","https:\/\/br.linkedin.com\/company\/hpackembalagens"]}]}},"_links":{"self":[{"href":"https:\/\/hpack.com.br\/loja\/wp-json\/wp\/v2\/product\/3731","targetHints":{"allow":["GET"]}}],"collection":[{"href":"https:\/\/hpack.com.br\/loja\/wp-json\/wp\/v2\/product"}],"about":[{"href":"https:\/\/hpack.com.br\/loja\/wp-json\/wp\/v2\/types\/product"}],"version-history":[{"count":0,"href":"https:\/\/hpack.com.br\/loja\/wp-json\/wp\/v2\/product\/3731\/revisions"}],"wp:featuredmedia":[{"embeddable":true,"href":"https:\/\/hpack.com.br\/loja\/wp-json\/wp\/v2\/media\/1411"}],"wp:attachment":[{"href":"https:\/\/hpack.com.br\/loja\/wp-json\/wp\/v2\/media?parent=3731"}],"wp:term":[{"taxonomy":"product_brand","embeddable":true,"href":"https:\/\/hpack.com.br\/loja\/wp-json\/wp\/v2\/product_brand?post=3731"},{"taxonomy":"product_cat","embeddable":true,"href":"https:\/\/hpack.com.br\/loja\/wp-json\/wp\/v2\/product_cat?post=3731"},{"taxonomy":"product_tag","embeddable":true,"href":"https:\/\/hpack.com.br\/loja\/wp-json\/wp\/v2\/product_tag?post=3731"}],"curies":[{"name":"wp","href":"https:\/\/api.w.org\/{rel}","templated":true}]}}