{"id":3912,"date":"2025-05-21T16:09:48","date_gmt":"2025-05-21T19:09:48","guid":{"rendered":"https:\/\/tanolink.com.br\/hpack\/?post_type=product&#038;p=3912"},"modified":"2025-07-31T19:16:10","modified_gmt":"2025-07-31T22:16:10","slug":"galao-3-litros-produtos-de-limpeza","status":"publish","type":"product","link":"https:\/\/hpack.com.br\/loja\/produto\/galao-3-litros-produtos-de-limpeza\/","title":{"rendered":"Gal\u00e3o 3l cristal \u2013 c\u00f3d. 526"},"content":{"rendered":"<h3 data-start=\"139\" data-end=\"220\"><strong data-start=\"146\" data-end=\"218\">Gal\u00e3o 3l cristal \u2013 Ideal para linha de produtos de limpeza<\/strong><\/h3>\n<p data-start=\"166\" data-end=\"462\">O G<strong data-start=\"224\" data-end=\"244\">al\u00e3o 3l cristal<\/strong> \u00e9 ideal para o envase de sabonete l\u00edquido, amaciante, desinfetante e detergente. Com um bocal de 48mm, ele facilita o processo de envase e veda\u00e7\u00e3o, proporcionando seguran\u00e7a e praticidade. Seu peso de 79,5 gramas e sua estrutura robusta garantem resist\u00eancia e durabilidade, tornando-o a escolha perfeita para empresas que buscam um frasco de grande capacidade para seus produtos de limpeza e cuidados pessoais. Com design pr\u00e1tico e funcional, o gal\u00e3o pode ser utilizado com al\u00e7a ergon\u00f4mica para facilitar o manuseio e tampa rosque\u00e1vel com excelente veda\u00e7\u00e3o, garantindo seguran\u00e7a no armazenamento e evitando vazamentos.<\/p>\n<p data-start=\"166\" data-end=\"462\"><strong>Especifica\u00e7\u00f5es do produto:<\/strong><\/p>\n<ul>\n<li><strong>Capacidade:<\/strong> 3 litros<\/li>\n<li><strong>Peso:<\/strong> 79,5 gramas<\/li>\n<li><strong>Bocal:<\/strong> 48mm<\/li>\n<li><strong>Pedido m\u00ednimo:<\/strong> 32 unidades<\/li>\n<\/ul>\n","protected":false},"excerpt":{"rendered":"<ul>\n<li><strong>Frasco:\u00a0<\/strong>Valor unit\u00e1rio: R$ 3,00<\/li>\n<li><strong>Tampa:\u00a0<\/strong>Valor unit\u00e1rio: R$ 0,40<\/li>\n<li><strong>Al\u00e7a: <\/strong>Valor unit\u00e1rio: R$ 0,40<\/li>\n<li><strong>Bocal:<\/strong> 48 mm<\/li>\n<li><strong>Pedido m\u00ednimo:<\/strong> 32 unidades<\/li>\n<\/ul>\n","protected":false},"featured_media":1435,"template":"","meta":{"_acf_changed":false},"product_brand":[358],"product_cat":[47],"product_tag":[315,308,313,94,296,312,311,101,307,301,291,309,310,314,91,102,96],"class_list":{"0":"post-3912","1":"product","2":"type-product","3":"status-publish","4":"has-post-thumbnail","6":"product_brand-hpack-embalagens-plasticas","7":"product_cat-limpeza","8":"product_tag-embalagem-hpack","9":"product_tag-embalagem-para-produtos-de-limpeza","10":"product_tag-embalagem-para-sabonete-liquido","11":"product_tag-embalagens","12":"product_tag-frasco-com-alca","13":"product_tag-frasco-cristal-para-liquidos","14":"product_tag-frasco-grande-para-limpeza","15":"product_tag-frascos-pet","16":"product_tag-galao-3-litros","17":"product_tag-galao-com-bocal-48mm","18":"product_tag-galao-industrial","19":"product_tag-galao-para-amaciante","20":"product_tag-galao-para-desinfetante","21":"product_tag-galao-resistente","22":"product_tag-hpack","23":"product_tag-industria-de-embalagens-pets","24":"product_tag-vera-cruz","26":"first","27":"instock","28":"shipping-taxable","29":"purchasable","30":"product-type-variable"},"acf":[],"yoast_head":"<!-- This site is optimized with the Yoast SEO plugin v27.4 - https:\/\/yoast.com\/product\/yoast-seo-wordpress\/ -->\n<title>Gal\u00e3o 3l cristal \u2013 c\u00f3d. 526 - Hpack - Fabrica de Frascos e Embalagens<\/title>\n<meta name=\"description\" content=\"Gal\u00e3o 3L HPACK cristal, ideal para sabonete l\u00edquido, desinfetante, detergente e amaciante. Embalagem robusta. Seguran\u00e7a e praticidade no envase.\" \/>\n<meta name=\"robots\" content=\"index, follow, max-snippet:-1, max-image-preview:large, max-video-preview:-1\" \/>\n<link rel=\"canonical\" href=\"https:\/\/hpack.com.br\/loja\/produto\/galao-3-litros-produtos-de-limpeza\/\" \/>\n<meta property=\"og:locale\" content=\"pt_BR\" \/>\n<meta property=\"og:type\" content=\"article\" \/>\n<meta property=\"og:title\" content=\"Gal\u00e3o 3l cristal \u2013 c\u00f3d. 526 - Hpack - Fabrica de Frascos e Embalagens\" \/>\n<meta property=\"og:description\" content=\"Gal\u00e3o 3L HPACK cristal, ideal para sabonete l\u00edquido, desinfetante, detergente e amaciante. Embalagem robusta. Seguran\u00e7a e praticidade no envase.\" \/>\n<meta property=\"og:url\" content=\"https:\/\/hpack.com.br\/loja\/produto\/galao-3-litros-produtos-de-limpeza\/\" \/>\n<meta property=\"og:site_name\" content=\"Hpack - Fabrica de Frascos e Embalagens\" \/>\n<meta property=\"article:publisher\" content=\"https:\/\/www.facebook.com\/hpackveracruz\/\" \/>\n<meta property=\"article:modified_time\" content=\"2025-07-31T22:16:10+00:00\" \/>\n<meta property=\"og:image\" content=\"https:\/\/hpack.com.br\/loja\/wp-content\/uploads\/2025\/03\/PET-Galao-3-litros-Cod-526.jpg\" \/>\n\t<meta property=\"og:image:width\" content=\"950\" \/>\n\t<meta property=\"og:image:height\" content=\"945\" \/>\n\t<meta property=\"og:image:type\" content=\"image\/jpeg\" \/>\n<meta name=\"twitter:card\" content=\"summary_large_image\" \/>\n<meta name=\"twitter:label1\" content=\"Est. tempo de leitura\" \/>\n\t<meta name=\"twitter:data1\" content=\"1 minuto\" \/>\n<script type=\"application\/ld+json\" class=\"yoast-schema-graph\">{\"@context\":\"https:\\\/\\\/schema.org\",\"@graph\":[{\"@type\":\"WebPage\",\"@id\":\"https:\\\/\\\/hpack.com.br\\\/loja\\\/produto\\\/galao-3-litros-produtos-de-limpeza\\\/\",\"url\":\"https:\\\/\\\/hpack.com.br\\\/loja\\\/produto\\\/galao-3-litros-produtos-de-limpeza\\\/\",\"name\":\"Gal\u00e3o 3l cristal \u2013 c\u00f3d. 526 - Hpack - Fabrica de Frascos e Embalagens\",\"isPartOf\":{\"@id\":\"https:\\\/\\\/hpack.com.br\\\/loja\\\/#website\"},\"primaryImageOfPage\":{\"@id\":\"https:\\\/\\\/hpack.com.br\\\/loja\\\/produto\\\/galao-3-litros-produtos-de-limpeza\\\/#primaryimage\"},\"image\":{\"@id\":\"https:\\\/\\\/hpack.com.br\\\/loja\\\/produto\\\/galao-3-litros-produtos-de-limpeza\\\/#primaryimage\"},\"thumbnailUrl\":\"https:\\\/\\\/hpack.com.br\\\/loja\\\/wp-content\\\/uploads\\\/2025\\\/03\\\/PET-Galao-3-litros-Cod-526.jpg\",\"datePublished\":\"2025-05-21T19:09:48+00:00\",\"dateModified\":\"2025-07-31T22:16:10+00:00\",\"description\":\"Gal\u00e3o 3L HPACK cristal, ideal para sabonete l\u00edquido, desinfetante, detergente e amaciante. Embalagem robusta. Seguran\u00e7a e praticidade no envase.\",\"breadcrumb\":{\"@id\":\"https:\\\/\\\/hpack.com.br\\\/loja\\\/produto\\\/galao-3-litros-produtos-de-limpeza\\\/#breadcrumb\"},\"inLanguage\":\"pt-BR\",\"potentialAction\":[{\"@type\":\"ReadAction\",\"target\":[\"https:\\\/\\\/hpack.com.br\\\/loja\\\/produto\\\/galao-3-litros-produtos-de-limpeza\\\/\"]}]},{\"@type\":\"ImageObject\",\"inLanguage\":\"pt-BR\",\"@id\":\"https:\\\/\\\/hpack.com.br\\\/loja\\\/produto\\\/galao-3-litros-produtos-de-limpeza\\\/#primaryimage\",\"url\":\"https:\\\/\\\/hpack.com.br\\\/loja\\\/wp-content\\\/uploads\\\/2025\\\/03\\\/PET-Galao-3-litros-Cod-526.jpg\",\"contentUrl\":\"https:\\\/\\\/hpack.com.br\\\/loja\\\/wp-content\\\/uploads\\\/2025\\\/03\\\/PET-Galao-3-litros-Cod-526.jpg\",\"width\":950,\"height\":945,\"caption\":\"Gal\u00e3o 3 litros Cristal\"},{\"@type\":\"BreadcrumbList\",\"@id\":\"https:\\\/\\\/hpack.com.br\\\/loja\\\/produto\\\/galao-3-litros-produtos-de-limpeza\\\/#breadcrumb\",\"itemListElement\":[{\"@type\":\"ListItem\",\"position\":1,\"name\":\"In\u00edcio\",\"item\":\"https:\\\/\\\/hpack.com.br\\\/loja\\\/\"},{\"@type\":\"ListItem\",\"position\":2,\"name\":\"Loja\",\"item\":\"https:\\\/\\\/hpack.com.br\\\/loja\\\/loja\\\/\"},{\"@type\":\"ListItem\",\"position\":3,\"name\":\"Gal\u00e3o 3l cristal \u2013 c\u00f3d. 526\"}]},{\"@type\":\"WebSite\",\"@id\":\"https:\\\/\\\/hpack.com.br\\\/loja\\\/#website\",\"url\":\"https:\\\/\\\/hpack.com.br\\\/loja\\\/\",\"name\":\"Hpack\",\"description\":\"Ind\u00fastria e Com\u00e9rcio de Embalagens. Especializados na produ\u00e7\u00e3o de embalagens pl\u00e1sticas PET, PEAD e Frascos para setores de alimentos, cosm\u00e9ticos e farmac\u00eauticos, Agro. Oferecemos solu\u00e7\u00f5es em embalagens pl\u00e1sticas para bebidas, produtos qu\u00edmicos, agr\u00edcolas e mais. Sede em Vera Cruz RS - Vendas para todo o Brasil\",\"publisher\":{\"@id\":\"https:\\\/\\\/hpack.com.br\\\/loja\\\/#organization\"},\"potentialAction\":[{\"@type\":\"SearchAction\",\"target\":{\"@type\":\"EntryPoint\",\"urlTemplate\":\"https:\\\/\\\/hpack.com.br\\\/loja\\\/?s={search_term_string}\"},\"query-input\":{\"@type\":\"PropertyValueSpecification\",\"valueRequired\":true,\"valueName\":\"search_term_string\"}}],\"inLanguage\":\"pt-BR\"},{\"@type\":\"Organization\",\"@id\":\"https:\\\/\\\/hpack.com.br\\\/loja\\\/#organization\",\"name\":\"HPACK IND\u00daSTRIA E COMERCIO DE EMBALAGENS\",\"url\":\"https:\\\/\\\/hpack.com.br\\\/loja\\\/\",\"logo\":{\"@type\":\"ImageObject\",\"inLanguage\":\"pt-BR\",\"@id\":\"https:\\\/\\\/hpack.com.br\\\/loja\\\/#\\\/schema\\\/logo\\\/image\\\/\",\"url\":\"https:\\\/\\\/hpack.com.br\\\/loja\\\/wp-content\\\/uploads\\\/2025\\\/03\\\/Hpack_logo.png\",\"contentUrl\":\"https:\\\/\\\/hpack.com.br\\\/loja\\\/wp-content\\\/uploads\\\/2025\\\/03\\\/Hpack_logo.png\",\"width\":220,\"height\":100,\"caption\":\"HPACK IND\u00daSTRIA E COMERCIO DE EMBALAGENS\"},\"image\":{\"@id\":\"https:\\\/\\\/hpack.com.br\\\/loja\\\/#\\\/schema\\\/logo\\\/image\\\/\"},\"sameAs\":[\"https:\\\/\\\/www.facebook.com\\\/hpackveracruz\\\/\",\"https:\\\/\\\/www.instagram.com\\\/hpack_veracruz\\\/\",\"https:\\\/\\\/br.linkedin.com\\\/company\\\/hpackembalagens\"]}]}<\/script>\n<!-- \/ Yoast SEO plugin. -->","yoast_head_json":{"title":"Gal\u00e3o 3l cristal \u2013 c\u00f3d. 526 - Hpack - Fabrica de Frascos e Embalagens","description":"Gal\u00e3o 3L HPACK cristal, ideal para sabonete l\u00edquido, desinfetante, detergente e amaciante. Embalagem robusta. Seguran\u00e7a e praticidade no envase.","robots":{"index":"index","follow":"follow","max-snippet":"max-snippet:-1","max-image-preview":"max-image-preview:large","max-video-preview":"max-video-preview:-1"},"canonical":"https:\/\/hpack.com.br\/loja\/produto\/galao-3-litros-produtos-de-limpeza\/","og_locale":"pt_BR","og_type":"article","og_title":"Gal\u00e3o 3l cristal \u2013 c\u00f3d. 526 - Hpack - Fabrica de Frascos e Embalagens","og_description":"Gal\u00e3o 3L HPACK cristal, ideal para sabonete l\u00edquido, desinfetante, detergente e amaciante. Embalagem robusta. Seguran\u00e7a e praticidade no envase.","og_url":"https:\/\/hpack.com.br\/loja\/produto\/galao-3-litros-produtos-de-limpeza\/","og_site_name":"Hpack - Fabrica de Frascos e Embalagens","article_publisher":"https:\/\/www.facebook.com\/hpackveracruz\/","article_modified_time":"2025-07-31T22:16:10+00:00","og_image":[{"width":950,"height":945,"url":"https:\/\/hpack.com.br\/loja\/wp-content\/uploads\/2025\/03\/PET-Galao-3-litros-Cod-526.jpg","type":"image\/jpeg"}],"twitter_card":"summary_large_image","twitter_misc":{"Est. tempo de leitura":"1 minuto"},"schema":{"@context":"https:\/\/schema.org","@graph":[{"@type":"WebPage","@id":"https:\/\/hpack.com.br\/loja\/produto\/galao-3-litros-produtos-de-limpeza\/","url":"https:\/\/hpack.com.br\/loja\/produto\/galao-3-litros-produtos-de-limpeza\/","name":"Gal\u00e3o 3l cristal \u2013 c\u00f3d. 526 - Hpack - Fabrica de Frascos e Embalagens","isPartOf":{"@id":"https:\/\/hpack.com.br\/loja\/#website"},"primaryImageOfPage":{"@id":"https:\/\/hpack.com.br\/loja\/produto\/galao-3-litros-produtos-de-limpeza\/#primaryimage"},"image":{"@id":"https:\/\/hpack.com.br\/loja\/produto\/galao-3-litros-produtos-de-limpeza\/#primaryimage"},"thumbnailUrl":"https:\/\/hpack.com.br\/loja\/wp-content\/uploads\/2025\/03\/PET-Galao-3-litros-Cod-526.jpg","datePublished":"2025-05-21T19:09:48+00:00","dateModified":"2025-07-31T22:16:10+00:00","description":"Gal\u00e3o 3L HPACK cristal, ideal para sabonete l\u00edquido, desinfetante, detergente e amaciante. Embalagem robusta. Seguran\u00e7a e praticidade no envase.","breadcrumb":{"@id":"https:\/\/hpack.com.br\/loja\/produto\/galao-3-litros-produtos-de-limpeza\/#breadcrumb"},"inLanguage":"pt-BR","potentialAction":[{"@type":"ReadAction","target":["https:\/\/hpack.com.br\/loja\/produto\/galao-3-litros-produtos-de-limpeza\/"]}]},{"@type":"ImageObject","inLanguage":"pt-BR","@id":"https:\/\/hpack.com.br\/loja\/produto\/galao-3-litros-produtos-de-limpeza\/#primaryimage","url":"https:\/\/hpack.com.br\/loja\/wp-content\/uploads\/2025\/03\/PET-Galao-3-litros-Cod-526.jpg","contentUrl":"https:\/\/hpack.com.br\/loja\/wp-content\/uploads\/2025\/03\/PET-Galao-3-litros-Cod-526.jpg","width":950,"height":945,"caption":"Gal\u00e3o 3 litros Cristal"},{"@type":"BreadcrumbList","@id":"https:\/\/hpack.com.br\/loja\/produto\/galao-3-litros-produtos-de-limpeza\/#breadcrumb","itemListElement":[{"@type":"ListItem","position":1,"name":"In\u00edcio","item":"https:\/\/hpack.com.br\/loja\/"},{"@type":"ListItem","position":2,"name":"Loja","item":"https:\/\/hpack.com.br\/loja\/loja\/"},{"@type":"ListItem","position":3,"name":"Gal\u00e3o 3l cristal \u2013 c\u00f3d. 526"}]},{"@type":"WebSite","@id":"https:\/\/hpack.com.br\/loja\/#website","url":"https:\/\/hpack.com.br\/loja\/","name":"Hpack","description":"Ind\u00fastria e Com\u00e9rcio de Embalagens. Especializados na produ\u00e7\u00e3o de embalagens pl\u00e1sticas PET, PEAD e Frascos para setores de alimentos, cosm\u00e9ticos e farmac\u00eauticos, Agro. Oferecemos solu\u00e7\u00f5es em embalagens pl\u00e1sticas para bebidas, produtos qu\u00edmicos, agr\u00edcolas e mais. Sede em Vera Cruz RS - Vendas para todo o Brasil","publisher":{"@id":"https:\/\/hpack.com.br\/loja\/#organization"},"potentialAction":[{"@type":"SearchAction","target":{"@type":"EntryPoint","urlTemplate":"https:\/\/hpack.com.br\/loja\/?s={search_term_string}"},"query-input":{"@type":"PropertyValueSpecification","valueRequired":true,"valueName":"search_term_string"}}],"inLanguage":"pt-BR"},{"@type":"Organization","@id":"https:\/\/hpack.com.br\/loja\/#organization","name":"HPACK IND\u00daSTRIA E COMERCIO DE EMBALAGENS","url":"https:\/\/hpack.com.br\/loja\/","logo":{"@type":"ImageObject","inLanguage":"pt-BR","@id":"https:\/\/hpack.com.br\/loja\/#\/schema\/logo\/image\/","url":"https:\/\/hpack.com.br\/loja\/wp-content\/uploads\/2025\/03\/Hpack_logo.png","contentUrl":"https:\/\/hpack.com.br\/loja\/wp-content\/uploads\/2025\/03\/Hpack_logo.png","width":220,"height":100,"caption":"HPACK IND\u00daSTRIA E COMERCIO DE EMBALAGENS"},"image":{"@id":"https:\/\/hpack.com.br\/loja\/#\/schema\/logo\/image\/"},"sameAs":["https:\/\/www.facebook.com\/hpackveracruz\/","https:\/\/www.instagram.com\/hpack_veracruz\/","https:\/\/br.linkedin.com\/company\/hpackembalagens"]}]}},"_links":{"self":[{"href":"https:\/\/hpack.com.br\/loja\/wp-json\/wp\/v2\/product\/3912","targetHints":{"allow":["GET"]}}],"collection":[{"href":"https:\/\/hpack.com.br\/loja\/wp-json\/wp\/v2\/product"}],"about":[{"href":"https:\/\/hpack.com.br\/loja\/wp-json\/wp\/v2\/types\/product"}],"version-history":[{"count":0,"href":"https:\/\/hpack.com.br\/loja\/wp-json\/wp\/v2\/product\/3912\/revisions"}],"wp:featuredmedia":[{"embeddable":true,"href":"https:\/\/hpack.com.br\/loja\/wp-json\/wp\/v2\/media\/1435"}],"wp:attachment":[{"href":"https:\/\/hpack.com.br\/loja\/wp-json\/wp\/v2\/media?parent=3912"}],"wp:term":[{"taxonomy":"product_brand","embeddable":true,"href":"https:\/\/hpack.com.br\/loja\/wp-json\/wp\/v2\/product_brand?post=3912"},{"taxonomy":"product_cat","embeddable":true,"href":"https:\/\/hpack.com.br\/loja\/wp-json\/wp\/v2\/product_cat?post=3912"},{"taxonomy":"product_tag","embeddable":true,"href":"https:\/\/hpack.com.br\/loja\/wp-json\/wp\/v2\/product_tag?post=3912"}],"curies":[{"name":"wp","href":"https:\/\/api.w.org\/{rel}","templated":true}]}}