{"id":4429,"date":"2025-05-30T14:12:39","date_gmt":"2025-05-30T17:12:39","guid":{"rendered":"https:\/\/tanolink.com.br\/hpack\/?post_type=product&#038;p=4429"},"modified":"2025-07-31T20:34:06","modified_gmt":"2025-07-31T23:34:06","slug":"pead-agro-1-litro-cod-1236","status":"publish","type":"product","link":"https:\/\/hpack.com.br\/loja\/produto\/pead-agro-1-litro-cod-1236\/","title":{"rendered":"Frasco 1l agro branco &#8211; c\u00f3d. 1236"},"content":{"rendered":"<h3 data-start=\"172\" data-end=\"254\"><strong data-start=\"179\" data-end=\"252\">Frasco 1l agro com tampa \u2013 Resistente e seguro para produtos qu\u00edmicos<\/strong><\/h3>\n<p data-start=\"270\" data-end=\"490\">O <strong data-start=\"272\" data-end=\"298\">Frasco Agro de 1 litro<\/strong> foi desenvolvido especialmente para o <strong data-start=\"337\" data-end=\"435\">envase de agrot\u00f3xicos, defensivos agr\u00edcolas, fertilizantes l\u00edquidos e outros produtos qu\u00edmicos<\/strong>, garantindo seguran\u00e7a, resist\u00eancia e veda\u00e7\u00e3o adequada.<\/p>\n<p data-start=\"492\" data-end=\"701\">Fabricado em <strong>pead\u00a0branco<\/strong> de alta densidade, o frasco \u00e9 robusto e dur\u00e1vel, suportando o manuseio intenso do setor agroindustrial. Seu <strong data-start=\"629\" data-end=\"652\">bocal largo de 45mm<\/strong> facilita o enchimento e uso com maior seguran\u00e7a.<\/p>\n<p data-start=\"703\" data-end=\"738\"><strong data-start=\"706\" data-end=\"736\">Especifica\u00e7\u00f5es do produto:<\/strong><\/p>\n<ul>\n<li data-start=\"741\" data-end=\"769\"><strong data-start=\"744\" data-end=\"759\">Capacidade:<\/strong> 1 litro<\/li>\n<li data-start=\"772\" data-end=\"790\"><strong data-start=\"775\" data-end=\"784\">Peso:<\/strong> 75g<\/li>\n<li data-start=\"793\" data-end=\"856\"><strong data-start=\"796\" data-end=\"809\">Material:<\/strong> Pead branco<\/li>\n<li data-start=\"793\" data-end=\"856\"><strong data-start=\"862\" data-end=\"872\">Bocal:<\/strong> 45mm<\/li>\n<li data-start=\"940\" data-end=\"975\"><strong data-start=\"943\" data-end=\"961\">Pedido m\u00ednimo:<\/strong> 80 unidades<\/li>\n<\/ul>\n<p data-start=\"1028\" data-end=\"1055\"><strong data-start=\"1031\" data-end=\"1053\">Aplica\u00e7\u00f5es ideais:<\/strong><\/p>\n<ul>\n<li data-start=\"1058\" data-end=\"1071\">Agrot\u00f3xicos;<\/li>\n<li data-start=\"1074\" data-end=\"1096\">Defensivos agr\u00edcolas;<\/li>\n<li data-start=\"1099\" data-end=\"1123\">Fertilizantes l\u00edquidos;<\/li>\n<li data-start=\"1126\" data-end=\"1155\">Produtos qu\u00edmicos industriais.<\/li>\n<\/ul>\n<p data-start=\"1157\" data-end=\"1232\"><strong data-start=\"1161\" data-end=\"1232\">Seguran\u00e7a e qualidade em embalagens que fazem a diferen\u00e7a no campo!<\/strong><\/p>\n","protected":false},"excerpt":{"rendered":"<ul>\n<li><strong>Frasco:\u00a0<\/strong>Valor unit\u00e1rio: R$ 4,00<\/li>\n<li><strong>Tampa:\u00a0<\/strong>Valor unit\u00e1rio: R$ 1,00<\/li>\n<li><strong>Bocal:<\/strong> 45 mm<\/li>\n<li><strong>Pedido m\u00ednimo:<\/strong> 80 unidades<\/li>\n<\/ul>\n","protected":false},"featured_media":4485,"template":"","meta":{"_acf_changed":false},"product_brand":[358],"product_cat":[86],"product_tag":[486,488,198,489,490,481,491,485,487,399,414,326],"class_list":{"0":"post-4429","1":"product","2":"type-product","3":"status-publish","4":"has-post-thumbnail","6":"product_brand-hpack-embalagens-plasticas","7":"product_cat-linha-fertilizantes","8":"product_tag-embalagem-agro","9":"product_tag-embalagem-para-fertilizantes","10":"product_tag-frasco-1-litro","11":"product_tag-frasco-45mm","12":"product_tag-frasco-agroindustrial","13":"product_tag-frasco-com-tampa","14":"product_tag-frasco-duravel","15":"product_tag-frasco-para-agrotoxicos","16":"product_tag-frasco-para-defensivos-agricolas","17":"product_tag-frasco-para-produtos-quimicos","18":"product_tag-frasco-pead-branco","19":"product_tag-frasco-resistente","21":"first","22":"instock","23":"shipping-taxable","24":"purchasable","25":"product-type-variable"},"acf":[],"yoast_head":"<!-- This site is optimized with the Yoast SEO plugin v27.4 - https:\/\/yoast.com\/product\/yoast-seo-wordpress\/ -->\n<title>Frasco 1L Agro com Tampa - Agrot\u00f3xicos e Fertilizantes L\u00edquidos<\/title>\n<meta name=\"description\" content=\"Frasco 1L Agro em PEAD branco, resistente e seguro para agrot\u00f3xicos, fertilizantes e produtos qu\u00edmicos. Excelente veda\u00e7\u00e3o para o setor agroindustrial.\" \/>\n<meta name=\"robots\" content=\"index, follow, max-snippet:-1, max-image-preview:large, max-video-preview:-1\" \/>\n<link rel=\"canonical\" href=\"https:\/\/hpack.com.br\/loja\/produto\/pead-agro-1-litro-cod-1236\/\" \/>\n<meta property=\"og:locale\" content=\"pt_BR\" \/>\n<meta property=\"og:type\" content=\"article\" \/>\n<meta property=\"og:title\" content=\"Frasco 1L Agro com Tampa - Agrot\u00f3xicos e Fertilizantes L\u00edquidos\" \/>\n<meta property=\"og:description\" content=\"Frasco 1L Agro em PEAD branco, resistente e seguro para agrot\u00f3xicos, fertilizantes e produtos qu\u00edmicos. Excelente veda\u00e7\u00e3o para o setor agroindustrial.\" \/>\n<meta property=\"og:url\" content=\"https:\/\/hpack.com.br\/loja\/produto\/pead-agro-1-litro-cod-1236\/\" \/>\n<meta property=\"og:site_name\" content=\"Hpack - Fabrica de Frascos e Embalagens\" \/>\n<meta property=\"article:publisher\" content=\"https:\/\/www.facebook.com\/hpackveracruz\/\" \/>\n<meta property=\"article:modified_time\" content=\"2025-07-31T23:34:06+00:00\" \/>\n<meta property=\"og:image\" content=\"https:\/\/hpack.com.br\/loja\/wp-content\/uploads\/2025\/05\/frasco-1lt-agro-1.png\" \/>\n\t<meta property=\"og:image:width\" content=\"1080\" \/>\n\t<meta property=\"og:image:height\" content=\"1350\" \/>\n\t<meta property=\"og:image:type\" content=\"image\/png\" \/>\n<meta name=\"twitter:card\" content=\"summary_large_image\" \/>\n<meta name=\"twitter:label1\" content=\"Est. tempo de leitura\" \/>\n\t<meta name=\"twitter:data1\" content=\"1 minuto\" \/>\n<script type=\"application\/ld+json\" class=\"yoast-schema-graph\">{\"@context\":\"https:\\\/\\\/schema.org\",\"@graph\":[{\"@type\":\"WebPage\",\"@id\":\"https:\\\/\\\/hpack.com.br\\\/loja\\\/produto\\\/pead-agro-1-litro-cod-1236\\\/\",\"url\":\"https:\\\/\\\/hpack.com.br\\\/loja\\\/produto\\\/pead-agro-1-litro-cod-1236\\\/\",\"name\":\"Frasco 1L Agro com Tampa - Agrot\u00f3xicos e Fertilizantes L\u00edquidos\",\"isPartOf\":{\"@id\":\"https:\\\/\\\/hpack.com.br\\\/loja\\\/#website\"},\"primaryImageOfPage\":{\"@id\":\"https:\\\/\\\/hpack.com.br\\\/loja\\\/produto\\\/pead-agro-1-litro-cod-1236\\\/#primaryimage\"},\"image\":{\"@id\":\"https:\\\/\\\/hpack.com.br\\\/loja\\\/produto\\\/pead-agro-1-litro-cod-1236\\\/#primaryimage\"},\"thumbnailUrl\":\"https:\\\/\\\/hpack.com.br\\\/loja\\\/wp-content\\\/uploads\\\/2025\\\/05\\\/frasco-1lt-agro-1.png\",\"datePublished\":\"2025-05-30T17:12:39+00:00\",\"dateModified\":\"2025-07-31T23:34:06+00:00\",\"description\":\"Frasco 1L Agro em PEAD branco, resistente e seguro para agrot\u00f3xicos, fertilizantes e produtos qu\u00edmicos. Excelente veda\u00e7\u00e3o para o setor agroindustrial.\",\"breadcrumb\":{\"@id\":\"https:\\\/\\\/hpack.com.br\\\/loja\\\/produto\\\/pead-agro-1-litro-cod-1236\\\/#breadcrumb\"},\"inLanguage\":\"pt-BR\",\"potentialAction\":[{\"@type\":\"ReadAction\",\"target\":[\"https:\\\/\\\/hpack.com.br\\\/loja\\\/produto\\\/pead-agro-1-litro-cod-1236\\\/\"]}]},{\"@type\":\"ImageObject\",\"inLanguage\":\"pt-BR\",\"@id\":\"https:\\\/\\\/hpack.com.br\\\/loja\\\/produto\\\/pead-agro-1-litro-cod-1236\\\/#primaryimage\",\"url\":\"https:\\\/\\\/hpack.com.br\\\/loja\\\/wp-content\\\/uploads\\\/2025\\\/05\\\/frasco-1lt-agro-1.png\",\"contentUrl\":\"https:\\\/\\\/hpack.com.br\\\/loja\\\/wp-content\\\/uploads\\\/2025\\\/05\\\/frasco-1lt-agro-1.png\",\"width\":1080,\"height\":1350},{\"@type\":\"BreadcrumbList\",\"@id\":\"https:\\\/\\\/hpack.com.br\\\/loja\\\/produto\\\/pead-agro-1-litro-cod-1236\\\/#breadcrumb\",\"itemListElement\":[{\"@type\":\"ListItem\",\"position\":1,\"name\":\"In\u00edcio\",\"item\":\"https:\\\/\\\/hpack.com.br\\\/loja\\\/\"},{\"@type\":\"ListItem\",\"position\":2,\"name\":\"Loja\",\"item\":\"https:\\\/\\\/hpack.com.br\\\/loja\\\/loja\\\/\"},{\"@type\":\"ListItem\",\"position\":3,\"name\":\"Frasco 1l agro branco &#8211; c\u00f3d. 1236\"}]},{\"@type\":\"WebSite\",\"@id\":\"https:\\\/\\\/hpack.com.br\\\/loja\\\/#website\",\"url\":\"https:\\\/\\\/hpack.com.br\\\/loja\\\/\",\"name\":\"Hpack\",\"description\":\"Ind\u00fastria e Com\u00e9rcio de Embalagens. Especializados na produ\u00e7\u00e3o de embalagens pl\u00e1sticas PET, PEAD e Frascos para setores de alimentos, cosm\u00e9ticos e farmac\u00eauticos, Agro. Oferecemos solu\u00e7\u00f5es em embalagens pl\u00e1sticas para bebidas, produtos qu\u00edmicos, agr\u00edcolas e mais. Sede em Vera Cruz RS - Vendas para todo o Brasil\",\"publisher\":{\"@id\":\"https:\\\/\\\/hpack.com.br\\\/loja\\\/#organization\"},\"potentialAction\":[{\"@type\":\"SearchAction\",\"target\":{\"@type\":\"EntryPoint\",\"urlTemplate\":\"https:\\\/\\\/hpack.com.br\\\/loja\\\/?s={search_term_string}\"},\"query-input\":{\"@type\":\"PropertyValueSpecification\",\"valueRequired\":true,\"valueName\":\"search_term_string\"}}],\"inLanguage\":\"pt-BR\"},{\"@type\":\"Organization\",\"@id\":\"https:\\\/\\\/hpack.com.br\\\/loja\\\/#organization\",\"name\":\"HPACK IND\u00daSTRIA E COMERCIO DE EMBALAGENS\",\"url\":\"https:\\\/\\\/hpack.com.br\\\/loja\\\/\",\"logo\":{\"@type\":\"ImageObject\",\"inLanguage\":\"pt-BR\",\"@id\":\"https:\\\/\\\/hpack.com.br\\\/loja\\\/#\\\/schema\\\/logo\\\/image\\\/\",\"url\":\"https:\\\/\\\/hpack.com.br\\\/loja\\\/wp-content\\\/uploads\\\/2025\\\/03\\\/Hpack_logo.png\",\"contentUrl\":\"https:\\\/\\\/hpack.com.br\\\/loja\\\/wp-content\\\/uploads\\\/2025\\\/03\\\/Hpack_logo.png\",\"width\":220,\"height\":100,\"caption\":\"HPACK IND\u00daSTRIA E COMERCIO DE EMBALAGENS\"},\"image\":{\"@id\":\"https:\\\/\\\/hpack.com.br\\\/loja\\\/#\\\/schema\\\/logo\\\/image\\\/\"},\"sameAs\":[\"https:\\\/\\\/www.facebook.com\\\/hpackveracruz\\\/\",\"https:\\\/\\\/www.instagram.com\\\/hpack_veracruz\\\/\",\"https:\\\/\\\/br.linkedin.com\\\/company\\\/hpackembalagens\"]}]}<\/script>\n<!-- \/ Yoast SEO plugin. -->","yoast_head_json":{"title":"Frasco 1L Agro com Tampa - Agrot\u00f3xicos e Fertilizantes L\u00edquidos","description":"Frasco 1L Agro em PEAD branco, resistente e seguro para agrot\u00f3xicos, fertilizantes e produtos qu\u00edmicos. Excelente veda\u00e7\u00e3o para o setor agroindustrial.","robots":{"index":"index","follow":"follow","max-snippet":"max-snippet:-1","max-image-preview":"max-image-preview:large","max-video-preview":"max-video-preview:-1"},"canonical":"https:\/\/hpack.com.br\/loja\/produto\/pead-agro-1-litro-cod-1236\/","og_locale":"pt_BR","og_type":"article","og_title":"Frasco 1L Agro com Tampa - Agrot\u00f3xicos e Fertilizantes L\u00edquidos","og_description":"Frasco 1L Agro em PEAD branco, resistente e seguro para agrot\u00f3xicos, fertilizantes e produtos qu\u00edmicos. Excelente veda\u00e7\u00e3o para o setor agroindustrial.","og_url":"https:\/\/hpack.com.br\/loja\/produto\/pead-agro-1-litro-cod-1236\/","og_site_name":"Hpack - Fabrica de Frascos e Embalagens","article_publisher":"https:\/\/www.facebook.com\/hpackveracruz\/","article_modified_time":"2025-07-31T23:34:06+00:00","og_image":[{"width":1080,"height":1350,"url":"https:\/\/hpack.com.br\/loja\/wp-content\/uploads\/2025\/05\/frasco-1lt-agro-1.png","type":"image\/png"}],"twitter_card":"summary_large_image","twitter_misc":{"Est. tempo de leitura":"1 minuto"},"schema":{"@context":"https:\/\/schema.org","@graph":[{"@type":"WebPage","@id":"https:\/\/hpack.com.br\/loja\/produto\/pead-agro-1-litro-cod-1236\/","url":"https:\/\/hpack.com.br\/loja\/produto\/pead-agro-1-litro-cod-1236\/","name":"Frasco 1L Agro com Tampa - Agrot\u00f3xicos e Fertilizantes L\u00edquidos","isPartOf":{"@id":"https:\/\/hpack.com.br\/loja\/#website"},"primaryImageOfPage":{"@id":"https:\/\/hpack.com.br\/loja\/produto\/pead-agro-1-litro-cod-1236\/#primaryimage"},"image":{"@id":"https:\/\/hpack.com.br\/loja\/produto\/pead-agro-1-litro-cod-1236\/#primaryimage"},"thumbnailUrl":"https:\/\/hpack.com.br\/loja\/wp-content\/uploads\/2025\/05\/frasco-1lt-agro-1.png","datePublished":"2025-05-30T17:12:39+00:00","dateModified":"2025-07-31T23:34:06+00:00","description":"Frasco 1L Agro em PEAD branco, resistente e seguro para agrot\u00f3xicos, fertilizantes e produtos qu\u00edmicos. Excelente veda\u00e7\u00e3o para o setor agroindustrial.","breadcrumb":{"@id":"https:\/\/hpack.com.br\/loja\/produto\/pead-agro-1-litro-cod-1236\/#breadcrumb"},"inLanguage":"pt-BR","potentialAction":[{"@type":"ReadAction","target":["https:\/\/hpack.com.br\/loja\/produto\/pead-agro-1-litro-cod-1236\/"]}]},{"@type":"ImageObject","inLanguage":"pt-BR","@id":"https:\/\/hpack.com.br\/loja\/produto\/pead-agro-1-litro-cod-1236\/#primaryimage","url":"https:\/\/hpack.com.br\/loja\/wp-content\/uploads\/2025\/05\/frasco-1lt-agro-1.png","contentUrl":"https:\/\/hpack.com.br\/loja\/wp-content\/uploads\/2025\/05\/frasco-1lt-agro-1.png","width":1080,"height":1350},{"@type":"BreadcrumbList","@id":"https:\/\/hpack.com.br\/loja\/produto\/pead-agro-1-litro-cod-1236\/#breadcrumb","itemListElement":[{"@type":"ListItem","position":1,"name":"In\u00edcio","item":"https:\/\/hpack.com.br\/loja\/"},{"@type":"ListItem","position":2,"name":"Loja","item":"https:\/\/hpack.com.br\/loja\/loja\/"},{"@type":"ListItem","position":3,"name":"Frasco 1l agro branco &#8211; c\u00f3d. 1236"}]},{"@type":"WebSite","@id":"https:\/\/hpack.com.br\/loja\/#website","url":"https:\/\/hpack.com.br\/loja\/","name":"Hpack","description":"Ind\u00fastria e Com\u00e9rcio de Embalagens. Especializados na produ\u00e7\u00e3o de embalagens pl\u00e1sticas PET, PEAD e Frascos para setores de alimentos, cosm\u00e9ticos e farmac\u00eauticos, Agro. Oferecemos solu\u00e7\u00f5es em embalagens pl\u00e1sticas para bebidas, produtos qu\u00edmicos, agr\u00edcolas e mais. Sede em Vera Cruz RS - Vendas para todo o Brasil","publisher":{"@id":"https:\/\/hpack.com.br\/loja\/#organization"},"potentialAction":[{"@type":"SearchAction","target":{"@type":"EntryPoint","urlTemplate":"https:\/\/hpack.com.br\/loja\/?s={search_term_string}"},"query-input":{"@type":"PropertyValueSpecification","valueRequired":true,"valueName":"search_term_string"}}],"inLanguage":"pt-BR"},{"@type":"Organization","@id":"https:\/\/hpack.com.br\/loja\/#organization","name":"HPACK IND\u00daSTRIA E COMERCIO DE EMBALAGENS","url":"https:\/\/hpack.com.br\/loja\/","logo":{"@type":"ImageObject","inLanguage":"pt-BR","@id":"https:\/\/hpack.com.br\/loja\/#\/schema\/logo\/image\/","url":"https:\/\/hpack.com.br\/loja\/wp-content\/uploads\/2025\/03\/Hpack_logo.png","contentUrl":"https:\/\/hpack.com.br\/loja\/wp-content\/uploads\/2025\/03\/Hpack_logo.png","width":220,"height":100,"caption":"HPACK IND\u00daSTRIA E COMERCIO DE EMBALAGENS"},"image":{"@id":"https:\/\/hpack.com.br\/loja\/#\/schema\/logo\/image\/"},"sameAs":["https:\/\/www.facebook.com\/hpackveracruz\/","https:\/\/www.instagram.com\/hpack_veracruz\/","https:\/\/br.linkedin.com\/company\/hpackembalagens"]}]}},"_links":{"self":[{"href":"https:\/\/hpack.com.br\/loja\/wp-json\/wp\/v2\/product\/4429","targetHints":{"allow":["GET"]}}],"collection":[{"href":"https:\/\/hpack.com.br\/loja\/wp-json\/wp\/v2\/product"}],"about":[{"href":"https:\/\/hpack.com.br\/loja\/wp-json\/wp\/v2\/types\/product"}],"version-history":[{"count":0,"href":"https:\/\/hpack.com.br\/loja\/wp-json\/wp\/v2\/product\/4429\/revisions"}],"wp:featuredmedia":[{"embeddable":true,"href":"https:\/\/hpack.com.br\/loja\/wp-json\/wp\/v2\/media\/4485"}],"wp:attachment":[{"href":"https:\/\/hpack.com.br\/loja\/wp-json\/wp\/v2\/media?parent=4429"}],"wp:term":[{"taxonomy":"product_brand","embeddable":true,"href":"https:\/\/hpack.com.br\/loja\/wp-json\/wp\/v2\/product_brand?post=4429"},{"taxonomy":"product_cat","embeddable":true,"href":"https:\/\/hpack.com.br\/loja\/wp-json\/wp\/v2\/product_cat?post=4429"},{"taxonomy":"product_tag","embeddable":true,"href":"https:\/\/hpack.com.br\/loja\/wp-json\/wp\/v2\/product_tag?post=4429"}],"curies":[{"name":"wp","href":"https:\/\/api.w.org\/{rel}","templated":true}]}}