{"id":4687,"date":"2025-06-13T16:47:34","date_gmt":"2025-06-13T19:47:34","guid":{"rendered":"https:\/\/tanolink.com.br\/hpack\/?post_type=product&#038;p=4687"},"modified":"2025-07-31T20:34:05","modified_gmt":"2025-07-31T23:34:05","slug":"frasco-pead-r300-cod-182","status":"publish","type":"product","link":"https:\/\/hpack.com.br\/loja\/produto\/frasco-pead-r300-cod-182\/","title":{"rendered":"Frasco pead R300 \u2013 c\u00f3d 182"},"content":{"rendered":"<p data-start=\"285\" data-end=\"657\">O\u00a0<strong data-start=\"287\" data-end=\"315\">Frasco pead R300 de 300g<\/strong>\u00a0\u00e9 a solu\u00e7\u00e3o ideal para empresas da ind\u00fastria cosm\u00e9tica e farmac\u00eautica que buscam embalagens confi\u00e1veis, higi\u00eanicas e com excelente custo-benef\u00edcio. Seu formato cil\u00edndrico e material em\u00a0<strong data-start=\"501\" data-end=\"522\">pead branco\u00a0<\/strong>garantem resist\u00eancia e prote\u00e7\u00e3o contra luz, ideal para preservar a integridade de cosm\u00e9ticos, medicamentos manipulados, lo\u00e7\u00f5es e g\u00e9is.<\/p>\n<p data-start=\"659\" data-end=\"839\">O bocal de 45mm facilita o envase e a aplica\u00e7\u00e3o, sendo compat\u00edvel com tampas\u00a0 45mm, oferecendo versatilidade conforme a necessidade do seu produto.<\/p>\n<p data-start=\"841\" data-end=\"871\"><strong data-start=\"844\" data-end=\"869\">Especifica\u00e7\u00f5es do produto:<\/strong><\/p>\n<ul>\n<li data-start=\"874\" data-end=\"899\"><strong data-start=\"877\" data-end=\"892\">Capacidade:<\/strong> 300g<\/li>\n<li data-start=\"874\" data-end=\"899\"><strong>Peso:<\/strong> 18g<\/li>\n<li data-start=\"874\" data-end=\"899\"><strong data-start=\"1011\" data-end=\"1021\">Bocal:<\/strong> 45mm<\/li>\n<li data-start=\"874\" data-end=\"899\"><strong data-start=\"1086\" data-end=\"1104\">Pedido m\u00ednimo:<\/strong> 250 unidades<\/li>\n<\/ul>\n<p data-start=\"1136\" data-end=\"1156\"><strong data-start=\"1139\" data-end=\"1154\">Ideal para:<\/strong><\/p>\n<ul>\n<li data-start=\"1159\" data-end=\"1189\">Farmac\u00eauticos e laborat\u00f3rios;<\/li>\n<li data-start=\"1192\" data-end=\"1220\">Cosm\u00e9ticos em creme ou gel;<\/li>\n<li data-start=\"1223\" data-end=\"1260\">Pomadas, lo\u00e7\u00f5es, f\u00f3rmulas manipuladas.<\/li>\n<\/ul>\n<p data-start=\"1262\" data-end=\"1344\"><strong data-start=\"1265\" data-end=\"1344\">Uma embalagem confi\u00e1vel, pr\u00e1tica e profissional para valorizar seu produto!<\/strong><\/p>\n","protected":false},"excerpt":{"rendered":"<ul>\n<li><strong>Frasco:\u00a0<\/strong>Valor unit\u00e1rio: R$ 0,90<\/li>\n<li><strong>Tampa:\u00a0<\/strong>Valor unit\u00e1rio: R$ 0,60<\/li>\n<li><strong>Bocal:<\/strong> 45 mm<\/li>\n<li><strong>Pedido m\u00ednimo:<\/strong> 250 unidades<\/li>\n<\/ul>\n","protected":false},"featured_media":4692,"template":"","meta":{"_acf_changed":false},"product_brand":[358],"product_cat":[106],"product_tag":[501,498,495,492,494,493,496,499,497,414,502,500,326],"class_list":{"0":"post-4687","1":"product","2":"type-product","3":"status-publish","4":"has-post-thumbnail","6":"product_brand-hpack-embalagens-plasticas","7":"product_cat-farmaceuticos","8":"product_tag-embalagem-higienica","9":"product_tag-embalagem-para-formulas-manipuladas","10":"product_tag-embalagem-para-locoes","11":"product_tag-frasco-cilindrico-45mm","12":"product_tag-frasco-farmaceutico","13":"product_tag-frasco-para-cosmeticos","14":"product_tag-frasco-para-cremes","15":"product_tag-frasco-para-laboratorio","16":"product_tag-frasco-para-pomadas","17":"product_tag-frasco-pead-branco","18":"product_tag-frasco-pead-r300","19":"product_tag-frasco-profissional","20":"product_tag-frasco-resistente","22":"first","23":"instock","24":"shipping-taxable","25":"purchasable","26":"product-type-variable"},"acf":[],"yoast_head":"<!-- This site is optimized with the Yoast SEO plugin v27.4 - https:\/\/yoast.com\/product\/yoast-seo-wordpress\/ -->\n<title>Frasco pead R300 \u2013 c\u00f3d 182 - Hpack - Fabrica de Frascos e Embalagens para Cosm\u00e9ticos e Farmac\u00eauticos<\/title>\n<meta name=\"description\" content=\"Embalagem cil\u00edndrica em PEAD branco com bocal 45mm. Ideal para cosm\u00e9ticos, medicamentos manipulados, lo\u00e7\u00f5es e g\u00e9is. Prote\u00e7\u00e3o, praticidade e custo-benef\u00edcio.\" \/>\n<meta name=\"robots\" content=\"index, follow, max-snippet:-1, max-image-preview:large, max-video-preview:-1\" \/>\n<link rel=\"canonical\" href=\"https:\/\/hpack.com.br\/loja\/produto\/frasco-pead-r300-cod-182\/\" \/>\n<meta property=\"og:locale\" content=\"pt_BR\" \/>\n<meta property=\"og:type\" content=\"article\" \/>\n<meta property=\"og:title\" content=\"Frasco pead R300 \u2013 c\u00f3d 182 - Hpack - Fabrica de Frascos e Embalagens para Cosm\u00e9ticos e Farmac\u00eauticos\" \/>\n<meta property=\"og:description\" content=\"Embalagem cil\u00edndrica em PEAD branco com bocal 45mm. Ideal para cosm\u00e9ticos, medicamentos manipulados, lo\u00e7\u00f5es e g\u00e9is. Prote\u00e7\u00e3o, praticidade e custo-benef\u00edcio.\" \/>\n<meta property=\"og:url\" content=\"https:\/\/hpack.com.br\/loja\/produto\/frasco-pead-r300-cod-182\/\" \/>\n<meta property=\"og:site_name\" content=\"Hpack - Fabrica de Frascos e Embalagens\" \/>\n<meta property=\"article:publisher\" content=\"https:\/\/www.facebook.com\/hpackveracruz\/\" \/>\n<meta property=\"article:modified_time\" content=\"2025-07-31T23:34:05+00:00\" \/>\n<meta property=\"og:image\" content=\"https:\/\/hpack.com.br\/loja\/wp-content\/uploads\/2025\/06\/frasco-r300.png\" \/>\n\t<meta property=\"og:image:width\" content=\"1080\" \/>\n\t<meta property=\"og:image:height\" content=\"1350\" \/>\n\t<meta property=\"og:image:type\" content=\"image\/png\" \/>\n<meta name=\"twitter:card\" content=\"summary_large_image\" \/>\n<meta name=\"twitter:label1\" content=\"Est. tempo de leitura\" \/>\n\t<meta name=\"twitter:data1\" content=\"1 minuto\" \/>\n<script type=\"application\/ld+json\" class=\"yoast-schema-graph\">{\"@context\":\"https:\\\/\\\/schema.org\",\"@graph\":[{\"@type\":\"WebPage\",\"@id\":\"https:\\\/\\\/hpack.com.br\\\/loja\\\/produto\\\/frasco-pead-r300-cod-182\\\/\",\"url\":\"https:\\\/\\\/hpack.com.br\\\/loja\\\/produto\\\/frasco-pead-r300-cod-182\\\/\",\"name\":\"Frasco pead R300 \u2013 c\u00f3d 182 - Hpack - Fabrica de Frascos e Embalagens para Cosm\u00e9ticos e Farmac\u00eauticos\",\"isPartOf\":{\"@id\":\"https:\\\/\\\/hpack.com.br\\\/loja\\\/#website\"},\"primaryImageOfPage\":{\"@id\":\"https:\\\/\\\/hpack.com.br\\\/loja\\\/produto\\\/frasco-pead-r300-cod-182\\\/#primaryimage\"},\"image\":{\"@id\":\"https:\\\/\\\/hpack.com.br\\\/loja\\\/produto\\\/frasco-pead-r300-cod-182\\\/#primaryimage\"},\"thumbnailUrl\":\"https:\\\/\\\/hpack.com.br\\\/loja\\\/wp-content\\\/uploads\\\/2025\\\/06\\\/frasco-r300.png\",\"datePublished\":\"2025-06-13T19:47:34+00:00\",\"dateModified\":\"2025-07-31T23:34:05+00:00\",\"description\":\"Embalagem cil\u00edndrica em PEAD branco com bocal 45mm. Ideal para cosm\u00e9ticos, medicamentos manipulados, lo\u00e7\u00f5es e g\u00e9is. Prote\u00e7\u00e3o, praticidade e custo-benef\u00edcio.\",\"breadcrumb\":{\"@id\":\"https:\\\/\\\/hpack.com.br\\\/loja\\\/produto\\\/frasco-pead-r300-cod-182\\\/#breadcrumb\"},\"inLanguage\":\"pt-BR\",\"potentialAction\":[{\"@type\":\"ReadAction\",\"target\":[\"https:\\\/\\\/hpack.com.br\\\/loja\\\/produto\\\/frasco-pead-r300-cod-182\\\/\"]}]},{\"@type\":\"ImageObject\",\"inLanguage\":\"pt-BR\",\"@id\":\"https:\\\/\\\/hpack.com.br\\\/loja\\\/produto\\\/frasco-pead-r300-cod-182\\\/#primaryimage\",\"url\":\"https:\\\/\\\/hpack.com.br\\\/loja\\\/wp-content\\\/uploads\\\/2025\\\/06\\\/frasco-r300.png\",\"contentUrl\":\"https:\\\/\\\/hpack.com.br\\\/loja\\\/wp-content\\\/uploads\\\/2025\\\/06\\\/frasco-r300.png\",\"width\":1080,\"height\":1350},{\"@type\":\"BreadcrumbList\",\"@id\":\"https:\\\/\\\/hpack.com.br\\\/loja\\\/produto\\\/frasco-pead-r300-cod-182\\\/#breadcrumb\",\"itemListElement\":[{\"@type\":\"ListItem\",\"position\":1,\"name\":\"In\u00edcio\",\"item\":\"https:\\\/\\\/hpack.com.br\\\/loja\\\/\"},{\"@type\":\"ListItem\",\"position\":2,\"name\":\"Loja\",\"item\":\"https:\\\/\\\/hpack.com.br\\\/loja\\\/loja\\\/\"},{\"@type\":\"ListItem\",\"position\":3,\"name\":\"Frasco pead R300 \u2013 c\u00f3d 182\"}]},{\"@type\":\"WebSite\",\"@id\":\"https:\\\/\\\/hpack.com.br\\\/loja\\\/#website\",\"url\":\"https:\\\/\\\/hpack.com.br\\\/loja\\\/\",\"name\":\"Hpack\",\"description\":\"Ind\u00fastria e Com\u00e9rcio de Embalagens. Especializados na produ\u00e7\u00e3o de embalagens pl\u00e1sticas PET, PEAD e Frascos para setores de alimentos, cosm\u00e9ticos e farmac\u00eauticos, Agro. Oferecemos solu\u00e7\u00f5es em embalagens pl\u00e1sticas para bebidas, produtos qu\u00edmicos, agr\u00edcolas e mais. Sede em Vera Cruz RS - Vendas para todo o Brasil\",\"publisher\":{\"@id\":\"https:\\\/\\\/hpack.com.br\\\/loja\\\/#organization\"},\"potentialAction\":[{\"@type\":\"SearchAction\",\"target\":{\"@type\":\"EntryPoint\",\"urlTemplate\":\"https:\\\/\\\/hpack.com.br\\\/loja\\\/?s={search_term_string}\"},\"query-input\":{\"@type\":\"PropertyValueSpecification\",\"valueRequired\":true,\"valueName\":\"search_term_string\"}}],\"inLanguage\":\"pt-BR\"},{\"@type\":\"Organization\",\"@id\":\"https:\\\/\\\/hpack.com.br\\\/loja\\\/#organization\",\"name\":\"HPACK IND\u00daSTRIA E COMERCIO DE EMBALAGENS\",\"url\":\"https:\\\/\\\/hpack.com.br\\\/loja\\\/\",\"logo\":{\"@type\":\"ImageObject\",\"inLanguage\":\"pt-BR\",\"@id\":\"https:\\\/\\\/hpack.com.br\\\/loja\\\/#\\\/schema\\\/logo\\\/image\\\/\",\"url\":\"https:\\\/\\\/hpack.com.br\\\/loja\\\/wp-content\\\/uploads\\\/2025\\\/03\\\/Hpack_logo.png\",\"contentUrl\":\"https:\\\/\\\/hpack.com.br\\\/loja\\\/wp-content\\\/uploads\\\/2025\\\/03\\\/Hpack_logo.png\",\"width\":220,\"height\":100,\"caption\":\"HPACK IND\u00daSTRIA E COMERCIO DE EMBALAGENS\"},\"image\":{\"@id\":\"https:\\\/\\\/hpack.com.br\\\/loja\\\/#\\\/schema\\\/logo\\\/image\\\/\"},\"sameAs\":[\"https:\\\/\\\/www.facebook.com\\\/hpackveracruz\\\/\",\"https:\\\/\\\/www.instagram.com\\\/hpack_veracruz\\\/\",\"https:\\\/\\\/br.linkedin.com\\\/company\\\/hpackembalagens\"]}]}<\/script>\n<!-- \/ Yoast SEO plugin. -->","yoast_head_json":{"title":"Frasco pead R300 \u2013 c\u00f3d 182 - Hpack - Fabrica de Frascos e Embalagens para Cosm\u00e9ticos e Farmac\u00eauticos","description":"Embalagem cil\u00edndrica em PEAD branco com bocal 45mm. Ideal para cosm\u00e9ticos, medicamentos manipulados, lo\u00e7\u00f5es e g\u00e9is. Prote\u00e7\u00e3o, praticidade e custo-benef\u00edcio.","robots":{"index":"index","follow":"follow","max-snippet":"max-snippet:-1","max-image-preview":"max-image-preview:large","max-video-preview":"max-video-preview:-1"},"canonical":"https:\/\/hpack.com.br\/loja\/produto\/frasco-pead-r300-cod-182\/","og_locale":"pt_BR","og_type":"article","og_title":"Frasco pead R300 \u2013 c\u00f3d 182 - Hpack - Fabrica de Frascos e Embalagens para Cosm\u00e9ticos e Farmac\u00eauticos","og_description":"Embalagem cil\u00edndrica em PEAD branco com bocal 45mm. Ideal para cosm\u00e9ticos, medicamentos manipulados, lo\u00e7\u00f5es e g\u00e9is. Prote\u00e7\u00e3o, praticidade e custo-benef\u00edcio.","og_url":"https:\/\/hpack.com.br\/loja\/produto\/frasco-pead-r300-cod-182\/","og_site_name":"Hpack - Fabrica de Frascos e Embalagens","article_publisher":"https:\/\/www.facebook.com\/hpackveracruz\/","article_modified_time":"2025-07-31T23:34:05+00:00","og_image":[{"width":1080,"height":1350,"url":"https:\/\/hpack.com.br\/loja\/wp-content\/uploads\/2025\/06\/frasco-r300.png","type":"image\/png"}],"twitter_card":"summary_large_image","twitter_misc":{"Est. tempo de leitura":"1 minuto"},"schema":{"@context":"https:\/\/schema.org","@graph":[{"@type":"WebPage","@id":"https:\/\/hpack.com.br\/loja\/produto\/frasco-pead-r300-cod-182\/","url":"https:\/\/hpack.com.br\/loja\/produto\/frasco-pead-r300-cod-182\/","name":"Frasco pead R300 \u2013 c\u00f3d 182 - Hpack - Fabrica de Frascos e Embalagens para Cosm\u00e9ticos e Farmac\u00eauticos","isPartOf":{"@id":"https:\/\/hpack.com.br\/loja\/#website"},"primaryImageOfPage":{"@id":"https:\/\/hpack.com.br\/loja\/produto\/frasco-pead-r300-cod-182\/#primaryimage"},"image":{"@id":"https:\/\/hpack.com.br\/loja\/produto\/frasco-pead-r300-cod-182\/#primaryimage"},"thumbnailUrl":"https:\/\/hpack.com.br\/loja\/wp-content\/uploads\/2025\/06\/frasco-r300.png","datePublished":"2025-06-13T19:47:34+00:00","dateModified":"2025-07-31T23:34:05+00:00","description":"Embalagem cil\u00edndrica em PEAD branco com bocal 45mm. Ideal para cosm\u00e9ticos, medicamentos manipulados, lo\u00e7\u00f5es e g\u00e9is. Prote\u00e7\u00e3o, praticidade e custo-benef\u00edcio.","breadcrumb":{"@id":"https:\/\/hpack.com.br\/loja\/produto\/frasco-pead-r300-cod-182\/#breadcrumb"},"inLanguage":"pt-BR","potentialAction":[{"@type":"ReadAction","target":["https:\/\/hpack.com.br\/loja\/produto\/frasco-pead-r300-cod-182\/"]}]},{"@type":"ImageObject","inLanguage":"pt-BR","@id":"https:\/\/hpack.com.br\/loja\/produto\/frasco-pead-r300-cod-182\/#primaryimage","url":"https:\/\/hpack.com.br\/loja\/wp-content\/uploads\/2025\/06\/frasco-r300.png","contentUrl":"https:\/\/hpack.com.br\/loja\/wp-content\/uploads\/2025\/06\/frasco-r300.png","width":1080,"height":1350},{"@type":"BreadcrumbList","@id":"https:\/\/hpack.com.br\/loja\/produto\/frasco-pead-r300-cod-182\/#breadcrumb","itemListElement":[{"@type":"ListItem","position":1,"name":"In\u00edcio","item":"https:\/\/hpack.com.br\/loja\/"},{"@type":"ListItem","position":2,"name":"Loja","item":"https:\/\/hpack.com.br\/loja\/loja\/"},{"@type":"ListItem","position":3,"name":"Frasco pead R300 \u2013 c\u00f3d 182"}]},{"@type":"WebSite","@id":"https:\/\/hpack.com.br\/loja\/#website","url":"https:\/\/hpack.com.br\/loja\/","name":"Hpack","description":"Ind\u00fastria e Com\u00e9rcio de Embalagens. Especializados na produ\u00e7\u00e3o de embalagens pl\u00e1sticas PET, PEAD e Frascos para setores de alimentos, cosm\u00e9ticos e farmac\u00eauticos, Agro. Oferecemos solu\u00e7\u00f5es em embalagens pl\u00e1sticas para bebidas, produtos qu\u00edmicos, agr\u00edcolas e mais. Sede em Vera Cruz RS - Vendas para todo o Brasil","publisher":{"@id":"https:\/\/hpack.com.br\/loja\/#organization"},"potentialAction":[{"@type":"SearchAction","target":{"@type":"EntryPoint","urlTemplate":"https:\/\/hpack.com.br\/loja\/?s={search_term_string}"},"query-input":{"@type":"PropertyValueSpecification","valueRequired":true,"valueName":"search_term_string"}}],"inLanguage":"pt-BR"},{"@type":"Organization","@id":"https:\/\/hpack.com.br\/loja\/#organization","name":"HPACK IND\u00daSTRIA E COMERCIO DE EMBALAGENS","url":"https:\/\/hpack.com.br\/loja\/","logo":{"@type":"ImageObject","inLanguage":"pt-BR","@id":"https:\/\/hpack.com.br\/loja\/#\/schema\/logo\/image\/","url":"https:\/\/hpack.com.br\/loja\/wp-content\/uploads\/2025\/03\/Hpack_logo.png","contentUrl":"https:\/\/hpack.com.br\/loja\/wp-content\/uploads\/2025\/03\/Hpack_logo.png","width":220,"height":100,"caption":"HPACK IND\u00daSTRIA E COMERCIO DE EMBALAGENS"},"image":{"@id":"https:\/\/hpack.com.br\/loja\/#\/schema\/logo\/image\/"},"sameAs":["https:\/\/www.facebook.com\/hpackveracruz\/","https:\/\/www.instagram.com\/hpack_veracruz\/","https:\/\/br.linkedin.com\/company\/hpackembalagens"]}]}},"_links":{"self":[{"href":"https:\/\/hpack.com.br\/loja\/wp-json\/wp\/v2\/product\/4687","targetHints":{"allow":["GET"]}}],"collection":[{"href":"https:\/\/hpack.com.br\/loja\/wp-json\/wp\/v2\/product"}],"about":[{"href":"https:\/\/hpack.com.br\/loja\/wp-json\/wp\/v2\/types\/product"}],"version-history":[{"count":0,"href":"https:\/\/hpack.com.br\/loja\/wp-json\/wp\/v2\/product\/4687\/revisions"}],"wp:featuredmedia":[{"embeddable":true,"href":"https:\/\/hpack.com.br\/loja\/wp-json\/wp\/v2\/media\/4692"}],"wp:attachment":[{"href":"https:\/\/hpack.com.br\/loja\/wp-json\/wp\/v2\/media?parent=4687"}],"wp:term":[{"taxonomy":"product_brand","embeddable":true,"href":"https:\/\/hpack.com.br\/loja\/wp-json\/wp\/v2\/product_brand?post=4687"},{"taxonomy":"product_cat","embeddable":true,"href":"https:\/\/hpack.com.br\/loja\/wp-json\/wp\/v2\/product_cat?post=4687"},{"taxonomy":"product_tag","embeddable":true,"href":"https:\/\/hpack.com.br\/loja\/wp-json\/wp\/v2\/product_tag?post=4687"}],"curies":[{"name":"wp","href":"https:\/\/api.w.org\/{rel}","templated":true}]}}