{"id":5819,"date":"2025-07-21T14:57:48","date_gmt":"2025-07-21T17:57:48","guid":{"rendered":"https:\/\/hpack.com.br\/?post_type=product&#038;p=5819"},"modified":"2025-07-21T14:59:26","modified_gmt":"2025-07-21T17:59:26","slug":"frete-a-contratar-60","status":"publish","type":"product","link":"https:\/\/hpack.com.br\/loja\/produto\/frete-a-contratar-60\/","title":{"rendered":"Frete a Contratar 60"},"content":{"rendered":"<p>O frete \u00e9 combinado diretamente com nossa equipe de atendimento via WhatsApp. Ap\u00f3s calcularmos o valor com a melhor transportadora para sua regi\u00e3o, voc\u00ea deve retornar aqui, adicionar este produto ao carrinho e inserir o valor exato informado.<\/p>\n<p data-start=\"545\" data-end=\"566\"><strong data-start=\"548\" data-end=\"566\">Calcule o valor com nossa equipe via WhatsApp e finalize seu pedido adicionando o valor do frete informado.<\/strong><\/p>\n<p>Passo a Passo:<\/p>\n<ol data-start=\"567\" data-end=\"873\">\n<li data-start=\"567\" data-end=\"602\">\n<p data-start=\"570\" data-end=\"602\">Finalize seu pedido normalmente.<\/p>\n<\/li>\n<li data-start=\"603\" data-end=\"659\">\n<p data-start=\"606\" data-end=\"659\">Entre em contato pelo WhatsApp <a href=\"https:\/\/api.whatsapp.com\/send?phone=5551997579477\" target=\"_blank\" rel=\"noopener\"><span class=\"elementor-icon-list-text\">(51) 99757-9477 | Pedidos<\/span><\/a><\/p>\n<\/li>\n<li data-start=\"660\" data-end=\"702\">\n<p data-start=\"663\" data-end=\"702\">Informe seu CEP e produto(s) comprados.<\/p>\n<\/li>\n<li data-start=\"703\" data-end=\"774\">\n<p data-start=\"706\" data-end=\"774\">Nossa equipe calcular\u00e1 o frete com a melhor op\u00e7\u00e3o de transportadora.<\/p>\n<\/li>\n<li data-start=\"775\" data-end=\"873\">\n<p data-start=\"778\" data-end=\"873\">Retorne aqui, insira o valor do frete como o pre\u00e7o do produto <strong data-start=\"840\" data-end=\"849\">FRETE<\/strong> e finalize o pagamento.<\/p>\n<\/li>\n<\/ol>\n<p data-start=\"875\" data-end=\"1007\"><strong data-start=\"878\" data-end=\"893\">Importante:<\/strong> Esse processo \u00e9 necess\u00e1rio devido a cubagem e dimens\u00f5es dos nossos produtos, que exigem transporte especializado.<\/p>\n","protected":false},"excerpt":{"rendered":"<p>O frete \u00e9 combinado diretamente com nossa equipe de atendimento via WhatsApp. Ap\u00f3s calcularmos o valor com a melhor transportadora<\/p>\n","protected":false},"featured_media":5705,"template":"","meta":{"_acf_changed":false},"product_brand":[],"product_cat":[280],"product_tag":[],"class_list":{"0":"post-5819","1":"product","2":"type-product","3":"status-publish","4":"has-post-thumbnail","6":"product_cat-transporte","8":"first","9":"instock","10":"virtual","11":"purchasable","12":"product-type-simple"},"acf":[],"yoast_head":"<!-- This site is optimized with the Yoast SEO plugin v27.4 - https:\/\/yoast.com\/product\/yoast-seo-wordpress\/ -->\n<title>Frete a Contratar 60 - Hpack - Fabrica de Frascos e Embalagens<\/title>\n<meta name=\"robots\" content=\"index, follow, max-snippet:-1, max-image-preview:large, max-video-preview:-1\" \/>\n<link rel=\"canonical\" href=\"https:\/\/hpack.com.br\/loja\/produto\/frete-a-contratar-60\/\" \/>\n<meta property=\"og:locale\" content=\"pt_BR\" \/>\n<meta property=\"og:type\" content=\"article\" \/>\n<meta property=\"og:title\" content=\"Frete a Contratar 60 - Hpack - Fabrica de Frascos e Embalagens\" \/>\n<meta property=\"og:description\" content=\"O frete \u00e9 combinado diretamente com nossa equipe de atendimento via WhatsApp. Ap\u00f3s calcularmos o valor com a melhor transportadora\" \/>\n<meta property=\"og:url\" content=\"https:\/\/hpack.com.br\/loja\/produto\/frete-a-contratar-60\/\" \/>\n<meta property=\"og:site_name\" content=\"Hpack - Fabrica de Frascos e Embalagens\" \/>\n<meta property=\"article:publisher\" content=\"https:\/\/www.facebook.com\/hpackveracruz\/\" \/>\n<meta property=\"article:modified_time\" content=\"2025-07-21T17:59:26+00:00\" \/>\n<meta property=\"og:image\" content=\"https:\/\/hpack.com.br\/loja\/wp-content\/uploads\/2025\/07\/HPACK-FRETE-FEED.jpg\" \/>\n\t<meta property=\"og:image:width\" content=\"1080\" \/>\n\t<meta property=\"og:image:height\" content=\"1080\" \/>\n\t<meta property=\"og:image:type\" content=\"image\/jpeg\" \/>\n<meta name=\"twitter:card\" content=\"summary_large_image\" \/>\n<meta name=\"twitter:label1\" content=\"Est. tempo de leitura\" \/>\n\t<meta name=\"twitter:data1\" content=\"1 minuto\" \/>\n<script type=\"application\/ld+json\" class=\"yoast-schema-graph\">{\"@context\":\"https:\\\/\\\/schema.org\",\"@graph\":[{\"@type\":\"WebPage\",\"@id\":\"https:\\\/\\\/hpack.com.br\\\/loja\\\/produto\\\/frete-a-contratar-60\\\/\",\"url\":\"https:\\\/\\\/hpack.com.br\\\/loja\\\/produto\\\/frete-a-contratar-60\\\/\",\"name\":\"Frete a Contratar 60 - Hpack - Fabrica de Frascos e Embalagens\",\"isPartOf\":{\"@id\":\"https:\\\/\\\/hpack.com.br\\\/loja\\\/#website\"},\"primaryImageOfPage\":{\"@id\":\"https:\\\/\\\/hpack.com.br\\\/loja\\\/produto\\\/frete-a-contratar-60\\\/#primaryimage\"},\"image\":{\"@id\":\"https:\\\/\\\/hpack.com.br\\\/loja\\\/produto\\\/frete-a-contratar-60\\\/#primaryimage\"},\"thumbnailUrl\":\"https:\\\/\\\/hpack.com.br\\\/loja\\\/wp-content\\\/uploads\\\/2025\\\/07\\\/HPACK-FRETE-FEED.jpg\",\"datePublished\":\"2025-07-21T17:57:48+00:00\",\"dateModified\":\"2025-07-21T17:59:26+00:00\",\"breadcrumb\":{\"@id\":\"https:\\\/\\\/hpack.com.br\\\/loja\\\/produto\\\/frete-a-contratar-60\\\/#breadcrumb\"},\"inLanguage\":\"pt-BR\",\"potentialAction\":[{\"@type\":\"ReadAction\",\"target\":[\"https:\\\/\\\/hpack.com.br\\\/loja\\\/produto\\\/frete-a-contratar-60\\\/\"]}]},{\"@type\":\"ImageObject\",\"inLanguage\":\"pt-BR\",\"@id\":\"https:\\\/\\\/hpack.com.br\\\/loja\\\/produto\\\/frete-a-contratar-60\\\/#primaryimage\",\"url\":\"https:\\\/\\\/hpack.com.br\\\/loja\\\/wp-content\\\/uploads\\\/2025\\\/07\\\/HPACK-FRETE-FEED.jpg\",\"contentUrl\":\"https:\\\/\\\/hpack.com.br\\\/loja\\\/wp-content\\\/uploads\\\/2025\\\/07\\\/HPACK-FRETE-FEED.jpg\",\"width\":1080,\"height\":1080,\"caption\":\"Frete a Combinar \u2013 Transporte Personalizado\"},{\"@type\":\"BreadcrumbList\",\"@id\":\"https:\\\/\\\/hpack.com.br\\\/loja\\\/produto\\\/frete-a-contratar-60\\\/#breadcrumb\",\"itemListElement\":[{\"@type\":\"ListItem\",\"position\":1,\"name\":\"In\u00edcio\",\"item\":\"https:\\\/\\\/hpack.com.br\\\/loja\\\/\"},{\"@type\":\"ListItem\",\"position\":2,\"name\":\"Loja\",\"item\":\"https:\\\/\\\/hpack.com.br\\\/loja\\\/loja\\\/\"},{\"@type\":\"ListItem\",\"position\":3,\"name\":\"Frete a Contratar 60\"}]},{\"@type\":\"WebSite\",\"@id\":\"https:\\\/\\\/hpack.com.br\\\/loja\\\/#website\",\"url\":\"https:\\\/\\\/hpack.com.br\\\/loja\\\/\",\"name\":\"Hpack\",\"description\":\"Ind\u00fastria e Com\u00e9rcio de Embalagens. Especializados na produ\u00e7\u00e3o de embalagens pl\u00e1sticas PET, PEAD e Frascos para setores de alimentos, cosm\u00e9ticos e farmac\u00eauticos, Agro. Oferecemos solu\u00e7\u00f5es em embalagens pl\u00e1sticas para bebidas, produtos qu\u00edmicos, agr\u00edcolas e mais. Sede em Vera Cruz RS - Vendas para todo o Brasil\",\"publisher\":{\"@id\":\"https:\\\/\\\/hpack.com.br\\\/loja\\\/#organization\"},\"potentialAction\":[{\"@type\":\"SearchAction\",\"target\":{\"@type\":\"EntryPoint\",\"urlTemplate\":\"https:\\\/\\\/hpack.com.br\\\/loja\\\/?s={search_term_string}\"},\"query-input\":{\"@type\":\"PropertyValueSpecification\",\"valueRequired\":true,\"valueName\":\"search_term_string\"}}],\"inLanguage\":\"pt-BR\"},{\"@type\":\"Organization\",\"@id\":\"https:\\\/\\\/hpack.com.br\\\/loja\\\/#organization\",\"name\":\"HPACK IND\u00daSTRIA E COMERCIO DE EMBALAGENS\",\"url\":\"https:\\\/\\\/hpack.com.br\\\/loja\\\/\",\"logo\":{\"@type\":\"ImageObject\",\"inLanguage\":\"pt-BR\",\"@id\":\"https:\\\/\\\/hpack.com.br\\\/loja\\\/#\\\/schema\\\/logo\\\/image\\\/\",\"url\":\"https:\\\/\\\/hpack.com.br\\\/loja\\\/wp-content\\\/uploads\\\/2025\\\/03\\\/Hpack_logo.png\",\"contentUrl\":\"https:\\\/\\\/hpack.com.br\\\/loja\\\/wp-content\\\/uploads\\\/2025\\\/03\\\/Hpack_logo.png\",\"width\":220,\"height\":100,\"caption\":\"HPACK IND\u00daSTRIA E COMERCIO DE EMBALAGENS\"},\"image\":{\"@id\":\"https:\\\/\\\/hpack.com.br\\\/loja\\\/#\\\/schema\\\/logo\\\/image\\\/\"},\"sameAs\":[\"https:\\\/\\\/www.facebook.com\\\/hpackveracruz\\\/\",\"https:\\\/\\\/www.instagram.com\\\/hpack_veracruz\\\/\",\"https:\\\/\\\/br.linkedin.com\\\/company\\\/hpackembalagens\"]}]}<\/script>\n<!-- \/ Yoast SEO plugin. -->","yoast_head_json":{"title":"Frete a Contratar 60 - Hpack - Fabrica de Frascos e Embalagens","robots":{"index":"index","follow":"follow","max-snippet":"max-snippet:-1","max-image-preview":"max-image-preview:large","max-video-preview":"max-video-preview:-1"},"canonical":"https:\/\/hpack.com.br\/loja\/produto\/frete-a-contratar-60\/","og_locale":"pt_BR","og_type":"article","og_title":"Frete a Contratar 60 - Hpack - Fabrica de Frascos e Embalagens","og_description":"O frete \u00e9 combinado diretamente com nossa equipe de atendimento via WhatsApp. Ap\u00f3s calcularmos o valor com a melhor transportadora","og_url":"https:\/\/hpack.com.br\/loja\/produto\/frete-a-contratar-60\/","og_site_name":"Hpack - Fabrica de Frascos e Embalagens","article_publisher":"https:\/\/www.facebook.com\/hpackveracruz\/","article_modified_time":"2025-07-21T17:59:26+00:00","og_image":[{"width":1080,"height":1080,"url":"https:\/\/hpack.com.br\/loja\/wp-content\/uploads\/2025\/07\/HPACK-FRETE-FEED.jpg","type":"image\/jpeg"}],"twitter_card":"summary_large_image","twitter_misc":{"Est. tempo de leitura":"1 minuto"},"schema":{"@context":"https:\/\/schema.org","@graph":[{"@type":"WebPage","@id":"https:\/\/hpack.com.br\/loja\/produto\/frete-a-contratar-60\/","url":"https:\/\/hpack.com.br\/loja\/produto\/frete-a-contratar-60\/","name":"Frete a Contratar 60 - Hpack - Fabrica de Frascos e Embalagens","isPartOf":{"@id":"https:\/\/hpack.com.br\/loja\/#website"},"primaryImageOfPage":{"@id":"https:\/\/hpack.com.br\/loja\/produto\/frete-a-contratar-60\/#primaryimage"},"image":{"@id":"https:\/\/hpack.com.br\/loja\/produto\/frete-a-contratar-60\/#primaryimage"},"thumbnailUrl":"https:\/\/hpack.com.br\/loja\/wp-content\/uploads\/2025\/07\/HPACK-FRETE-FEED.jpg","datePublished":"2025-07-21T17:57:48+00:00","dateModified":"2025-07-21T17:59:26+00:00","breadcrumb":{"@id":"https:\/\/hpack.com.br\/loja\/produto\/frete-a-contratar-60\/#breadcrumb"},"inLanguage":"pt-BR","potentialAction":[{"@type":"ReadAction","target":["https:\/\/hpack.com.br\/loja\/produto\/frete-a-contratar-60\/"]}]},{"@type":"ImageObject","inLanguage":"pt-BR","@id":"https:\/\/hpack.com.br\/loja\/produto\/frete-a-contratar-60\/#primaryimage","url":"https:\/\/hpack.com.br\/loja\/wp-content\/uploads\/2025\/07\/HPACK-FRETE-FEED.jpg","contentUrl":"https:\/\/hpack.com.br\/loja\/wp-content\/uploads\/2025\/07\/HPACK-FRETE-FEED.jpg","width":1080,"height":1080,"caption":"Frete a Combinar \u2013 Transporte Personalizado"},{"@type":"BreadcrumbList","@id":"https:\/\/hpack.com.br\/loja\/produto\/frete-a-contratar-60\/#breadcrumb","itemListElement":[{"@type":"ListItem","position":1,"name":"In\u00edcio","item":"https:\/\/hpack.com.br\/loja\/"},{"@type":"ListItem","position":2,"name":"Loja","item":"https:\/\/hpack.com.br\/loja\/loja\/"},{"@type":"ListItem","position":3,"name":"Frete a Contratar 60"}]},{"@type":"WebSite","@id":"https:\/\/hpack.com.br\/loja\/#website","url":"https:\/\/hpack.com.br\/loja\/","name":"Hpack","description":"Ind\u00fastria e Com\u00e9rcio de Embalagens. Especializados na produ\u00e7\u00e3o de embalagens pl\u00e1sticas PET, PEAD e Frascos para setores de alimentos, cosm\u00e9ticos e farmac\u00eauticos, Agro. Oferecemos solu\u00e7\u00f5es em embalagens pl\u00e1sticas para bebidas, produtos qu\u00edmicos, agr\u00edcolas e mais. Sede em Vera Cruz RS - Vendas para todo o Brasil","publisher":{"@id":"https:\/\/hpack.com.br\/loja\/#organization"},"potentialAction":[{"@type":"SearchAction","target":{"@type":"EntryPoint","urlTemplate":"https:\/\/hpack.com.br\/loja\/?s={search_term_string}"},"query-input":{"@type":"PropertyValueSpecification","valueRequired":true,"valueName":"search_term_string"}}],"inLanguage":"pt-BR"},{"@type":"Organization","@id":"https:\/\/hpack.com.br\/loja\/#organization","name":"HPACK IND\u00daSTRIA E COMERCIO DE EMBALAGENS","url":"https:\/\/hpack.com.br\/loja\/","logo":{"@type":"ImageObject","inLanguage":"pt-BR","@id":"https:\/\/hpack.com.br\/loja\/#\/schema\/logo\/image\/","url":"https:\/\/hpack.com.br\/loja\/wp-content\/uploads\/2025\/03\/Hpack_logo.png","contentUrl":"https:\/\/hpack.com.br\/loja\/wp-content\/uploads\/2025\/03\/Hpack_logo.png","width":220,"height":100,"caption":"HPACK IND\u00daSTRIA E COMERCIO DE EMBALAGENS"},"image":{"@id":"https:\/\/hpack.com.br\/loja\/#\/schema\/logo\/image\/"},"sameAs":["https:\/\/www.facebook.com\/hpackveracruz\/","https:\/\/www.instagram.com\/hpack_veracruz\/","https:\/\/br.linkedin.com\/company\/hpackembalagens"]}]}},"_links":{"self":[{"href":"https:\/\/hpack.com.br\/loja\/wp-json\/wp\/v2\/product\/5819","targetHints":{"allow":["GET"]}}],"collection":[{"href":"https:\/\/hpack.com.br\/loja\/wp-json\/wp\/v2\/product"}],"about":[{"href":"https:\/\/hpack.com.br\/loja\/wp-json\/wp\/v2\/types\/product"}],"version-history":[{"count":0,"href":"https:\/\/hpack.com.br\/loja\/wp-json\/wp\/v2\/product\/5819\/revisions"}],"wp:featuredmedia":[{"embeddable":true,"href":"https:\/\/hpack.com.br\/loja\/wp-json\/wp\/v2\/media\/5705"}],"wp:attachment":[{"href":"https:\/\/hpack.com.br\/loja\/wp-json\/wp\/v2\/media?parent=5819"}],"wp:term":[{"taxonomy":"product_brand","embeddable":true,"href":"https:\/\/hpack.com.br\/loja\/wp-json\/wp\/v2\/product_brand?post=5819"},{"taxonomy":"product_cat","embeddable":true,"href":"https:\/\/hpack.com.br\/loja\/wp-json\/wp\/v2\/product_cat?post=5819"},{"taxonomy":"product_tag","embeddable":true,"href":"https:\/\/hpack.com.br\/loja\/wp-json\/wp\/v2\/product_tag?post=5819"}],"curies":[{"name":"wp","href":"https:\/\/api.w.org\/{rel}","templated":true}]}}